{"id":3593,"date":"2024-05-14T10:01:27","date_gmt":"2024-05-14T08:01:27","guid":{"rendered":"https:\/\/pflegedienst-domu.de\/?page_id=3593"},"modified":"2024-05-29T13:22:35","modified_gmt":"2024-05-29T11:22:35","slug":"verhinderungspflege","status":"publish","type":"page","link":"https:\/\/pflegedienst-wdomu.de\/de\/verhinderungspflege\/","title":{"rendered":"Verhinderungspflege"},"content":{"rendered":"<p><div class=\"fusion-fullwidth fullwidth-box fusion-builder-row-1 fusion-flex-container has-pattern-background has-mask-background nonhundred-percent-fullwidth non-hundred-percent-height-scrolling\" style=\"--awb-border-radius-top-left:0px;--awb-border-radius-top-right:0px;--awb-border-radius-bottom-right:0px;--awb-border-radius-bottom-left:0px;--awb-padding-bottom:30px;--awb-flex-wrap:wrap;\" ><div class=\"fusion-builder-row fusion-row fusion-flex-align-items-flex-start fusion-flex-content-wrap\" style=\"max-width:1497.6px;margin-left: calc(-4% \/ 2 );margin-right: calc(-4% \/ 2 );\"><div class=\"fusion-layout-column fusion_builder_column fusion-builder-column-0 fusion_builder_column_1_1 1_1 fusion-flex-column\" style=\"--awb-bg-size:cover;--awb-width-large:100%;--awb-margin-top-large:0px;--awb-spacing-right-large:1.92%;--awb-margin-bottom-large:0px;--awb-spacing-left-large:1.92%;--awb-width-medium:100%;--awb-spacing-right-medium:1.92%;--awb-spacing-left-medium:1.92%;--awb-width-small:100%;--awb-spacing-right-small:1.92%;--awb-spacing-left-small:1.92%;\"><div class=\"fusion-column-wrapper fusion-flex-justify-content-flex-start fusion-content-layout-column\"><div class=\"fusion-text fusion-text-1\"><h1>Verhinderungspflege SGB XI<\/h1>\n<p>Wer einen Angeh\u00f6rigen pflegt, ist rund um die Uhr im Einsatz. Und egal, wie gerne man sich dieser wichtigen und verantwortungsvollen Aufgabe widmet, irgendwann braucht man eine Pause. Sei es, weil man selbst erkrankt ist, einen wichtigen Termin wahrnehmen muss oder den lang ersehnten Urlaub genie\u00dfen m\u00f6chte.<\/p>\n<h2>Was ist Verhinderungspflege<\/h2>\n<p>Die Verhinderungspflege &#8211; auch Ersatzpflege genannt &#8211; ist daher gleichbedeutend mit einer Urlaubs- oder Krankheitsvertretung f\u00fcr die h\u00e4usliche Pflege.<\/p>\n<h2>Unsere Leistungen<\/h2>\n<p>Wir f\u00fchren alle notwendigen Pfleget\u00e4tigkeiten aus, aber auch fast alle anderen W\u00fcnsche wie beispielsweise<\/p>\n<ul>\n<li>w\u00f6chentliches Bewegungstraining<\/li>\n<li>Kurzbesuche und Spazierg\u00e4nge<\/li>\n<li>An Therapien angelehnte \u00dcbungen<\/li>\n<\/ul>\n<h2>Gut zu wissen<\/h2>\n<p>Die Voraussetzung f\u00fcr eine Verhinderungspflege ist ein Nachweis, dass Sie den Pflegebed\u00fcrftigen mindestens 6 Monate lang zuhause gepflegt haben (mindestens 10 Stunden pro Woche) und daf\u00fcr Pflegegeld beziehen. Die zu pflegende Person muss dabei mindestens Pflegegrad 2 besitzen. Die Verhinderungspflege k\u00f6nnen Sie maximal 6 Wochen \u2013 also 42 Tage \u2013 im Jahr beanspruchen<\/p>\n<\/div><\/div><\/div><\/div><\/div><div class=\"fusion-fullwidth fullwidth-box fusion-builder-row-2 fusion-flex-container has-pattern-background has-mask-background hundred-percent-fullwidth non-hundred-percent-height-scrolling\" style=\"--awb-border-radius-top-left:0px;--awb-border-radius-top-right:0px;--awb-border-radius-bottom-right:0px;--awb-border-radius-bottom-left:0px;--awb-padding-top:30px;--awb-padding-bottom:0px;--awb-margin-top:0px;--awb-margin-bottom:0px;--awb-background-color:var(--awb-custom_color_2);--awb-flex-wrap:wrap;\" ><div class=\"fusion-builder-row fusion-row fusion-flex-align-items-center fusion-flex-justify-content-center fusion-flex-content-wrap\" style=\"width:104% !important;max-width:104% !important;margin-left: calc(-4% \/ 2 );margin-right: calc(-4% \/ 2 );\"><div class=\"fusion-layout-column fusion_builder_column fusion-builder-column-1 fusion_builder_column_1_1 1_1 fusion-flex-column\" style=\"--awb-bg-size:cover;--awb-width-large:100%;--awb-margin-top-large:0px;--awb-spacing-right-large:1.92%;--awb-margin-bottom-large:20px;--awb-spacing-left-large:1.92%;--awb-width-medium:100%;--awb-order-medium:0;--awb-spacing-right-medium:1.92%;--awb-spacing-left-medium:1.92%;--awb-width-small:100%;--awb-order-small:0;--awb-spacing-right-small:1.92%;--awb-spacing-left-small:1.92%;\" data-scroll-devices=\"small-visibility,medium-visibility,large-visibility\"><div class=\"fusion-column-wrapper fusion-column-has-shadow fusion-flex-justify-content-flex-start fusion-content-layout-column\"><div class=\"fusion-text fusion-text-2\"><h1 style=\"text-align: center;\">3 Schritte zur ambulanten Grundpflege in Leverkusen<\/h1>\n<h2 style=\"text-align: center;\">Wir holen aus Ihrem Budget das Beste f\u00fcr Ihre Bed\u00fcrfnisse heraus.<\/h2>\n<p style=\"text-align: center;\">Je nach Pflegegrad stehen Ihnen von der Pflegekasse bestimmte Sachleistungen und Pflegegeld zu, die teilweise auch kombiniert werden k\u00f6nnen. wDomu legt Wert darauf, Sie vor der Aufnahme ehrlich und kompetent zu beraten. Dabei gehen wir in 3 Schritten vor:<\/p>\n<\/div><\/div><\/div><div class=\"fusion-layout-column fusion_builder_column fusion-builder-column-2 fusion_builder_column_1_3 1_3 fusion-flex-column fusion-flex-align-self-flex-start\" style=\"--awb-bg-size:cover;--awb-width-large:33.3333333333%;--awb-margin-top-large:0px;--awb-spacing-right-large:5.76%;--awb-margin-bottom-large:20px;--awb-spacing-left-large:5.76%;--awb-width-medium:33.3333333333%;--awb-order-medium:0;--awb-spacing-right-medium:5.76%;--awb-spacing-left-medium:5.76%;--awb-width-small:100%;--awb-order-small:0;--awb-spacing-right-small:1.92%;--awb-spacing-left-small:1.92%;\" data-scroll-devices=\"small-visibility,medium-visibility,large-visibility\"><div class=\"fusion-column-wrapper fusion-column-has-shadow fusion-flex-justify-content-flex-start fusion-content-layout-column\"><div class=\"fusion-text fusion-text-3\"><h2>1 Kontaktaufnahme<\/h2>\n<p>Wir freuen uns auf Ihre <a href=\"https:\/\/pflegedienst-wdomu.de\/de\/kontakt\/\">Kontaktaufnahme<\/a>, um gemeinsam und unverbindlich Ihre Situation und Ihre Vorstellungen zu besprechen. Dabei vereinbaren wir einen ersten <a href=\"https:\/\/pflegedienst-wdomu.de\/de\/beratung\/\">Beratungstermin<\/a> bei Ihnen zu Hause.<\/p>\n<\/div><\/div><\/div><div class=\"fusion-layout-column fusion_builder_column fusion-builder-column-3 fusion_builder_column_1_3 1_3 fusion-flex-column fusion-flex-align-self-flex-start\" style=\"--awb-bg-size:cover;--awb-width-large:33.3333333333%;--awb-margin-top-large:0px;--awb-spacing-right-large:5.76%;--awb-margin-bottom-large:20px;--awb-spacing-left-large:5.76%;--awb-width-medium:33.3333333333%;--awb-order-medium:0;--awb-spacing-right-medium:5.76%;--awb-spacing-left-medium:5.76%;--awb-width-small:100%;--awb-order-small:0;--awb-spacing-right-small:1.92%;--awb-spacing-left-small:1.92%;\" data-scroll-devices=\"small-visibility,medium-visibility,large-visibility\"><div class=\"fusion-column-wrapper fusion-column-has-shadow fusion-flex-justify-content-flex-start fusion-content-layout-column\"><div class=\"fusion-text fusion-text-4\"><h2>2 Vor-Ort-Besuch<\/h2>\n<p>Wir m\u00f6chten Ihre Situation umfassend verstehen und beurteilen. Beim Erstgespr\u00e4ch besuchen wir Sie zu Hause und machen uns ein Bild von der Situation, dem Gesundheitszustand und allen relevanten Umst\u00e4nden.<\/p>\n<\/div><\/div><\/div><div class=\"fusion-layout-column fusion_builder_column fusion-builder-column-4 fusion_builder_column_1_3 1_3 fusion-flex-column fusion-flex-align-self-flex-start\" style=\"--awb-bg-size:cover;--awb-width-large:33.3333333333%;--awb-margin-top-large:0px;--awb-spacing-right-large:5.76%;--awb-margin-bottom-large:20px;--awb-spacing-left-large:5.76%;--awb-width-medium:33.3333333333%;--awb-order-medium:0;--awb-spacing-right-medium:5.76%;--awb-spacing-left-medium:5.76%;--awb-width-small:100%;--awb-order-small:0;--awb-spacing-right-small:1.92%;--awb-spacing-left-small:1.92%;\" data-scroll-devices=\"small-visibility,medium-visibility,large-visibility\"><div class=\"fusion-column-wrapper fusion-column-has-shadow fusion-flex-justify-content-flex-start fusion-content-layout-column\"><div class=\"fusion-text fusion-text-5\"><h2>3 Individuelles Angebot<\/h2>\n<p>Wir machen uns ein professionelles Bild von Ihren Anforderungen &#8211; und Ihren W\u00fcnschen. So ermitteln wir individuell das beste Angebot und kl\u00e4ren \u00fcber m\u00f6gliche Kosten auf. Wir passen zusammen? Dann beginnen wir so schnell wie m\u00f6glich mit der Grundpflege.<\/p>\n<\/div><\/div><\/div><\/div><\/div><\/p>\n","protected":false},"excerpt":{"rendered":"","protected":false},"author":1,"featured_media":0,"parent":0,"menu_order":0,"comment_status":"closed","ping_status":"closed","template":"100-width.php","meta":{"inline_featured_image":false,"footnotes":""},"class_list":["post-3593","page","type-page","status-publish","hentry"],"_links":{"self":[{"href":"https:\/\/pflegedienst-wdomu.de\/de\/wp-json\/wp\/v2\/pages\/3593","targetHints":{"allow":["GET"]}}],"collection":[{"href":"https:\/\/pflegedienst-wdomu.de\/de\/wp-json\/wp\/v2\/pages"}],"about":[{"href":"https:\/\/pflegedienst-wdomu.de\/de\/wp-json\/wp\/v2\/types\/page"}],"author":[{"embeddable":true,"href":"https:\/\/pflegedienst-wdomu.de\/de\/wp-json\/wp\/v2\/users\/1"}],"replies":[{"embeddable":true,"href":"https:\/\/pflegedienst-wdomu.de\/de\/wp-json\/wp\/v2\/comments?post=3593"}],"version-history":[{"count":10,"href":"https:\/\/pflegedienst-wdomu.de\/de\/wp-json\/wp\/v2\/pages\/3593\/revisions"}],"predecessor-version":[{"id":3998,"href":"https:\/\/pflegedienst-wdomu.de\/de\/wp-json\/wp\/v2\/pages\/3593\/revisions\/3998"}],"wp:attachment":[{"href":"https:\/\/pflegedienst-wdomu.de\/de\/wp-json\/wp\/v2\/media?parent=3593"}],"curies":[{"name":"wp","href":"https:\/\/api.w.org\/{rel}","templated":true}]}}