{"id":6,"date":"2022-08-09T08:51:39","date_gmt":"2022-08-09T06:51:39","guid":{"rendered":"http:\/\/urlaub.biesenbach.nrw\/?page_id=6"},"modified":"2024-08-09T20:58:09","modified_gmt":"2024-08-09T18:58:09","slug":"willkommen","status":"publish","type":"page","link":"https:\/\/pflegedienst-wdomu.de\/de\/","title":{"rendered":"Willkommen"},"content":{"rendered":"<p><div class=\"fusion-fullwidth fullwidth-box fusion-builder-row-1 fusion-flex-container has-pattern-background has-mask-background hundred-percent-fullwidth non-hundred-percent-height-scrolling\" style=\"--awb-border-radius-top-left:0px;--awb-border-radius-top-right:0px;--awb-border-radius-bottom-right:0px;--awb-border-radius-bottom-left:0px;--awb-padding-top:15px;--awb-margin-top:0px;--awb-margin-bottom:0px;--awb-flex-wrap:wrap;\" ><div class=\"fusion-builder-row fusion-row fusion-flex-align-items-center fusion-flex-justify-content-center fusion-flex-content-wrap\" style=\"width:104% !important;max-width:104% !important;margin-left: calc(-4% \/ 2 );margin-right: calc(-4% \/ 2 );\"><div class=\"fusion-layout-column fusion_builder_column fusion-builder-column-0 fusion_builder_column_1_1 1_1 fusion-flex-column\" style=\"--awb-bg-size:cover;--awb-width-large:100%;--awb-margin-top-large:0px;--awb-spacing-right-large:1.92%;--awb-margin-bottom-large:20px;--awb-spacing-left-large:1.92%;--awb-width-medium:100%;--awb-order-medium:0;--awb-spacing-right-medium:1.92%;--awb-spacing-left-medium:1.92%;--awb-width-small:100%;--awb-order-small:0;--awb-spacing-right-small:1.92%;--awb-spacing-left-small:1.92%;\"><div class=\"fusion-column-wrapper fusion-column-has-shadow fusion-flex-justify-content-flex-start fusion-content-layout-column\"><div class=\"fusion-text fusion-text-1\"><h1>Vor Ort f\u00fcr Sie da.<\/h1>\n<h2>Jede Pflegesituation ist einzigartig. Denn jeder Mensch, jede Familie hat eine eigene Geschichte.<\/h2>\n<\/div><\/div><\/div><div class=\"fusion-layout-column fusion_builder_column fusion-builder-column-1 fusion_builder_column_1_2 1_2 fusion-flex-column\" style=\"--awb-bg-size:cover;--awb-width-large:50%;--awb-margin-top-large:0px;--awb-spacing-right-large:3.84%;--awb-margin-bottom-large:20px;--awb-spacing-left-large:3.84%;--awb-width-medium:50%;--awb-order-medium:0;--awb-spacing-right-medium:3.84%;--awb-spacing-left-medium:3.84%;--awb-width-small:100%;--awb-order-small:0;--awb-spacing-right-small:1.92%;--awb-spacing-left-small:1.92%;\"><div class=\"fusion-column-wrapper fusion-column-has-shadow fusion-flex-justify-content-flex-start fusion-content-layout-column\"><div class=\"fusion-text fusion-text-2\"><p>Als ambulanter Pflegedienst ist uns der respektvolle und w\u00fcrdevolle Umgang mit pflegebed\u00fcrftigen Menschen eine Herzensangelegenheit! Wir sind Ihr Begleiter in Leverkusen und Umgebung. Sie m\u00f6chten in Ihrer gewohnten Umgebung bleiben? Wir unterst\u00fctzen Sie dabei &#8211; schnell und professionell gehen wir auf Ihre pers\u00f6nlichen Bed\u00fcrfnisse ein. Unsere Pflege geht \u00fcber die rein k\u00f6rperliche Versorgung hinaus. Sie ist gepr\u00e4gt von Einf\u00fchlungsverm\u00f6gen und Verst\u00e4ndnis f\u00fcr jeden Menschen.<\/p>\n<\/div><\/div><\/div><div class=\"fusion-layout-column fusion_builder_column fusion-builder-column-2 fusion_builder_column_1_2 1_2 fusion-flex-column\" style=\"--awb-bg-size:cover;--awb-width-large:50%;--awb-margin-top-large:0px;--awb-spacing-right-large:3.84%;--awb-margin-bottom-large:20px;--awb-spacing-left-large:3.84%;--awb-width-medium:50%;--awb-order-medium:0;--awb-spacing-right-medium:3.84%;--awb-spacing-left-medium:3.84%;--awb-width-small:100%;--awb-order-small:0;--awb-spacing-right-small:1.92%;--awb-spacing-left-small:1.92%;\"><div class=\"fusion-column-wrapper fusion-column-has-shadow fusion-flex-justify-content-flex-start fusion-content-layout-column\"><div class=\"fusion-text fusion-text-3\"><p>Jeder ist einzigartig und unser Ziel ist es, eine liebevolle und vertrauensvolle Umgebung zu schaffen, in der Lebensfreude und W\u00fcrde im Mittelpunkt stehen. Die Integration unterschiedlicher Sprachen und Kulturen spielt f\u00fcr uns eine wichtige Rolle, weshalb unsere Website auch mehrsprachig (<a href=\"https:\/\/pflegedienst-wdomu.de\/pl\/\" target=\"_blank\" rel=\"noopener\">Polnisch<\/a>, <a href=\"https:\/\/pflegedienst-wdomu.de\/tr\/\" target=\"_blank\" rel=\"noopener\">T\u00fcrkisch<\/a>, <a href=\"https:\/\/pflegedienst-wdomu.de\/ku\/\" target=\"_blank\" rel=\"noopener\">Kurdisch<\/a>, <a href=\"https:\/\/pflegedienst-wdomu.de\/hr\/\" target=\"_blank\" rel=\"noopener\">Kroatisch<\/a>) zur Verf\u00fcgung steht.\u00a0 Individualit\u00e4t und ein selbst bestimmtes Leben liegen uns hier besonders am Herzen.<\/p>\n<\/div><\/div><\/div><\/div><\/div><div class=\"fusion-fullwidth fullwidth-box fusion-builder-row-2 fusion-flex-container has-pattern-background has-mask-background hundred-percent-fullwidth non-hundred-percent-height-scrolling\" style=\"--awb-border-radius-top-left:0px;--awb-border-radius-top-right:0px;--awb-border-radius-bottom-right:0px;--awb-border-radius-bottom-left:0px;--awb-padding-top:15px;--awb-margin-top:0px;--awb-margin-bottom:0px;--awb-background-color:var(--awb-custom_color_2);--awb-flex-wrap:wrap;\" ><div class=\"fusion-builder-row fusion-row fusion-flex-align-items-center fusion-flex-justify-content-center fusion-flex-content-wrap\" style=\"width:104% !important;max-width:104% !important;margin-left: calc(-4% \/ 2 );margin-right: calc(-4% \/ 2 );\"><div class=\"fusion-layout-column fusion_builder_column fusion-builder-column-3 fusion_builder_column_1_1 1_1 fusion-flex-column\" style=\"--awb-bg-size:cover;--awb-width-large:100%;--awb-margin-top-large:0px;--awb-spacing-right-large:1.92%;--awb-margin-bottom-large:20px;--awb-spacing-left-large:1.92%;--awb-width-medium:100%;--awb-order-medium:0;--awb-spacing-right-medium:1.92%;--awb-spacing-left-medium:1.92%;--awb-width-small:100%;--awb-order-small:0;--awb-spacing-right-small:1.92%;--awb-spacing-left-small:1.92%;\"><div class=\"fusion-column-wrapper fusion-column-has-shadow fusion-flex-justify-content-flex-start fusion-content-layout-column\"><div class=\"fusion-text fusion-text-4\"><h1 style=\"text-align: center;\">Was wir tun.<\/h1>\n<h2 style=\"text-align: center;\">Vertrauen, Empathie, Fachkompetenz und Ganzheitlichkeit sind unser Schl\u00fcssel zu einer optimalen pflegerischen Versorgung.<\/h2>\n<p style=\"text-align: center;\">Sie und Ihre Angeh\u00f6rigen sind bei uns in guten H\u00e4nden. Unser Pflegeteam unterst\u00fctzt Sie bei der Bew\u00e4ltigung des Alltags in den eigenen vier W\u00e4nden. Mehr \u00fcber unsere Pflegeleistungen erfahren Sie unter den folgenden Punkten und in unserem <a href=\"https:\/\/pflegedienst-wdomu.de\/de\/pflegekonzept\/\">Pflegekonzept<\/a>.<\/p>\n<\/div><\/div><\/div><div class=\"fusion-layout-column fusion_builder_column fusion-builder-column-4 fusion_builder_column_1_3 1_3 fusion-flex-column fusion-flex-align-self-flex-start\" style=\"--awb-bg-size:cover;--awb-width-large:33.3333333333%;--awb-margin-top-large:0px;--awb-spacing-right-large:5.76%;--awb-margin-bottom-large:20px;--awb-spacing-left-large:5.76%;--awb-width-medium:33.3333333333%;--awb-order-medium:0;--awb-spacing-right-medium:5.76%;--awb-spacing-left-medium:5.76%;--awb-width-small:100%;--awb-order-small:0;--awb-spacing-right-small:1.92%;--awb-spacing-left-small:1.92%;\" data-scroll-devices=\"small-visibility,medium-visibility,large-visibility\"><div class=\"fusion-column-wrapper fusion-column-has-shadow fusion-flex-justify-content-flex-start fusion-content-layout-column\"><div class=\"fusion-text fusion-text-5\"><h2><img decoding=\"async\" class=\"size-full wp-image-3970 aligncenter\" src=\"https:\/\/pflegedienst-wdomu.de\/wp-content\/uploads\/2024\/05\/grundpflege_klein.jpg\" alt=\"\" width=\"340\" height=\"170\" srcset=\"https:\/\/pflegedienst-wdomu.de\/wp-content\/uploads\/2024\/05\/grundpflege_klein-200x100.jpg 200w, https:\/\/pflegedienst-wdomu.de\/wp-content\/uploads\/2024\/05\/grundpflege_klein-300x150.jpg 300w, https:\/\/pflegedienst-wdomu.de\/wp-content\/uploads\/2024\/05\/grundpflege_klein.jpg 340w\" sizes=\"(max-width: 340px) 100vw, 340px\" \/><\/h2>\n<h2 style=\"text-align: center;\">Grundpflege<\/h2>\n<p style=\"text-align: center;\">K\u00f6rperpflege, Ern\u00e4hrung, Mobilisation, Ma\u00dfnahmen zur Vorbeugung von Bewegungseinschr\u00e4nkungen und vieles mehr. [<a href=\"https:\/\/pflegedienst-wdomu.de\/de\/grundpflege\/\">Mehr Infos<\/a>]<\/p>\n<\/div><\/div><\/div><div class=\"fusion-layout-column fusion_builder_column fusion-builder-column-5 fusion_builder_column_1_3 1_3 fusion-flex-column fusion-flex-align-self-flex-start\" style=\"--awb-bg-size:cover;--awb-width-large:33.3333333333%;--awb-margin-top-large:0px;--awb-spacing-right-large:5.76%;--awb-margin-bottom-large:20px;--awb-spacing-left-large:5.76%;--awb-width-medium:33.3333333333%;--awb-order-medium:0;--awb-spacing-right-medium:5.76%;--awb-spacing-left-medium:5.76%;--awb-width-small:100%;--awb-order-small:0;--awb-spacing-right-small:1.92%;--awb-spacing-left-small:1.92%;\" data-scroll-devices=\"small-visibility,medium-visibility,large-visibility\"><div class=\"fusion-column-wrapper fusion-column-has-shadow fusion-flex-justify-content-flex-start fusion-content-layout-column\"><div class=\"fusion-text fusion-text-6\"><h2><img decoding=\"async\" class=\"size-full wp-image-3975 aligncenter\" src=\"https:\/\/pflegedienst-wdomu.de\/wp-content\/uploads\/2024\/05\/behandlungspflege_klein.jpg\" alt=\"\" width=\"340\" height=\"170\" srcset=\"https:\/\/pflegedienst-wdomu.de\/wp-content\/uploads\/2024\/05\/behandlungspflege_klein-200x100.jpg 200w, https:\/\/pflegedienst-wdomu.de\/wp-content\/uploads\/2024\/05\/behandlungspflege_klein-300x150.jpg 300w, https:\/\/pflegedienst-wdomu.de\/wp-content\/uploads\/2024\/05\/behandlungspflege_klein.jpg 340w\" sizes=\"(max-width: 340px) 100vw, 340px\" \/><\/h2>\n<h2 style=\"text-align: center;\">Behandlungspflege<\/h2>\n<p style=\"text-align: center;\">Durchf\u00fchrung von Ma\u00dfnahmen der medizinischen Pflege auf Anordnung des Arztes, z.B. Medikamentengabe. [<a href=\"https:\/\/pflegedienst-wdomu.de\/de\/behandlungspflege\/\">Mehr Infos<\/a>]<\/p>\n<\/div><\/div><\/div><div class=\"fusion-layout-column fusion_builder_column fusion-builder-column-6 fusion_builder_column_1_3 1_3 fusion-flex-column fusion-flex-align-self-flex-start\" style=\"--awb-bg-size:cover;--awb-width-large:33.3333333333%;--awb-margin-top-large:0px;--awb-spacing-right-large:5.76%;--awb-margin-bottom-large:20px;--awb-spacing-left-large:5.76%;--awb-width-medium:33.3333333333%;--awb-order-medium:0;--awb-spacing-right-medium:5.76%;--awb-spacing-left-medium:5.76%;--awb-width-small:100%;--awb-order-small:0;--awb-spacing-right-small:1.92%;--awb-spacing-left-small:1.92%;\" data-scroll-devices=\"small-visibility,medium-visibility,large-visibility\"><div class=\"fusion-column-wrapper fusion-column-has-shadow fusion-flex-justify-content-flex-start fusion-content-layout-column\"><div class=\"fusion-text fusion-text-7\"><p><img decoding=\"async\" class=\"size-full wp-image-3978 aligncenter\" src=\"https:\/\/pflegedienst-wdomu.de\/wp-content\/uploads\/2024\/05\/verhinderungspflege_klein.jpg\" alt=\"\" width=\"340\" height=\"170\" srcset=\"https:\/\/pflegedienst-wdomu.de\/wp-content\/uploads\/2024\/05\/verhinderungspflege_klein-200x100.jpg 200w, https:\/\/pflegedienst-wdomu.de\/wp-content\/uploads\/2024\/05\/verhinderungspflege_klein-300x150.jpg 300w, https:\/\/pflegedienst-wdomu.de\/wp-content\/uploads\/2024\/05\/verhinderungspflege_klein.jpg 340w\" sizes=\"(max-width: 340px) 100vw, 340px\" \/><\/p>\n<h2 style=\"text-align: center;\">Verhinderungspflege<\/h2>\n<p style=\"text-align: center;\">\u00dcbernahme der Pflege in Abwesenheit der Hauptpflegeperson (Angeh\u00f6riger), beispielsweise bei Urlaub. [<a href=\"https:\/\/pflegedienst-wdomu.de\/de\/verhinderungspflege\/\">Mehr Infos<\/a>]<\/p>\n<\/div><\/div><\/div><\/div><\/div><div class=\"fusion-fullwidth fullwidth-box fusion-builder-row-3 fusion-flex-container has-pattern-background has-mask-background hundred-percent-fullwidth non-hundred-percent-height-scrolling fusion-animated\" style=\"--awb-border-sizes-top:0px;--awb-border-sizes-bottom:0px;--awb-border-sizes-left:0px;--awb-border-sizes-right:0px;--awb-border-radius-top-left:0px;--awb-border-radius-top-right:0px;--awb-border-radius-bottom-right:0px;--awb-border-radius-bottom-left:0px;--awb-padding-top:0px;--awb-padding-right:0px;--awb-padding-bottom:0px;--awb-padding-left:0px;--awb-background-color:rgba(220,228,234,0.51);--awb-flex-wrap:wrap;\" data-animationType=\"fadeIn\" data-animationDuration=\"1.3\" data-animationOffset=\"top-into-view\" ><div class=\"fusion-builder-row fusion-row fusion-flex-align-items-stretch fusion-flex-content-wrap\" style=\"width:calc( 100% + 0px ) !important;max-width:calc( 100% + 0px ) !important;margin-left: calc(-0px \/ 2 );margin-right: calc(-0px \/ 2 );\"><div class=\"fusion-layout-column fusion_builder_column fusion-builder-column-7 fusion_builder_column_1_2 1_2 fusion-flex-column\" style=\"--awb-padding-top:10%;--awb-padding-right:10%;--awb-padding-bottom:10%;--awb-padding-left:10%;--awb-bg-size:cover;--awb-width-large:50%;--awb-margin-top-large:0px;--awb-spacing-right-large:0px;--awb-margin-bottom-large:0px;--awb-spacing-left-large:0px;--awb-width-medium:50%;--awb-order-medium:0;--awb-spacing-right-medium:0px;--awb-spacing-left-medium:0px;--awb-width-small:100%;--awb-order-small:0;--awb-spacing-right-small:0px;--awb-spacing-left-small:0px;\" data-scroll-devices=\"small-visibility,medium-visibility,large-visibility\"><div class=\"fusion-column-wrapper fusion-column-has-shadow fusion-flex-justify-content-center fusion-content-layout-column\"><div class=\"fusion-text fusion-text-8\"><h2 style=\"text-align: center;\">Pflegeberatung<\/h2>\n<\/div><div class=\"fusion-text fusion-text-9\"><h3 style=\"text-align: center;\">Jede Pflegesituation ist einzigartig. Denn jeder Mensch, jede Familie hat eine eigene Geschichte.<\/h3>\n<\/div><div class=\"fusion-text fusion-text-10\"><p style=\"text-align: center;\">Der Eintritt einer Pflegebed\u00fcrftigkeit ist oft mit vielen Fragen und Problemen verbunden. Wir m\u00f6chten Ihnen helfen, Licht ins Dunkel zu bringen und bieten Ihnen daher eine professionelle Beratung durch unser geschultes Personal an. Vereinbaren Sie hier ganz einfach einen ersten <a href=\"https:\/\/pflegedienst-wdomu.de\/de\/kontakt\/\">Beratungstermin<\/a> und wir unterst\u00fctzen Sie gerne bei allen individuellen Fragen rund um das Thema Pflege sowie Kranken- und Pflegeversicherung.<\/p>\n<\/div><\/div><\/div><div class=\"fusion-layout-column fusion_builder_column fusion-builder-column-8 fusion_builder_column_1_2 1_2 fusion-flex-column fusion-no-small-visibility fusion-no-medium-visibility\" style=\"--awb-padding-top:250px;--awb-padding-bottom:250px;--awb-bg-image:url(&#039;https:\/\/pflegedienst-wdomu.de\/wp-content\/uploads\/2024\/05\/beratung2.jpg&#039;);--awb-bg-size:cover;--awb-width-large:50%;--awb-margin-top-large:0px;--awb-spacing-right-large:0px;--awb-margin-bottom-large:0px;--awb-spacing-left-large:0px;--awb-width-medium:50%;--awb-order-medium:0;--awb-spacing-right-medium:0px;--awb-spacing-left-medium:0px;--awb-width-small:100%;--awb-order-small:0;--awb-spacing-right-small:0px;--awb-spacing-left-small:0px;\" data-scroll-devices=\"small-visibility,medium-visibility,large-visibility\"><div class=\"fusion-column-wrapper fusion-column-has-shadow fusion-flex-justify-content-flex-start fusion-content-layout-column fusion-empty-column-bg-image fusion-column-has-bg-image\" data-bg-url=\"https:\/\/pflegedienst-wdomu.de\/wp-content\/uploads\/2024\/05\/beratung2.jpg\"><img decoding=\"async\" class=\"fusion-empty-dims-img-placeholder fusion-no-large-visibility fusion-no-medium-visibility\" src=\"data:image\/svg+xml,%3Csvg%20xmlns%3D%27http%3A%2F%2Fwww.w3.org%2F2000%2Fsvg%27%20width%3D%27720%27%20height%3D%27500%27%20viewBox%3D%270%200%20720%20500%27%3E%3Crect%20width%3D%27720%27%20height%3D%27500%27%20fill-opacity%3D%220%22%2F%3E%3C%2Fsvg%3E\"><\/div><\/div><\/div><\/div><div class=\"fusion-fullwidth fullwidth-box fusion-builder-row-4 fusion-flex-container has-pattern-background has-mask-background hundred-percent-fullwidth non-hundred-percent-height-scrolling fusion-animated\" style=\"--awb-border-sizes-top:0px;--awb-border-sizes-bottom:0px;--awb-border-sizes-left:0px;--awb-border-sizes-right:0px;--awb-border-radius-top-left:0px;--awb-border-radius-top-right:0px;--awb-border-radius-bottom-right:0px;--awb-border-radius-bottom-left:0px;--awb-padding-top:0px;--awb-padding-right:0px;--awb-padding-bottom:0px;--awb-padding-left:0px;--awb-flex-wrap:wrap;\" data-animationType=\"fadeIn\" data-animationDuration=\"1.3\" data-animationOffset=\"top-into-view\" ><div class=\"fusion-builder-row fusion-row fusion-flex-align-items-stretch fusion-flex-content-wrap\" style=\"width:calc( 100% + 0px ) !important;max-width:calc( 100% + 0px ) !important;margin-left: calc(-0px \/ 2 );margin-right: calc(-0px \/ 2 );\"><div class=\"fusion-layout-column fusion_builder_column fusion-builder-column-9 fusion_builder_column_1_2 1_2 fusion-flex-column fusion-no-small-visibility fusion-no-medium-visibility\" style=\"--awb-padding-top:250px;--awb-padding-bottom:250px;--awb-bg-image:url(&#039;https:\/\/pflegedienst-wdomu.de\/wp-content\/uploads\/2024\/05\/inter.jpg&#039;);--awb-bg-size:cover;--awb-width-large:50%;--awb-margin-top-large:0px;--awb-spacing-right-large:0px;--awb-margin-bottom-large:0px;--awb-spacing-left-large:0px;--awb-width-medium:50%;--awb-order-medium:0;--awb-spacing-right-medium:0px;--awb-spacing-left-medium:0px;--awb-width-small:100%;--awb-order-small:0;--awb-spacing-right-small:0px;--awb-spacing-left-small:0px;\" data-scroll-devices=\"small-visibility,medium-visibility,large-visibility\"><div class=\"fusion-column-wrapper fusion-column-has-shadow fusion-flex-justify-content-flex-start fusion-content-layout-column fusion-empty-column-bg-image fusion-column-has-bg-image\" data-bg-url=\"https:\/\/pflegedienst-wdomu.de\/wp-content\/uploads\/2024\/05\/inter.jpg\"><img decoding=\"async\" class=\"fusion-empty-dims-img-placeholder fusion-no-large-visibility fusion-no-medium-visibility\" src=\"data:image\/svg+xml,%3Csvg%20xmlns%3D%27http%3A%2F%2Fwww.w3.org%2F2000%2Fsvg%27%20width%3D%27720%27%20height%3D%27500%27%20viewBox%3D%270%200%20720%20500%27%3E%3Crect%20width%3D%27720%27%20height%3D%27500%27%20fill-opacity%3D%220%22%2F%3E%3C%2Fsvg%3E\"><\/div><\/div><div class=\"fusion-layout-column fusion_builder_column fusion-builder-column-10 fusion_builder_column_1_2 1_2 fusion-flex-column\" style=\"--awb-padding-top:10%;--awb-padding-right:10%;--awb-padding-bottom:10%;--awb-padding-left:10%;--awb-bg-size:cover;--awb-width-large:50%;--awb-margin-top-large:0px;--awb-spacing-right-large:0px;--awb-margin-bottom-large:20px;--awb-spacing-left-large:0px;--awb-width-medium:50%;--awb-order-medium:0;--awb-spacing-right-medium:0px;--awb-spacing-left-medium:0px;--awb-width-small:100%;--awb-order-small:0;--awb-spacing-right-small:0px;--awb-spacing-left-small:0px;\" data-scroll-devices=\"small-visibility,medium-visibility,large-visibility\"><div class=\"fusion-column-wrapper fusion-column-has-shadow fusion-flex-justify-content-center fusion-content-layout-column\"><div class=\"fusion-text fusion-text-11\"><h2 style=\"text-align: center;\">Interdisziplin\u00e4re Zusammenarbeit<\/h2>\n<\/div><div class=\"fusion-text fusion-text-12\"><h3 style=\"text-align: center;\">Wir legen gro\u00dfen Wert auf eine kompetente Zusammenarbeit mit allen Beteiligten wie Haus\u00e4rzten, Therapeuten, Apotheken, Sanit\u00e4tsh\u00e4usern.<\/h3>\n<\/div><div class=\"fusion-text fusion-text-13\"><p style=\"text-align: center;\">Gemeinsam erstellen wir Pflegepl\u00e4ne, beraten, planen und organisieren die Lieferung von ben\u00f6tigten Hilfsmitteln, k\u00fcmmern uns um das Ausf\u00fcllen diverser Formulare und vermitteln gerne weitere Termine des pers\u00f6nlichen Bedarfs.<\/p>\n<\/div><\/div><\/div><\/div><\/div><div class=\"fusion-fullwidth fullwidth-box fusion-builder-row-5 fusion-flex-container has-pattern-background has-mask-background hundred-percent-fullwidth non-hundred-percent-height-scrolling\" style=\"--awb-border-radius-top-left:0px;--awb-border-radius-top-right:0px;--awb-border-radius-bottom-right:0px;--awb-border-radius-bottom-left:0px;--awb-padding-top:30px;--awb-padding-bottom:0px;--awb-margin-top:0px;--awb-margin-bottom:0px;--awb-background-color:var(--awb-custom_color_2);--awb-flex-wrap:wrap;\" ><div class=\"fusion-builder-row fusion-row fusion-flex-align-items-center fusion-flex-justify-content-center fusion-flex-content-wrap\" style=\"width:104% !important;max-width:104% !important;margin-left: calc(-4% \/ 2 );margin-right: calc(-4% \/ 2 );\"><div class=\"fusion-layout-column fusion_builder_column fusion-builder-column-11 fusion_builder_column_1_1 1_1 fusion-flex-column\" style=\"--awb-bg-size:cover;--awb-width-large:100%;--awb-margin-top-large:0px;--awb-spacing-right-large:1.92%;--awb-margin-bottom-large:20px;--awb-spacing-left-large:1.92%;--awb-width-medium:100%;--awb-order-medium:0;--awb-spacing-right-medium:1.92%;--awb-spacing-left-medium:1.92%;--awb-width-small:100%;--awb-order-small:0;--awb-spacing-right-small:1.92%;--awb-spacing-left-small:1.92%;\" data-scroll-devices=\"small-visibility,medium-visibility,large-visibility\"><div class=\"fusion-column-wrapper fusion-column-has-shadow fusion-flex-justify-content-flex-start fusion-content-layout-column\"><div class=\"fusion-text fusion-text-14\"><h1 style=\"text-align: center;\">3 Schritte zur ambulanten Grundpflege in Leverkusen<\/h1>\n<h2 style=\"text-align: center;\">Wir holen aus Ihrem Budget das Beste f\u00fcr Ihre Bed\u00fcrfnisse heraus.<\/h2>\n<p style=\"text-align: center;\">Je nach Pflegegrad stehen Ihnen von der Pflegekasse bestimmte Sachleistungen und Pflegegeld zu, die teilweise auch kombiniert werden k\u00f6nnen. wDomu legt Wert darauf, Sie vor der Aufnahme ehrlich und kompetent zu beraten. Dabei gehen wir in 3 Schritten vor:<\/p>\n<\/div><\/div><\/div><div class=\"fusion-layout-column fusion_builder_column fusion-builder-column-12 fusion_builder_column_1_3 1_3 fusion-flex-column fusion-flex-align-self-flex-start\" style=\"--awb-bg-size:cover;--awb-width-large:33.3333333333%;--awb-margin-top-large:0px;--awb-spacing-right-large:5.76%;--awb-margin-bottom-large:20px;--awb-spacing-left-large:5.76%;--awb-width-medium:33.3333333333%;--awb-order-medium:0;--awb-spacing-right-medium:5.76%;--awb-spacing-left-medium:5.76%;--awb-width-small:100%;--awb-order-small:0;--awb-spacing-right-small:1.92%;--awb-spacing-left-small:1.92%;\" data-scroll-devices=\"small-visibility,medium-visibility,large-visibility\"><div class=\"fusion-column-wrapper fusion-column-has-shadow fusion-flex-justify-content-flex-start fusion-content-layout-column\"><div class=\"fusion-text fusion-text-15\"><h2>1 Kontaktaufnahme<\/h2>\n<p>Wir freuen uns auf Ihre <a href=\"https:\/\/pflegedienst-wdomu.de\/de\/kontakt\/\">Kontaktaufnahme<\/a>, um gemeinsam und unverbindlich Ihre Situation und Ihre Vorstellungen zu besprechen. Dabei vereinbaren wir einen ersten <a href=\"https:\/\/pflegedienst-wdomu.de\/de\/beratung\/\">Beratungstermin<\/a> bei Ihnen zu Hause.<\/p>\n<\/div><\/div><\/div><div class=\"fusion-layout-column fusion_builder_column fusion-builder-column-13 fusion_builder_column_1_3 1_3 fusion-flex-column fusion-flex-align-self-flex-start\" style=\"--awb-bg-size:cover;--awb-width-large:33.3333333333%;--awb-margin-top-large:0px;--awb-spacing-right-large:5.76%;--awb-margin-bottom-large:20px;--awb-spacing-left-large:5.76%;--awb-width-medium:33.3333333333%;--awb-order-medium:0;--awb-spacing-right-medium:5.76%;--awb-spacing-left-medium:5.76%;--awb-width-small:100%;--awb-order-small:0;--awb-spacing-right-small:1.92%;--awb-spacing-left-small:1.92%;\" data-scroll-devices=\"small-visibility,medium-visibility,large-visibility\"><div class=\"fusion-column-wrapper fusion-column-has-shadow fusion-flex-justify-content-flex-start fusion-content-layout-column\"><div class=\"fusion-text fusion-text-16\"><h2>2 Vor-Ort-Besuch<\/h2>\n<p>Wir m\u00f6chten Ihre Situation umfassend verstehen und beurteilen. Beim Erstgespr\u00e4ch besuchen wir Sie zu Hause und machen uns ein Bild von der Situation, dem Gesundheitszustand und allen relevanten Umst\u00e4nden.<\/p>\n<\/div><\/div><\/div><div class=\"fusion-layout-column fusion_builder_column fusion-builder-column-14 fusion_builder_column_1_3 1_3 fusion-flex-column fusion-flex-align-self-flex-start\" style=\"--awb-bg-size:cover;--awb-width-large:33.3333333333%;--awb-margin-top-large:0px;--awb-spacing-right-large:5.76%;--awb-margin-bottom-large:20px;--awb-spacing-left-large:5.76%;--awb-width-medium:33.3333333333%;--awb-order-medium:0;--awb-spacing-right-medium:5.76%;--awb-spacing-left-medium:5.76%;--awb-width-small:100%;--awb-order-small:0;--awb-spacing-right-small:1.92%;--awb-spacing-left-small:1.92%;\" data-scroll-devices=\"small-visibility,medium-visibility,large-visibility\"><div class=\"fusion-column-wrapper fusion-column-has-shadow fusion-flex-justify-content-flex-start fusion-content-layout-column\"><div class=\"fusion-text fusion-text-17\"><h2>3 Individuelles Angebot<\/h2>\n<p>Wir machen uns ein professionelles Bild von Ihren Anforderungen &#8211; und Ihren W\u00fcnschen. So ermitteln wir individuell das beste Angebot und kl\u00e4ren \u00fcber m\u00f6gliche Kosten auf. Wir passen zusammen? Dann beginnen wir so schnell wie m\u00f6glich mit der Grundpflege.<\/p>\n<\/div><\/div><\/div><\/div><\/div><\/p>\n","protected":false},"excerpt":{"rendered":"","protected":false},"author":1,"featured_media":0,"parent":0,"menu_order":0,"comment_status":"closed","ping_status":"closed","template":"100-width.php","meta":{"inline_featured_image":false,"footnotes":""},"class_list":["post-6","page","type-page","status-publish","hentry"],"_links":{"self":[{"href":"https:\/\/pflegedienst-wdomu.de\/de\/wp-json\/wp\/v2\/pages\/6","targetHints":{"allow":["GET"]}}],"collection":[{"href":"https:\/\/pflegedienst-wdomu.de\/de\/wp-json\/wp\/v2\/pages"}],"about":[{"href":"https:\/\/pflegedienst-wdomu.de\/de\/wp-json\/wp\/v2\/types\/page"}],"author":[{"embeddable":true,"href":"https:\/\/pflegedienst-wdomu.de\/de\/wp-json\/wp\/v2\/users\/1"}],"replies":[{"embeddable":true,"href":"https:\/\/pflegedienst-wdomu.de\/de\/wp-json\/wp\/v2\/comments?post=6"}],"version-history":[{"count":10,"href":"https:\/\/pflegedienst-wdomu.de\/de\/wp-json\/wp\/v2\/pages\/6\/revisions"}],"predecessor-version":[{"id":4292,"href":"https:\/\/pflegedienst-wdomu.de\/de\/wp-json\/wp\/v2\/pages\/6\/revisions\/4292"}],"wp:attachment":[{"href":"https:\/\/pflegedienst-wdomu.de\/de\/wp-json\/wp\/v2\/media?parent=6"}],"curies":[{"name":"wp","href":"https:\/\/api.w.org\/{rel}","templated":true}]}}