{"id":4348,"date":"2024-05-15T12:37:46","date_gmt":"2024-05-15T10:37:46","guid":{"rendered":"https:\/\/pflegedienst-wdomu.de\/cuna-nava\/"},"modified":"2024-06-05T17:10:22","modified_gmt":"2024-06-05T15:10:22","slug":"cuna-nava","status":"publish","type":"page","link":"https:\/\/pflegedienst-wdomu.de\/ku\/cuna-nava\/","title":{"rendered":"\u00dcber uns"},"content":{"rendered":"<p><div class=\"fusion-fullwidth fullwidth-box fusion-builder-row-1 fusion-flex-container has-pattern-background has-mask-background nonhundred-percent-fullwidth non-hundred-percent-height-scrolling\" style=\"--awb-border-radius-top-left:0px;--awb-border-radius-top-right:0px;--awb-border-radius-bottom-right:0px;--awb-border-radius-bottom-left:0px;--awb-padding-right:30px;--awb-padding-left:30px;--awb-flex-wrap:wrap;\" ><div class=\"fusion-builder-row fusion-row fusion-flex-align-items-flex-start fusion-flex-content-wrap\" style=\"max-width:1497.6px;margin-left: calc(-4% \/ 2 );margin-right: calc(-4% \/ 2 );\"><div class=\"fusion-layout-column fusion_builder_column fusion-builder-column-0 fusion_builder_column_1_1 1_1 fusion-flex-column\" style=\"--awb-bg-size:cover;--awb-width-large:100%;--awb-margin-top-large:0px;--awb-spacing-right-large:1.92%;--awb-margin-bottom-large:20px;--awb-spacing-left-large:1.92%;--awb-width-medium:100%;--awb-order-medium:0;--awb-spacing-right-medium:1.92%;--awb-spacing-left-medium:1.92%;--awb-width-small:100%;--awb-order-small:0;--awb-spacing-right-small:1.92%;--awb-spacing-left-small:1.92%;\"><div class=\"fusion-column-wrapper fusion-column-has-shadow fusion-flex-justify-content-flex-start fusion-content-layout-column\"><div class=\"fusion-text fusion-text-1\"><h1>Daxuyaniya m\u00eesyon\u00ea<\/h1>\n<h2>Em dixwazin pi\u015ftgir\u00ee bidin kes\u00ean ku tev\u00ee nexwe\u015f\u00ee an j\u00ee hewcedariya wan bi al\u00eekariy\u00ea re li derdora xwe ya nas serbixwe bij\u00een.<\/h2>\n<\/div><\/div><\/div><div class=\"fusion-layout-column fusion_builder_column fusion-builder-column-1 fusion_builder_column_1_2 1_2 fusion-flex-column\" style=\"--awb-bg-size:cover;--awb-width-large:50%;--awb-margin-top-large:0px;--awb-spacing-right-large:3.84%;--awb-margin-bottom-large:20px;--awb-spacing-left-large:3.84%;--awb-width-medium:50%;--awb-order-medium:0;--awb-spacing-right-medium:3.84%;--awb-spacing-left-medium:3.84%;--awb-width-small:100%;--awb-order-small:0;--awb-spacing-right-small:1.92%;--awb-spacing-left-small:1.92%;\"><div class=\"fusion-column-wrapper fusion-column-has-shadow fusion-flex-justify-content-flex-start fusion-content-layout-column\"><div class=\"fusion-text fusion-text-2\"><p>Kar\u00fbbar\u00ea hem\u015f\u00eerey\u00ea Domu &#8211; w Domu ji Polon\u00ee t\u00ea \u00fb t\u00ea wateya mal\u00ea &#8211; ji h\u00eala \u00e7ar karmend\u00ean hem\u015f\u00eere ve bi armanca l\u00eanih\u00ear\u00eena tevdepar\u00eaz \u00fb xwebiryar hate damezrandin. Di kar\u00fbbar\u00ea hem\u015f\u00eeretiy\u00ea de em cih\u00earengiya ziman\u00ee \u00fb hesasiyeta \u00e7and\u00ee digih\u00eenin hev da ku ji gel\u00ea xwe re xaniyek ku hewcedar\u00ea l\u00ean\u00ear\u00een\u00ea ne ava bikin. Sozdariya me ew e ku em haw\u00eerdorek pi\u015ftgir\u00ee ava bikin ku p\u00ea\u015fwaziya mirovan bike b\u00eay\u00ee ku pa\u015fver\u00fb, ziman \u00fb d\u00eeroka jiyana wan be.<\/p>\n<\/div><\/div><\/div><div class=\"fusion-layout-column fusion_builder_column fusion-builder-column-2 fusion_builder_column_1_2 1_2 fusion-flex-column\" style=\"--awb-bg-size:cover;--awb-width-large:50%;--awb-margin-top-large:0px;--awb-spacing-right-large:3.84%;--awb-margin-bottom-large:20px;--awb-spacing-left-large:3.84%;--awb-width-medium:50%;--awb-order-medium:0;--awb-spacing-right-medium:3.84%;--awb-spacing-left-medium:3.84%;--awb-width-small:100%;--awb-order-small:0;--awb-spacing-right-small:1.92%;--awb-spacing-left-small:1.92%;\"><div class=\"fusion-column-wrapper fusion-column-has-shadow fusion-flex-justify-content-flex-start fusion-content-layout-column\"><div class=\"fusion-text fusion-text-3\"><p>Em ne ten\u00ea guhdar\u00ee dikin, em guhdar\u00ee dikin &#8211; ji bo t\u00eagihi\u015ftina k\u00fbr a daxwaz, tirs \u00fb \u015fahiy\u00ean wan. L\u00ean\u00ear\u00eena me bi w\u00ea baweriy\u00ea ye ku ew tevger\u00ean pi\u00e7\u00fbk \u00ean dilovaniy\u00ea ne ku c\u00fbdahiy\u00ea dikin. Em n\u00eaz\u00ee mirovan dibin \u00fb ne ten\u00ea l\u00eanih\u00ear\u00eena profesyonel, l\u00ea di heman dem\u00ea de atmosferek malbat\u00ee ya germ j\u00ee diafir\u00eenin. Ji bo me, germah\u00ee di dil\u00ea her \u00e7alakiya hem\u015f\u00eerey\u00ea de ye;<\/p>\n<\/div><\/div><\/div><\/div><\/div><div class=\"fusion-fullwidth fullwidth-box fusion-builder-row-2 fusion-flex-container has-pattern-background has-mask-background nonhundred-percent-fullwidth non-hundred-percent-height-scrolling\" style=\"--awb-border-radius-top-left:0px;--awb-border-radius-top-right:0px;--awb-border-radius-bottom-right:0px;--awb-border-radius-bottom-left:0px;--awb-flex-wrap:wrap;\" ><div class=\"fusion-builder-row fusion-row fusion-flex-align-items-flex-start fusion-flex-content-wrap\" style=\"max-width:1497.6px;margin-left: calc(-4% \/ 2 );margin-right: calc(-4% \/ 2 );\"><div class=\"fusion-layout-column fusion_builder_column fusion-builder-column-3 fusion_builder_column_1_2 1_2 fusion-flex-column\" style=\"--awb-bg-size:cover;--awb-width-large:50%;--awb-margin-top-large:0px;--awb-spacing-right-large:3.84%;--awb-margin-bottom-large:20px;--awb-spacing-left-large:3.84%;--awb-width-medium:50%;--awb-order-medium:0;--awb-spacing-right-medium:3.84%;--awb-spacing-left-medium:3.84%;--awb-width-small:100%;--awb-order-small:0;--awb-spacing-right-small:1.92%;--awb-spacing-left-small:1.92%;\"><div class=\"fusion-column-wrapper fusion-column-has-shadow fusion-flex-justify-content-flex-start fusion-content-layout-column\"><div class=\"fusion-person person fusion-person-left fusion-person-1 fusion-person-icon-top\" style=\"--awb-pic-style-color:var(--awb-color8);--awb-pic-borderradius:0px;--awb-margin-top:0px;--awb-margin-right:0px;--awb-margin-bottom:0px;--awb-margin-left:0px;--awb-social-box-border-top:0px;--awb-social-box-border-right:0px;--awb-social-box-border-bottom:0px;--awb-social-box-border-left:0px;--awb-social-box-border-color:var(--awb-color3);--awb-social-box-border-color-hover:var(--awb-color4);--awb-social-box-colors-hover:var(--awb-color1);--awb-social-icon-boxed-colors:var(--awb-color2);--awb-social-icon-colors:var(--awb-color6);--awb-social-icon-colors-hover:var(--awb-color4);\"><div class=\"person-shortcode-image-wrapper\"><div class=\"person-image-container hover-type-none\" style=\"border:0px solid var(--awb-color3);-webkit-border-radius:0px;-moz-border-radius:0px;border-radius:0px;\"><img decoding=\"async\" class=\"person-img img-responsive wp-image-5143\" width=\"2560\" height=\"2012\" src=\"https:\/\/pflegedienst-wdomu.de\/wp-content\/uploads\/2024\/06\/reimann-1-scaled.jpg\" alt=\"Thomas Reimann\" srcset=\"https:\/\/pflegedienst-wdomu.de\/wp-content\/uploads\/2024\/06\/reimann-1-200x157.jpg 200w, https:\/\/pflegedienst-wdomu.de\/wp-content\/uploads\/2024\/06\/reimann-1-400x314.jpg 400w, https:\/\/pflegedienst-wdomu.de\/wp-content\/uploads\/2024\/06\/reimann-1-600x472.jpg 600w, https:\/\/pflegedienst-wdomu.de\/wp-content\/uploads\/2024\/06\/reimann-1-800x629.jpg 800w, https:\/\/pflegedienst-wdomu.de\/wp-content\/uploads\/2024\/06\/reimann-1-1200x943.jpg 1200w, https:\/\/pflegedienst-wdomu.de\/wp-content\/uploads\/2024\/06\/reimann-1-scaled.jpg 2560w\" sizes=\"(max-width: 640px) 100vw, 800px\" \/><\/div><\/div><div class=\"person-desc\" style=\"background-color:var(--awb-color1);padding:40px;margin-top:0;\"><div class=\"person-author\"><div class=\"person-author-wrapper\"><span class=\"person-name\">Thomas Reimann<\/span><span class=\"person-title\">Hevkar\u00ea R\u00eavebir<\/span><\/div><div class=\"fusion-social-networks\"><div class=\"fusion-social-networks-wrapper\"><a class=\"fusion-social-network-icon fusion-tooltip fusion-mail awb-icon-mail custom\" aria-label=\"fusion-mail\" href=\"mailto:t.&#114;e&#105;m&#097;n&#110;&#064;&#119;d&#111;&#109;u.&#100;&#101;\" target=\"_self\" style=\"color:var(--awb-color6);font-size:16px;\" data-placement=\"top\" data-title=\"Mail\" title=\"Mail\" data-toggle=\"tooltip\"><\/a><a class=\"fusion-social-network-icon fusion-tooltip fusion-phone awb-icon-phone custom\" aria-label=\"fusion-phone\" href=\"tel:02171.7949811\" target=\"_self\" style=\"color:var(--awb-color6);font-size:16px;\" data-placement=\"top\" data-title=\"Phone\" title=\"Phone\" data-toggle=\"tooltip\"><\/a><\/div><\/div><\/div><div class=\"person-content fusion-clearfix\">Thomas z\u00eadetir\u00ee 20 sal e hem\u015f\u00eereyek qeydkir\u00ee ye \u00fb hem di l\u00eanih\u00ear\u00eena dervey\u00ee \u00fb hem j\u00ee di nexwe\u015fxan\u00ea de xwedan ezm\u00fbnek profesyonel a gelek salan e. Di van 15 sal\u00ean daw\u00een de ew bi serfiraz\u00ee wek\u00ee r\u00eaveber\u00ea hem\u015f\u00eerey\u00ea di du kar\u00fbbar\u00ean l\u00eanih\u00ear\u00eena dervey\u00ee nexwe\u015f de bi serfiraz\u00ee xebit\u00ee.<br \/>\nH\u00eaz: Pispor\u00ea bir\u00een\u00ea, asta bilind a hem\u015f\u00eere \u00fb pisporiya bij\u00eejk\u00ee, Thomas ji bo mirovat\u00ee \u00fb l\u00eanih\u00ear\u00eena \u00e7alak radiweste.<br \/>\nMotivasyon: Thomas xeyalek \u00fb karsazek \u200b\u200bbi dil \u00fb can e. Ew dixwaze zan\u00een \u00fb ezm\u00fbna xwe bikar b\u00eene da ku parg\u00eedan\u00ee bi away\u00ea \u00e7\u00eatir\u00een gengaz p\u00ea\u015fde bibe. Daxwaz\u00ean mezin dide xwe \u00fb xebatkar\u00ean xwe. Ji bo w\u00ee gir\u00eeng e ku tu car\u00ee k\u00eafa xwe di xebat\u00ea de winda neke \u00fb mirovan careke din bide p\u00ea\u015f.<br \/>\nKesayet: Dir\u00fbst, p\u00eakenok, azwer, biryardar, ji xwe bawer \u00fb mirovhez.<\/div><\/div><\/div><\/div><\/div><div class=\"fusion-layout-column fusion_builder_column fusion-builder-column-4 fusion_builder_column_1_2 1_2 fusion-flex-column\" style=\"--awb-bg-size:cover;--awb-width-large:50%;--awb-margin-top-large:0px;--awb-spacing-right-large:3.84%;--awb-margin-bottom-large:20px;--awb-spacing-left-large:3.84%;--awb-width-medium:50%;--awb-order-medium:0;--awb-spacing-right-medium:3.84%;--awb-spacing-left-medium:3.84%;--awb-width-small:100%;--awb-order-small:0;--awb-spacing-right-small:1.92%;--awb-spacing-left-small:1.92%;\"><div class=\"fusion-column-wrapper fusion-column-has-shadow fusion-flex-justify-content-flex-start fusion-content-layout-column\"><div class=\"fusion-person person fusion-person-left fusion-person-2 fusion-person-icon-top\" style=\"--awb-pic-style-color:var(--awb-color8);--awb-pic-borderradius:0px;--awb-margin-top:0px;--awb-margin-right:0px;--awb-margin-bottom:0px;--awb-margin-left:0px;--awb-social-box-border-top:0px;--awb-social-box-border-right:0px;--awb-social-box-border-bottom:0px;--awb-social-box-border-left:0px;--awb-social-box-border-color:var(--awb-color3);--awb-social-box-border-color-hover:var(--awb-color4);--awb-social-box-colors-hover:var(--awb-color1);--awb-social-icon-boxed-colors:var(--awb-color2);--awb-social-icon-colors:var(--awb-color6);--awb-social-icon-colors-hover:var(--awb-color4);\"><div class=\"person-shortcode-image-wrapper\"><div class=\"person-image-container hover-type-none\" style=\"border:0px solid var(--awb-color3);-webkit-border-radius:0px;-moz-border-radius:0px;border-radius:0px;\"><img decoding=\"async\" class=\"person-img img-responsive wp-image-5120\" width=\"2560\" height=\"2012\" src=\"https:\/\/pflegedienst-wdomu.de\/wp-content\/uploads\/2024\/06\/catal-scaled.jpg\" alt=\"Suna Cataldegirmen\" srcset=\"https:\/\/pflegedienst-wdomu.de\/wp-content\/uploads\/2024\/06\/catal-200x157.jpg 200w, https:\/\/pflegedienst-wdomu.de\/wp-content\/uploads\/2024\/06\/catal-400x314.jpg 400w, https:\/\/pflegedienst-wdomu.de\/wp-content\/uploads\/2024\/06\/catal-600x472.jpg 600w, https:\/\/pflegedienst-wdomu.de\/wp-content\/uploads\/2024\/06\/catal-800x629.jpg 800w, https:\/\/pflegedienst-wdomu.de\/wp-content\/uploads\/2024\/06\/catal-1200x943.jpg 1200w, https:\/\/pflegedienst-wdomu.de\/wp-content\/uploads\/2024\/06\/catal-scaled.jpg 2560w\" sizes=\"(max-width: 640px) 100vw, 800px\" \/><\/div><\/div><div class=\"person-desc\" style=\"background-color:var(--awb-color1);padding:40px;margin-top:0;\"><div class=\"person-author\"><div class=\"person-author-wrapper\"><span class=\"person-name\">Suna Cataldegirmen<\/span><span class=\"person-title\">Hevkar\u00ea R\u00eavebir<\/span><\/div><div class=\"fusion-social-networks\"><div class=\"fusion-social-networks-wrapper\"><a class=\"fusion-social-network-icon fusion-tooltip fusion-mail awb-icon-mail custom\" aria-label=\"fusion-mail\" href=\"mailto:s.cataldeg&#105;&#114;m&#101;n&#064;&#119;&#100;om&#117;&#046;&#100;e\" target=\"_self\" style=\"color:var(--awb-color6);font-size:16px;\" data-placement=\"top\" data-title=\"Mail\" title=\"Mail\" data-toggle=\"tooltip\"><\/a><a class=\"fusion-social-network-icon fusion-tooltip fusion-phone awb-icon-phone custom\" aria-label=\"fusion-phone\" href=\"tel:02171.7949812\" target=\"_self\" style=\"color:var(--awb-color6);font-size:16px;\" data-placement=\"top\" data-title=\"Phone\" title=\"Phone\" data-toggle=\"tooltip\"><\/a><\/div><\/div><\/div><div class=\"person-content fusion-clearfix\">Suna al\u00eekar\u00ea bij\u00ee\u015fk\u00ee ye. W\u00ea z\u00eadetir\u00ee 20 sal ezm\u00fbna p\u00ee\u015fey\u00ee ya di l\u00eanih\u00ear\u00eena dervey\u00ee nexwe\u015fxane \u00fb nexwe\u015fxaney\u00ea de heye. W\u00ea z\u00fb biryar da ku di hem\u015f\u00eerey\u00ea de bixebite. Suna di derbar\u00ea \u015fekir\u00ea \u015fekir de pir zana ye \u00fb pispor\u00ea bir\u00eenan e.<br \/>\nMotivasyon: Ji gelek salan ve, Suna ji bo l\u00ean\u00ear\u00een \u00fb xwe\u015fiya xer\u00eedar\u00ean xwe dil\u015fewatiyek mezin heye. Wek\u00ee xebatkarek hem\u015f\u00eere ya demdir\u00eaj, ew dizane ku \u00e7iqas gir\u00eeng e ku ne ten\u00ea ji nexwe\u015fan re l\u00eanih\u00ear\u00eena bij\u00eejk\u00ee peyda bike, l\u00ea di heman dem\u00ea de pi\u015ftgir\u00eeya hestyar\u00ee \u00fb baldariya mirov\u00ee j\u00ee bide wan. Ev bawer\u00ee Suna dike ku kar\u00fbbarek hem\u015f\u00eere veke ku ji h\u00eala empat\u00ee, r\u00eazgirtin \u00fb pisporiy\u00ea ve t\u00ea xuyang kirin.<br \/>\nKaraktera: Hessas, mirovhez, bir\u00eaxistinkir\u00ee, azwer, bibiryar \u00fb l\u00eakol\u00eener.<\/div><\/div><\/div><\/div><\/div><div class=\"fusion-layout-column fusion_builder_column fusion-builder-column-5 fusion_builder_column_1_2 1_2 fusion-flex-column\" style=\"--awb-bg-size:cover;--awb-width-large:50%;--awb-margin-top-large:0px;--awb-spacing-right-large:3.84%;--awb-margin-bottom-large:20px;--awb-spacing-left-large:3.84%;--awb-width-medium:50%;--awb-order-medium:0;--awb-spacing-right-medium:3.84%;--awb-spacing-left-medium:3.84%;--awb-width-small:100%;--awb-order-small:0;--awb-spacing-right-small:1.92%;--awb-spacing-left-small:1.92%;\"><div class=\"fusion-column-wrapper fusion-column-has-shadow fusion-flex-justify-content-flex-start fusion-content-layout-column\"><div class=\"fusion-person person fusion-person-left fusion-person-3 fusion-person-icon-top\" style=\"--awb-pic-style-color:var(--awb-color8);--awb-pic-borderradius:0px;--awb-margin-top:0px;--awb-margin-right:0px;--awb-margin-bottom:0px;--awb-margin-left:0px;--awb-social-box-border-top:0px;--awb-social-box-border-right:0px;--awb-social-box-border-bottom:0px;--awb-social-box-border-left:0px;--awb-social-box-border-color:var(--awb-color3);--awb-social-box-border-color-hover:var(--awb-color4);--awb-social-box-colors-hover:var(--awb-color1);--awb-social-icon-boxed-colors:var(--awb-color2);--awb-social-icon-colors:var(--awb-color6);--awb-social-icon-colors-hover:var(--awb-color4);\"><div class=\"person-shortcode-image-wrapper\"><div class=\"person-image-container hover-type-none\" style=\"border:0px solid var(--awb-color3);-webkit-border-radius:0px;-moz-border-radius:0px;border-radius:0px;\"><img decoding=\"async\" class=\"person-img img-responsive wp-image-5098\" width=\"2560\" height=\"2012\" src=\"https:\/\/pflegedienst-wdomu.de\/wp-content\/uploads\/2024\/06\/plutecki-scaled.jpg\" alt=\"Marlena Plutecki\" srcset=\"https:\/\/pflegedienst-wdomu.de\/wp-content\/uploads\/2024\/06\/plutecki-200x157.jpg 200w, https:\/\/pflegedienst-wdomu.de\/wp-content\/uploads\/2024\/06\/plutecki-400x314.jpg 400w, https:\/\/pflegedienst-wdomu.de\/wp-content\/uploads\/2024\/06\/plutecki-600x472.jpg 600w, https:\/\/pflegedienst-wdomu.de\/wp-content\/uploads\/2024\/06\/plutecki-800x629.jpg 800w, https:\/\/pflegedienst-wdomu.de\/wp-content\/uploads\/2024\/06\/plutecki-1200x943.jpg 1200w, https:\/\/pflegedienst-wdomu.de\/wp-content\/uploads\/2024\/06\/plutecki-scaled.jpg 2560w\" sizes=\"(max-width: 640px) 100vw, 800px\" \/><\/div><\/div><div class=\"person-desc\" style=\"background-color:var(--awb-color1);padding:40px;margin-top:0;\"><div class=\"person-author\"><div class=\"person-author-wrapper\"><span class=\"person-name\">Marlena Plutecki<\/span><span class=\"person-title\">Hevkar\u00ea r\u00eavebir, r\u00eaveber\u00ea kar\u00fbbar\u00ea hem\u015f\u00eere<\/span><\/div><div class=\"fusion-social-networks\"><div class=\"fusion-social-networks-wrapper\"><a class=\"fusion-social-network-icon fusion-tooltip fusion-mail awb-icon-mail custom\" aria-label=\"fusion-mail\" href=\"mailto:m.p&#108;u&#116;e&#099;&#107;&#105;&#064;wd&#111;&#109;&#117;&#046;de\" target=\"_self\" style=\"color:var(--awb-color6);font-size:16px;\" data-placement=\"top\" data-title=\"Mail\" title=\"Mail\" data-toggle=\"tooltip\"><\/a><a class=\"fusion-social-network-icon fusion-tooltip fusion-phone awb-icon-phone custom\" aria-label=\"fusion-phone\" href=\"tel:02171.7949813\" target=\"_self\" style=\"color:var(--awb-color6);font-size:16px;\" data-placement=\"top\" data-title=\"Phone\" title=\"Phone\" data-toggle=\"tooltip\"><\/a><\/div><\/div><\/div><div class=\"person-content fusion-clearfix\">Marlena ji bo 17 salan hem\u015f\u00eereyek qeydkir\u00ee ye ku bi ezm\u00fbna profesyonel di l\u00eanih\u00ear\u00eena dervey\u00ee \u00fb hundur\u00een de heye. Digel perwerdehiya z\u00eadetir wek mamosteya prat\u00eek\u00ee, w\u00ea di dibistan\u00ean hem\u015f\u00eeretiy\u00ea de j\u00ee wek\u00ee mamoste ders da \u00fb bi v\u00ee reng\u00ee zan\u00eena xwe ya pispor derbas kir. Marlena di van sal\u00ean daw\u00ee de qurs\u00ean perwerdehiy\u00ea y\u00ean cih\u00eareng p\u00eak aniye. Ev 9 sal in bi awayek\u00ee serket\u00ee wek r\u00eaveber\u00ea xizmeta hem\u015f\u00eeretiy\u00ea dixebite.<br \/>\nMotivasyon: Marlena ji bo hem\u015f\u00eeretiy\u00ea dil\u015fewatiyek mezin heye \u00fb ji bo v\u00ea p\u00ee\u015fesaziy\u00ea dil\u015fewatiyek mezin heye. Ji bo wan mirov \u00fb kesayetiya wan li p\u00ea\u015f e. Bi damezrandina parg\u00eedaniy\u00ea, Marlena dixwaze xewn \u00fb xeyal\u00ean xwe p\u00eak b\u00eene \u00fb p\u00ee\u015fesaziya l\u00ean\u00ear\u00een\u00ea \u015fore\u015f bike.<br \/>\nKaraktera: Ambargo, mirovhez, p\u00eabawer, \u00e7areser\u00eexwaz, bir\u00eaxistinkir\u00ee, armancgir \u00fb mot\u00eev\u00eest.<\/div><\/div><\/div><\/div><\/div><div class=\"fusion-layout-column fusion_builder_column fusion-builder-column-6 fusion_builder_column_1_2 1_2 fusion-flex-column\" style=\"--awb-bg-size:cover;--awb-width-large:50%;--awb-margin-top-large:0px;--awb-spacing-right-large:3.84%;--awb-margin-bottom-large:20px;--awb-spacing-left-large:3.84%;--awb-width-medium:50%;--awb-order-medium:0;--awb-spacing-right-medium:3.84%;--awb-spacing-left-medium:3.84%;--awb-width-small:100%;--awb-order-small:0;--awb-spacing-right-small:1.92%;--awb-spacing-left-small:1.92%;\"><div class=\"fusion-column-wrapper fusion-column-has-shadow fusion-flex-justify-content-flex-start fusion-content-layout-column\"><div class=\"fusion-person person fusion-person-left fusion-person-4 fusion-person-icon-top\" style=\"--awb-pic-style-color:var(--awb-color8);--awb-pic-borderradius:0px;--awb-margin-top:0px;--awb-margin-right:0px;--awb-margin-bottom:0px;--awb-margin-left:0px;--awb-social-box-border-top:0px;--awb-social-box-border-right:0px;--awb-social-box-border-bottom:0px;--awb-social-box-border-left:0px;--awb-social-box-border-color:var(--awb-color3);--awb-social-box-border-color-hover:var(--awb-color4);--awb-social-box-colors-hover:var(--awb-color1);--awb-social-icon-boxed-colors:var(--awb-color2);--awb-social-icon-colors:var(--awb-color6);--awb-social-icon-colors-hover:var(--awb-color4);\"><div class=\"person-shortcode-image-wrapper\"><div class=\"person-image-container hover-type-none\" style=\"border:0px solid var(--awb-color3);-webkit-border-radius:0px;-moz-border-radius:0px;border-radius:0px;\"><img decoding=\"async\" class=\"person-img img-responsive wp-image-5103\" width=\"2560\" height=\"2012\" src=\"https:\/\/pflegedienst-wdomu.de\/wp-content\/uploads\/2024\/06\/pfeiffer-scaled.jpg\" alt=\"Isabelle Pfeiffer\" srcset=\"https:\/\/pflegedienst-wdomu.de\/wp-content\/uploads\/2024\/06\/pfeiffer-200x157.jpg 200w, https:\/\/pflegedienst-wdomu.de\/wp-content\/uploads\/2024\/06\/pfeiffer-400x314.jpg 400w, https:\/\/pflegedienst-wdomu.de\/wp-content\/uploads\/2024\/06\/pfeiffer-600x472.jpg 600w, https:\/\/pflegedienst-wdomu.de\/wp-content\/uploads\/2024\/06\/pfeiffer-800x629.jpg 800w, https:\/\/pflegedienst-wdomu.de\/wp-content\/uploads\/2024\/06\/pfeiffer-1200x943.jpg 1200w, https:\/\/pflegedienst-wdomu.de\/wp-content\/uploads\/2024\/06\/pfeiffer-scaled.jpg 2560w\" sizes=\"(max-width: 640px) 100vw, 800px\" \/><\/div><\/div><div class=\"person-desc\" style=\"background-color:var(--awb-color1);padding:40px;margin-top:0;\"><div class=\"person-author\"><div class=\"person-author-wrapper\"><span class=\"person-name\">Isabelle Pfeiffer<\/span><span class=\"person-title\">Partner R\u00eaveber, C\u00eegir\u00ea R\u00eaveberiya xizmeta hem\u015f\u00eere<\/span><\/div><div class=\"fusion-social-networks\"><div class=\"fusion-social-networks-wrapper\"><a class=\"fusion-social-network-icon fusion-tooltip fusion-mail awb-icon-mail custom\" aria-label=\"fusion-mail\" href=\"mailto:&#105;&#046;p&#102;&#101;if&#102;er&#064;&#119;do&#109;u.de\" target=\"_self\" style=\"color:var(--awb-color6);font-size:16px;\" data-placement=\"top\" data-title=\"Mail\" title=\"Mail\" data-toggle=\"tooltip\"><\/a><a class=\"fusion-social-network-icon fusion-tooltip fusion-phone awb-icon-phone custom\" aria-label=\"fusion-phone\" href=\"tel:02171.7949816\" target=\"_self\" style=\"color:var(--awb-color6);font-size:16px;\" data-placement=\"top\" data-title=\"Phone\" title=\"Phone\" data-toggle=\"tooltip\"><\/a><\/div><\/div><\/div><div class=\"person-content fusion-clearfix\">Isabelle ji bo 20 salan hem\u015f\u00eereyek qeydkir\u00ee ye ku bi gelek salan ezm\u00fbnek p\u00ee\u015fey\u00ee di l\u00eanih\u00ear\u00eena dervey\u00ee \u00fb nexwe\u015fxan\u00ea de heye. Ew bi salan wek pispor\u00ea bir\u00eenan dixebite. Ev her\u00eam hewesa w\u00ea ye. Wek\u00ee din, Isabelle mamosteyek prat\u00eek\u00ee ya perwerdekir\u00ee ye \u00fb jixwe bi perwerdehiya xwe bi gelek xwendekaran re bi serfiraz\u00ee \u00e7\u00fbye. Di van 3 sal\u00ean daw\u00ee de, Isabelle wek\u00ee al\u00eekar\u00ea r\u00eaveber\u00ea hem\u015f\u00eerey\u00ea xebit\u00ee.<br \/>\nMotivasyon: Bi pabendb\u00fbna xwe tevkariyek gir\u00eeng ji civak\u00ea re bikim. Ji bo ku em bikarin bi riya r\u00eaveberiya meya hem\u015f\u00eeretiy\u00ea heta ku dibe li mal\u00ea li mirov\u00ean hewcedar\u00ea l\u00ean\u00ear\u00een\u00ea bin\u00earin. T\u00eakiliya zexm bi riya l\u00ean\u00ear\u00een\u00ea ji Isabelle re pir gir\u00eeng e. Ew dixwaze di v\u00ea parg\u00eedaniy\u00ea de d\u00eetin \u00fb raman\u00ean xwe p\u00eak b\u00eene.<br \/>\nKaraktera: Bibiryar, bir\u00eaxistinkir\u00ee, mirovhez, ambargo, p\u00eakenok \u00fb ragihandin\u00ea.<\/div><\/div><\/div><\/div><\/div><\/div><\/div><\/p>\n","protected":false},"excerpt":{"rendered":"","protected":false},"author":1,"featured_media":0,"parent":0,"menu_order":0,"comment_status":"closed","ping_status":"closed","template":"","meta":{"inline_featured_image":false,"footnotes":""},"class_list":["post-4348","page","type-page","status-publish","hentry"],"_links":{"self":[{"href":"https:\/\/pflegedienst-wdomu.de\/ku\/wp-json\/wp\/v2\/pages\/4348","targetHints":{"allow":["GET"]}}],"collection":[{"href":"https:\/\/pflegedienst-wdomu.de\/ku\/wp-json\/wp\/v2\/pages"}],"about":[{"href":"https:\/\/pflegedienst-wdomu.de\/ku\/wp-json\/wp\/v2\/types\/page"}],"author":[{"embeddable":true,"href":"https:\/\/pflegedienst-wdomu.de\/ku\/wp-json\/wp\/v2\/users\/1"}],"replies":[{"embeddable":true,"href":"https:\/\/pflegedienst-wdomu.de\/ku\/wp-json\/wp\/v2\/comments?post=4348"}],"version-history":[{"count":10,"href":"https:\/\/pflegedienst-wdomu.de\/ku\/wp-json\/wp\/v2\/pages\/4348\/revisions"}],"predecessor-version":[{"id":5198,"href":"https:\/\/pflegedienst-wdomu.de\/ku\/wp-json\/wp\/v2\/pages\/4348\/revisions\/5198"}],"wp:attachment":[{"href":"https:\/\/pflegedienst-wdomu.de\/ku\/wp-json\/wp\/v2\/media?parent=4348"}],"curies":[{"name":"wp","href":"https:\/\/api.w.org\/{rel}","templated":true}]}}