{"id":4356,"date":"2024-05-16T10:06:51","date_gmt":"2024-05-16T08:06:51","guid":{"rendered":"https:\/\/pflegedienst-wdomu.de\/tegeha-lenerina\/"},"modified":"2024-11-23T15:02:16","modified_gmt":"2024-11-23T14:02:16","slug":"tegeha-lenerina","status":"publish","type":"page","link":"https:\/\/pflegedienst-wdomu.de\/ku\/tegeha-lenerina\/","title":{"rendered":"Pflegekonzept"},"content":{"rendered":"<div class=\"fusion-fullwidth fullwidth-box fusion-builder-row-1 fusion-flex-container has-pattern-background has-mask-background hundred-percent-fullwidth non-hundred-percent-height-scrolling\" style=\"--awb-border-radius-top-left:0px;--awb-border-radius-top-right:0px;--awb-border-radius-bottom-right:0px;--awb-border-radius-bottom-left:0px;--awb-padding-top:30px;--awb-padding-bottom:0px;--awb-margin-top:0px;--awb-margin-bottom:0px;--awb-background-color:var(--awb-color1);--awb-flex-wrap:wrap;\" ><div class=\"fusion-builder-row fusion-row fusion-flex-align-items-center fusion-flex-justify-content-center fusion-flex-content-wrap\" style=\"width:104% !important;max-width:104% !important;margin-left: calc(-4% \/ 2 );margin-right: calc(-4% \/ 2 );\"><div class=\"fusion-layout-column fusion_builder_column fusion-builder-column-0 fusion_builder_column_1_1 1_1 fusion-flex-column\" style=\"--awb-bg-size:cover;--awb-width-large:100%;--awb-margin-top-large:0px;--awb-spacing-right-large:1.92%;--awb-margin-bottom-large:20px;--awb-spacing-left-large:1.92%;--awb-width-medium:100%;--awb-order-medium:0;--awb-spacing-right-medium:1.92%;--awb-spacing-left-medium:1.92%;--awb-width-small:100%;--awb-order-small:0;--awb-spacing-right-small:1.92%;--awb-spacing-left-small:1.92%;\" data-scroll-devices=\"small-visibility,medium-visibility,large-visibility\"><div class=\"fusion-column-wrapper fusion-column-has-shadow fusion-flex-justify-content-flex-start fusion-content-layout-column\"><div class=\"fusion-text fusion-text-1\"><h1 style=\"text-align: center;\">Konsepta l\u00ean\u00ear\u00eena me<\/h1>\n<p>wDomu &#8211; Kar\u00fbbar\u00ea hem\u015f\u00eere ya we kar\u00fbbarek hem\u015f\u00eere ya dervey\u00ee nexwe\u015fxan\u00ea ye ku li ser germ\u00ee, n\u00eaz\u00eekatiya tevdepar\u00eaz, profesyonel\u00eezma bilind \u00fb t\u00eagihi\u015ftinek k\u00fbr a l\u00eanih\u00ear\u00eena hem\u015f\u00eere hat\u00ee damezrandin. Yekb\u00fbna ziman, adet \u00fb \u00e7and\u00ean cih\u00ea ji bo me roleke gir\u00eeng dil\u00eeze. Kesayet\u00ee \u00fb jiyana xweser ji bo me bi taybet\u00ee gir\u00eeng e.  <\/p>\n<h2 style=\"text-align: center;\">T\u00eagih\u00ee\u015ftina me ya l\u00ean\u00ear\u00een\u00ea<\/h2>\n<h3 style=\"text-align: center;\">Xweser\u00eekirin<\/h3>\n<p>Xwe-\u00e7aren\u00fbs\u00ee di haw\u00eerdora mal\u00ea de armanca bingeh\u00een a kar\u00fbbar\u00ea l\u00ean\u00ear\u00eena wDomu ye, ku pi\u015ftgir\u00ee dide xer\u00eedar\u00ean me ku li derdora xwe ya nas bim\u00eenin. Wateya w\u00ea:<\/p>\n<ul>\n<li>Tevl\u00eeb\u00fbna xer\u00eedaran<br \/>\n Xer\u00eedar\u00ean me div\u00ea di hem\u00ee biryar\u00ean di derbar\u00ea l\u00ean\u00ear\u00eena wan de cih bigirin. Bi taybet\u00ee ji me re gir\u00eeng e ku em xer\u00eedar\u00ean xwe di derheq\u00ea hem\u00ee vebijark\u00ean dermankirin\u00ea de agahdar bikin da ku ew bibin xwed\u00ee derfet ku bi rengek \u00e7alak l\u00eanih\u00ear\u00eena xwe biafir\u00eenin. Ger astengiy\u00ean ziman hebin, em bi gelek zimanan agah\u00ee \u00fb \u015f\u00eeretan didin.  <\/li>\n<li>Xwer\u00eaveberiy\u00ea p\u00ea\u015f bixin<br \/>\n Plansaziya l\u00ean\u00ear\u00een\u00ea li gor\u00ee daxwaz \u00fb hewcedariy\u00ean kes\u00ean hewcedar\u00ea l\u00ean\u00ear\u00een\u00ea ye \u00fb azadiya hilbijartin\u00ea \u00fb serxweb\u00fbna wan p\u00ea\u015f dixe. Parastina adet\u00ean \u015f\u00eawaza jiyan\u00ea bi taybet\u00ee ji me re gir\u00eeng e, ji ber v\u00ea yek\u00ea l\u00ean\u00ear\u00een armanc dike ku r\u00ea \u00fb adet\u00ean rojane y\u00ean kes\u00ean ku hewcedar\u00ea l\u00ean\u00ear\u00een\u00ea ne bi qas\u00ee ku gengaz be ji bo afirandina hestek normalb\u00fbn \u00fb domdariy\u00ea bipar\u00eaze. <\/li>\n<\/ul>\n<h3 style=\"text-align: center;\">kesayet\u00ee<\/h3>\n<p>Xizmeta meya hem\u015f\u00eeretiy\u00ea kesayetiya kesek yekta fam dike. Em c\u00fbdahiy\u00ean di kesayet, d\u00eeroka jiyan\u00ea, pa\u015fxaneya \u00e7and\u00ee \u00fb hewcedariy\u00ean kesane de nas dikin \u00fb r\u00eaz digirin. Em l\u00eanih\u00ear\u00eena kesane ya ku li gor\u00ee taybetmend\u00ee \u00fb daxwaz\u00ean kesane hat\u00ee \u00e7\u00eakirin p\u00ea\u015fk\u00ea\u015f dikin.  <\/p>\n<ul>\n<li>Prens\u00eeb\u00ean bingeh\u00een \u00ean kesayetiy\u00ea di l\u00ean\u00ear\u00een\u00ea de<br \/>\n Her kes wek\u00ee kesek b\u00eahempa t\u00eate d\u00eetin ku ezm\u00fbn, daxwaz \u00fb hewcedariy\u00ean w\u00ee t\u00eane r\u00eaz kirin. Ev helwest hem\u00ee t\u00eakil\u00ee \u00fb kiryar\u00ean l\u00ean\u00ear\u00een\u00ea diyar dike. <\/li>\n<li>Plansazkirin \u00fb p\u00eakan\u00eena l\u00ean\u00ear\u00eena kesane<br \/>\n Plansazkirin \u00fb bicihan\u00eena l\u00ean\u00ear\u00een\u00ea li ser biyografiya kesane, terc\u00eeh \u00fb \u00e7avkaniy\u00ean kes\u00ea hewcedar\u00ea l\u00ean\u00ear\u00een\u00ea ye. Ger bixwaze, em anamnezek biyograf\u00eek p\u00eak t\u00eenin \u00fb \u00e7\u00eerok \u00fb serp\u00eahatiy\u00ean xer\u00eedar berhev dikin, ev yek ji me re dibe al\u00eekar ku em daxwaz \u00fb hewcedariy\u00ean wan ba\u015ftir fam bikin \u00fb ecibandin \u00fb nehezkirin li ber \u00e7avan bigirin. Armanc\u00ean l\u00ean\u00ear\u00eena kesane bi xer\u00eedar \u00fb ger hewce be bi xizm\u00ean wan re t\u00eane destn\u00ee\u015fankirin. Ev armanc daxwaz \u00fb hewcedariy\u00ean kesane n\u00ee\u015fan didin \u00fb wek\u00ee bingehek ji bo plansaziya l\u00ean\u00ear\u00een\u00ea re xizmet dikin. Plan\u00ean l\u00eanih\u00ear\u00eena me bi rengek hi\u015fk nay\u00ean x\u00eaz kirin, l\u00ea bi nerm\u00ee t\u00eane s\u00eawirandin da ku karibin bertek n\u00ee\u015fan\u00ee guhertin\u00ean di rew\u015f an daxwaz\u00ean xer\u00eedar de bidin.    <\/li>\n<\/ul>\n<h3 style=\"text-align: center;\"><strong>T\u00eakiliyek l\u00ean\u00ear\u00eena r\u00eazdar \u00fb spasdar ji bo me ti\u015ftek b\u00ea guman e!<\/strong><\/h3>\n<p>Karmend\u00ean me y\u00ean hem\u015f\u00eere ji hest, bawer\u00ee \u00fb adet\u00ean xer\u00eedar re empat\u00ee \u00fb r\u00eazgirtin\u00ea n\u00ee\u015fan didin. Ragihandina vekir\u00ee \u00fb r\u00eazdar ji me re pir gir\u00eeng \u00fb gir\u00eeng e, ji ber v\u00ea yek\u00ea em wext\u00ea xwe digirin \u00fb guhdar\u00ee dikin da ku fikar \u00fb fikar\u00ean we parve bikin. <\/p>\n<h3 style=\"text-align: center;\">Yekb\u00fbna ziman, adet \u00fb \u00e7and\u00ean cuda<\/h3>\n<p>Di kar\u00fbbar\u00ea hem\u015f\u00eeretiy\u00ea de, em cih\u00earengiya ziman\u00ee \u00fb hesasiyeta \u00e7and\u00ee li hev dikin da ku ji gel\u00ea xwe re xaniyek germ ava bikin. Armanca me ew e ku em haw\u00eerdorek pi\u015ftgir\u00ee biafir\u00eenin ku mirov b\u00eay\u00ee ku \u00e7i be, \u00e7i ziman \u00fb \u00e7i d\u00eeroka jiyana wan be, p\u00ea\u015fwaz\u00ee bike <\/p>\n<ul>\n<li>Hesasiyeta \u00e7and\u00ee<br \/>\n Karmend\u00ean me y\u00ean hem\u015f\u00eere di j\u00eahatiya nav\u00e7and\u00ee de t\u00eane perwerde kirin da ku bi c\u00fbdahiy\u00ean \u00e7and\u00ee bi r\u00eazdar\u00ee \u00fb hestiyar mij\u00fbl bibin. Ev adet\u00ean ol\u00ee, adet, adet\u00ean xwarin\u00ea \u00fb struktur\u00ean malbat\u00ea dihew\u00eene. <\/li>\n<li>Pi\u015ftgiriya ziman\u00ee<br \/>\n Em t\u00eemek pirziman\u00ee ne ku bi \u00e7ar ziman\u00ean cih\u00ea diaxivin \u00fb di heman dem\u00ea de bi sepan\u00ean wergera zim\u00ean re j\u00ee dixebitin.<\/li>\n<\/ul>\n<h3 style=\"text-align: center;\">L\u00ean\u00ear\u00eena \u00e7alakkirin<\/h3>\n<p>L\u00ean\u00ear\u00eena akt\u00eefkirin\u00ea ji bo me gir\u00eengiyek mezin e ku em pi\u015ftgir\u00ee bidin xer\u00eedar\u00ean xwe di serxweb\u00fbn \u00fb xwe-\u00e7alakiya wan de. Li \u015f\u00fbna ku em bi tevah\u00ee peywiran bigirin ser xwe, em pi\u015ftgir\u00ee \u00fb mot\u00eevasyona we dikin ku h\u00fbn bi qas\u00ee ku gengaz bi xwe bikin. Bi v\u00ea yek\u00ea, em dixwazin kar\u00een\u00ean la\u015f\u00ee, der\u00fbn\u00ee \u00fb hestyar\u00ee bipar\u00eazin an ba\u015ftir bikin \u00fb kal\u00eeteya jiyan\u00ea z\u00eade bikin.  <\/p>\n<ul>\n<li>orientation \u00c7avkan\u00ee<br \/>\n L\u00ean\u00ear\u00een li ser j\u00eahat\u00eeb\u00fbn \u00fb \u00e7avkaniy\u00ean hey\u00ee ye. Li \u015f\u00fbna ku bala xwe bidin ser k\u00eamasiyan, h\u00eaz \u00fb potansiyela kesane t\u00eane nas kirin \u00fb p\u00ea\u015fve xistin. <\/li>\n<li>Motivasyon \u00fb te\u015fw\u00eeq<br \/>\n Hem\u015f\u00eerey\u00ean me kes\u00ean ku bandor b\u00fbne te\u015fw\u00eeq \u00fb pi\u015ftgir\u00ee dikin ku bi xwe karan bigirin. Em ten\u00ea bi qas\u00ee ku hewce ye pi\u015ftgir\u00ee didin, l\u00ea heke hewce be xer\u00eedar\u00ean me bi rengek\u00ee \u00e7alak be\u015fdar\u00ee biryar\u00ean ku bandor\u00ea li wan dike. Li gor\u00ee rew\u015f\u00ea, s\u00eenorkirin\u00ean l\u00ean\u00ear\u00eena \u00e7alakkirin\u00ea hene, ji ber v\u00ea yek\u00ea l\u00ean\u00ear\u00eena tezm\u00eenat\u00ea li gor\u00ee stresa tendurist\u00ee \u00fb ps\u00eekoloj\u00eek hewce ye.  <\/li>\n<\/ul>\n<h2 style=\"text-align: center;\">Bi v\u00ee reng\u00ee em l\u00eanih\u00ear\u00een\u00ea bic\u00eeh dikin<\/h2>\n<h3 style=\"text-align: center;\">L\u00ean\u00ear\u00eena referans\u00ea<\/h3>\n<p>L\u00ean\u00ear\u00eena referans h\u00eamanek bingeh\u00een a t\u00eageha l\u00eanih\u00ear\u00eena me ye. Bi l\u00ean\u00ear\u00eena referans\u00ea, em dixwazin avakirina p\u00eabaweriy\u00ea di navbera kes\u00ean hewcedar\u00ea l\u00ean\u00ear\u00een\u00ea \u00fb xizm\u00ean wan de p\u00ea\u015fve bibin. Xizmeta meya hem\u015f\u00eere \u00eemkan\u00ea dide ku bi al\u00eekariya xebatkar\u00ean xwe y\u00ean pirziman\u00ee astengiy\u00ean ziman\u00ean nav\u00e7and\u00ee derbas bibin \u00fb pi\u015ftgiriyek guncaw peyda bikin.  <\/p>\n<ul>\n<li>Berdewamiya l\u00ean\u00ear\u00een\u00ea<br \/>\n Di dema \u015f\u00eawirdariya destp\u00eak\u00ea de, em bala xwe didin ka k\u00eejan karmend ji wan kes\u00ean ku hewcedar\u00ea l\u00ean\u00ear\u00een\u00ea ne \u00e7\u00eatir\u00een in. Di nav ti\u015ft\u00ean din de, em pi\u015ftrast dikin ku ziman \u00fb \u00e7anda xer\u00eedar li ber \u00e7avan t\u00ea girtin. D\u00fbv re xer\u00eedar\u00ean me ji bo gerokek t\u00eane tay\u00een kirin, ku bi gelemper\u00ee ji h\u00eala du karmend\u00ean hem\u015f\u00eere ve t\u00eane r\u00eave kirin, ku pa\u015f\u00ea wek\u00ee kes\u00ean referans t\u00eane hesibandin.  <\/li>\n<li>Baweriy\u00ea ava bikin<br \/>\n T\u00eakiliya bir\u00eak\u00fbp\u00eak di navbera xer\u00eedar\u00ean me \u00fb karmend\u00ean me y\u00ean hem\u015f\u00eere de t\u00eakiliyek p\u00eabaweriy\u00ea diafir\u00eene, ku p\u00eawendiyek vekir\u00ee \u00fb t\u00eagih\u00ee\u015ftin\u00ea p\u00ea\u015fve dike. Ger hem\u015f\u00eere bi heman ziman\u00ee biaxive an j\u00ee xwedan pa\u015fxaneyek \u00e7and\u00ee ya m\u00eena xer\u00eedar\u00ean me be, ji t\u00eagih\u00ee\u015ftin\u00ea d\u00fbr dibe \u00fb dan\u00fbstandin h\u00easantir dibe. Ev t\u00ea armanc kirin ku xer\u00eedar\u00ean me ji bo ba\u015ftirkirina kal\u00eeteya l\u00eanih\u00ear\u00een\u00ea rehettir \u00fb p\u00eabawertir h\u00ees bikin.  <\/li>\n<\/ul>\n<h3 style=\"text-align: center;\">Hevkariya bi xizm \u00fb kom\u00ean din \u00ean profesyonel<\/h3>\n<p>Ji bo me, bal\u00ea diki\u015f\u00eene ser hevkariya n\u00eaz\u00eek di navbera her kes\u00ea ku t\u00ea de heye da ku ji bo xer\u00eedar\u00ean xwe pi\u015ftgir\u00eeya berfireh peyda bike. Bi v\u00ee reng\u00ee em pi\u015ftgir\u00eeya tevah\u00ee \u00fb kesane misoger dikin. <\/p>\n<ul>\n<li>\u015e\u00eeret \u00fb agah\u00ee ji bo xizm\u00ean<br \/>\n T\u00eakildar\u00ee rew\u015fa tenduristiy\u00ea her tim xizm t\u00ean agahdarkirin. Ger tenduristiya we ba\u015ftir bibe an xirab bibe, ev \u00ea di cih de were ragihandin. Bi v\u00ee away\u00ee em \u015fefafiyet \u00fb \u00eemkana biryardan\u00ea bi hev re diafir\u00eenin.  <\/li>\n<li>T\u00eakiliya domdar bi doktoran re<br \/>\n Doktor di derbar\u00ea hem\u00ee guhertin\u00ean t\u00eakildar \u00ean di rew\u015fa tenduristiy\u00ea de t\u00eane agahdar kirin. Ev gir\u00eeng e, da ku biryar\u00ean bij\u00eejk\u00ee li ser bingeha agahdariya hey\u00ee bin \u00fb ger hewce be, sererastkirin\u00ean dermankirin\u00ea b\u00eane \u00e7\u00eakirin. Ger astengiy\u00ean ziman hebin, em pi\u015ftgir\u00ee \u00fb al\u00eekariya werger, ravekirin \u00fb \u015f\u00eeretkirina bi ziman\u00ea weya zikmak\u00ee dikin.  <\/li>\n<li>Belgekirina Family Connect<br \/>\n Em ji xer\u00eedar \u00fb xizm\u00ean xwe belgey\u00ean l\u00ean\u00ear\u00eena d\u00eej\u00eetal p\u00ea\u015fk\u00ea\u015f dikin. Ev celeb belge r\u00eayek \u015fefaf \u00fb bik\u00earhat\u00ee peyda dike ji bo parvekirina agahdariya li ser p\u00eavajoya l\u00eanih\u00ear\u00een\u00ea \u00fb h\u00fbrguliy\u00ean gir\u00eeng di her k\u00ealiy\u00ea de bigih\u00eeje. Bi belgey\u00ean d\u00eej\u00eetal re h\u00fbn gih\u00ee\u015ftina rapor\u00ean l\u00ean\u00ear\u00een\u00ea, plana derman\u00ea hey\u00ee an n\u00ee\u015fan\u00ean gir\u00eeng hene.  <\/li>\n<\/ul>\n<h3 style=\"text-align: center;\">belgekirin<\/h3>\n<p>Xizmeta meya hem\u015f\u00eere wDomu bi am\u00fbra belgekirin\u00ea SIS\u00ae, modelek avah\u00eesaziy\u00ea ya l\u00eanih\u00ear\u00eena hem\u015f\u00eere dixebite. Ew p\u00eavajoya l\u00ean\u00ear\u00een\u00ea h\u00easan dike \u00fb di heman dem\u00ea de kal\u00eeteya l\u00ean\u00ear\u00een\u00ea ya bilind misoger dike \u00fb edalet\u00ea ji l\u00eanih\u00ear\u00eena tevay\u00ee \u00fb kesane re dike. Nirxandina p\u00ee\u015fey\u00ee ya ji bo nirxandina rew\u015fa l\u00ean\u00ear\u00een\u00ea \u00fb pi\u015ftgir\u00eey\u00ea li ser bingeha \u015fe\u015f mijar\u00ean mijaran p\u00eak t\u00ea. Hem\u00ee hewcedariy\u00ean al\u00eekar\u00ee \u00fb l\u00ean\u00ear\u00een\u00ea y\u00ean t\u00eakildar dikarin li vir werin tomar kirin.   <\/p>\n<ul>\n<li>Naskirin \u00fb ragihandin<\/li>\n<li>Mobility \u00fb tevger<\/li>\n<li>Daxwaz \u00fb bargiraniy\u00ean gir\u00eaday\u00ee nexwe\u015fiy\u00ea<\/li>\n<li>Xwe t\u00ear kirin<\/li>\n<li>Jiyan di t\u00eakiliy\u00ean civak\u00ee de<\/li>\n<li>Kar\u00ea mal\u00ea<\/li>\n<\/ul>\n<p>Wek\u00ee din, matrixek xeterey\u00ea t\u00eate temam kirin da ku xeterey\u00ean hem\u015f\u00eerey\u00ea y\u00ean wek\u00ee bir\u00een\u00ean zext\u00ea, \u200b\u200bketin, b\u00eaxwedan\u00ee, k\u00eamxwarin\u00ee \u00fb \u00ea\u015f an xeterey\u00ean din nas bike. Ber\u00ee plansazkirin\u00ea, em her gav \u015f\u00eeretan p\u00ea\u015fk\u00ea\u015f dikin da ku xer\u00eedar\u00ean me bikarin li ser tedb\u00eer\u00ean ku li ser v\u00ea bingeh\u00ea b\u00eane bic\u00eeh kirin xwed\u00ee gotin bin. D\u00fbv re plansaziya \u00e7alakiy\u00ea bi rengek kesane li gor\u00ee hewcedar\u00ee \u00fb rew\u015fa xer\u00eedar t\u00eate adaptekirin. Hem\u00ee veqet\u00een\u00ean plansazkir\u00ee \u00fb hem j\u00ee \u00e7avd\u00eariy\u00ean gir\u00eeng \u00fb taybetmendiy\u00ean tenduristiy\u00ea di rapora l\u00ean\u00ear\u00een\u00ea de t\u00eane belge kirin.<br \/>\n \u015eopandina \u015fopandin\u00ea di b\u00fbyer\u00ean t\u00fbj de \u00fb di navber\u00ean ku bi kesane ve hatine destn\u00ee\u015fankirin de p\u00eak t\u00ea. L\u00eabel\u00ea, rew\u015fa gi\u015ft\u00ee div\u00ea sal\u00ea her\u00ee k\u00eam du caran were nirxandin. Encam di rapora l\u00ean\u00ear\u00een\u00ea de t\u00ea tomar kirin.     <\/p>\n<h2 style=\"text-align: center;\">Bi v\u00ee reng\u00ee em kal\u00eeteya xwe pi\u015ftrast dikin<\/h2>\n<p>Kar\u00fbbar\u00ea meya hem\u015f\u00eere wDomu xwedan tedb\u00eer\u00ean p\u00eabaweriya kal\u00eetey\u00ea ya guncan e ku pi\u015ftrast dike ku xer\u00eedar\u00ean me di haw\u00eerdora xaniy\u00ea xwe de bi p\u00eabawer, profesyonel\u00ee \u00fb bi r\u00fbmet l\u00eanih\u00earin. P\u00eavajoyek l\u00eanih\u00ear\u00een\u00ea ya zelal, perwerdehiya bir\u00eak\u00fbp\u00eak \u00fb kontrol\u00ean kal\u00eetey\u00ea y\u00ean hundur\u00een \u00fb derve ji bo ku daxwaz\u00ean bilind \u00ean ku li ser l\u00eanih\u00ear\u00eena dervey\u00ee nexwe\u015f t\u00eane bic\u00eeh kirin \u00fb bi domdar\u00ee ba\u015ftir bikin, p\u00eadiv\u00ee ye. <\/p>\n<h3 style=\"text-align: center;\">Tedb\u00eer\u00ean p\u00eabaweriya kal\u00eetey\u00ea<\/h3>\n<ul>\n<li>Perwerde \u00fb perwerdehiya b\u00eatir<br \/>\n Karmend\u00ean me bi r\u00eak\u00fbp\u00eak perwerdehiya hundur\u00een \u00fb dervey\u00ee werdigirin da ku ew her gav bi l\u00eanih\u00ear\u00eena hem\u015f\u00eere ya her\u00ee daw\u00ee re n\u00fbve bin.<br \/>\n Ji bo domandina j\u00eahatiya p\u00ee\u015fey\u00ee zan\u00eena hem\u015f\u00eerey\u00ea ya n\u00fb yekgirt\u00ee ye. Xebatkar\u00ean me xwedan edebiyata pispor bela\u015f in. <\/li>\n<li>Standard\u00ean pispor \u00fb p\u00eevan\u00ean paqijiya hem\u015f\u00eerey\u00ea<br \/>\n Me r\u00eawerz\u00ean p\u00eavajoy\u00ee y\u00ean yekgirt\u00ee \u00fb yekgirt\u00ee niv\u00eesandine da ku p\u00ea ewle bin ku l\u00eanih\u00ear\u00een bi rengek profesyonel\u00ee rast t\u00ea me\u015fandin<\/li>\n<li>Serdan\u00ean hem\u015f\u00eere<br \/>\n Em tedb\u00eer\u00ean l\u00ean\u00ear\u00een\u00ea li ser cihan di navber\u00ean r\u00eak\u00fbp\u00eak de kontrol dikin.<\/li>\n<li>Got\u00fbb\u00eaj\u00ean doz\u00ea<br \/>\n Em bi r\u00eak\u00fbp\u00eak n\u00eeqa\u015f\u00ean doz\u00ea li dar dixin ku t\u00ea de em rew\u015f\u00ean l\u00ean\u00ear\u00eena tevlihev bi h\u00fbrgul\u00ee n\u00eeqa\u015f dikin da ku l\u00eanih\u00ear\u00eena \u00e7\u00eatir\u00een gengaz peyda bikin.<\/li>\n<li>Quality circle<br \/>\n Em bi r\u00eak\u00fbp\u00eak di komeke xebat\u00ea de dicivin da ku li ser kal\u00eeteya l\u00eanih\u00ear\u00een\u00ea bifikirin, pirsgir\u00eakan nas bikin \u00fb ji bo \u00e7\u00eatirb\u00fbn\u00ea p\u00ea\u015fniyaran p\u00ea\u015f bixin.<\/li>\n<li>R\u00eaveberiya gil\u00ee<br \/>\n Pergalek r\u00eaveberiya giliy\u00ea me heye ku r\u00ea dide xer\u00eedar an xizm\u00ean me ku rexne an p\u00ea\u015fniyar\u00ean ji bo \u00e7\u00eatirkirin\u00ea b\u00eenin ziman. Gil\u00ee di cih de t\u00eane kirin. <\/li>\n<li>Dilxwe\u015f\u00eeya kiriyar<br \/>\n T\u00earb\u00fbn ji bo me bi taybet\u00ee gir\u00eeng e, ji ber v\u00ea yek\u00ea em bi r\u00eak\u00fbp\u00eak anket\u00ean xer\u00eedar dikin.<\/li>\n<\/ul>\n<\/div><\/div><\/div><\/div><\/div>\n","protected":false},"excerpt":{"rendered":"","protected":false},"author":1,"featured_media":0,"parent":0,"menu_order":0,"comment_status":"closed","ping_status":"closed","template":"100-width.php","meta":{"inline_featured_image":false,"footnotes":""},"class_list":["post-4356","page","type-page","status-publish","hentry"],"_links":{"self":[{"href":"https:\/\/pflegedienst-wdomu.de\/ku\/wp-json\/wp\/v2\/pages\/4356","targetHints":{"allow":["GET"]}}],"collection":[{"href":"https:\/\/pflegedienst-wdomu.de\/ku\/wp-json\/wp\/v2\/pages"}],"about":[{"href":"https:\/\/pflegedienst-wdomu.de\/ku\/wp-json\/wp\/v2\/types\/page"}],"author":[{"embeddable":true,"href":"https:\/\/pflegedienst-wdomu.de\/ku\/wp-json\/wp\/v2\/users\/1"}],"replies":[{"embeddable":true,"href":"https:\/\/pflegedienst-wdomu.de\/ku\/wp-json\/wp\/v2\/comments?post=4356"}],"version-history":[{"count":10,"href":"https:\/\/pflegedienst-wdomu.de\/ku\/wp-json\/wp\/v2\/pages\/4356\/revisions"}],"predecessor-version":[{"id":5369,"href":"https:\/\/pflegedienst-wdomu.de\/ku\/wp-json\/wp\/v2\/pages\/4356\/revisions\/5369"}],"wp:attachment":[{"href":"https:\/\/pflegedienst-wdomu.de\/ku\/wp-json\/wp\/v2\/media?parent=4356"}],"curies":[{"name":"wp","href":"https:\/\/api.w.org\/{rel}","templated":true}]}}