{"id":4416,"date":"2024-05-14T10:01:27","date_gmt":"2024-05-14T08:01:27","guid":{"rendered":"https:\/\/pflegedienst-wdomu.de\/lenerina-pesilegirtine\/"},"modified":"2024-05-29T13:23:18","modified_gmt":"2024-05-29T11:23:18","slug":"lenerina-pesilegirtine","status":"publish","type":"page","link":"https:\/\/pflegedienst-wdomu.de\/ku\/lenerina-pesilegirtine\/","title":{"rendered":"Verhinderungspflege"},"content":{"rendered":"<p><div class=\"fusion-fullwidth fullwidth-box fusion-builder-row-1 fusion-flex-container has-pattern-background has-mask-background nonhundred-percent-fullwidth non-hundred-percent-height-scrolling\" style=\"--awb-border-radius-top-left:0px;--awb-border-radius-top-right:0px;--awb-border-radius-bottom-right:0px;--awb-border-radius-bottom-left:0px;--awb-padding-bottom:30px;--awb-flex-wrap:wrap;\" ><div class=\"fusion-builder-row fusion-row fusion-flex-align-items-flex-start fusion-flex-content-wrap\" style=\"max-width:1497.6px;margin-left: calc(-4% \/ 2 );margin-right: calc(-4% \/ 2 );\"><div class=\"fusion-layout-column fusion_builder_column fusion-builder-column-0 fusion_builder_column_1_1 1_1 fusion-flex-column\" style=\"--awb-bg-size:cover;--awb-width-large:100%;--awb-margin-top-large:0px;--awb-spacing-right-large:1.92%;--awb-margin-bottom-large:0px;--awb-spacing-left-large:1.92%;--awb-width-medium:100%;--awb-spacing-right-medium:1.92%;--awb-spacing-left-medium:1.92%;--awb-width-small:100%;--awb-spacing-right-small:1.92%;--awb-spacing-left-small:1.92%;\"><div class=\"fusion-column-wrapper fusion-flex-justify-content-flex-start fusion-content-layout-column\"><div class=\"fusion-text fusion-text-1\"><h1>L\u00ean\u00ear\u00eena p\u00ea\u015f\u00eel\u00eagirtin\u00ea SGB XI<\/h1>\n<p>Kes\u00ea ku xizmek\u00ee xwe dipar\u00eaze, dor saet\u00ea li ser kar e. \u00db \u00e7iqas k\u00eafa we t\u00ea ku h\u00fbn xwe bidin v\u00ee kar\u00ea gir\u00eeng \u00fb berpirsiyar, di demek\u00ea de h\u00fbn hewcey\u00ea navberek\u00ea ne. Ji ber ku h\u00fbn nexwe\u015f in, p\u00eadiv\u00ee ye ku h\u00fbn be\u015fdar\u00ee randev\u00fbyek gir\u00eeng bibin an j\u00ee h\u00fbn dixwazin ji betlaneya xweya ku dir\u00eaj li bend\u00ea ne k\u00eafxwe\u015f bibin.<\/p>\n<h2>L\u00ean\u00ear\u00eena p\u00ea\u015f\u00eel\u00eagirtin\u00ea \u00e7i ye?<\/h2>\n<p>L\u00ean\u00ear\u00eena p\u00ea\u015f\u00eel\u00eagirtin\u00ea &#8211; ku wek\u00ee l\u00ean\u00ear\u00eena c\u00eegir j\u00ee t\u00ea zan\u00een &#8211; ji ber v\u00ea yek\u00ea bi betlaney\u00ea an j\u00ee nexwe\u015fiya l\u00ean\u00ear\u00eena mal\u00ea re wekhev e.<\/p>\n<h2>Xizmet\u00ean me<\/h2>\n<p>Em hem\u00ee \u00e7alakiy\u00ean l\u00ean\u00ear\u00een\u00ea y\u00ean p\u00eaw\u00eest p\u00eak t\u00eenin, l\u00ea hema hema hem\u00ee daxwaz\u00ean din \u00ean wek\u00ee:<\/p>\n<ul>\n<li>perwerdeya exercise heftane<\/li>\n<li>Serdan \u00fb me\u015f\u00ean kurt<\/li>\n<li>Exercises li ser bingeha dermankirin\u00ea<\/li>\n<\/ul>\n<h2>Ba\u015f e bizanin<\/h2>\n<p>\u015eert \u00fb merc\u00ea l\u00ean\u00ear\u00eena p\u00ea\u015f\u00eel\u00eagirtin\u00ea \u00eesbat e ku we her\u00ee k\u00eam 6 meh (her\u00ee k\u00eam 10 saet di heftey\u00ea de) li mal\u00ea li kes\u00ea hewcedar\u00ea l\u00ean\u00ear\u00een\u00ea xwed\u00ee kiriye \u00fb ji bo v\u00ea yek\u00ea yarmetiya l\u00ean\u00ear\u00een\u00ea dist\u00eenin. Kes\u00ea ku l\u00ea t\u00ea l\u00ean\u00ear\u00een\u00ea div\u00ea her\u00ee k\u00eam asta l\u00ean\u00ear\u00een\u00ea 2 hebe. H\u00fbn dikarin l\u00ean\u00ear\u00eena p\u00ea\u015f\u00eel\u00eagirtin\u00ea her\u00ee z\u00eade 6 hefte &#8211; ango 42 roj &#8211; sal\u00ea bikar b\u00eenin<\/p>\n<\/div><\/div><\/div><\/div><\/div><div class=\"fusion-fullwidth fullwidth-box fusion-builder-row-2 fusion-flex-container has-pattern-background has-mask-background hundred-percent-fullwidth non-hundred-percent-height-scrolling\" style=\"--awb-border-radius-top-left:0px;--awb-border-radius-top-right:0px;--awb-border-radius-bottom-right:0px;--awb-border-radius-bottom-left:0px;--awb-padding-top:30px;--awb-padding-bottom:0px;--awb-margin-top:0px;--awb-margin-bottom:0px;--awb-background-color:var(--awb-custom_color_2);--awb-flex-wrap:wrap;\" ><div class=\"fusion-builder-row fusion-row fusion-flex-align-items-center fusion-flex-justify-content-center fusion-flex-content-wrap\" style=\"width:104% !important;max-width:104% !important;margin-left: calc(-4% \/ 2 );margin-right: calc(-4% \/ 2 );\"><div class=\"fusion-layout-column fusion_builder_column fusion-builder-column-1 fusion_builder_column_1_1 1_1 fusion-flex-column\" style=\"--awb-bg-size:cover;--awb-width-large:100%;--awb-margin-top-large:0px;--awb-spacing-right-large:1.92%;--awb-margin-bottom-large:20px;--awb-spacing-left-large:1.92%;--awb-width-medium:100%;--awb-order-medium:0;--awb-spacing-right-medium:1.92%;--awb-spacing-left-medium:1.92%;--awb-width-small:100%;--awb-order-small:0;--awb-spacing-right-small:1.92%;--awb-spacing-left-small:1.92%;\" data-scroll-devices=\"small-visibility,medium-visibility,large-visibility\"><div class=\"fusion-column-wrapper fusion-column-has-shadow fusion-flex-justify-content-flex-start fusion-content-layout-column\"><div class=\"fusion-text fusion-text-2\"><h1 style=\"text-align: center;\">3 gav\u00ean ji bo l\u00eanih\u00ear\u00eena bingeh\u00een a derve li Leverkusen<\/h1>\n<h2 style=\"text-align: center;\">Em her\u00ee z\u00eade ji budceya we ji bo hewcedariy\u00ean we digirin.<\/h2>\n<p style=\"text-align: center;\">Li gor asta l\u00ean\u00ear\u00een\u00ea, maf\u00ea we heye ku ji kasa s\u00eegortaya l\u00ean\u00ear\u00een\u00ea hin alikariy\u00ean curey\u00ee \u00fb yarmetiya l\u00ean\u00ear\u00een\u00ea werbigirin, ku hin ji wan j\u00ee dikarin b\u00eane hev kirin. wDomu gir\u00eengiyek mezin dide ku ber\u00ee pejirandin\u00ea \u015f\u00eereta rast \u00fb j\u00eahat\u00ee bide we. Em di 3 gavan de p\u00ea\u015fve di\u00e7in:<\/p>\n<\/div><\/div><\/div><div class=\"fusion-layout-column fusion_builder_column fusion-builder-column-2 fusion_builder_column_1_3 1_3 fusion-flex-column fusion-flex-align-self-flex-start\" style=\"--awb-bg-size:cover;--awb-width-large:33.3333333333%;--awb-margin-top-large:0px;--awb-spacing-right-large:5.76%;--awb-margin-bottom-large:20px;--awb-spacing-left-large:5.76%;--awb-width-medium:33.3333333333%;--awb-order-medium:0;--awb-spacing-right-medium:5.76%;--awb-spacing-left-medium:5.76%;--awb-width-small:100%;--awb-order-small:0;--awb-spacing-right-small:1.92%;--awb-spacing-left-small:1.92%;\" data-scroll-devices=\"small-visibility,medium-visibility,large-visibility\"><div class=\"fusion-column-wrapper fusion-column-has-shadow fusion-flex-justify-content-flex-start fusion-content-layout-column\"><div class=\"fusion-text fusion-text-3\"><h2>1 t\u00eakil\u00ee<\/h2>\n<p>Em li bend\u00ea ne ku h\u00fbn bi hev re \u00fb b\u00ea mecb\u00fbr\u00ee rew\u015fa xwe \u00fb raman\u00ean xwe <a href=\"https:\/\/pflegedienst-wdomu.de\/de\/kontakt\/\">n\u00eeqa\u015f<\/a> bikin. Em \u00ea li mala we <a href=\"https:\/\/pflegedienst-wdomu.de\/de\/beratung\/\">randev\u00fbyek \u015f\u00eawirmendiya<\/a> destp\u00eak\u00ea saz bikin.<\/p>\n<\/div><\/div><\/div><div class=\"fusion-layout-column fusion_builder_column fusion-builder-column-3 fusion_builder_column_1_3 1_3 fusion-flex-column fusion-flex-align-self-flex-start\" style=\"--awb-bg-size:cover;--awb-width-large:33.3333333333%;--awb-margin-top-large:0px;--awb-spacing-right-large:5.76%;--awb-margin-bottom-large:20px;--awb-spacing-left-large:5.76%;--awb-width-medium:33.3333333333%;--awb-order-medium:0;--awb-spacing-right-medium:5.76%;--awb-spacing-left-medium:5.76%;--awb-width-small:100%;--awb-order-small:0;--awb-spacing-right-small:1.92%;--awb-spacing-left-small:1.92%;\" data-scroll-devices=\"small-visibility,medium-visibility,large-visibility\"><div class=\"fusion-column-wrapper fusion-column-has-shadow fusion-flex-justify-content-flex-start fusion-content-layout-column\"><div class=\"fusion-text fusion-text-4\"><h2>2 serdana c\u00eeh\u00ea<\/h2>\n<p>Em dixwazin rew\u015fa we bi tevah\u00ee f\u00eam bikin \u00fb binirx\u00eenin. Di dema \u015f\u00eawirmendiya destp\u00eak\u00ea de, em li mal\u00ea serdana we dikin \u00fb li ser rew\u015f, rew\u015fa tenduristiya we \u00fb hem\u00ee rew\u015f\u00ean t\u00eakildar agahdar dibin.<\/p>\n<\/div><\/div><\/div><div class=\"fusion-layout-column fusion_builder_column fusion-builder-column-4 fusion_builder_column_1_3 1_3 fusion-flex-column fusion-flex-align-self-flex-start\" style=\"--awb-bg-size:cover;--awb-width-large:33.3333333333%;--awb-margin-top-large:0px;--awb-spacing-right-large:5.76%;--awb-margin-bottom-large:20px;--awb-spacing-left-large:5.76%;--awb-width-medium:33.3333333333%;--awb-order-medium:0;--awb-spacing-right-medium:5.76%;--awb-spacing-left-medium:5.76%;--awb-width-small:100%;--awb-order-small:0;--awb-spacing-right-small:1.92%;--awb-spacing-left-small:1.92%;\" data-scroll-devices=\"small-visibility,medium-visibility,large-visibility\"><div class=\"fusion-column-wrapper fusion-column-has-shadow fusion-flex-justify-content-flex-start fusion-content-layout-column\"><div class=\"fusion-text fusion-text-5\"><h2>3 P\u00ea\u015fk\u00ea\u015fiya takekes\u00ee<\/h2>\n<p>Em w\u00eaneyek profesyonel a daxwaz\u00ean we &#8211; \u00fb daxwaz\u00ean we digirin. Bi v\u00ee reng\u00ee, em p\u00ea\u015fniyara \u00e7\u00eatir\u00een bi kesane diyar dikin \u00fb l\u00ea\u00e7\u00fbn\u00ean gengaz zelal dikin. Ma em lihevhat\u00ee ne? D\u00fbv re em bi lez \u00fb bez dest bi l\u00eanih\u00ear\u00eena bingeh\u00een dikin.<\/p>\n<\/div><\/div><\/div><\/div><\/div><\/p>\n","protected":false},"excerpt":{"rendered":"","protected":false},"author":1,"featured_media":0,"parent":0,"menu_order":0,"comment_status":"closed","ping_status":"closed","template":"100-width.php","meta":{"inline_featured_image":false,"footnotes":""},"class_list":["post-4416","page","type-page","status-publish","hentry"],"_links":{"self":[{"href":"https:\/\/pflegedienst-wdomu.de\/ku\/wp-json\/wp\/v2\/pages\/4416","targetHints":{"allow":["GET"]}}],"collection":[{"href":"https:\/\/pflegedienst-wdomu.de\/ku\/wp-json\/wp\/v2\/pages"}],"about":[{"href":"https:\/\/pflegedienst-wdomu.de\/ku\/wp-json\/wp\/v2\/types\/page"}],"author":[{"embeddable":true,"href":"https:\/\/pflegedienst-wdomu.de\/ku\/wp-json\/wp\/v2\/users\/1"}],"replies":[{"embeddable":true,"href":"https:\/\/pflegedienst-wdomu.de\/ku\/wp-json\/wp\/v2\/comments?post=4416"}],"version-history":[{"count":10,"href":"https:\/\/pflegedienst-wdomu.de\/ku\/wp-json\/wp\/v2\/pages\/4416\/revisions"}],"predecessor-version":[{"id":4929,"href":"https:\/\/pflegedienst-wdomu.de\/ku\/wp-json\/wp\/v2\/pages\/4416\/revisions\/4929"}],"wp:attachment":[{"href":"https:\/\/pflegedienst-wdomu.de\/ku\/wp-json\/wp\/v2\/media?parent=4416"}],"curies":[{"name":"wp","href":"https:\/\/api.w.org\/{rel}","templated":true}]}}