{"id":4471,"date":"2024-05-14T10:02:38","date_gmt":"2024-05-14T08:02:38","guid":{"rendered":"https:\/\/pflegedienst-wdomu.de\/parastina-daneyan-2\/"},"modified":"2024-11-21T14:13:23","modified_gmt":"2024-11-21T13:13:23","slug":"parastina-daneyan-2","status":"publish","type":"page","link":"https:\/\/pflegedienst-wdomu.de\/ku\/parastina-daneyan-2\/","title":{"rendered":"Datenschutzerkl\u00e4rung"},"content":{"rendered":"<div class=\"fusion-fullwidth fullwidth-box fusion-builder-row-1 fusion-flex-container nonhundred-percent-fullwidth non-hundred-percent-height-scrolling\" style=\"--awb-border-radius-top-left:0px;--awb-border-radius-top-right:0px;--awb-border-radius-bottom-right:0px;--awb-border-radius-bottom-left:0px;--awb-flex-wrap:wrap;\" ><div class=\"fusion-builder-row fusion-row fusion-flex-align-items-flex-start fusion-flex-content-wrap\" style=\"max-width:1497.6px;margin-left: calc(-4% \/ 2 );margin-right: calc(-4% \/ 2 );\"><div class=\"fusion-layout-column fusion_builder_column fusion-builder-column-0 fusion_builder_column_1_1 1_1 fusion-flex-column\" style=\"--awb-bg-size:cover;--awb-width-large:100%;--awb-margin-top-large:0px;--awb-spacing-right-large:1.92%;--awb-margin-bottom-large:0px;--awb-spacing-left-large:1.92%;--awb-width-medium:100%;--awb-spacing-right-medium:1.92%;--awb-spacing-left-medium:1.92%;--awb-width-small:100%;--awb-spacing-right-small:1.92%;--awb-spacing-left-small:1.92%;\"><div class=\"fusion-column-wrapper fusion-flex-justify-content-flex-start fusion-content-layout-column\"><div class=\"fusion-text fusion-text-1\"><div class=\"vc-container\">\n<section class=\"wpb-content-wrapper\">\n<div class=\"vc-row-container container\">\n<div class=\"vc_row wpb_row vc_row-fluid\">\n<div class=\"wpb_column vc_column_container vc_col-sm-12\">\n<div class=\"vc_column-inner\">\n<div class=\"wpb_wrapper\">\n<div class=\"wpb_text_column wpb_content_element post-formatting \">\n<div class=\"wpb_wrapper\">\n<h1>Parastina daneyan<\/h1>\n<h2>1. Parastina daneyan bi \u00e7avek\u00ee<\/h2>\n<h3>Agahiy\u00ean gi\u015ft\u00ee<\/h3>\n<p>Agahdariya j\u00ear\u00een nih\u00ear\u00eenek h\u00easan peyda dike ka \u00e7i diqewime daney\u00ean weya kesane dema ku h\u00fbn serdana v\u00ea malper\u00ea dikin. Daney\u00ean kesane her daneyek e ku dikare were bikar an\u00een da ku h\u00fbn kesane nas bikin. Agahiy\u00ean berfireh \u00ean li ser mijara parastina daneyan dikarin di danezana me ya parastina daney\u00ea de ku li j\u00ear v\u00ea niv\u00ees\u00ea hat\u00ee navn\u00ee\u015f kirin de werin d\u00eetin.<\/p>\n<h3>Komkirina daneyan li ser v\u00ea malper\u00ea<\/h3>\n<h4>K\u00ee ji berhevkirina daneyan li ser v\u00ea malper\u00ea berpirsiyar e?<\/h4>\n<p>Daney\u00ean li ser v\u00ea malper\u00ea ji h\u00eala operator\u00ea malper\u00ea ve t\u00eane kirin. H\u00fbn dikarin h\u00fbrguliy\u00ean t\u00eakiliya wan di be\u015fa &#8220;T\u00eab\u00een\u00ee li ser la\u015f\u00ea berpirsiyar&#8221; di v\u00ea danezana parastina daney\u00ea de bib\u00eenin.<\/p>\n<h4>Em \u00e7awa daney\u00ean we berhev dikin?<\/h4>\n<p>Ji aliyek\u00ee ve dema ku h\u00fbn ji me re peyda dikin daney\u00ean we t\u00eane berhev kirin. Ev dikare bibe m\u00eenak. Ev dibe ku, wek nim\u00fbne, daney\u00ean ku h\u00fbn t\u00eakevin forma t\u00eakiliy\u00ea.<\/p>\n<p>Daney\u00ean din ji h\u00eala pergal\u00ean me y\u00ean IT ve bixweber an bi raz\u00eeb\u00fbna we t\u00eane berhev kirin dema ku h\u00fbn serdana malper\u00ea dikin. Ev di ser\u00ee de daney\u00ean tekn\u00eek\u00ee ye (m\u00eenak geroka \u00eenternet\u00ea, pergala xebitandin\u00ea an dema gih\u00ee\u015ftina r\u00fbpel\u00ea). Dema ku h\u00fbn t\u00eakevin v\u00ea malper\u00ea ev dane bixweber t\u00eane berhev kirin.<\/p>\n<h4>Em daney\u00ean we ji bo \u00e7i bikar t\u00eenin?<\/h4>\n<p>Hin dane t\u00eane berhev kirin da ku p\u00ea ewle bibin ku malper b\u00ea xelet\u00ee t\u00eate peyda kirin. Daney\u00ean din dikarin ji bo anal\u00eezkirina tevgera bikarh\u00eaner\u00ea we werin bikar an\u00een.<\/p>\n<h4>Di derbar\u00ea daney\u00ean we de \u00e7i maf\u00ean we hene?<\/h4>\n<p>Maf\u00ea we heye ku h\u00fbn di her k\u00ealiy\u00ea de agahdariya b\u00eapere li ser esl\u00ea xwe, wergir \u00fb armanca daney\u00ean xwe y\u00ean kesane y\u00ean hilan\u00een bist\u00eenin. Her weha maf\u00ea we heye ku h\u00fbn daxwaza rastkirin an j\u00eabirina van daneyan bikin. Ger we raz\u00eeb\u00fbna xwe ji bo hilberandina daneyan daye, h\u00fbn dikarin di p\u00ea\u015feroj\u00ea de her dem v\u00ea raz\u00eeb\u00fbn\u00ea betal bikin. Her weha maf\u00ea we heye ku h\u00fbn daxwaz bikin ku di hin mercan de hilan\u00eena daney\u00ean weya kesane were s\u00eenordar kirin. Her weha maf\u00ea we heye ku h\u00fbn giliy\u00ea saziya \u00e7avd\u00eariy\u00ea ya berpirsiyar bikin.<\/p>\n<p>H\u00fbn dikarin di her k\u00ealiy\u00ea de li ser v\u00ea yek\u00ea bi me re t\u00eakil\u00ee daynin an j\u00ee heke pirs\u00ean we y\u00ean din di derbar\u00ea parastina daney\u00ea de hebin.<\/p>\n<h2>2. M\u00eavandar\u00eekirin<\/h2>\n<h3>Hem\u00ee tevlihev<\/h3>\n<p>Em malpera xwe li All-Inkl m\u00eavandar dikin. P\u00ea\u015fk\u00ea\u015fkar ALL-INKL.COM e &#8211; Neue Medien M\u00fcnnich, xwedan. Ren\u00e9 M\u00fcnnich, Hauptstra\u00dfe 68, 02742 Friedersdorf (ji vir \u015f\u00fbnde All-Inclusive). Agahdar\u00ee di pol\u00eet\u00eekaya nepen\u00eetiy\u00ea ya All-Inkl de t\u00eane d\u00eetin: <a href=\"https:\/\/all-inkl.com\/datenschutzinformationen\/\" target=\"_blank\" rel=\"noopener noreferrer\">https:\/\/all-inkl.com\/datenschutzinformation\/<\/a> .<\/p>\n<p>Bikaran\u00eena All-Inclusive li ser bingeha Art 6 Para. 1 l\u00eetre. f GDPR. Berjewendiya me ya rewa heye ku em p\u00ea ewle bibin ku malpera me bi qas\u00ee ku p\u00eakan p\u00eabawer were p\u00ea\u015fk\u00ea\u015f kirin. Ger raz\u00eeb\u00fbna guncan hatibe xwestin, p\u00eavajo bi taybet\u00ee li ser bingeha Huner\u00ea 6 p\u00eak t\u00ea. 1 l\u00eetre. a GDPR \u00fb Be\u015fa 25 Para. 1 TDDDG, bi qas\u00ee ku raz\u00eeb\u00fbn di nav wateya TDDDG de hilan\u00eena cookie-yan an gih\u00ee\u015ftina agahdariya li ser c\u00eehaza dawiya bikarh\u00eaner (m\u00eenak tiliya c\u00eehaz\u00ea) vedihew\u00eene. Di her k\u00ealiy\u00ea de raz\u00eeb\u00fbn dikare were betal kirin.<\/p>\n<h4>P\u00eavajoya ferman\u00ea<\/h4>\n<p>Me bi p\u00ea\u015fk\u00ea\u015fkar\u00ea jor\u00een re peymanek p\u00eavajoyek ferman\u00ea (AVV) p\u00eak aniye. Ev peymanek e ku ji h\u00eala qan\u00fbna parastina daney\u00ea ve t\u00ea xwestin ku pi\u015ftrast dike ku em ten\u00ea daney\u00ean kesane y\u00ean m\u00eavan\u00ean malpera xwe li gor\u00ee r\u00eawerz\u00ean me \u00fb li gor\u00ee GDPR p\u00eavajoy\u00ea dikin.<\/p>\n<h2>3. Agahdariya gelemper\u00ee \u00fb agahdariya mecb\u00fbr\u00ee<\/h2>\n<h3>parastina daneyan<\/h3>\n<p>Operator\u00ean van malperan parastina daney\u00ean weya kesane pir cidd\u00ee digirin. Em daney\u00ean weya kesane bi nepen\u00ee \u00fb li gor\u00ee r\u00eazik\u00ean qan\u00fbn\u00ee y\u00ean parastina daneyan \u00fb v\u00ea danezana parastina daney\u00ea digirin dest.<\/p>\n<p>Dema ku h\u00fbn v\u00ea malper\u00ea bikar t\u00eenin, daney\u00ean kesane y\u00ean cih\u00eareng t\u00eane berhev kirin. Daney\u00ean kesane daney\u00ean ku dikarin bikar b\u00eenin ku h\u00fbn kesane nas bikin. Ev danezana parastina daney\u00ea diyar dike ka em \u00e7i daneyan berhev dikin \u00fb ji bo \u00e7i bikar t\u00eenin. Her weha diyar dike ku ev yek \u00e7awa \u00fb ji bo \u00e7i dibe.<\/p>\n<p>Em dixwazin destn\u00ee\u015fan bikin ku veguheztina daney\u00ea li ser \u00centernet\u00ea (m\u00eenak dema ku bi e-namey\u00ea ve t\u00ea ragihandin) dikare k\u00eamasiy\u00ean ewlehiy\u00ea hebe. Parastina b\u00eak\u00eamas\u00ee ya daneyan ji gih\u00ee\u015ftina aliy\u00ean s\u00eayem\u00een ne gengaz e.<\/p>\n<h3>T\u00eab\u00een\u00ee li ser la\u015f\u00ea berpirsiyar<\/h3>\n<p>Dezgeha berpirsiyar ji bo dan\u00fbstandina daney\u00ean li ser v\u00ea malper\u00ea ev e:<\/p>\n<p>Marlena Plutecki, Isabelle Pfeiffer, Suna Cataldegrimen &amp; Thomas Reimann wDomu &#8211; Xizmeta hem\u015f\u00eere ya we GbR<br \/>\n Hevkar\u00ean dest\u00fbrdar: Suna Cataldegrimen &amp; Thomas Reimann<br \/>\n Feldstrasse 51<br \/>\n 51381 Leverkusen 02171 79498-0<br \/>\n Email: mail@wdomu.de<\/p>\n<p>La\u015f\u00ea berpirsiyar ew kes\u00ea xwezay\u00ee an qan\u00fbn\u00ee ye ku bi ten\u00ea an bi hev re bi kes\u00ean din re biryar\u00ea li ser armanc \u00fb r\u00eagez\u00ean hilan\u00eena daney\u00ean kesane dide (m\u00eenak nav, navn\u00ee\u015fan\u00ean e-name, hwd.).<\/p>\n<h3>Dema hilan\u00een\u00ea<\/h3>\n<p>Heya ku di v\u00ea danezana parastina daney\u00ea de heyamek hilan\u00een\u00ea ya taybet\u00ee ney\u00ea destn\u00ee\u015fan kirin, daney\u00ean weya kesane d\u00ea bi me re bim\u00eenin heya ku mebesta ji bo hilan\u00eena daney\u00ea \u00ead\u00ee derbas nebe. Ger h\u00fbn ji bo j\u00eabirin\u00ea daxwazek rewa bikin an raz\u00eeb\u00fbna xwe ya ji bo hilan\u00eena daney\u00ea betal bikin, daney\u00ean we d\u00ea werin j\u00eabirin heya ku sedem\u00ean me y\u00ean qan\u00fbn\u00ee y\u00ean dest\u00fbrdar ji bo hilan\u00eena daney\u00ean weya kesane nebin (m\u00eenak dem\u00ean ragirtin\u00ea y\u00ean bac an qan\u00fbn\u00ean bazirgan\u00ee); Di rew\u015fa pa\u015f\u00een de, j\u00eabirin pi\u015ft\u00ee ku van sedeman nema derbas dibin p\u00eak t\u00ea.<\/p>\n<h3>Agahdariya gelemper\u00ee li ser bingeha qan\u00fbn\u00ee ya ji bo dan\u00fbstandina daney\u00ean li ser v\u00ea malper\u00ea<\/h3>\n<p>Ger we raz\u00eeb\u00fbna ji bo p\u00eavajoykirina daney\u00ea daye, em \u00ea daney\u00ean weya kesane li ser bingeha Huner\u00ea 6 bi\u015fop\u00eenin. 1 l\u00eetre. a GDPR an Art 9 Para. 2 l\u00eetre. a GDPR, bi \u015fert\u00ea ku kategoriy\u00ean daney\u00ean taybet\u00ee li gor\u00ee Art 9 Para. 1 GDPR t\u00eane p\u00eavajoy\u00ea kirin. Di b\u00fbyera raz\u00eeb\u00fbna e\u015fkere ya veguheztina daney\u00ean kesane ji bo welat\u00ean s\u00eayem\u00een de, p\u00eavajoykirina daney\u00ea j\u00ee li ser bingeha Huner\u00ea 49 p\u00eak t\u00ea. 1 l\u00eetre. GDPR. Ger we raz\u00eeb\u00fbna hilan\u00eena cookie-yan an gih\u00ee\u015ftina agahdariya li ser c\u00eehaza xwe da (m\u00eenak bi riya tiliya c\u00eehaz\u00ea), p\u00eavajokirina daney\u00ea j\u00ee d\u00ea li ser bingeha Paragrafa 25-an p\u00eak were. 1 TDDDG. Di her k\u00ealiy\u00ea de raz\u00eeb\u00fbn dikare were betal kirin. Ger daney\u00ean we ji bo bicihan\u00eena peyman\u00ea an ji bo p\u00eakan\u00eena tedb\u00eer\u00ean p\u00ea\u015f-peyman hewce ne, em daney\u00ean we li ser bingeha Hunera 6-\u00ea p\u00eavajoy\u00ea dikin. 1 l\u00eetre. b GDPR. Wek\u00ee din, heke hewce be ku li ser bingeha Hunera 6-an, berpirsiyariyek qan\u00fbn\u00ee bic\u00eeh b\u00eene, em daney\u00ean we p\u00eavajoy\u00ea dikin. 1 l\u00eetre. c GDPR. P\u00eavajoya daney\u00ea j\u00ee li gor\u00ee berjewendiya me ya rewa li gor\u00ee Art 6-\u00ea dikare were kirin. 1 l\u00eetre. f GDPR. Agahdariya li ser bingeh\u00ean qan\u00fbn\u00ee y\u00ean t\u00eakildar di her dozek kesane de di paragraf\u00ean j\u00ear\u00een \u00ean v\u00ea danezana parastina daney\u00ea de t\u00eane peyda kirin.<\/p>\n<h3>Betalkirina raz\u00eeb\u00fbna we ya ji bo hilberandina daney\u00ea<\/h3>\n<p>Gelek operasyon\u00ean hilberandina daney\u00ea ten\u00ea bi raz\u00eeb\u00fbna weya e\u015fkere gengaz in. H\u00fbn dikarin her wext\u00ea raz\u00eeb\u00fbna ku we ber\u00ea daye betal bikin. Rewab\u00fbna p\u00eavajoya daney\u00ea ya ku heya betalkirin\u00ea hat\u00ee kirin, ji betalkirin\u00ea b\u00eabandor dim\u00eene.<\/p>\n<h3>Maf\u00ea \u00eetirazkirina berhevkirina daneyan di rew\u015f\u00ean taybet\u00ee de \u00fb reklamkirina rasterast (Xan. 21 GDPR)<\/h3>\n<p>EGER DAN\u00caN DAN\u00ca LI SER HUNERE B\u00ca. 6 ABS. 1 LITER. E AN F GDPR, MAF\u00ca TE HEYE LI HER DEM\u00ca JI SEDEM\u00caN KU JI REW\u015eA XWE RE TAYBET RE BIKIN LI DIJ\u00ce P\u00caVAJONA DANEY\u00caN XWE YA KESAY\u00ce BIKIN; EV JI BO PROFIL\u00caN LI SER VAN \u015eERDAN DIKIR. BINGEH\u00caN qan\u00fbn\u00ee y\u00ean PARASTINA KU P\u00caVAJONIK LI SER BIN\u00c7E DIKE DI V\u00ca POL\u00ceT\u00ceKAYA PARASTINA DAN\u00ca DE BIKE. HEKE TU LI DIJIN, EM \u00ca \u00caD\u00ce DANEY\u00caN WE YA \u015eEXAN\u00ce NEQEB\u00ceNIN HETA KU EM NIKARINE SEDEM\u00caN KOMPLEX JI BO P\u00caVAJOY\u00caN KU LI BER Berjewendiy\u00ean we, MAF \u00db NASNAMEYA AZAD\u00ce AN JI P\u00ca\u015eANDINA XWE DIBIN\u00ceNIN JI DERDAN\u00caN HQ\u00dbQ\u00ce (\u00ceT\u00ceR\u00ceYA LI SER MAD\u00ca 21 (1) GDPR).<\/p>\n<p>EGER DAN\u00caN WE Y\u00caN \u015eEXAN\u00ce JI BO ARMANCA REKLAM\u00caN DIREKT HEB\u00dbN, MAF\u00ca TE LI HER DEM\u00ca HER DEM\u00ca LI BER DAW\u00ce LI BER XWE BIDIN BIKIN LI BER P\u00caVAJOYA DANEY\u00caN \u015eEXIST\u00ce KU TE DERKET E BI ARMANCA REKLAM\u00caN WIHA; EV J\u00ce JI BO PROFIL\u00caN HETA KU BI REKLAM\u00caN WIHA DIREWEST T\u00ca GIR\u00caD\u00ce DE JI BO. EGER H\u00dbN \u00eet\u00eeraz bikin, DAN\u00caN WE YA \u015eEXAN\u00ce \u00caD\u00ce JI BO ARMANCA REKLAM\u00ca DIREKT\u00ce NE BIKARAN\u00ceNIN (\u00ceT\u00ceR LI SER XALA 21 (2) GDPR).<\/p>\n<h3>Maf\u00ea giliy\u00ea li cem dezgeha \u00e7avd\u00eariy\u00ea ya berpirsiyar<\/h3>\n<p>Di b\u00fbyera binp\u00eakirina GDPR de, kes\u00ean ku bandor b\u00fbne xwed\u00ee maf in ku giliy\u00ea saziyek \u00e7avd\u00eariy\u00ea bikin, nemaze li dewleta endam ku r\u00fbni\u015ftina wan a adet\u00ee, c\u00eeh\u00ea xebata wan an c\u00eeh\u00ea binp\u00eakirina \u00eed\u00eeakir\u00ee ye. Maf\u00ea giliy\u00ea giliy\u00ea b\u00eay\u00ee tedb\u00eer\u00ean din \u00ean \u00eedar\u00ee an dadwer\u00ee heye.<\/p>\n<h3>Maf\u00ea veguhestina daney\u00ea<\/h3>\n<p>Maf\u00ea we heye ku h\u00fbn daney\u00ean ku em bixweber li ser bingeha raz\u00eeb\u00fbna we an li gor\u00ee bic\u00eehan\u00eena gir\u00eabestek ku bi rengek hevpar, ku ji h\u00eala mak\u00eeney\u00ea ve t\u00ea xwendin radest\u00ee we an ji aliyek s\u00eayem\u00een re hat\u00ee desteser kirin hebin. Ger h\u00fbn daxwaz bikin ku dane rasterast ji berpirsiyarek din re werin veguheztin, ev \u00ea ten\u00ea heke ji h\u00eala tekn\u00eek\u00ee ve gengaz be.<\/p>\n<h3>\u015e\u00eefrekirina SSL an TLS<\/h3>\n<p>Ev malper ji ber sedem\u00ean ewlehiy\u00ea \u00fb ji bo parastina veguheztina naveroka nepen\u00ee, wek\u00ee ferman an l\u00eapirs\u00een\u00ean ku h\u00fbn wek\u00ee operator\u00ea malper\u00ea ji me re di\u015f\u00eenin, \u015f\u00eefrekirina SSL an TLS bikar t\u00eene. H\u00fbn dikarin p\u00eawendiyek \u015f\u00eefrekir\u00ee bi r\u00eazika navn\u00ee\u015fana geroka ku ji &#8220;http:<\/p>\n<p>Ger \u015f\u00eefrekirina SSL an TLS were \u00e7alak kirin, daney\u00ean ku h\u00fbn ji me re di\u015f\u00eenin ji h\u00eala aliy\u00ean s\u00eayem\u00een ve nay\u00ean xwendin.<\/p>\n<h3>Agahdar\u00ee, j\u00eabirin \u00fb rastkirin<\/h3>\n<p>Di \u00e7ar\u00e7oveya hukm\u00ean qan\u00fbn\u00ee y\u00ean derbasdar de, maf\u00ea we heye ku h\u00fbn her dem di derheq\u00ea daney\u00ean kesane y\u00ean xweya hilan\u00een, esl\u00ea w\u00ea \u00fb wergir\u00ea w\u00ea \u00fb mebesta hilan\u00eena daney\u00ea de agahdar\u00ee azad bikin \u00fb, heke p\u00eaw\u00eest be, maf\u00ea rastkirin an j\u00eabirina van daneyan heye. H\u00fbn dikarin di her k\u00ealiy\u00ea de li ser v\u00ea yek\u00ea bi me re t\u00eakil\u00ee daynin an heke pirs\u00ean we y\u00ean din li ser mijara daney\u00ean kesane hebin.<\/p>\n<h3>Maf\u00ea s\u00eenordarkirina p\u00eavajoy\u00ea<\/h3>\n<p>Maf\u00ea we heye ku h\u00fbn daxwaz bikin ku p\u00eavajokirina daney\u00ean weya kesane were s\u00eenordar kirin. H\u00fbn dikarin li ser v\u00ea yek\u00ea her dem bi me re t\u00eakil\u00ee daynin. Maf\u00ea s\u00eenordarkirina p\u00eavajoy\u00ea di rew\u015f\u00ean j\u00ear\u00een de heye:<\/p>\n<ul>\n<li>Ger h\u00fbn rastb\u00fbna daney\u00ean kesane y\u00ean ku em di derheq\u00ea we de digirin nakok\u00ee bikin, bi gelemper\u00ee ji bo verastkirina v\u00ea yek\u00ea ji me re dem hewce ye. Ji bo dema vekol\u00een\u00ea, maf\u00ea we heye ku h\u00fbn daxwaz bikin ku p\u00eavajokirina daney\u00ean weya kesane were s\u00eenordar kirin.<\/li>\n<li>Ger p\u00eavajokirina daney\u00ean weya kesane bi rengek\u00ee neqan\u00fbn\u00ee p\u00eak hat\/diqewime, h\u00fbn dikarin daxwaz bikin ku li \u015f\u00fbna j\u00eabirin\u00ea hilberandina daneyan were s\u00eenordar kirin.<\/li>\n<li>Ger em \u00ead\u00ee ne hewcey\u00ee daney\u00ean wey\u00ean kesane ne, l\u00ea ji we re hewce ye ku h\u00fbn bikar b\u00eenin, parastin an \u00eed\u00eeay\u00ean qan\u00fbn\u00ee bikin, maf\u00ea we heye ku h\u00fbn daxwaz bikin ku li \u015f\u00fbna j\u00eabirin\u00ea hilan\u00eena daney\u00ean weya kesane were s\u00eenordar kirin.<\/li>\n<li>Ger h\u00fbn li gor\u00ee bend\u00ea 21\u00ea \u00eet\u00eeraz\u00ea bikin. 1 GDPR, div\u00ea hevsengiyek di navbera berjewendiy\u00ean we \u00fb y\u00ean me de were \u00e7\u00eakirin. Heya ku h\u00een ne diyar e ku berjewend\u00eey\u00ean k\u00ea serdest in, maf\u00ea we heye ku h\u00fbn daxwaz bikin ku hilan\u00eena daney\u00ean weya kesane were s\u00eenordar kirin.<\/li>\n<\/ul>\n<p>Ger we hilberandina daney\u00ean xwey\u00ean kesane s\u00eenordar kiribe, ev dane &#8211; ji xeyn\u00ee hilan\u00eena w\u00ea &#8211; dikare ten\u00ea bi raz\u00eeb\u00fbna we were bikar an\u00een an ji bo \u00eed\u00eeakirin, xebitandin an parastina \u00eediay\u00ean qan\u00fbn\u00ee an j\u00ee ji bo parastina maf\u00ean kesek din \u00ean xwezay\u00ee an qan\u00fbn\u00ee an ji ber sedem\u00ean berjewendiya gi\u015ft\u00ee ya gir\u00eeng a Yek\u00eetiya Ewrop\u00ee an welatek endam.<\/p>\n<h2>4. Komkirina daneyan li ser v\u00ea malper\u00ea<\/h2>\n<h3>forma t\u00eakiliy\u00ea<\/h3>\n<p>Ger h\u00fbn bi karan\u00eena forma p\u00eawendiy\u00ea l\u00eapirs\u00eenan ji me re bi\u015f\u00eenin, h\u00fbrguliy\u00ean we y\u00ean ji forma l\u00eapirs\u00een\u00ea, tev\u00ee h\u00fbrguliy\u00ean t\u00eakiliy\u00ea ku we li wir peyda kirine, d\u00ea ji h\u00eala me ve werin hilan\u00een da ku l\u00eapirs\u00een\u00ea bi\u015fop\u00eenin \u00fb di rew\u015f\u00ean \u015fopandin\u00ea de. Em \u00ea b\u00eay\u00ee dest\u00fbra we van daneyan derbas nekin.<\/p>\n<p>Ev dane li ser bingeha Huner\u00ea 6 Para. 1 l\u00eetre. b GDPR, heke daxwaza we bi p\u00eakan\u00eena peymanek ve gir\u00eaday\u00ee ye an j\u00ee ji bo p\u00eakan\u00eena tedb\u00eer\u00ean p\u00ea\u015f-peyman\u00ea hewce ye. Di hem\u00ee rew\u015f\u00ean din de, p\u00eavajo li ser bingeha berjewendiya me ya rewa ye ku di p\u00eavajoyek bi bandor a l\u00eapirs\u00een\u00ean ku ji me re hatine \u015fandin (Xend. 6 Para. 1 l\u00eet. f GDPR) an j\u00ee li ser raz\u00eeb\u00fbna we (Benda 6 Para. 1 l\u00eet. a GDPR ) heke ev hat pirs\u00een; raz\u00eeb\u00fbn dikare her dem were betal kirin.<\/p>\n<p>Daney\u00ean ku h\u00fbn di forma p\u00eawendiy\u00ea de diniv\u00eesin d\u00ea bi me re bim\u00eenin heya ku h\u00fbn ji me daxwaz bikin ku em wan j\u00eabikin, raz\u00eeb\u00fbna we ya hilan\u00een\u00ea betal nekin an j\u00ee mebesta hilan\u00eena daney\u00ea \u00ead\u00ee derbas nebe (m\u00eenak pi\u015ft\u00ee ku daxwaza we hate hilan\u00een). Hikm\u00ean qan\u00fbn\u00ee y\u00ean mecb\u00fbr\u00ee &#8211; bi taybet\u00ee serdem\u00ean ragirtin\u00ea &#8211; b\u00eabandor dim\u00eenin.<\/p>\n<h3>L\u00eapirs\u00een bi e-name, t\u00ealefon an faks\u00ea<\/h3>\n<p>Ger h\u00fbn bi e-name, t\u00ealefon an faks\u00ea bi me re t\u00eakil\u00ee daynin, daxwaza we, tev\u00ee hem\u00ee daney\u00ean kesane y\u00ean encam (nav, daxwaz), d\u00ea ji h\u00eala me ve were hilan\u00een \u00fb ji bo mebesta p\u00eakan\u00eena daxwaza we were hilan\u00een. Em \u00ea b\u00eay\u00ee dest\u00fbra we van daneyan derbas nekin.<\/p>\n<p>Ev dane li ser bingeha Huner\u00ea 6 Para. 1 l\u00eetre. b GDPR, heke daxwaza we bi p\u00eakan\u00eena peymanek ve gir\u00eaday\u00ee ye an j\u00ee ji bo p\u00eakan\u00eena tedb\u00eer\u00ean p\u00ea\u015f-peyman\u00ea hewce ye. Di hem\u00ee rew\u015f\u00ean din de, p\u00eavajo li ser bingeha berjewendiya me ya rewa ye ku di p\u00eavajoyek bi bandor a l\u00eapirs\u00een\u00ean ku ji me re hatine \u015fandin (Xend. 6 Para. 1 l\u00eet. f GDPR) an j\u00ee li ser raz\u00eeb\u00fbna we (Benda 6 Para. 1 l\u00eet. a GDPR ) heke ev hat pirs\u00een; raz\u00eeb\u00fbn dikare her dem were betal kirin.<\/p>\n<p>Daney\u00ean ku h\u00fbn bi navg\u00eeniya daxwaz\u00ean p\u00eawendiy\u00ea ji me re di\u015f\u00eenin d\u00ea bi me re bim\u00eene heya ku h\u00fbn ji me daxwaz bikin ku em wan j\u00eabirin, raz\u00eeb\u00fbna xwe ya hilan\u00een\u00ea betal nekin an j\u00ee mebesta hilan\u00eena daney\u00ea nema derbas dibe (m\u00eenak pi\u015ft\u00ee ku daxwaza we hate hilan\u00een). Hikm\u00ean qan\u00fbn\u00ee y\u00ean mecb\u00fbr\u00ee &#8211; bi taybet\u00ee dem\u00ean ragirtin\u00ea y\u00ean qan\u00fbn\u00ee &#8211; b\u00eabandor dim\u00eenin.<\/p>\n<\/div>\n<\/div>\n<\/div>\n<\/div>\n<\/div>\n<\/div>\n<\/div>\n<\/section>\n<\/div>\n<\/div><\/div><\/div><\/div><\/div>\n","protected":false},"excerpt":{"rendered":"","protected":false},"author":1,"featured_media":0,"parent":0,"menu_order":0,"comment_status":"closed","ping_status":"closed","template":"","meta":{"inline_featured_image":false,"footnotes":""},"class_list":["post-4471","page","type-page","status-publish","hentry"],"_links":{"self":[{"href":"https:\/\/pflegedienst-wdomu.de\/ku\/wp-json\/wp\/v2\/pages\/4471","targetHints":{"allow":["GET"]}}],"collection":[{"href":"https:\/\/pflegedienst-wdomu.de\/ku\/wp-json\/wp\/v2\/pages"}],"about":[{"href":"https:\/\/pflegedienst-wdomu.de\/ku\/wp-json\/wp\/v2\/types\/page"}],"author":[{"embeddable":true,"href":"https:\/\/pflegedienst-wdomu.de\/ku\/wp-json\/wp\/v2\/users\/1"}],"replies":[{"embeddable":true,"href":"https:\/\/pflegedienst-wdomu.de\/ku\/wp-json\/wp\/v2\/comments?post=4471"}],"version-history":[{"count":10,"href":"https:\/\/pflegedienst-wdomu.de\/ku\/wp-json\/wp\/v2\/pages\/4471\/revisions"}],"predecessor-version":[{"id":5345,"href":"https:\/\/pflegedienst-wdomu.de\/ku\/wp-json\/wp\/v2\/pages\/4471\/revisions\/5345"}],"wp:attachment":[{"href":"https:\/\/pflegedienst-wdomu.de\/ku\/wp-json\/wp\/v2\/media?parent=4471"}],"curies":[{"name":"wp","href":"https:\/\/api.w.org\/{rel}","templated":true}]}}