{"id":3585,"date":"2024-05-14T10:00:50","date_gmt":"2024-05-14T08:00:50","guid":{"rendered":"https:\/\/pflegedienst-domu.de\/opieka-lecznicza\/"},"modified":"2024-05-29T13:16:24","modified_gmt":"2024-05-29T11:16:24","slug":"opieka-lecznicza","status":"publish","type":"page","link":"https:\/\/pflegedienst-wdomu.de\/pl\/opieka-lecznicza\/","title":{"rendered":"Opieka lecznicza"},"content":{"rendered":"<p><div class=\"fusion-fullwidth fullwidth-box fusion-builder-row-1 fusion-flex-container has-pattern-background has-mask-background nonhundred-percent-fullwidth non-hundred-percent-height-scrolling\" style=\"--awb-border-radius-top-left:0px;--awb-border-radius-top-right:0px;--awb-border-radius-bottom-right:0px;--awb-border-radius-bottom-left:0px;--awb-padding-bottom:30px;--awb-flex-wrap:wrap;\" ><div class=\"fusion-builder-row fusion-row fusion-flex-align-items-flex-start fusion-flex-content-wrap\" style=\"max-width:1497.6px;margin-left: calc(-4% \/ 2 );margin-right: calc(-4% \/ 2 );\"><div class=\"fusion-layout-column fusion_builder_column fusion-builder-column-0 fusion_builder_column_1_1 1_1 fusion-flex-column\" style=\"--awb-bg-size:cover;--awb-width-large:100%;--awb-margin-top-large:0px;--awb-spacing-right-large:1.92%;--awb-margin-bottom-large:20px;--awb-spacing-left-large:1.92%;--awb-width-medium:100%;--awb-order-medium:0;--awb-spacing-right-medium:1.92%;--awb-spacing-left-medium:1.92%;--awb-width-small:100%;--awb-order-small:0;--awb-spacing-right-small:1.92%;--awb-spacing-left-small:1.92%;\"><div class=\"fusion-column-wrapper fusion-column-has-shadow fusion-flex-justify-content-flex-start fusion-content-layout-column\"><div class=\"fusion-text fusion-text-1\"><h1>Opieka lecznicza SGB V<\/h1>\n<h2>Co to jest opieka terapeutyczna<\/h2>\n<p>Opieka terapeutyczna to opieka medyczna i piel\u0119gniarska \u015bwiadczona przez wykwalifikowany personel piel\u0119gniarski w ramach opieki domowej. W ramach profesjonalnej opieki ambulatoryjnej wDomu \u015bwiadczy wszystkie us\u0142ugi medyczne zalecone przez lekarza prowadz\u0105cego, np. lekarza rodzinnego lub specjalist\u0119. Obejmuje to na przyk\u0142ad podawanie lek\u00f3w, piel\u0119gnacj\u0119 ran lub pomiar poziomu cukru we krwi. Nawet je\u015bli pacjent by\u0142 na przyk\u0142ad hospitalizowany i nie jest ju\u017c w stanie chodzi\u0107 do lekarza na regularne zmiany opatrunku z powodu operacji i zwi\u0105zanego z ni\u0105 ograniczenia ruch\u00f3w, zmienimy przepisany opatrunek w domu. A je\u015bli potrzebujesz opieki d\u0142ugoterminowej, jako us\u0142uga opieki ambulatoryjnej przejmiemy opiek\u0119 i przyjedziemy do Twojego domu. Jako us\u0142uga zorientowana na us\u0142ugi, oferujemy r\u00f3wnie\u017c 24-godzinny dy\u017cur.<\/p>\n<h2>Opieka lecznicza wDomu<\/h2>\n<p>wDomu to us\u0142ugi piel\u0119gniarskie w zakresie leczenia ambulatoryjnego w Leverkusen i okolicach. Z nami otrzymujesz ludzk\u0105 opiek\u0119 i profesjonaln\u0105 wiedz\u0119, na kt\u00f3rej mo\u017cesz polega\u0107. Pomagamy uzyska\u0107 najlepsz\u0105 mo\u017cliw\u0105 opiek\u0119 medyczn\u0105 w domu dzi\u0119ki wyszkolonemu personelowi piel\u0119gniarskiemu i niezawodno\u015bci.<\/p>\n<h2>Nasze us\u0142ugi<\/h2>\n<ul>\n<li>Piel\u0119gnacja ran i opatrunki<\/li>\n<li>Wstrzykni\u0119cie podsk\u00f3rne<\/li>\n<li>Podawanie lek\u00f3w<\/li>\n<li>Sprawdzanie parametr\u00f3w \u017cyciowych, takich jak ci\u015bnienie krwi i poziom cukru we krwi.<\/li>\n<li>Zak\u0142adanie i zdejmowanie po\u0144czoch uciskowych<\/li>\n<\/ul>\n<h2>Dobrze wiedzie\u0107<\/h2>\n<p>Pomagamy w ubieganiu si\u0119 o pomoc lub jej organizacji. W celu uzyskania dalszych us\u0142ug zwi\u0105zanych z opiek\u0105 medyczn\u0105 w domu, prosimy o <a href=\"https:\/\/pflegedienst-wdomu.de\/de\/kontakt\/\">kontakt<\/a> lub <a href=\"https:\/\/pflegedienst-wdomu.de\/de\/beratung\/\">niezobowi\u0105zuj\u0105ce porady<\/a>!<\/p>\n<\/div><\/div><\/div><\/div><\/div><div class=\"fusion-fullwidth fullwidth-box fusion-builder-row-2 fusion-flex-container has-pattern-background has-mask-background hundred-percent-fullwidth non-hundred-percent-height-scrolling\" style=\"--awb-border-radius-top-left:0px;--awb-border-radius-top-right:0px;--awb-border-radius-bottom-right:0px;--awb-border-radius-bottom-left:0px;--awb-padding-top:30px;--awb-padding-bottom:0px;--awb-margin-top:0px;--awb-margin-bottom:0px;--awb-background-color:var(--awb-custom_color_2);--awb-flex-wrap:wrap;\" ><div class=\"fusion-builder-row fusion-row fusion-flex-align-items-center fusion-flex-justify-content-center fusion-flex-content-wrap\" style=\"width:104% !important;max-width:104% !important;margin-left: calc(-4% \/ 2 );margin-right: calc(-4% \/ 2 );\"><div class=\"fusion-layout-column fusion_builder_column fusion-builder-column-1 fusion_builder_column_1_1 1_1 fusion-flex-column\" style=\"--awb-bg-size:cover;--awb-width-large:100%;--awb-margin-top-large:0px;--awb-spacing-right-large:1.92%;--awb-margin-bottom-large:20px;--awb-spacing-left-large:1.92%;--awb-width-medium:100%;--awb-order-medium:0;--awb-spacing-right-medium:1.92%;--awb-spacing-left-medium:1.92%;--awb-width-small:100%;--awb-order-small:0;--awb-spacing-right-small:1.92%;--awb-spacing-left-small:1.92%;\" data-scroll-devices=\"small-visibility,medium-visibility,large-visibility\"><div class=\"fusion-column-wrapper fusion-column-has-shadow fusion-flex-justify-content-flex-start fusion-content-layout-column\"><div class=\"fusion-text fusion-text-2\"><h1 style=\"text-align: center;\">3 kroki do podstawowej opieki ambulatoryjnej w Leverkusen<\/h1>\n<h2 style=\"text-align: center;\">Wydobywamy to, co najlepsze z Twojego bud\u017cetu dla Twoich potrzeb.<\/h2>\n<p style=\"text-align: center;\">W zale\u017cno\u015bci od poziomu opieki, masz prawo do pewnych \u015bwiadcze\u0144 rzeczowych i zasi\u0142ku opieku\u0144czego z funduszu ubezpiecze\u0144 opieku\u0144czych, z kt\u00f3rych niekt\u00f3re mo\u017cna r\u00f3wnie\u017c \u0142\u0105czy\u0107. wDomu przywi\u0105zuje du\u017c\u0105 wag\u0119 do udzielania uczciwych i kompetentnych porad przed nagraniem. Post\u0119pujemy w 3 krokach:<\/p>\n<\/div><\/div><\/div><div class=\"fusion-layout-column fusion_builder_column fusion-builder-column-2 fusion_builder_column_1_3 1_3 fusion-flex-column fusion-flex-align-self-flex-start\" style=\"--awb-bg-size:cover;--awb-width-large:33.3333333333%;--awb-margin-top-large:0px;--awb-spacing-right-large:5.76%;--awb-margin-bottom-large:20px;--awb-spacing-left-large:5.76%;--awb-width-medium:33.3333333333%;--awb-order-medium:0;--awb-spacing-right-medium:5.76%;--awb-spacing-left-medium:5.76%;--awb-width-small:100%;--awb-order-small:0;--awb-spacing-right-small:1.92%;--awb-spacing-left-small:1.92%;\" data-scroll-devices=\"small-visibility,medium-visibility,large-visibility\"><div class=\"fusion-column-wrapper fusion-column-has-shadow fusion-flex-justify-content-flex-start fusion-content-layout-column\"><div class=\"fusion-text fusion-text-3\"><h2>1 Nawi\u0105zanie kontaktu<\/h2>\n<p>Z niecierpliwo\u015bci\u0105 czekamy na <a href=\"https:\/\/pflegedienst-wdomu.de\/de\/kontakt\/\">kontakt<\/a>, aby niezobowi\u0105zuj\u0105co om\u00f3wi\u0107 Twoj\u0105 sytuacj\u0119 i pomys\u0142y. Um\u00f3wimy si\u0119 na wst\u0119pn\u0105 <a href=\"https:\/\/pflegedienst-wdomu.de\/de\/beratung\/\">konsultacj\u0119<\/a> w Twoim domu.<\/p>\n<\/div><\/div><\/div><div class=\"fusion-layout-column fusion_builder_column fusion-builder-column-3 fusion_builder_column_1_3 1_3 fusion-flex-column fusion-flex-align-self-flex-start\" style=\"--awb-bg-size:cover;--awb-width-large:33.3333333333%;--awb-margin-top-large:0px;--awb-spacing-right-large:5.76%;--awb-margin-bottom-large:20px;--awb-spacing-left-large:5.76%;--awb-width-medium:33.3333333333%;--awb-order-medium:0;--awb-spacing-right-medium:5.76%;--awb-spacing-left-medium:5.76%;--awb-width-small:100%;--awb-order-small:0;--awb-spacing-right-small:1.92%;--awb-spacing-left-small:1.92%;\" data-scroll-devices=\"small-visibility,medium-visibility,large-visibility\"><div class=\"fusion-column-wrapper fusion-column-has-shadow fusion-flex-justify-content-flex-start fusion-content-layout-column\"><div class=\"fusion-text fusion-text-4\"><h2>2 Wizyta na miejscu<\/h2>\n<p>Chcemy w pe\u0142ni zrozumie\u0107 i oceni\u0107 Twoj\u0105 sytuacj\u0119. Podczas wst\u0119pnej konsultacji odwiedzamy Ci\u0119 w domu i zapoznajemy si\u0119 z Twoj\u0105 sytuacj\u0105, stanem zdrowia i wszystkimi istotnymi okoliczno\u015bciami.<\/p>\n<\/div><\/div><\/div><div class=\"fusion-layout-column fusion_builder_column fusion-builder-column-4 fusion_builder_column_1_3 1_3 fusion-flex-column fusion-flex-align-self-flex-start\" style=\"--awb-bg-size:cover;--awb-width-large:33.3333333333%;--awb-margin-top-large:0px;--awb-spacing-right-large:5.76%;--awb-margin-bottom-large:20px;--awb-spacing-left-large:5.76%;--awb-width-medium:33.3333333333%;--awb-order-medium:0;--awb-spacing-right-medium:5.76%;--awb-spacing-left-medium:5.76%;--awb-width-small:100%;--awb-order-small:0;--awb-spacing-right-small:1.92%;--awb-spacing-left-small:1.92%;\" data-scroll-devices=\"small-visibility,medium-visibility,large-visibility\"><div class=\"fusion-column-wrapper fusion-column-has-shadow fusion-flex-justify-content-flex-start fusion-content-layout-column\"><div class=\"fusion-text fusion-text-5\"><h2>3 Spersonalizowana oferta<\/h2>\n<p>Uzyskamy profesjonalny obraz Twoich wymaga\u0144 i \u017cycze\u0144. W ten spos\u00f3b ustalamy najlepsz\u0105 ofert\u0119 dla ka\u017cdego indywidualnego przypadku i wyja\u015bniamy mo\u017cliwe koszty. Pasujemy do siebie? Nast\u0119pnie rozpoczynamy podstawow\u0105 opiek\u0119 tak szybko, jak to mo\u017cliwe.<\/p>\n<\/div><\/div><\/div><\/div><\/div><\/p>\n","protected":false},"excerpt":{"rendered":"","protected":false},"author":1,"featured_media":0,"parent":0,"menu_order":0,"comment_status":"closed","ping_status":"closed","template":"100-width.php","meta":{"inline_featured_image":false,"footnotes":""},"class_list":["post-3585","page","type-page","status-publish","hentry"],"_links":{"self":[{"href":"https:\/\/pflegedienst-wdomu.de\/pl\/wp-json\/wp\/v2\/pages\/3585","targetHints":{"allow":["GET"]}}],"collection":[{"href":"https:\/\/pflegedienst-wdomu.de\/pl\/wp-json\/wp\/v2\/pages"}],"about":[{"href":"https:\/\/pflegedienst-wdomu.de\/pl\/wp-json\/wp\/v2\/types\/page"}],"author":[{"embeddable":true,"href":"https:\/\/pflegedienst-wdomu.de\/pl\/wp-json\/wp\/v2\/users\/1"}],"replies":[{"embeddable":true,"href":"https:\/\/pflegedienst-wdomu.de\/pl\/wp-json\/wp\/v2\/comments?post=3585"}],"version-history":[{"count":10,"href":"https:\/\/pflegedienst-wdomu.de\/pl\/wp-json\/wp\/v2\/pages\/3585\/revisions"}],"predecessor-version":[{"id":4709,"href":"https:\/\/pflegedienst-wdomu.de\/pl\/wp-json\/wp\/v2\/pages\/3585\/revisions\/4709"}],"wp:attachment":[{"href":"https:\/\/pflegedienst-wdomu.de\/pl\/wp-json\/wp\/v2\/media?parent=3585"}],"curies":[{"name":"wp","href":"https:\/\/api.w.org\/{rel}","templated":true}]}}