{"id":3591,"date":"2024-05-14T10:01:09","date_gmt":"2024-05-14T08:01:09","guid":{"rendered":"https:\/\/pflegedienst-domu.de\/podstawowa-opieka\/"},"modified":"2024-05-29T13:22:03","modified_gmt":"2024-05-29T11:22:03","slug":"podstawowa-opieka","status":"publish","type":"page","link":"https:\/\/pflegedienst-wdomu.de\/pl\/podstawowa-opieka\/","title":{"rendered":"Podstawowa opieka"},"content":{"rendered":"<p><div class=\"fusion-fullwidth fullwidth-box fusion-builder-row-1 fusion-flex-container has-pattern-background has-mask-background nonhundred-percent-fullwidth non-hundred-percent-height-scrolling\" style=\"--awb-border-radius-top-left:0px;--awb-border-radius-top-right:0px;--awb-border-radius-bottom-right:0px;--awb-border-radius-bottom-left:0px;--awb-padding-bottom:30px;--awb-flex-wrap:wrap;\" ><div class=\"fusion-builder-row fusion-row fusion-flex-align-items-flex-start fusion-flex-content-wrap\" style=\"max-width:1497.6px;margin-left: calc(-4% \/ 2 );margin-right: calc(-4% \/ 2 );\"><div class=\"fusion-layout-column fusion_builder_column fusion-builder-column-0 fusion_builder_column_1_1 1_1 fusion-flex-column\" style=\"--awb-bg-size:cover;--awb-width-large:100%;--awb-margin-top-large:0px;--awb-spacing-right-large:1.92%;--awb-margin-bottom-large:0px;--awb-spacing-left-large:1.92%;--awb-width-medium:100%;--awb-spacing-right-medium:1.92%;--awb-spacing-left-medium:1.92%;--awb-width-small:100%;--awb-spacing-right-small:1.92%;--awb-spacing-left-small:1.92%;\"><div class=\"fusion-column-wrapper fusion-flex-justify-content-flex-start fusion-content-layout-column\"><div class=\"fusion-text fusion-text-1\"><h1 class=\"header \">Podstawowa opieka SGB XI<\/h1>\n<h2>Czym jest podstawowa opieka?<\/h2>\n<p class=\"header \">Opieka podstawowa lub &#8222;opieka bezpo\u015brednia&#8221; to opieka piel\u0119gniarska nad osob\u0105, kt\u00f3ra nie jest ju\u017c w stanie samodzielnie wykonywa\u0107 codziennych, powtarzaj\u0105cych si\u0119 podstawowych czynno\u015bci &#8211; takich jak higiena osobista, przygotowywanie posi\u0142k\u00f3w, ubieranie si\u0119 lub wychodzenie z domu. Nie ma znaczenia, czy potrzeba opieki jest tymczasowa czy sta\u0142a.<\/p>\n<div class=\"rte-content ce-bodytext\">\n<p class=\"western\">Osoby, kt\u00f3rych to dotyczy, potrzebuj\u0105 wsparcia w \u017cyciu codziennym ze strony opiekuna rodzinnego, us\u0142ug opieku\u0144czych lub odpowiedniego opiekuna. Kluczowe jest, aby opiekun wspiera\u0142 osob\u0119 wymagaj\u0105c\u0105 opieki w radzeniu sobie ze wszystkim samodzielnie, na ile to mo\u017cliwe. Celem podstawowej opieki jest utrzymanie niezale\u017cno\u015bci osoby wymagaj\u0105cej opieki tak d\u0142ugo, jak to mo\u017cliwe.<\/p>\n<h2>Podstawowa opieka wDomu<\/h2>\n<p>Czy to z powodu wieku, czy choroby &#8211; gdy sprawno\u015b\u0107 fizyczna i psychiczna spada, proste rzeczy, takie jak higiena osobista, jedzenie czy \u0107wiczenia, staj\u0105 si\u0119 przeszkodami nie do pokonania. Ka\u017cdy ma prawo do zaspokojenia tych podstawowych potrzeb i godnego \u017cycia codziennego.<\/p>\n<p>wDomu to us\u0142uga opieki w zakresie podstawowej opieki ambulatoryjnej w Leverkusen i okolicach. Z nami otrzymujesz ludzk\u0105 opiek\u0119 i profesjonaln\u0105 wiedz\u0119, na kt\u00f3rej mo\u017cesz polega\u0107. Wsp\u00f3\u0142pracujemy z Tob\u0105, aby przygotowa\u0107 spersonalizowany pakiet us\u0142ug. Skontaktuj si\u0119 z nami i um\u00f3w si\u0119 na niezobowi\u0105zuj\u0105ce spotkanie wprowadzaj\u0105ce!<\/p>\n<h2>Nasze us\u0142ugi<\/h2>\n<ul>\n<li>Higiena osobista i opieka nad osobami nietrzymaj\u0105cymi moczu<\/li>\n<li>\u0141\u00f3\u017cka i wsparcie przy pozycjonowaniu<\/li>\n<li>\u015arodki profilaktyczne<\/li>\n<li>Aktywacja i mobilizacja<\/li>\n<li>Przyjmowanie pokarmu i karmienie przez zg\u0142\u0119bnik<\/li>\n<li>Opieka profilaktyczna (SGB XI \u00a7 39)<\/li>\n<li>Opieka piel\u0119gniarska po operacjach ambulatoryjnych<\/li>\n<\/ul>\n<h2>Dobrze wiedzie\u0107<\/h2>\n<p>Podstawowe us\u0142ugi opieki s\u0105 w r\u00f3\u017cnym stopniu obj\u0119te ubezpieczeniem opieki d\u0142ugoterminowej, gdy tylko dost\u0119pny jest stopie\u0144 opieki.<\/p>\n<\/div>\n<\/div><\/div><\/div><\/div><\/div><div class=\"fusion-fullwidth fullwidth-box fusion-builder-row-2 fusion-flex-container has-pattern-background has-mask-background hundred-percent-fullwidth non-hundred-percent-height-scrolling\" style=\"--awb-border-radius-top-left:0px;--awb-border-radius-top-right:0px;--awb-border-radius-bottom-right:0px;--awb-border-radius-bottom-left:0px;--awb-padding-top:30px;--awb-padding-bottom:0px;--awb-margin-top:0px;--awb-margin-bottom:0px;--awb-background-color:var(--awb-custom_color_2);--awb-flex-wrap:wrap;\" ><div class=\"fusion-builder-row fusion-row fusion-flex-align-items-center fusion-flex-justify-content-center fusion-flex-content-wrap\" style=\"width:104% !important;max-width:104% !important;margin-left: calc(-4% \/ 2 );margin-right: calc(-4% \/ 2 );\"><div class=\"fusion-layout-column fusion_builder_column fusion-builder-column-1 fusion_builder_column_1_1 1_1 fusion-flex-column\" style=\"--awb-bg-size:cover;--awb-width-large:100%;--awb-margin-top-large:0px;--awb-spacing-right-large:1.92%;--awb-margin-bottom-large:20px;--awb-spacing-left-large:1.92%;--awb-width-medium:100%;--awb-order-medium:0;--awb-spacing-right-medium:1.92%;--awb-spacing-left-medium:1.92%;--awb-width-small:100%;--awb-order-small:0;--awb-spacing-right-small:1.92%;--awb-spacing-left-small:1.92%;\" data-scroll-devices=\"small-visibility,medium-visibility,large-visibility\"><div class=\"fusion-column-wrapper fusion-column-has-shadow fusion-flex-justify-content-flex-start fusion-content-layout-column\"><div class=\"fusion-text fusion-text-2\"><h1 style=\"text-align: center;\">3 kroki do podstawowej opieki ambulatoryjnej w Leverkusen<\/h1>\n<h2 style=\"text-align: center;\">Wydobywamy to, co najlepsze z Twojego bud\u017cetu dla Twoich potrzeb.<\/h2>\n<p style=\"text-align: center;\">W zale\u017cno\u015bci od poziomu opieki, masz prawo do pewnych \u015bwiadcze\u0144 rzeczowych i zasi\u0142ku opieku\u0144czego z funduszu ubezpiecze\u0144 opieku\u0144czych, z kt\u00f3rych niekt\u00f3re mo\u017cna r\u00f3wnie\u017c \u0142\u0105czy\u0107. wDomu przywi\u0105zuje du\u017c\u0105 wag\u0119 do udzielania uczciwych i kompetentnych porad przed nagraniem. Post\u0119pujemy w 3 krokach:<\/p>\n<\/div><\/div><\/div><div class=\"fusion-layout-column fusion_builder_column fusion-builder-column-2 fusion_builder_column_1_3 1_3 fusion-flex-column fusion-flex-align-self-flex-start\" style=\"--awb-bg-size:cover;--awb-width-large:33.3333333333%;--awb-margin-top-large:0px;--awb-spacing-right-large:5.76%;--awb-margin-bottom-large:20px;--awb-spacing-left-large:5.76%;--awb-width-medium:33.3333333333%;--awb-order-medium:0;--awb-spacing-right-medium:5.76%;--awb-spacing-left-medium:5.76%;--awb-width-small:100%;--awb-order-small:0;--awb-spacing-right-small:1.92%;--awb-spacing-left-small:1.92%;\" data-scroll-devices=\"small-visibility,medium-visibility,large-visibility\"><div class=\"fusion-column-wrapper fusion-column-has-shadow fusion-flex-justify-content-flex-start fusion-content-layout-column\"><div class=\"fusion-text fusion-text-3\"><h2>1 Nawi\u0105zanie kontaktu<\/h2>\n<p>Z niecierpliwo\u015bci\u0105 czekamy na <a href=\"https:\/\/pflegedienst-wdomu.de\/de\/kontakt\/\">kontakt<\/a>, aby niezobowi\u0105zuj\u0105co om\u00f3wi\u0107 Twoj\u0105 sytuacj\u0119 i pomys\u0142y. Um\u00f3wimy si\u0119 na wst\u0119pn\u0105 <a href=\"https:\/\/pflegedienst-wdomu.de\/de\/beratung\/\">konsultacj\u0119<\/a> w Twoim domu.<\/p>\n<\/div><\/div><\/div><div class=\"fusion-layout-column fusion_builder_column fusion-builder-column-3 fusion_builder_column_1_3 1_3 fusion-flex-column fusion-flex-align-self-flex-start\" style=\"--awb-bg-size:cover;--awb-width-large:33.3333333333%;--awb-margin-top-large:0px;--awb-spacing-right-large:5.76%;--awb-margin-bottom-large:20px;--awb-spacing-left-large:5.76%;--awb-width-medium:33.3333333333%;--awb-order-medium:0;--awb-spacing-right-medium:5.76%;--awb-spacing-left-medium:5.76%;--awb-width-small:100%;--awb-order-small:0;--awb-spacing-right-small:1.92%;--awb-spacing-left-small:1.92%;\" data-scroll-devices=\"small-visibility,medium-visibility,large-visibility\"><div class=\"fusion-column-wrapper fusion-column-has-shadow fusion-flex-justify-content-flex-start fusion-content-layout-column\"><div class=\"fusion-text fusion-text-4\"><h2>2 Wizyta na miejscu<\/h2>\n<p>Chcemy w pe\u0142ni zrozumie\u0107 i oceni\u0107 Twoj\u0105 sytuacj\u0119. Podczas wst\u0119pnej konsultacji odwiedzamy Ci\u0119 w domu i zapoznajemy si\u0119 z Twoj\u0105 sytuacj\u0105, stanem zdrowia i wszystkimi istotnymi okoliczno\u015bciami.<\/p>\n<\/div><\/div><\/div><div class=\"fusion-layout-column fusion_builder_column fusion-builder-column-4 fusion_builder_column_1_3 1_3 fusion-flex-column fusion-flex-align-self-flex-start\" style=\"--awb-bg-size:cover;--awb-width-large:33.3333333333%;--awb-margin-top-large:0px;--awb-spacing-right-large:5.76%;--awb-margin-bottom-large:20px;--awb-spacing-left-large:5.76%;--awb-width-medium:33.3333333333%;--awb-order-medium:0;--awb-spacing-right-medium:5.76%;--awb-spacing-left-medium:5.76%;--awb-width-small:100%;--awb-order-small:0;--awb-spacing-right-small:1.92%;--awb-spacing-left-small:1.92%;\" data-scroll-devices=\"small-visibility,medium-visibility,large-visibility\"><div class=\"fusion-column-wrapper fusion-column-has-shadow fusion-flex-justify-content-flex-start fusion-content-layout-column\"><div class=\"fusion-text fusion-text-5\"><h2>3 Spersonalizowana oferta<\/h2>\n<p>Uzyskamy profesjonalny obraz Twoich wymaga\u0144 i \u017cycze\u0144. W ten spos\u00f3b ustalamy najlepsz\u0105 ofert\u0119 dla ka\u017cdego indywidualnego przypadku i wyja\u015bniamy mo\u017cliwe koszty. Pasujemy do siebie? Nast\u0119pnie rozpoczynamy podstawow\u0105 opiek\u0119 tak szybko, jak to mo\u017cliwe.<\/p>\n<\/div><\/div><\/div><\/div><\/div><\/p>\n","protected":false},"excerpt":{"rendered":"","protected":false},"author":1,"featured_media":0,"parent":0,"menu_order":0,"comment_status":"closed","ping_status":"closed","template":"100-width.php","meta":{"inline_featured_image":false,"footnotes":""},"class_list":["post-3591","page","type-page","status-publish","hentry"],"_links":{"self":[{"href":"https:\/\/pflegedienst-wdomu.de\/pl\/wp-json\/wp\/v2\/pages\/3591","targetHints":{"allow":["GET"]}}],"collection":[{"href":"https:\/\/pflegedienst-wdomu.de\/pl\/wp-json\/wp\/v2\/pages"}],"about":[{"href":"https:\/\/pflegedienst-wdomu.de\/pl\/wp-json\/wp\/v2\/types\/page"}],"author":[{"embeddable":true,"href":"https:\/\/pflegedienst-wdomu.de\/pl\/wp-json\/wp\/v2\/users\/1"}],"replies":[{"embeddable":true,"href":"https:\/\/pflegedienst-wdomu.de\/pl\/wp-json\/wp\/v2\/comments?post=3591"}],"version-history":[{"count":10,"href":"https:\/\/pflegedienst-wdomu.de\/pl\/wp-json\/wp\/v2\/pages\/3591\/revisions"}],"predecessor-version":[{"id":4819,"href":"https:\/\/pflegedienst-wdomu.de\/pl\/wp-json\/wp\/v2\/pages\/3591\/revisions\/4819"}],"wp:attachment":[{"href":"https:\/\/pflegedienst-wdomu.de\/pl\/wp-json\/wp\/v2\/media?parent=3591"}],"curies":[{"name":"wp","href":"https:\/\/api.w.org\/{rel}","templated":true}]}}