{"id":3595,"date":"2024-05-14T10:01:27","date_gmt":"2024-05-14T08:01:27","guid":{"rendered":"https:\/\/pflegedienst-domu.de\/opieka-profilaktyczna\/"},"modified":"2024-05-29T13:23:18","modified_gmt":"2024-05-29T11:23:18","slug":"opieka-profilaktyczna","status":"publish","type":"page","link":"https:\/\/pflegedienst-wdomu.de\/pl\/opieka-profilaktyczna\/","title":{"rendered":"Opieka profilaktyczna"},"content":{"rendered":"<p><div class=\"fusion-fullwidth fullwidth-box fusion-builder-row-1 fusion-flex-container has-pattern-background has-mask-background nonhundred-percent-fullwidth non-hundred-percent-height-scrolling\" style=\"--awb-border-radius-top-left:0px;--awb-border-radius-top-right:0px;--awb-border-radius-bottom-right:0px;--awb-border-radius-bottom-left:0px;--awb-padding-bottom:30px;--awb-flex-wrap:wrap;\" ><div class=\"fusion-builder-row fusion-row fusion-flex-align-items-flex-start fusion-flex-content-wrap\" style=\"max-width:1497.6px;margin-left: calc(-4% \/ 2 );margin-right: calc(-4% \/ 2 );\"><div class=\"fusion-layout-column fusion_builder_column fusion-builder-column-0 fusion_builder_column_1_1 1_1 fusion-flex-column\" style=\"--awb-bg-size:cover;--awb-width-large:100%;--awb-margin-top-large:0px;--awb-spacing-right-large:1.92%;--awb-margin-bottom-large:0px;--awb-spacing-left-large:1.92%;--awb-width-medium:100%;--awb-spacing-right-medium:1.92%;--awb-spacing-left-medium:1.92%;--awb-width-small:100%;--awb-spacing-right-small:1.92%;--awb-spacing-left-small:1.92%;\"><div class=\"fusion-column-wrapper fusion-flex-justify-content-flex-start fusion-content-layout-column\"><div class=\"fusion-text fusion-text-1\"><h1>Opieka profilaktyczna SGB XI<\/h1>\n<p>Ka\u017cda osoba opiekuj\u0105ca si\u0119 krewnym ma dy\u017cur przez ca\u0142\u0105 dob\u0119. I bez wzgl\u0119du na to, jak bardzo lubisz to wa\u017cne i odpowiedzialne zadanie, w pewnym momencie potrzebujesz przerwy. Czy to dlatego, \u017ce sam jeste\u015b chory, masz wa\u017cne spotkanie lub chcesz cieszy\u0107 si\u0119 d\u0142ugo oczekiwanymi wakacjami.<\/p>\n<h2>Czym jest opieka zast\u0119pcza<\/h2>\n<p>Opieka profilaktyczna &#8211; znana r\u00f3wnie\u017c jako opieka zast\u0119pcza &#8211; jest zatem odpowiednikiem urlopu lub zast\u0119pstwa chorobowego dla opieki domowej.<\/p>\n<h2>Nasze us\u0142ugi<\/h2>\n<p>Wykonujemy wszystkie niezb\u0119dne czynno\u015bci zwi\u0105zane z opiek\u0105, ale tak\u017ce prawie wszystkie inne \u017cyczenia, takie jak<\/p>\n<ul>\n<li>Cotygodniowy trening fizyczny<\/li>\n<li>Kr\u00f3tkie wizyty i spacery<\/li>\n<li>\u0106wiczenia oparte na terapiach<\/li>\n<\/ul>\n<h2>Dobrze wiedzie\u0107<\/h2>\n<p>Warunkiem wst\u0119pnym opieki zast\u0119pczej jest udowodnienie, \u017ce opiekowa\u0142e\u015b si\u0119 osob\u0105 wymagaj\u0105c\u0105 opieki w domu przez co najmniej 6 miesi\u0119cy (co najmniej 10 godzin tygodniowo) i otrzymywa\u0142e\u015b z tego tytu\u0142u zasi\u0142ek opieku\u0144czy. Osoba wymagaj\u0105ca opieki musi mie\u0107 co najmniej poziom opieki 2. Mo\u017cesz ubiega\u0107 si\u0119 o maksymalnie 6 tygodni &#8211; tj. 42 dni &#8211; opieki zast\u0119pczej rocznie.<\/p>\n<\/div><\/div><\/div><\/div><\/div><div class=\"fusion-fullwidth fullwidth-box fusion-builder-row-2 fusion-flex-container has-pattern-background has-mask-background hundred-percent-fullwidth non-hundred-percent-height-scrolling\" style=\"--awb-border-radius-top-left:0px;--awb-border-radius-top-right:0px;--awb-border-radius-bottom-right:0px;--awb-border-radius-bottom-left:0px;--awb-padding-top:30px;--awb-padding-bottom:0px;--awb-margin-top:0px;--awb-margin-bottom:0px;--awb-background-color:var(--awb-custom_color_2);--awb-flex-wrap:wrap;\" ><div class=\"fusion-builder-row fusion-row fusion-flex-align-items-center fusion-flex-justify-content-center fusion-flex-content-wrap\" style=\"width:104% !important;max-width:104% !important;margin-left: calc(-4% \/ 2 );margin-right: calc(-4% \/ 2 );\"><div class=\"fusion-layout-column fusion_builder_column fusion-builder-column-1 fusion_builder_column_1_1 1_1 fusion-flex-column\" style=\"--awb-bg-size:cover;--awb-width-large:100%;--awb-margin-top-large:0px;--awb-spacing-right-large:1.92%;--awb-margin-bottom-large:20px;--awb-spacing-left-large:1.92%;--awb-width-medium:100%;--awb-order-medium:0;--awb-spacing-right-medium:1.92%;--awb-spacing-left-medium:1.92%;--awb-width-small:100%;--awb-order-small:0;--awb-spacing-right-small:1.92%;--awb-spacing-left-small:1.92%;\" data-scroll-devices=\"small-visibility,medium-visibility,large-visibility\"><div class=\"fusion-column-wrapper fusion-column-has-shadow fusion-flex-justify-content-flex-start fusion-content-layout-column\"><div class=\"fusion-text fusion-text-2\"><h1 style=\"text-align: center;\">3 kroki do podstawowej opieki ambulatoryjnej w Leverkusen<\/h1>\n<h2 style=\"text-align: center;\">Wydobywamy to, co najlepsze z Twojego bud\u017cetu dla Twoich potrzeb.<\/h2>\n<p style=\"text-align: center;\">W zale\u017cno\u015bci od poziomu opieki, masz prawo do pewnych \u015bwiadcze\u0144 rzeczowych i zasi\u0142ku opieku\u0144czego z funduszu ubezpiecze\u0144 opieku\u0144czych, z kt\u00f3rych niekt\u00f3re mo\u017cna r\u00f3wnie\u017c \u0142\u0105czy\u0107. wDomu przywi\u0105zuje du\u017c\u0105 wag\u0119 do udzielania uczciwych i kompetentnych porad przed nagraniem. Post\u0119pujemy w 3 krokach:<\/p>\n<\/div><\/div><\/div><div class=\"fusion-layout-column fusion_builder_column fusion-builder-column-2 fusion_builder_column_1_3 1_3 fusion-flex-column fusion-flex-align-self-flex-start\" style=\"--awb-bg-size:cover;--awb-width-large:33.3333333333%;--awb-margin-top-large:0px;--awb-spacing-right-large:5.76%;--awb-margin-bottom-large:20px;--awb-spacing-left-large:5.76%;--awb-width-medium:33.3333333333%;--awb-order-medium:0;--awb-spacing-right-medium:5.76%;--awb-spacing-left-medium:5.76%;--awb-width-small:100%;--awb-order-small:0;--awb-spacing-right-small:1.92%;--awb-spacing-left-small:1.92%;\" data-scroll-devices=\"small-visibility,medium-visibility,large-visibility\"><div class=\"fusion-column-wrapper fusion-column-has-shadow fusion-flex-justify-content-flex-start fusion-content-layout-column\"><div class=\"fusion-text fusion-text-3\"><h2>1 Nawi\u0105zanie kontaktu<\/h2>\n<p>Z niecierpliwo\u015bci\u0105 czekamy na <a href=\"https:\/\/pflegedienst-wdomu.de\/de\/kontakt\/\">kontakt<\/a>, aby niezobowi\u0105zuj\u0105co om\u00f3wi\u0107 Twoj\u0105 sytuacj\u0119 i pomys\u0142y. Um\u00f3wimy si\u0119 na wst\u0119pn\u0105 <a href=\"https:\/\/pflegedienst-wdomu.de\/de\/beratung\/\">konsultacj\u0119<\/a> w Twoim domu.<\/p>\n<\/div><\/div><\/div><div class=\"fusion-layout-column fusion_builder_column fusion-builder-column-3 fusion_builder_column_1_3 1_3 fusion-flex-column fusion-flex-align-self-flex-start\" style=\"--awb-bg-size:cover;--awb-width-large:33.3333333333%;--awb-margin-top-large:0px;--awb-spacing-right-large:5.76%;--awb-margin-bottom-large:20px;--awb-spacing-left-large:5.76%;--awb-width-medium:33.3333333333%;--awb-order-medium:0;--awb-spacing-right-medium:5.76%;--awb-spacing-left-medium:5.76%;--awb-width-small:100%;--awb-order-small:0;--awb-spacing-right-small:1.92%;--awb-spacing-left-small:1.92%;\" data-scroll-devices=\"small-visibility,medium-visibility,large-visibility\"><div class=\"fusion-column-wrapper fusion-column-has-shadow fusion-flex-justify-content-flex-start fusion-content-layout-column\"><div class=\"fusion-text fusion-text-4\"><h2>2 Wizyta na miejscu<\/h2>\n<p>Chcemy w pe\u0142ni zrozumie\u0107 i oceni\u0107 Twoj\u0105 sytuacj\u0119. Podczas wst\u0119pnej konsultacji odwiedzamy Ci\u0119 w domu i zapoznajemy si\u0119 z Twoj\u0105 sytuacj\u0105, stanem zdrowia i wszystkimi istotnymi okoliczno\u015bciami.<\/p>\n<\/div><\/div><\/div><div class=\"fusion-layout-column fusion_builder_column fusion-builder-column-4 fusion_builder_column_1_3 1_3 fusion-flex-column fusion-flex-align-self-flex-start\" style=\"--awb-bg-size:cover;--awb-width-large:33.3333333333%;--awb-margin-top-large:0px;--awb-spacing-right-large:5.76%;--awb-margin-bottom-large:20px;--awb-spacing-left-large:5.76%;--awb-width-medium:33.3333333333%;--awb-order-medium:0;--awb-spacing-right-medium:5.76%;--awb-spacing-left-medium:5.76%;--awb-width-small:100%;--awb-order-small:0;--awb-spacing-right-small:1.92%;--awb-spacing-left-small:1.92%;\" data-scroll-devices=\"small-visibility,medium-visibility,large-visibility\"><div class=\"fusion-column-wrapper fusion-column-has-shadow fusion-flex-justify-content-flex-start fusion-content-layout-column\"><div class=\"fusion-text fusion-text-5\"><h2>3 Spersonalizowana oferta<\/h2>\n<p>Uzyskamy profesjonalny obraz Twoich wymaga\u0144 i \u017cycze\u0144. W ten spos\u00f3b ustalamy najlepsz\u0105 ofert\u0119 dla ka\u017cdego indywidualnego przypadku i wyja\u015bniamy mo\u017cliwe koszty. Pasujemy do siebie? Nast\u0119pnie rozpoczynamy podstawow\u0105 opiek\u0119 tak szybko, jak to mo\u017cliwe.<\/p>\n<\/div><\/div><\/div><\/div><\/div><\/p>\n","protected":false},"excerpt":{"rendered":"","protected":false},"author":1,"featured_media":0,"parent":0,"menu_order":0,"comment_status":"closed","ping_status":"closed","template":"100-width.php","meta":{"inline_featured_image":false,"footnotes":""},"class_list":["post-3595","page","type-page","status-publish","hentry"],"_links":{"self":[{"href":"https:\/\/pflegedienst-wdomu.de\/pl\/wp-json\/wp\/v2\/pages\/3595","targetHints":{"allow":["GET"]}}],"collection":[{"href":"https:\/\/pflegedienst-wdomu.de\/pl\/wp-json\/wp\/v2\/pages"}],"about":[{"href":"https:\/\/pflegedienst-wdomu.de\/pl\/wp-json\/wp\/v2\/types\/page"}],"author":[{"embeddable":true,"href":"https:\/\/pflegedienst-wdomu.de\/pl\/wp-json\/wp\/v2\/users\/1"}],"replies":[{"embeddable":true,"href":"https:\/\/pflegedienst-wdomu.de\/pl\/wp-json\/wp\/v2\/comments?post=3595"}],"version-history":[{"count":10,"href":"https:\/\/pflegedienst-wdomu.de\/pl\/wp-json\/wp\/v2\/pages\/3595\/revisions"}],"predecessor-version":[{"id":4930,"href":"https:\/\/pflegedienst-wdomu.de\/pl\/wp-json\/wp\/v2\/pages\/3595\/revisions\/4930"}],"wp:attachment":[{"href":"https:\/\/pflegedienst-wdomu.de\/pl\/wp-json\/wp\/v2\/media?parent=3595"}],"curies":[{"name":"wp","href":"https:\/\/api.w.org\/{rel}","templated":true}]}}