{"id":3600,"date":"2024-05-14T10:01:41","date_gmt":"2024-05-14T08:01:41","guid":{"rendered":"https:\/\/pflegedienst-domu.de\/doradztwo\/"},"modified":"2024-06-03T13:10:28","modified_gmt":"2024-06-03T11:10:28","slug":"doradztwo","status":"publish","type":"page","link":"https:\/\/pflegedienst-wdomu.de\/pl\/doradztwo\/","title":{"rendered":"Doradztwo"},"content":{"rendered":"<p><div class=\"fusion-fullwidth fullwidth-box fusion-builder-row-1 fusion-flex-container has-pattern-background has-mask-background nonhundred-percent-fullwidth non-hundred-percent-height-scrolling\" style=\"--awb-border-radius-top-left:0px;--awb-border-radius-top-right:0px;--awb-border-radius-bottom-right:0px;--awb-border-radius-bottom-left:0px;--awb-padding-top:20px;--awb-padding-bottom:30px;--awb-flex-wrap:wrap;\" ><div class=\"fusion-builder-row fusion-row fusion-flex-align-items-flex-start fusion-flex-content-wrap\" style=\"max-width:1497.6px;margin-left: calc(-4% \/ 2 );margin-right: calc(-4% \/ 2 );\"><div class=\"fusion-layout-column fusion_builder_column fusion-builder-column-0 fusion_builder_column_1_1 1_1 fusion-flex-column\" style=\"--awb-bg-size:cover;--awb-width-large:100%;--awb-margin-top-large:0px;--awb-spacing-right-large:1.92%;--awb-margin-bottom-large:0px;--awb-spacing-left-large:1.92%;--awb-width-medium:100%;--awb-spacing-right-medium:1.92%;--awb-spacing-left-medium:1.92%;--awb-width-small:100%;--awb-spacing-right-small:1.92%;--awb-spacing-left-small:1.92%;\"><div class=\"fusion-column-wrapper fusion-flex-justify-content-flex-start fusion-content-layout-column\"><div class=\"fusion-text fusion-text-1\"><h1>Doradztwo w zakresie opieki<\/h1>\n<h2>Ka\u017cda sytuacja zwi\u0105zana z opiek\u0105 jest wyj\u0105tkowa. Poniewa\u017c ka\u017cda osoba, ka\u017cda rodzina ma swoj\u0105 w\u0142asn\u0105 histori\u0119.<\/h2>\n<div class=\"element type-section piece full lay-0 only-text\">\n<div class=\"body default\">\n<div class=\"text lead\">\n<div class=\"paragraph artikeltext clearsides\">\n<p>Pojawienie si\u0119 potrzeby opieki cz\u0119sto wi\u0105\u017ce si\u0119 z wieloma pytaniami i problemami. Chcieliby\u015bmy pom\u00f3c ci rzuci\u0107 nieco \u015bwiat\u0142a na sytuacj\u0119 i dlatego oferujemy ci profesjonalne porady od naszych wyszkolonych pracownik\u00f3w. Wystarczy um\u00f3wi\u0107 si\u0119 na wst\u0119pn\u0105 <a href=\"https:\/\/pflegedienst-wdomu.de\/de\/kontakt\/\">konsultacj\u0119<\/a> tutaj, a my z przyjemno\u015bci\u0105 odpowiemy na wszystkie indywidualne pytania dotycz\u0105ce opieki oraz ubezpieczenia zdrowotnego i opieki d\u0142ugoterminowej.<\/p>\n<h2>Nasze us\u0142ugi<\/h2>\n<ul>\n<li>Wizyty doradcze (SGB XI \u00a7 37 ust. 3 i \u00a7 45 ustawy o ubezpieczeniu piel\u0119gnacyjnym)<\/li>\n<li>Indywidualne korzystanie ze \u015bwiadcze\u0144 zatwierdzonych przez fundusz ubezpiecze\u0144 zdrowotnych lub opieku\u0144czych (40 EUR miesi\u0119cznie sta\u0142ej dotacji na pomoce opieku\u0144cze, dotacje na \u015brodki konwersji itp.)<\/li>\n<li>Przygotowanie do wizyty MD<\/li>\n<li>Doradztwo w \u017ca\u0142obie, koordynacja profesjonalnej pomocy<\/li>\n<li>Niezale\u017cne \u017cycie, spo\u0142eczno\u015bci emeryt\u00f3w<\/li>\n<li>Wsparcie i koordynacja w zakresie wynajmu pomocy opieku\u0144czych<\/li>\n<li>Techniki podnoszenia i przenoszenia<\/li>\n<li>Piel\u0119gnacja sk\u00f3ry i ran<\/li>\n<li>\u015arodki bezpiecze\u0144stwa<\/li>\n<li>Od\u017cywianie w trudnych warunkach<\/li>\n<li>Korzystanie z dalszych us\u0142ug wsparcia<\/li>\n<\/ul>\n<h2>Dla kogo jest obowi\u0105zkowe doradztwo SGB XI \u00a7 37, ust. 3 konieczne?<\/h2>\n<p>W przypadku ubezpieczonych z poziomem opieki 1 doradztwo w zakresie opieki jest dobrowolne, ale nadal zalecane, poniewa\u017c wniosek o wy\u017cszy poziom mo\u017cna z\u0142o\u017cy\u0107, je\u015bli przedstawi si\u0119 dow\u00f3d obowi\u0105zkowego doradztwa. Obowi\u0105zkowe doradztwo w zakresie opieki jest obowi\u0105zkowe dla ka\u017cdego z ubezpieczeniem opieki d\u0142ugoterminowej od poziomu opieki 2 i musi odbywa\u0107 si\u0119 co sze\u015b\u0107 miesi\u0119cy. W przypadku ubezpieczonych ze stopniem opieki 4 i 5 obowi\u0105zkowe doradztwo musi by\u0107 przeprowadzane raz na kwarta\u0142.<\/p>\n<p>Obowi\u0105zkowe poradnictwo nie jest obowi\u0105zkowe, je\u015bli us\u0142uga opieki jest aktywna i nie jest konieczna w okresie, w kt\u00f3rym osoba przebywa w szpitalu lub na rehabilitacji.<\/p>\n<\/div>\n<\/div>\n<\/div>\n<\/div>\n<\/div><\/div><\/div><\/div><\/div><div class=\"fusion-fullwidth fullwidth-box fusion-builder-row-2 fusion-flex-container has-pattern-background has-mask-background hundred-percent-fullwidth non-hundred-percent-height-scrolling\" style=\"--awb-border-radius-top-left:0px;--awb-border-radius-top-right:0px;--awb-border-radius-bottom-right:0px;--awb-border-radius-bottom-left:0px;--awb-padding-top:30px;--awb-padding-bottom:0px;--awb-margin-top:0px;--awb-margin-bottom:0px;--awb-background-color:var(--awb-custom_color_2);--awb-flex-wrap:wrap;\" ><div class=\"fusion-builder-row fusion-row fusion-flex-align-items-center fusion-flex-justify-content-center fusion-flex-content-wrap\" style=\"width:104% !important;max-width:104% !important;margin-left: calc(-4% \/ 2 );margin-right: calc(-4% \/ 2 );\"><div class=\"fusion-layout-column fusion_builder_column fusion-builder-column-1 fusion_builder_column_1_1 1_1 fusion-flex-column\" style=\"--awb-bg-size:cover;--awb-width-large:100%;--awb-margin-top-large:0px;--awb-spacing-right-large:1.92%;--awb-margin-bottom-large:20px;--awb-spacing-left-large:1.92%;--awb-width-medium:100%;--awb-order-medium:0;--awb-spacing-right-medium:1.92%;--awb-spacing-left-medium:1.92%;--awb-width-small:100%;--awb-order-small:0;--awb-spacing-right-small:1.92%;--awb-spacing-left-small:1.92%;\" data-scroll-devices=\"small-visibility,medium-visibility,large-visibility\"><div class=\"fusion-column-wrapper fusion-column-has-shadow fusion-flex-justify-content-flex-start fusion-content-layout-column\"><div class=\"fusion-text fusion-text-2\"><h1 style=\"text-align: center;\">3 kroki do podstawowej opieki ambulatoryjnej w Leverkusen<\/h1>\n<h2 style=\"text-align: center;\">Wydobywamy to, co najlepsze z Twojego bud\u017cetu dla Twoich potrzeb.<\/h2>\n<p style=\"text-align: center;\">W zale\u017cno\u015bci od poziomu opieki, masz prawo do pewnych \u015bwiadcze\u0144 rzeczowych i zasi\u0142ku opieku\u0144czego z funduszu ubezpiecze\u0144 opieku\u0144czych, z kt\u00f3rych niekt\u00f3re mo\u017cna r\u00f3wnie\u017c \u0142\u0105czy\u0107. wDomu przywi\u0105zuje du\u017c\u0105 wag\u0119 do udzielania uczciwych i kompetentnych porad przed nagraniem. Post\u0119pujemy w 3 krokach:<\/p>\n<\/div><\/div><\/div><div class=\"fusion-layout-column fusion_builder_column fusion-builder-column-2 fusion_builder_column_1_3 1_3 fusion-flex-column fusion-flex-align-self-flex-start\" style=\"--awb-bg-size:cover;--awb-width-large:33.3333333333%;--awb-margin-top-large:0px;--awb-spacing-right-large:5.76%;--awb-margin-bottom-large:20px;--awb-spacing-left-large:5.76%;--awb-width-medium:33.3333333333%;--awb-order-medium:0;--awb-spacing-right-medium:5.76%;--awb-spacing-left-medium:5.76%;--awb-width-small:100%;--awb-order-small:0;--awb-spacing-right-small:1.92%;--awb-spacing-left-small:1.92%;\" data-scroll-devices=\"small-visibility,medium-visibility,large-visibility\"><div class=\"fusion-column-wrapper fusion-column-has-shadow fusion-flex-justify-content-flex-start fusion-content-layout-column\"><div class=\"fusion-text fusion-text-3\"><h2>1 Nawi\u0105zanie kontaktu<\/h2>\n<p>Z niecierpliwo\u015bci\u0105 czekamy na <a href=\"https:\/\/pflegedienst-wdomu.de\/de\/kontakt\/\">kontakt<\/a>, aby niezobowi\u0105zuj\u0105co om\u00f3wi\u0107 Twoj\u0105 sytuacj\u0119 i pomys\u0142y. Um\u00f3wimy si\u0119 na wst\u0119pn\u0105 <a href=\"https:\/\/pflegedienst-wdomu.de\/de\/beratung\/\">konsultacj\u0119<\/a> w Twoim domu.<\/p>\n<\/div><\/div><\/div><div class=\"fusion-layout-column fusion_builder_column fusion-builder-column-3 fusion_builder_column_1_3 1_3 fusion-flex-column fusion-flex-align-self-flex-start\" style=\"--awb-bg-size:cover;--awb-width-large:33.3333333333%;--awb-margin-top-large:0px;--awb-spacing-right-large:5.76%;--awb-margin-bottom-large:20px;--awb-spacing-left-large:5.76%;--awb-width-medium:33.3333333333%;--awb-order-medium:0;--awb-spacing-right-medium:5.76%;--awb-spacing-left-medium:5.76%;--awb-width-small:100%;--awb-order-small:0;--awb-spacing-right-small:1.92%;--awb-spacing-left-small:1.92%;\" data-scroll-devices=\"small-visibility,medium-visibility,large-visibility\"><div class=\"fusion-column-wrapper fusion-column-has-shadow fusion-flex-justify-content-flex-start fusion-content-layout-column\"><div class=\"fusion-text fusion-text-4\"><h2>2 Wizyta na miejscu<\/h2>\n<p>Chcemy w pe\u0142ni zrozumie\u0107 i oceni\u0107 Twoj\u0105 sytuacj\u0119. Podczas wst\u0119pnej konsultacji odwiedzamy Ci\u0119 w domu i zapoznajemy si\u0119 z Twoj\u0105 sytuacj\u0105, stanem zdrowia i wszystkimi istotnymi okoliczno\u015bciami.<\/p>\n<\/div><\/div><\/div><div class=\"fusion-layout-column fusion_builder_column fusion-builder-column-4 fusion_builder_column_1_3 1_3 fusion-flex-column fusion-flex-align-self-flex-start\" style=\"--awb-bg-size:cover;--awb-width-large:33.3333333333%;--awb-margin-top-large:0px;--awb-spacing-right-large:5.76%;--awb-margin-bottom-large:20px;--awb-spacing-left-large:5.76%;--awb-width-medium:33.3333333333%;--awb-order-medium:0;--awb-spacing-right-medium:5.76%;--awb-spacing-left-medium:5.76%;--awb-width-small:100%;--awb-order-small:0;--awb-spacing-right-small:1.92%;--awb-spacing-left-small:1.92%;\" data-scroll-devices=\"small-visibility,medium-visibility,large-visibility\"><div class=\"fusion-column-wrapper fusion-column-has-shadow fusion-flex-justify-content-flex-start fusion-content-layout-column\"><div class=\"fusion-text fusion-text-5\"><h2>3 Spersonalizowana oferta<\/h2>\n<p>Uzyskamy profesjonalny obraz Twoich wymaga\u0144 i \u017cycze\u0144. W ten spos\u00f3b ustalamy najlepsz\u0105 ofert\u0119 dla ka\u017cdego indywidualnego przypadku i wyja\u015bniamy mo\u017cliwe koszty. Pasujemy do siebie? Nast\u0119pnie rozpoczynamy podstawow\u0105 opiek\u0119 tak szybko, jak to mo\u017cliwe.<\/p>\n<\/div><\/div><\/div><\/div><\/div><\/p>\n","protected":false},"excerpt":{"rendered":"","protected":false},"author":1,"featured_media":0,"parent":0,"menu_order":0,"comment_status":"closed","ping_status":"closed","template":"100-width.php","meta":{"inline_featured_image":false,"footnotes":""},"class_list":["post-3600","page","type-page","status-publish","hentry"],"_links":{"self":[{"href":"https:\/\/pflegedienst-wdomu.de\/pl\/wp-json\/wp\/v2\/pages\/3600","targetHints":{"allow":["GET"]}}],"collection":[{"href":"https:\/\/pflegedienst-wdomu.de\/pl\/wp-json\/wp\/v2\/pages"}],"about":[{"href":"https:\/\/pflegedienst-wdomu.de\/pl\/wp-json\/wp\/v2\/types\/page"}],"author":[{"embeddable":true,"href":"https:\/\/pflegedienst-wdomu.de\/pl\/wp-json\/wp\/v2\/users\/1"}],"replies":[{"embeddable":true,"href":"https:\/\/pflegedienst-wdomu.de\/pl\/wp-json\/wp\/v2\/comments?post=3600"}],"version-history":[{"count":10,"href":"https:\/\/pflegedienst-wdomu.de\/pl\/wp-json\/wp\/v2\/pages\/3600\/revisions"}],"predecessor-version":[{"id":5029,"href":"https:\/\/pflegedienst-wdomu.de\/pl\/wp-json\/wp\/v2\/pages\/3600\/revisions\/5029"}],"wp:attachment":[{"href":"https:\/\/pflegedienst-wdomu.de\/pl\/wp-json\/wp\/v2\/media?parent=3600"}],"curies":[{"name":"wp","href":"https:\/\/api.w.org\/{rel}","templated":true}]}}