{"id":3604,"date":"2024-05-14T10:01:58","date_gmt":"2024-05-14T08:01:58","guid":{"rendered":"https:\/\/pflegedienst-domu.de\/skontaktuj-sie-z-nami\/"},"modified":"2024-11-11T13:21:10","modified_gmt":"2024-11-11T12:21:10","slug":"skontaktuj-sie-z-nami","status":"publish","type":"page","link":"https:\/\/pflegedienst-wdomu.de\/pl\/skontaktuj-sie-z-nami\/","title":{"rendered":"Skontaktuj si\u0119 z nami"},"content":{"rendered":"<div class=\"fusion-fullwidth fullwidth-box fusion-builder-row-1 fusion-flex-container nonhundred-percent-fullwidth non-hundred-percent-height-scrolling\" style=\"--awb-border-radius-top-left:0px;--awb-border-radius-top-right:0px;--awb-border-radius-bottom-right:0px;--awb-border-radius-bottom-left:0px;--awb-flex-wrap:wrap;\" ><div class=\"fusion-builder-row fusion-row fusion-flex-align-items-flex-start fusion-flex-content-wrap\" style=\"max-width:1497.6px;margin-left: calc(-4% \/ 2 );margin-right: calc(-4% \/ 2 );\"><div class=\"fusion-layout-column fusion_builder_column fusion-builder-column-0 fusion_builder_column_1_1 1_1 fusion-flex-column\" style=\"--awb-bg-size:cover;--awb-width-large:100%;--awb-margin-top-large:0px;--awb-spacing-right-large:1.92%;--awb-margin-bottom-large:0px;--awb-spacing-left-large:1.92%;--awb-width-medium:100%;--awb-spacing-right-medium:1.92%;--awb-spacing-left-medium:1.92%;--awb-width-small:100%;--awb-spacing-right-small:1.92%;--awb-spacing-left-small:1.92%;\"><div class=\"fusion-column-wrapper fusion-flex-justify-content-flex-start fusion-content-layout-column\"><div class=\"fusion-text fusion-text-1\"><h1>Skontaktuj si\u0119 z nami<\/h1>\n<p>Czy chcia\u0142by\u015b pozosta\u0107 w znajomym otoczeniu? Porozmawiaj z nami, ch\u0119tnie Ci pomo\u017cemy.<\/p>\n<div class=\"wpforms-container wpforms-container-full\" id=\"wpforms-151\"><form id=\"wpforms-form-151\" class=\"wpforms-validate wpforms-form wpforms-ajax-form\" data-formid=\"151\" method=\"post\" enctype=\"multipart\/form-data\" action=\"\/pl\/wp-json\/wp\/v2\/pages\/3604\" data-token=\"efc29ede716b8f420e51efc4b6cee735\" data-token-time=\"1778068624\"><noscript class=\"wpforms-error-noscript\">Aby wype\u0142ni\u0107 ten formularz, w\u0142\u0105cz obs\u0142ug\u0119 JavaScript w przegl\u0105darce.<\/noscript><div class=\"wpforms-field-container\"><div id=\"wpforms-151-field_0-container\" class=\"wpforms-field wpforms-field-name\" data-field-id=\"0\"><label class=\"wpforms-field-label\" for=\"wpforms-151-field_0\">Nazwa <span class=\"wpforms-required-label\">*<\/span><\/label><input type=\"text\" id=\"wpforms-151-field_0\" class=\"wpforms-field-medium wpforms-field-required\" name=\"wpforms[fields][0]\" required><\/div><div id=\"wpforms-151-field_4-container\" class=\"wpforms-field wpforms-field-text\" data-field-id=\"4\"><label class=\"wpforms-field-label\" for=\"wpforms-151-field_4\">Telefon <span class=\"wpforms-required-label\">*<\/span><\/label><input type=\"text\" id=\"wpforms-151-field_4\" class=\"wpforms-field-medium wpforms-field-required\" name=\"wpforms[fields][4]\" required><\/div><div id=\"wpforms-151-field_1-container\" class=\"wpforms-field wpforms-field-email\" data-field-id=\"1\"><label class=\"wpforms-field-label\" for=\"wpforms-151-field_1\">e-mail <span class=\"wpforms-required-label\">*<\/span><\/label><input type=\"email\" id=\"wpforms-151-field_1\" class=\"wpforms-field-medium wpforms-field-required\" name=\"wpforms[fields][1]\" spellcheck=\"false\" required><\/div><div id=\"wpforms-151-field_8-container\" class=\"wpforms-field wpforms-field-select wpforms-field-select-style-classic\" data-field-id=\"8\"><label class=\"wpforms-field-label\" for=\"wpforms-151-field_8\">Grund der Kontaktaufnahme <span class=\"wpforms-required-label\">*<\/span><\/label><select id=\"wpforms-151-field_8\" class=\"wpforms-field-medium wpforms-field-required\" name=\"wpforms[fields][8]\" required=\"required\"><option value=\"Grundpflege\"  class=\"choice-1 depth-1\"  >Grundpflege<\/option><option value=\"Behandlungspflege\"  class=\"choice-2 depth-1\"  >Behandlungspflege<\/option><option value=\"Verhinderungspflege\"  class=\"choice-4 depth-1\"  >Verhinderungspflege<\/option><option value=\"Beratung\"  class=\"choice-3 depth-1\"  >Beratung<\/option><\/select><\/div><div id=\"wpforms-151-field_2-container\" class=\"wpforms-field wpforms-field-textarea\" data-field-id=\"2\"><label class=\"wpforms-field-label\" for=\"wpforms-151-field_2\">Twoja wiadomo\u015b\u0107<\/label><textarea id=\"wpforms-151-field_2\" class=\"wpforms-field-medium\" name=\"wpforms[fields][2]\" ><\/textarea><\/div><div id=\"wpforms-151-field_9-container\" class=\"wpforms-field wpforms-field-checkbox wpforms-list-3-columns\" data-field-id=\"9\"><label class=\"wpforms-field-label\">Wie soll die Kontaktaufnahme erfolgen?<\/label><ul id=\"wpforms-151-field_9\"><li class=\"choice-1 depth-1\"><input type=\"checkbox\" id=\"wpforms-151-field_9_1\" name=\"wpforms[fields][9][]\" value=\"Telefon\"  ><label class=\"wpforms-field-label-inline\" for=\"wpforms-151-field_9_1\">Telefon<\/label><\/li><li class=\"choice-2 depth-1\"><input type=\"checkbox\" id=\"wpforms-151-field_9_2\" name=\"wpforms[fields][9][]\" value=\"E-Mail\"  ><label class=\"wpforms-field-label-inline\" for=\"wpforms-151-field_9_2\">E-Mail<\/label><\/li><\/ul><\/div><div id=\"wpforms-151-field_3-container\" class=\"wpforms-field wpforms-field-checkbox\" data-field-id=\"3\"><label class=\"wpforms-field-label wpforms-label-hide\">Pola wyboru <span class=\"wpforms-required-label\">*<\/span><\/label><ul id=\"wpforms-151-field_3\" class=\"wpforms-field-required\"><li class=\"choice-1 depth-1\"><input type=\"checkbox\" id=\"wpforms-151-field_3_1\" name=\"wpforms[fields][3][]\" value=\"Polityka prywatno\u015bci zaakceptowana\" required ><label class=\"wpforms-field-label-inline\" for=\"wpforms-151-field_3_1\">Polityka prywatno\u015bci zaakceptowana<\/label><\/li><\/ul><\/div><\/div><!-- .wpforms-field-container --><div class=\"wpforms-submit-container\" ><input type=\"hidden\" name=\"wpforms[id]\" value=\"151\"><input type=\"hidden\" name=\"page_title\" value=\"\"><input type=\"hidden\" name=\"page_url\" value=\"https:\/\/pflegedienst-wdomu.de\/pl\/wp-json\/wp\/v2\/pages\/3604\"><input type=\"hidden\" name=\"url_referer\" value=\"\"><button type=\"submit\" name=\"wpforms[submit]\" id=\"wpforms-submit-151\" class=\"wpforms-submit\" data-alt-text=\"Wy\u015blij...\" data-submit-text=\"Wysy\u0142anie\" aria-live=\"assertive\" value=\"wpforms-submit\">Wysy\u0142anie<\/button><img decoding=\"async\" src=\"https:\/\/pflegedienst-wdomu.de\/wp-content\/plugins\/wpforms-lite\/assets\/images\/submit-spin.svg\" class=\"wpforms-submit-spinner\" style=\"display: none;\" width=\"26\" height=\"26\" alt=\"Wczytywanie\"><\/div><\/form><\/div>  <!-- .wpforms-container -->\n<\/div><\/div><\/div><\/div><\/div>\n","protected":false},"excerpt":{"rendered":"","protected":false},"author":1,"featured_media":0,"parent":0,"menu_order":0,"comment_status":"closed","ping_status":"closed","template":"","meta":{"inline_featured_image":false,"footnotes":""},"class_list":["post-3604","page","type-page","status-publish","hentry"],"_links":{"self":[{"href":"https:\/\/pflegedienst-wdomu.de\/pl\/wp-json\/wp\/v2\/pages\/3604","targetHints":{"allow":["GET"]}}],"collection":[{"href":"https:\/\/pflegedienst-wdomu.de\/pl\/wp-json\/wp\/v2\/pages"}],"about":[{"href":"https:\/\/pflegedienst-wdomu.de\/pl\/wp-json\/wp\/v2\/types\/page"}],"author":[{"embeddable":true,"href":"https:\/\/pflegedienst-wdomu.de\/pl\/wp-json\/wp\/v2\/users\/1"}],"replies":[{"embeddable":true,"href":"https:\/\/pflegedienst-wdomu.de\/pl\/wp-json\/wp\/v2\/comments?post=3604"}],"version-history":[{"count":10,"href":"https:\/\/pflegedienst-wdomu.de\/pl\/wp-json\/wp\/v2\/pages\/3604\/revisions"}],"predecessor-version":[{"id":5332,"href":"https:\/\/pflegedienst-wdomu.de\/pl\/wp-json\/wp\/v2\/pages\/3604\/revisions\/5332"}],"wp:attachment":[{"href":"https:\/\/pflegedienst-wdomu.de\/pl\/wp-json\/wp\/v2\/media?parent=3604"}],"curies":[{"name":"wp","href":"https:\/\/api.w.org\/{rel}","templated":true}]}}