{"id":3608,"date":"2024-05-14T10:02:16","date_gmt":"2024-05-14T08:02:16","guid":{"rendered":"https:\/\/pflegedienst-domu.de\/nadruk\/"},"modified":"2024-12-10T22:59:21","modified_gmt":"2024-12-10T21:59:21","slug":"nadruk","status":"publish","type":"page","link":"https:\/\/pflegedienst-wdomu.de\/pl\/nadruk\/","title":{"rendered":"Nadruk"},"content":{"rendered":"<div class=\"fusion-fullwidth fullwidth-box fusion-builder-row-1 fusion-flex-container has-pattern-background has-mask-background nonhundred-percent-fullwidth non-hundred-percent-height-scrolling\" style=\"--awb-border-radius-top-left:0px;--awb-border-radius-top-right:0px;--awb-border-radius-bottom-right:0px;--awb-border-radius-bottom-left:0px;--awb-padding-top:30px;--awb-padding-bottom:40px;--awb-flex-wrap:wrap;\" ><div class=\"fusion-builder-row fusion-row fusion-flex-align-items-flex-start fusion-flex-content-wrap\" style=\"max-width:1497.6px;margin-left: calc(-4% \/ 2 );margin-right: calc(-4% \/ 2 );\"><div class=\"fusion-layout-column fusion_builder_column fusion-builder-column-0 fusion_builder_column_1_1 1_1 fusion-flex-column\" style=\"--awb-bg-size:cover;--awb-width-large:100%;--awb-margin-top-large:0px;--awb-spacing-right-large:1.92%;--awb-margin-bottom-large:0px;--awb-spacing-left-large:1.92%;--awb-width-medium:100%;--awb-spacing-right-medium:1.92%;--awb-spacing-left-medium:1.92%;--awb-width-small:100%;--awb-spacing-right-small:1.92%;--awb-spacing-left-small:1.92%;\"><div class=\"fusion-column-wrapper fusion-flex-justify-content-flex-start fusion-content-layout-column\"><div class=\"fusion-text fusion-text-1\"><div class=\"vc-container\">\n<section class=\"wpb-content-wrapper\">\n<div class=\"vc-row-container container\">\n<div class=\"vc_row wpb_row vc_row-fluid\">\n<div class=\"wpb_column vc_column_container vc_col-sm-12\">\n<div class=\"vc_column-inner\">\n<div class=\"wpb_wrapper\">\n<div class=\"wpb_text_column wpb_content_element post-formatting \">\n<div class=\"wpb_wrapper\">\n<h1>Nadruk<\/h1>\n<p>Marlena Plutecki, Isabelle Pfeiffer, Suna Cataldegirmen i Thomas Reimann wDomu &#8211; Ihr Pflegedienst GbR<br \/>\nFeldstrasse 51<br \/>\n51381 Leverkusen<\/p>\n<h3>Skontaktuj si\u0119 z nami<\/h3>\n<p>Telefon 02171 79498-0 Faks 02171 79498-99<\/p>\n<p><a href=\"mailto:mail@wdomu.de\" target=\"_blank\" rel=\"noopener\">e-mail<\/a><\/p>\n<h3>Rozstrzyganie spor\u00f3w w UE<\/h3>\n<p>Komisja Europejska zapewnia platform\u0119 internetowego rozstrzygania spor\u00f3w (OS): <a href=\"https:\/\/ec.europa.eu\/consumers\/odr\/\" target=\"_blank\" rel=\"noopener noreferrer\">https:\/\/ec.europa.eu\/consumers\/odr\/<\/a>.<br \/>\nNasz adres e-mail mo\u017cna znale\u017a\u0107 w powy\u017cszej nocie prawnej.<\/p>\n<h3>Rozstrzyganie spor\u00f3w konsumenckich\/uniwersalne centrum arbitra\u017cowe<\/h3>\n<p>Nie jeste\u015bmy sk\u0142onni ani zobowi\u0105zani do udzia\u0142u w post\u0119powaniu rozstrzygaj\u0105cym spory przed komisj\u0105 arbitra\u017cow\u0105 ds. konsument\u00f3w.<\/p>\n<\/div>\n<\/div>\n<\/div>\n<\/div>\n<\/div>\n<\/div>\n<\/div>\n<\/section>\n<\/div>\n<\/div><\/div><\/div><\/div><\/div>\n","protected":false},"excerpt":{"rendered":"","protected":false},"author":1,"featured_media":0,"parent":0,"menu_order":0,"comment_status":"closed","ping_status":"closed","template":"","meta":{"inline_featured_image":false,"footnotes":""},"class_list":["post-3608","page","type-page","status-publish","hentry"],"_links":{"self":[{"href":"https:\/\/pflegedienst-wdomu.de\/pl\/wp-json\/wp\/v2\/pages\/3608","targetHints":{"allow":["GET"]}}],"collection":[{"href":"https:\/\/pflegedienst-wdomu.de\/pl\/wp-json\/wp\/v2\/pages"}],"about":[{"href":"https:\/\/pflegedienst-wdomu.de\/pl\/wp-json\/wp\/v2\/types\/page"}],"author":[{"embeddable":true,"href":"https:\/\/pflegedienst-wdomu.de\/pl\/wp-json\/wp\/v2\/users\/1"}],"replies":[{"embeddable":true,"href":"https:\/\/pflegedienst-wdomu.de\/pl\/wp-json\/wp\/v2\/comments?post=3608"}],"version-history":[{"count":10,"href":"https:\/\/pflegedienst-wdomu.de\/pl\/wp-json\/wp\/v2\/pages\/3608\/revisions"}],"predecessor-version":[{"id":5380,"href":"https:\/\/pflegedienst-wdomu.de\/pl\/wp-json\/wp\/v2\/pages\/3608\/revisions\/5380"}],"wp:attachment":[{"href":"https:\/\/pflegedienst-wdomu.de\/pl\/wp-json\/wp\/v2\/media?parent=3608"}],"curies":[{"name":"wp","href":"https:\/\/api.w.org\/{rel}","templated":true}]}}