{"id":3612,"date":"2024-05-14T10:02:38","date_gmt":"2024-05-14T08:02:38","guid":{"rendered":"https:\/\/pflegedienst-domu.de\/polityka-prywatnosci\/"},"modified":"2024-11-21T14:13:26","modified_gmt":"2024-11-21T13:13:26","slug":"polityka-prywatnosci","status":"publish","type":"page","link":"https:\/\/pflegedienst-wdomu.de\/pl\/polityka-prywatnosci\/","title":{"rendered":"Polityka prywatno\u015bci"},"content":{"rendered":"<div class=\"fusion-fullwidth fullwidth-box fusion-builder-row-1 fusion-flex-container nonhundred-percent-fullwidth non-hundred-percent-height-scrolling\" style=\"--awb-border-radius-top-left:0px;--awb-border-radius-top-right:0px;--awb-border-radius-bottom-right:0px;--awb-border-radius-bottom-left:0px;--awb-flex-wrap:wrap;\" ><div class=\"fusion-builder-row fusion-row fusion-flex-align-items-flex-start fusion-flex-content-wrap\" style=\"max-width:1497.6px;margin-left: calc(-4% \/ 2 );margin-right: calc(-4% \/ 2 );\"><div class=\"fusion-layout-column fusion_builder_column fusion-builder-column-0 fusion_builder_column_1_1 1_1 fusion-flex-column\" style=\"--awb-bg-size:cover;--awb-width-large:100%;--awb-margin-top-large:0px;--awb-spacing-right-large:1.92%;--awb-margin-bottom-large:0px;--awb-spacing-left-large:1.92%;--awb-width-medium:100%;--awb-spacing-right-medium:1.92%;--awb-spacing-left-medium:1.92%;--awb-width-small:100%;--awb-spacing-right-small:1.92%;--awb-spacing-left-small:1.92%;\"><div class=\"fusion-column-wrapper fusion-flex-justify-content-flex-start fusion-content-layout-column\"><div class=\"fusion-text fusion-text-1\"><div class=\"vc-container\">\n<section class=\"wpb-content-wrapper\">\n<div class=\"vc-row-container container\">\n<div class=\"vc_row wpb_row vc_row-fluid\">\n<div class=\"wpb_column vc_column_container vc_col-sm-12\">\n<div class=\"vc_column-inner\">\n<div class=\"wpb_wrapper\">\n<div class=\"wpb_text_column wpb_content_element post-formatting \">\n<div class=\"wpb_wrapper\">\n<h1>Polityka prywatno\u015bci<\/h1>\n<h2>1. ochrona danych w skr\u00f3cie<\/h2>\n<h3>Informacje og\u00f3lne<\/h3>\n<p>Poni\u017csze informacje stanowi\u0105 prosty przegl\u0105d tego, co dzieje si\u0119 z danymi osobowymi u\u017cytkownika podczas odwiedzania tej witryny. Dane osobowe to wszystkie dane, za pomoc\u0105 kt\u00f3rych mo\u017cna zidentyfikowa\u0107 u\u017cytkownika. Szczeg\u00f3\u0142owe informacje na temat ochrony danych mo\u017cna znale\u017a\u0107 w naszej polityce prywatno\u015bci wymienionej poni\u017cej tego tekstu.<\/p>\n<h3>Gromadzenie danych na tej stronie internetowej<\/h3>\n<h4>Kto jest odpowiedzialny za gromadzenie danych na tej stronie?<\/h4>\n<p>Przetwarzanie danych na tej stronie odbywa si\u0119 przez operatora strony. Ich dane kontaktowe mo\u017cna znale\u017a\u0107 w sekcji &#8222;Informacje o administratorze&#8221; w niniejszej polityce prywatno\u015bci.<\/p>\n<h4>W jaki spos\u00f3b gromadzimy dane u\u017cytkownik\u00f3w?<\/h4>\n<p>Z jednej strony, dane u\u017cytkownika s\u0105 gromadzone, gdy u\u017cytkownik nam je przekazuje. Mog\u0105 to by\u0107 na przyk\u0142ad dane wprowadzone przez u\u017cytkownika w formularzu kontaktowym.<\/p>\n<p>Inne dane s\u0105 gromadzone automatycznie lub za zgod\u0105 u\u017cytkownika przez nasze systemy informatyczne podczas odwiedzania strony internetowej. S\u0105 to przede wszystkim dane techniczne (np. przegl\u0105darka internetowa, system operacyjny lub czas wy\u015bwietlenia strony). Dane te s\u0105 gromadzone automatycznie po wej\u015bciu na stron\u0119.<\/p>\n<h4>Do czego wykorzystujemy dane u\u017cytkownik\u00f3w?<\/h4>\n<p>Niekt\u00f3re dane s\u0105 gromadzone w celu zapewnienia bezb\u0142\u0119dnego dzia\u0142ania strony internetowej. Inne dane mog\u0105 by\u0107 wykorzystywane do analizy zachowa\u0144 u\u017cytkownik\u00f3w.<\/p>\n<h4>Jakie prawa przys\u0142uguj\u0105 u\u017cytkownikowi w odniesieniu do jego danych?<\/h4>\n<p>U\u017cytkownik ma prawo do bezp\u0142atnego otrzymania w dowolnym momencie informacji o pochodzeniu, odbiorcy i celu przechowywanych danych osobowych. U\u017cytkownik ma r\u00f3wnie\u017c prawo za\u017c\u0105da\u0107 poprawienia lub usuni\u0119cia tych danych. Je\u015bli u\u017cytkownik wyrazi\u0142 zgod\u0119 na przetwarzanie danych, mo\u017ce j\u0105 cofn\u0105\u0107 w dowolnym momencie na przysz\u0142o\u015b\u0107. W pewnych okoliczno\u015bciach u\u017cytkownik ma r\u00f3wnie\u017c prawo za\u017c\u0105da\u0107 ograniczenia przetwarzania jego danych osobowych. Ponadto u\u017cytkownik ma prawo do z\u0142o\u017cenia skargi do w\u0142a\u015bciwego organu nadzorczego.<\/p>\n<p>U\u017cytkownik mo\u017ce skontaktowa\u0107 si\u0119 z nami w dowolnym momencie, je\u015bli ma dodatkowe pytania dotycz\u0105ce ochrony danych.<\/p>\n<h2>2. hosting<\/h2>\n<h3>All-Inkl<\/h3>\n<p>Hostujemy nasz\u0105 stron\u0119 internetow\u0105 z All-Inkl. Dostawc\u0105 jest ALL-INKL.COM &#8211; Neue Medien M\u00fcnnich, Inh. Ren\u00e9 M\u00fcnnich, Hauptstra\u00dfe 68, 02742 Friedersdorf (dalej All-Inkl). Szczeg\u00f3\u0142y mo\u017cna znale\u017a\u0107 w polityce prywatno\u015bci All-Inkl: <a href=\"https:\/\/all-inkl.com\/datenschutzinformationen\/\" target=\"_blank\" rel=\"noopener noreferrer\">https:\/\/all-inkl.com\/datenschutzinformationen\/<\/a>.<\/p>\n<p>Korzystanie z All-Inkl opiera si\u0119 na art. 6 ust. 1 litr. f RODO. Mamy uzasadniony interes w zapewnieniu, \u017ce nasza strona internetowa jest wy\u015bwietlana tak niezawodnie, jak to tylko mo\u017cliwe. Je\u015bli za\u017c\u0105dano odpowiedniej zgody, przetwarzanie odbywa si\u0119 wy\u0142\u0105cznie na podstawie art. 6 ust. 1 lit. a) RODO. 1 litr. a RODO i \u00a7 25 ust. 1 RODO, o ile zgoda obejmuje przechowywanie plik\u00f3w cookie lub dost\u0119p do informacji w urz\u0105dzeniu ko\u0144cowym u\u017cytkownika (np. pobieranie odcisk\u00f3w palc\u00f3w urz\u0105dzenia) w rozumieniu RODO. Zgoda mo\u017ce zosta\u0107 cofni\u0119ta w dowolnym momencie.<\/p>\n<h4>Przetwarzanie zam\u00f3wie\u0144<\/h4>\n<p>Zawarli\u015bmy umow\u0119 o przetwarzanie zam\u00f3wie\u0144 (AVV) z wy\u017cej wymienionym dostawc\u0105. Jest to umowa wymagana przez prawo o ochronie danych, kt\u00f3ra zapewnia, \u017ce administrator danych przetwarza dane osobowe odwiedzaj\u0105cych nasz\u0105 stron\u0119 internetow\u0105 wy\u0142\u0105cznie zgodnie z naszymi instrukcjami i zgodnie z RODO.<\/p>\n<h2>3 Uwagi og\u00f3lne i informacje obowi\u0105zkowe<\/h2>\n<h3>Ochrona danych<\/h3>\n<p>Operatorzy tych stron bardzo powa\u017cnie podchodz\u0105 do ochrony danych osobowych u\u017cytkownik\u00f3w. Dane osobowe u\u017cytkownik\u00f3w traktujemy poufnie i zgodnie z ustawowymi przepisami o ochronie danych oraz niniejsz\u0105 polityk\u0105 prywatno\u015bci.<\/p>\n<p>Podczas korzystania z tej witryny gromadzone s\u0105 r\u00f3\u017cne dane osobowe. Dane osobowe to dane, kt\u00f3re mo\u017cna wykorzysta\u0107 do osobistej identyfikacji u\u017cytkownika. Niniejsza polityka prywatno\u015bci wyja\u015bnia, jakie dane gromadzimy i do czego je wykorzystujemy. Wyja\u015bnia r\u00f3wnie\u017c, w jaki spos\u00f3b i w jakim celu jest to robione.<\/p>\n<p>Chcieliby\u015bmy zwr\u00f3ci\u0107 uwag\u0119, \u017ce transmisja danych przez Internet (np. podczas komunikacji za po\u015brednictwem poczty elektronicznej) mo\u017ce zawiera\u0107 luki w zabezpieczeniach. Pe\u0142na ochrona danych przed dost\u0119pem os\u00f3b trzecich nie jest mo\u017cliwa.<\/p>\n<h3>Uwaga dotycz\u0105ca podmiotu odpowiedzialnego<\/h3>\n<p>Administratorem odpowiedzialnym za przetwarzanie danych na tej stronie jest<\/p>\n<p>Marlena Plutecki, Isabelle Pfeiffer, Suna Cataldegrimen &amp; Thomas Reimann wDomu &#8211; Ihr Pflegedienst GbR Autoryzowani przedstawiciele: Suna Cataldegrimen &amp; Thomas Reimann Feldstrasse 51 51381 Leverkusen 02171 79498-0 E-mail: mail@wdomu.de<\/p>\n<p>Administrator danych to osoba fizyczna lub prawna, kt\u00f3ra samodzielnie lub wsp\u00f3lnie z innymi okre\u015bla cele i sposoby przetwarzania danych osobowych (np. imion i nazwisk, adres\u00f3w e-mail itp.).<\/p>\n<h3>Czas przechowywania<\/h3>\n<p>O ile w niniejszej polityce prywatno\u015bci nie okre\u015blono bardziej szczeg\u00f3\u0142owego okresu przechowywania, dane osobowe u\u017cytkownika pozostan\u0105 u nas do momentu ustania celu przetwarzania danych. Je\u015bli u\u017cytkownik z\u0142o\u017cy uzasadniony wniosek o usuni\u0119cie danych lub cofnie zgod\u0119 na ich przetwarzanie, jego dane zostan\u0105 usuni\u0119te, chyba \u017ce b\u0119dziemy mie\u0107 inne prawnie dopuszczalne powody do przechowywania jego danych osobowych (np. okresy przechowywania zgodnie z prawem podatkowym lub handlowym); w tym ostatnim przypadku usuni\u0119cie nast\u0105pi po ustaniu tych powod\u00f3w.<\/p>\n<h3>Og\u00f3lne informacje na temat podstawy prawnej przetwarzania danych na tej stronie internetowej<\/h3>\n<p>Je\u015bli u\u017cytkownik wyrazi\u0142 zgod\u0119 na przetwarzanie danych, przetwarzamy jego dane osobowe na podstawie art. 6 ust. 1 lit. a) RODO. 1 litr. a RODO i art. 9 ust. 2 litry. a RODO, w zakresie, w jakim szczeg\u00f3lne kategorie danych zgodnie z art. 9 ust. 1 RODO s\u0105 przetwarzane. W przypadku wyra\u017cenia wyra\u017anej zgody na przekazywanie danych osobowych do pa\u0144stw trzecich, przetwarzanie danych odbywa si\u0119 r\u00f3wnie\u017c na podstawie art. 49 par. 1 litr. a RODO. Je\u015bli u\u017cytkownik wyrazi\u0142 zgod\u0119 na przechowywanie plik\u00f3w cookie lub dost\u0119p do informacji w swoim urz\u0105dzeniu ko\u0144cowym (np. za po\u015brednictwem odcisk\u00f3w palc\u00f3w urz\u0105dzenia), przetwarzanie danych odbywa si\u0119 r\u00f3wnie\u017c na podstawie art. 25 ust. 1 RODO. 1 TDDG. Zgoda mo\u017ce zosta\u0107 cofni\u0119ta w dowolnym momencie. Je\u015bli dane u\u017cytkownika s\u0105 wymagane do realizacji umowy lub wdro\u017cenia \u015brodk\u00f3w przedumownych, przetwarzamy dane u\u017cytkownika na podstawie art. 6 ust. 1 lit. a) RODO. 1 litr. b RODO. Ponadto przetwarzamy dane u\u017cytkownika, je\u015bli jest to konieczne do wype\u0142nienia obowi\u0105zku prawnego na podstawie art. 6 ust. 1 lit. a) RODO. 1 litr. c RODO. Przetwarzanie danych mo\u017ce r\u00f3wnie\u017c opiera\u0107 si\u0119 na naszym uzasadnionym interesie zgodnie z art. 6 ust. 1 litr. f DSGVO musi zosta\u0107 przeprowadzone. Informacje na temat odpowiednich podstaw prawnych w ka\u017cdym indywidualnym przypadku znajduj\u0105 si\u0119 w kolejnych punktach niniejszej polityki prywatno\u015bci.<\/p>\n<h3>Cofni\u0119cie zgody na przetwarzanie danych<\/h3>\n<p>Wiele operacji przetwarzania danych jest mo\u017cliwych tylko za wyra\u017an\u0105 zgod\u0105 u\u017cytkownika. U\u017cytkownik mo\u017ce odwo\u0142a\u0107 swoj\u0105 zgod\u0119 w dowolnym momencie. Odwo\u0142anie nie ma wp\u0142ywu na zgodno\u015b\u0107 z prawem przetwarzania danych prowadzonego do momentu odwo\u0142ania.<\/p>\n<h3>Prawo do sprzeciwu wobec gromadzenia danych w szczeg\u00f3lnych przypadkach i marketingu bezpo\u015bredniego (art. 21 RODO)<\/h3>\n<p>JE\u017bELI PRZETWARZANIE DANYCH ODBYWA SI\u0118 NA PODSTAWIE ART. 6 ABS. 1 LIT. E LUB F RODO, U\u017bYTKOWNIK MA PRAWO W DOWOLNYM MOMENCIE WNIE\u015a\u0106 SPRZECIW WOBEC PRZETWARZANIA JEGO DANYCH OSOBOWYCH Z PRZYCZYN ZWI\u0104ZANYCH Z JEGO SZCZEG\u00d3LN\u0104 SYTUACJ\u0104; DOTYCZY TO R\u00d3WNIE\u017b PROFILOWANIA NA PODSTAWIE TYCH PRZEPIS\u00d3W. ODPOWIEDNI\u0104 PODSTAW\u0118 PRAWN\u0104, NA KT\u00d3REJ OPIERA SI\u0118 PRZETWARZANIE, MO\u017bNA ZNALE\u0179\u0106 W NINIEJSZEJ POLITYCE PRYWATNO\u015aCI. JE\u015aLI U\u017bYTKOWNIK WYRAZI SPRZECIW, NIE B\u0118DZIEMY JU\u017b PRZETWARZA\u0106 JEGO DANYCH OSOBOWYCH, CHYBA \u017bE B\u0118DZIEMY W STANIE WYKAZA\u0106 ISTNIENIE WA\u017bNYCH PRAWNIE UZASADNIONYCH PODSTAW DO PRZETWARZANIA, NADRZ\u0118DNYCH WOBEC INTERES\u00d3W, PRAW I WOLNO\u015aCI U\u017bYTKOWNIKA, LUB PRZETWARZANIE S\u0141U\u017bY USTALENIU, DOCHODZENIU LUB OBRONIE ROSZCZE\u0143 PRAWNYCH (SPRZECIW NA PODSTAWIE ART. 21 UST. 1 RODO).<\/p>\n<p>JE\u015aLI DANE OSOBOWE U\u017bYTKOWNIKA S\u0104 PRZETWARZANE DO CEL\u00d3W MARKETINGU BEZPO\u015aREDNIEGO, U\u017bYTKOWNIK MA PRAWO W DOWOLNYM MOMENCIE WNIE\u015a\u0106 SPRZECIW WOBEC PRZETWARZANIA DOTYCZ\u0104CYCH GO DANYCH OSOBOWYCH DO CEL\u00d3W TAKIEGO MARKETINGU, W TYM PROFILOWANIA W ZAKRESIE, W JAKIM JEST ONO ZWI\u0104ZANE Z TAKIM MARKETINGIEM BEZPO\u015aREDNIM. JE\u015aLI U\u017bYTKOWNIK WYRAZI SPRZECIW, JEGO DANE OSOBOWE NIE B\u0118D\u0104 JU\u017b WYKORZYSTYWANE DO CEL\u00d3W MARKETINGU BEZPO\u015aREDNIEGO (SPRZECIW ZGODNIE Z ART. 21 UST. 2 RODO).<\/p>\n<h3>Prawo do z\u0142o\u017cenia skargi do w\u0142a\u015bciwego organu nadzorczego<\/h3>\n<p>W przypadku naruszenia RODO osoby, kt\u00f3rych dane dotycz\u0105, maj\u0105 prawo wnie\u015b\u0107 skarg\u0119 do organu nadzorczego, w szczeg\u00f3lno\u015bci w pa\u0144stwie cz\u0142onkowskim swojego zwyk\u0142ego pobytu, swojego miejsca pracy lub miejsca pope\u0142nienia domniemanego naruszenia. Prawo do odwo\u0142ania istnieje bez uszczerbku dla innych administracyjnych lub s\u0105dowych \u015brodk\u00f3w odwo\u0142awczych.<\/p>\n<h3>Prawo do przenoszenia danych<\/h3>\n<p>U\u017cytkownik ma prawo do tego, aby dane, kt\u00f3re przetwarzamy automatycznie na podstawie jego zgody lub w ramach realizacji umowy, zosta\u0142y przekazane u\u017cytkownikowi lub stronie trzeciej w powszechnie u\u017cywanym formacie nadaj\u0105cym si\u0119 do odczytu maszynowego. Je\u015bli u\u017cytkownik za\u017c\u0105da bezpo\u015bredniego przekazania danych innemu administratorowi, zostanie to wykonane wy\u0142\u0105cznie w zakresie, w jakim jest to technicznie wykonalne.<\/p>\n<h3>Szyfrowanie SSL lub TLS<\/h3>\n<p>Ta witryna wykorzystuje szyfrowanie SSL lub TLS ze wzgl\u0119d\u00f3w bezpiecze\u0144stwa i w celu ochrony transmisji poufnych tre\u015bci, takich jak zam\u00f3wienia lub zapytania wysy\u0142ane do nas jako operatora witryny. Po\u0142\u0105czenie szyfrowane mo\u017cna rozpozna\u0107 po tym, \u017ce wiersz adresu przegl\u0105darki zmienia si\u0119 z &#8222;http:\/\/&#8221; na &#8222;https:\/\/&#8221; oraz po symbolu k\u0142\u00f3dki w wierszu przegl\u0105darki.<\/p>\n<p>Je\u015bli szyfrowanie SSL lub TLS jest w\u0142\u0105czone, dane przesy\u0142ane do nas nie mog\u0105 by\u0107 odczytane przez osoby trzecie.<\/p>\n<h3>Informacje, usuwanie i poprawianie<\/h3>\n<p>W ramach obowi\u0105zuj\u0105cych przepis\u00f3w prawnych u\u017cytkownik ma w ka\u017cdej chwili prawo do bezp\u0142atnej informacji o przechowywanych danych osobowych, ich pochodzeniu i odbiorcy oraz celu przetwarzania danych, a tak\u017ce, w razie potrzeby, prawo do sprostowania lub usuni\u0119cia tych danych. U\u017cytkownik mo\u017ce skontaktowa\u0107 si\u0119 z nami w dowolnym momencie, je\u015bli ma dodatkowe pytania dotycz\u0105ce danych osobowych.<\/p>\n<h3>Prawo do ograniczenia przetwarzania<\/h3>\n<p>U\u017cytkownik ma prawo za\u017c\u0105da\u0107 ograniczenia przetwarzania jego danych osobowych. W tym celu mo\u017cna skontaktowa\u0107 si\u0119 z nami w dowolnym momencie. Prawo do ograniczenia przetwarzania istnieje w nast\u0119puj\u0105cych przypadkach:<\/p>\n<ul>\n<li>Je\u015bli u\u017cytkownik kwestionuje dok\u0142adno\u015b\u0107 przechowywanych przez nas jego danych osobowych, zwykle potrzebujemy czasu, aby to sprawdzi\u0107. Na czas trwania przegl\u0105du u\u017cytkownik ma prawo za\u017c\u0105da\u0107 ograniczenia przetwarzania jego danych osobowych.<\/li>\n<li>Je\u015bli przetwarzanie danych osobowych u\u017cytkownika by\u0142o\/jest niezgodne z prawem, u\u017cytkownik mo\u017ce za\u017c\u0105da\u0107 ograniczenia przetwarzania danych zamiast ich usuni\u0119cia.<\/li>\n<li>Je\u015bli nie potrzebujemy ju\u017c danych osobowych u\u017cytkownika, ale s\u0105 one potrzebne do wykonania, obrony lub dochodzenia roszcze\u0144 prawnych, u\u017cytkownik ma prawo za\u017c\u0105da\u0107 ograniczenia przetwarzania swoich danych osobowych zamiast ich usuni\u0119cia.<\/li>\n<li>W przypadku wniesienia sprzeciwu zgodnie z art. 21 ust. 1 RODO, nale\u017cy zachowa\u0107 r\u00f3wnowag\u0119 mi\u0119dzy interesami u\u017cytkownika a naszymi. Dop\u00f3ki nie zostanie ustalone, czyje interesy przewa\u017caj\u0105, u\u017cytkownik ma prawo \u017c\u0105da\u0107 ograniczenia przetwarzania jego danych osobowych.<\/li>\n<\/ul>\n<p>Je\u015bli u\u017cytkownik ograniczy\u0142 przetwarzanie swoich danych osobowych, dane te &#8211; poza ich przechowywaniem &#8211; mog\u0105 by\u0107 przetwarzane wy\u0142\u0105cznie za jego zgod\u0105 lub w celu ustalenia, dochodzenia lub obrony roszcze\u0144, lub w celu ochrony praw innej osoby fizycznej lub prawnej, lub z uwagi na wa\u017cny interes publiczny Unii Europejskiej lub pa\u0144stwa cz\u0142onkowskiego.<\/p>\n<h2>4. gromadzenie danych na tej stronie internetowej<\/h2>\n<h3>Formularz kontaktowy<\/h3>\n<p>Je\u015bli u\u017cytkownik prze\u015ble nam zapytanie za po\u015brednictwem formularza kontaktowego, jego dane z formularza zapytania, w tym podane tam dane kontaktowe, b\u0119d\u0105 przechowywane przez nas w celu przetworzenia zapytania oraz w przypadku dalszych pyta\u0144. Nie przekazujemy tych danych bez zgody u\u017cytkownika.<\/p>\n<p>Dane te s\u0105 przetwarzane na podstawie art. 6 ust. 1 litr. b RODO, o ile zapytanie u\u017cytkownika jest zwi\u0105zane z realizacj\u0105 umowy lub jest niezb\u0119dne do wdro\u017cenia \u015brodk\u00f3w przedumownych. We wszystkich innych przypadkach przetwarzanie odbywa si\u0119 na podstawie naszego uzasadnionego interesu w skutecznym przetwarzaniu kierowanych do nas zapyta\u0144 (art. 6 ust. 1 lit. f RODO) lub na podstawie zgody u\u017cytkownika (art. 6 ust. 1 lit. a RODO), je\u015bli zosta\u0142a ona udzielona; zgoda mo\u017ce zosta\u0107 odwo\u0142ana w dowolnym momencie.<\/p>\n<p>B\u0119dziemy przechowywa\u0107 dane podane przez u\u017cytkownika w formularzu kontaktowym, dop\u00f3ki nie za\u017c\u0105da on ich usuni\u0119cia, nie cofnie zgody na ich przechowywanie lub nie ustanie cel ich przechowywania (np. po spe\u0142nieniu \u017c\u0105dania u\u017cytkownika). Obowi\u0105zkowe przepisy ustawowe &#8211; w szczeg\u00f3lno\u015bci okresy przechowywania &#8211; pozostaj\u0105 nienaruszone.<\/p>\n<h3>Zapytanie przez e-mail, telefon lub faks<\/h3>\n<p>Je\u015bli u\u017cytkownik skontaktuje si\u0119 z nami za po\u015brednictwem poczty elektronicznej, telefonu lub faksu, jego zapytanie, w tym wszystkie dane osobowe (imi\u0119 i nazwisko, zapytanie), b\u0119d\u0105 przechowywane i przetwarzane przez nas w celu przetworzenia zapytania u\u017cytkownika. Nie przekazujemy tych danych bez zgody u\u017cytkownika.<\/p>\n<p>Dane te s\u0105 przetwarzane na podstawie art. 6 ust. 1 litr. b RODO, o ile zapytanie u\u017cytkownika jest zwi\u0105zane z realizacj\u0105 umowy lub jest niezb\u0119dne do wdro\u017cenia \u015brodk\u00f3w przedumownych. We wszystkich innych przypadkach przetwarzanie odbywa si\u0119 na podstawie naszego uzasadnionego interesu w skutecznym przetwarzaniu kierowanych do nas zapyta\u0144 (art. 6 ust. 1 lit. f RODO) lub na podstawie zgody u\u017cytkownika (art. 6 ust. 1 lit. a RODO), je\u015bli zosta\u0142a ona udzielona; zgoda mo\u017ce zosta\u0107 odwo\u0142ana w dowolnym momencie.<\/p>\n<p>Dane przes\u0142ane do nas za po\u015brednictwem pr\u00f3\u015bb o kontakt pozostan\u0105 u nas, dop\u00f3ki nie poprosisz nas o ich usuni\u0119cie, nie cofniesz zgody na ich przechowywanie lub nie ustanie cel przechowywania danych (np. po przetworzeniu Twojej pro\u015bby). Obowi\u0105zkowe przepisy ustawowe &#8211; w szczeg\u00f3lno\u015bci ustawowe okresy przechowywania &#8211; pozostaj\u0105 nienaruszone.<\/p>\n<\/div>\n<\/div>\n<\/div>\n<\/div>\n<\/div>\n<\/div>\n<\/div>\n<\/section>\n<\/div>\n<\/div><\/div><\/div><\/div><\/div>\n","protected":false},"excerpt":{"rendered":"","protected":false},"author":1,"featured_media":0,"parent":0,"menu_order":0,"comment_status":"closed","ping_status":"closed","template":"","meta":{"inline_featured_image":false,"footnotes":""},"class_list":["post-3612","page","type-page","status-publish","hentry"],"_links":{"self":[{"href":"https:\/\/pflegedienst-wdomu.de\/pl\/wp-json\/wp\/v2\/pages\/3612","targetHints":{"allow":["GET"]}}],"collection":[{"href":"https:\/\/pflegedienst-wdomu.de\/pl\/wp-json\/wp\/v2\/pages"}],"about":[{"href":"https:\/\/pflegedienst-wdomu.de\/pl\/wp-json\/wp\/v2\/types\/page"}],"author":[{"embeddable":true,"href":"https:\/\/pflegedienst-wdomu.de\/pl\/wp-json\/wp\/v2\/users\/1"}],"replies":[{"embeddable":true,"href":"https:\/\/pflegedienst-wdomu.de\/pl\/wp-json\/wp\/v2\/comments?post=3612"}],"version-history":[{"count":10,"href":"https:\/\/pflegedienst-wdomu.de\/pl\/wp-json\/wp\/v2\/pages\/3612\/revisions"}],"predecessor-version":[{"id":5351,"href":"https:\/\/pflegedienst-wdomu.de\/pl\/wp-json\/wp\/v2\/pages\/3612\/revisions\/5351"}],"wp:attachment":[{"href":"https:\/\/pflegedienst-wdomu.de\/pl\/wp-json\/wp\/v2\/media?parent=3612"}],"curies":[{"name":"wp","href":"https:\/\/api.w.org\/{rel}","templated":true}]}}