{"id":4221,"date":"2024-05-15T12:37:46","date_gmt":"2024-05-15T10:37:46","guid":{"rendered":"https:\/\/pflegedienst-wdomu.de\/o-nas\/"},"modified":"2024-06-05T17:10:16","modified_gmt":"2024-06-05T15:10:16","slug":"o-nas","status":"publish","type":"page","link":"https:\/\/pflegedienst-wdomu.de\/pl\/o-nas\/","title":{"rendered":"O nas"},"content":{"rendered":"<p><div class=\"fusion-fullwidth fullwidth-box fusion-builder-row-1 fusion-flex-container has-pattern-background has-mask-background nonhundred-percent-fullwidth non-hundred-percent-height-scrolling\" style=\"--awb-border-radius-top-left:0px;--awb-border-radius-top-right:0px;--awb-border-radius-bottom-right:0px;--awb-border-radius-bottom-left:0px;--awb-padding-right:30px;--awb-padding-left:30px;--awb-flex-wrap:wrap;\" ><div class=\"fusion-builder-row fusion-row fusion-flex-align-items-flex-start fusion-flex-content-wrap\" style=\"max-width:1497.6px;margin-left: calc(-4% \/ 2 );margin-right: calc(-4% \/ 2 );\"><div class=\"fusion-layout-column fusion_builder_column fusion-builder-column-0 fusion_builder_column_1_1 1_1 fusion-flex-column\" style=\"--awb-bg-size:cover;--awb-width-large:100%;--awb-margin-top-large:0px;--awb-spacing-right-large:1.92%;--awb-margin-bottom-large:20px;--awb-spacing-left-large:1.92%;--awb-width-medium:100%;--awb-order-medium:0;--awb-spacing-right-medium:1.92%;--awb-spacing-left-medium:1.92%;--awb-width-small:100%;--awb-order-small:0;--awb-spacing-right-small:1.92%;--awb-spacing-left-small:1.92%;\"><div class=\"fusion-column-wrapper fusion-column-has-shadow fusion-flex-justify-content-flex-start fusion-content-layout-column\"><div class=\"fusion-text fusion-text-1\"><h1>Misja<\/h1>\n<h2>Chcemy pom\u00f3c ludziom \u017cy\u0107 niezale\u017cnie w znanym im otoczeniu pomimo choroby lub potrzeby pomocy.<\/h2>\n<\/div><\/div><\/div><div class=\"fusion-layout-column fusion_builder_column fusion-builder-column-1 fusion_builder_column_1_2 1_2 fusion-flex-column\" style=\"--awb-bg-size:cover;--awb-width-large:50%;--awb-margin-top-large:0px;--awb-spacing-right-large:3.84%;--awb-margin-bottom-large:20px;--awb-spacing-left-large:3.84%;--awb-width-medium:50%;--awb-order-medium:0;--awb-spacing-right-medium:3.84%;--awb-spacing-left-medium:3.84%;--awb-width-small:100%;--awb-order-small:0;--awb-spacing-right-small:1.92%;--awb-spacing-left-small:1.92%;\"><div class=\"fusion-column-wrapper fusion-column-has-shadow fusion-flex-justify-content-flex-start fusion-content-layout-column\"><div class=\"fusion-text fusion-text-2\"><p>Us\u0142uga opieki w Domu &#8211; w j\u0119zyku polskim oznacza w domu &#8211; zosta\u0142a za\u0142o\u017cona przez czterech opiekun\u00f3w w celu zapewnienia holistycznej i samodzielnej opieki. W naszych us\u0142ugach opieku\u0144czych \u0142\u0105czymy r\u00f3\u017cnorodno\u015b\u0107 j\u0119zykow\u0105 i wra\u017cliwo\u015b\u0107 kulturow\u0105, aby stworzy\u0107 dom dla os\u00f3b potrzebuj\u0105cych opieki. Naszym zobowi\u0105zaniem jest stworzenie wspieraj\u0105cego \u015brodowiska, kt\u00f3re przyjmuje ludzi niezale\u017cnie od ich pochodzenia, j\u0119zyka i historii \u017cycia.<\/p>\n<\/div><\/div><\/div><div class=\"fusion-layout-column fusion_builder_column fusion-builder-column-2 fusion_builder_column_1_2 1_2 fusion-flex-column\" style=\"--awb-bg-size:cover;--awb-width-large:50%;--awb-margin-top-large:0px;--awb-spacing-right-large:3.84%;--awb-margin-bottom-large:20px;--awb-spacing-left-large:3.84%;--awb-width-medium:50%;--awb-order-medium:0;--awb-spacing-right-medium:3.84%;--awb-spacing-left-medium:3.84%;--awb-width-small:100%;--awb-order-small:0;--awb-spacing-right-small:1.92%;--awb-spacing-left-small:1.92%;\"><div class=\"fusion-column-wrapper fusion-column-has-shadow fusion-flex-justify-content-flex-start fusion-content-layout-column\"><div class=\"fusion-text fusion-text-3\"><p>Nie tylko s\u0142uchamy &#8211; s\u0142uchamy, aby lepiej zrozumie\u0107 ich \u017cyczenia, obawy i rado\u015bci. Nasza opieka charakteryzuje si\u0119 przekonaniem, \u017ce to ma\u0142e gesty \u017cyczliwo\u015bci robi\u0105 r\u00f3\u017cnic\u0119. Podchodzimy do ludzi i tworzymy nie tylko profesjonaln\u0105 opiek\u0119, ale tak\u017ce ciep\u0142\u0105, rodzinn\u0105 atmosfer\u0119. Dla nas serdeczno\u015b\u0107 jest w centrum ka\u017cdego dzia\u0142ania piel\u0119gniarskiego; jeste\u015bmy nie tylko dostawcami us\u0142ug, ale tak\u017ce towarzyszami w podr\u00f3\u017cy \u017cycia.<\/p>\n<\/div><\/div><\/div><\/div><\/div><div class=\"fusion-fullwidth fullwidth-box fusion-builder-row-2 fusion-flex-container has-pattern-background has-mask-background nonhundred-percent-fullwidth non-hundred-percent-height-scrolling\" style=\"--awb-border-radius-top-left:0px;--awb-border-radius-top-right:0px;--awb-border-radius-bottom-right:0px;--awb-border-radius-bottom-left:0px;--awb-flex-wrap:wrap;\" ><div class=\"fusion-builder-row fusion-row fusion-flex-align-items-flex-start fusion-flex-content-wrap\" style=\"max-width:1497.6px;margin-left: calc(-4% \/ 2 );margin-right: calc(-4% \/ 2 );\"><div class=\"fusion-layout-column fusion_builder_column fusion-builder-column-3 fusion_builder_column_1_2 1_2 fusion-flex-column\" style=\"--awb-bg-size:cover;--awb-width-large:50%;--awb-margin-top-large:0px;--awb-spacing-right-large:3.84%;--awb-margin-bottom-large:20px;--awb-spacing-left-large:3.84%;--awb-width-medium:50%;--awb-order-medium:0;--awb-spacing-right-medium:3.84%;--awb-spacing-left-medium:3.84%;--awb-width-small:100%;--awb-order-small:0;--awb-spacing-right-small:1.92%;--awb-spacing-left-small:1.92%;\"><div class=\"fusion-column-wrapper fusion-column-has-shadow fusion-flex-justify-content-flex-start fusion-content-layout-column\"><div class=\"fusion-person person fusion-person-left fusion-person-1 fusion-person-icon-top\" style=\"--awb-pic-style-color:var(--awb-color8);--awb-pic-borderradius:0px;--awb-margin-top:0px;--awb-margin-right:0px;--awb-margin-bottom:0px;--awb-margin-left:0px;--awb-social-box-border-top:0px;--awb-social-box-border-right:0px;--awb-social-box-border-bottom:0px;--awb-social-box-border-left:0px;--awb-social-box-border-color:var(--awb-color3);--awb-social-box-border-color-hover:var(--awb-color4);--awb-social-box-colors-hover:var(--awb-color1);--awb-social-icon-boxed-colors:var(--awb-color2);--awb-social-icon-colors:var(--awb-color6);--awb-social-icon-colors-hover:var(--awb-color4);\"><div class=\"person-shortcode-image-wrapper\"><div class=\"person-image-container hover-type-none\" style=\"border:0px solid var(--awb-color3);-webkit-border-radius:0px;-moz-border-radius:0px;border-radius:0px;\"><img decoding=\"async\" class=\"person-img img-responsive wp-image-5144\" width=\"2560\" height=\"2012\" src=\"https:\/\/pflegedienst-wdomu.de\/wp-content\/uploads\/2024\/06\/reimann-1-scaled.jpg\" alt=\"Thomas Reimann\" srcset=\"https:\/\/pflegedienst-wdomu.de\/wp-content\/uploads\/2024\/06\/reimann-1-200x157.jpg 200w, https:\/\/pflegedienst-wdomu.de\/wp-content\/uploads\/2024\/06\/reimann-1-400x314.jpg 400w, https:\/\/pflegedienst-wdomu.de\/wp-content\/uploads\/2024\/06\/reimann-1-600x472.jpg 600w, https:\/\/pflegedienst-wdomu.de\/wp-content\/uploads\/2024\/06\/reimann-1-800x629.jpg 800w, https:\/\/pflegedienst-wdomu.de\/wp-content\/uploads\/2024\/06\/reimann-1-1200x943.jpg 1200w, https:\/\/pflegedienst-wdomu.de\/wp-content\/uploads\/2024\/06\/reimann-1-scaled.jpg 2560w\" sizes=\"(max-width: 640px) 100vw, 800px\" \/><\/div><\/div><div class=\"person-desc\" style=\"background-color:var(--awb-color1);padding:40px;margin-top:0;\"><div class=\"person-author\"><div class=\"person-author-wrapper\"><span class=\"person-name\">Thomas Reimann<\/span><span class=\"person-title\">Partner zarz\u0105dzaj\u0105cy<\/span><\/div><div class=\"fusion-social-networks\"><div class=\"fusion-social-networks-wrapper\"><a class=\"fusion-social-network-icon fusion-tooltip fusion-mail awb-icon-mail custom\" aria-label=\"fusion-mail\" href=\"mailto:t.&#114;e&#105;&#109;a&#110;&#110;&#064;&#119;&#100;om&#117;&#046;d&#101;\" target=\"_self\" style=\"color:var(--awb-color6);font-size:16px;\" data-placement=\"top\" data-title=\"Mail\" title=\"Mail\" data-toggle=\"tooltip\"><\/a><a class=\"fusion-social-network-icon fusion-tooltip fusion-phone awb-icon-phone custom\" aria-label=\"fusion-phone\" href=\"tel:02171.7949811\" target=\"_self\" style=\"color:var(--awb-color6);font-size:16px;\" data-placement=\"top\" data-title=\"Phone\" title=\"Phone\" data-toggle=\"tooltip\"><\/a><\/div><\/div><\/div><div class=\"person-content fusion-clearfix\">Thomas jest zarejestrowan\u0105 piel\u0119gniark\u0105 od ponad 20 lat i ma wieloletnie do\u015bwiadczenie zawodowe zar\u00f3wno w opiece ambulatoryjnej, jak i szpitalnej. W ci\u0105gu ostatnich 15 lat z powodzeniem pracowa\u0142 jako kierownik us\u0142ug opieku\u0144czych w dw\u00f3ch r\u00f3\u017cnych plac\u00f3wkach opieki ambulatoryjnej.<br \/>\nMocne strony: Ekspert od ran, wysoki poziom wiedzy piel\u0119gniarskiej i medycznej, Thomas opowiada si\u0119 za humanitaryzmem i aktywizuj\u0105c\u0105 opiek\u0105.<br \/>\nMotywacja: Thomas jest wizjonerem i przedsi\u0119biorc\u0105 z sercem i dusz\u0105. Chcia\u0142by wykorzysta\u0107 swoj\u0105 wiedz\u0119 i do\u015bwiadczenie, aby rozwija\u0107 firm\u0119 w najlepszy mo\u017cliwy spos\u00f3b. Wyznacza wysokie standardy dla siebie i swoich pracownik\u00f3w. Dla niego wa\u017cne jest, aby nigdy nie straci\u0107 zabawy w swojej pracy i ponownie umie\u015bci\u0107 ludzi na pierwszym planie.<br \/>\nCharakter: Uczciwy, dowcipny, ambitny, zdeterminowany, pewny siebie i ludzki.<\/div><\/div><\/div><\/div><\/div><div class=\"fusion-layout-column fusion_builder_column fusion-builder-column-4 fusion_builder_column_1_2 1_2 fusion-flex-column\" style=\"--awb-bg-size:cover;--awb-width-large:50%;--awb-margin-top-large:0px;--awb-spacing-right-large:3.84%;--awb-margin-bottom-large:20px;--awb-spacing-left-large:3.84%;--awb-width-medium:50%;--awb-order-medium:0;--awb-spacing-right-medium:3.84%;--awb-spacing-left-medium:3.84%;--awb-width-small:100%;--awb-order-small:0;--awb-spacing-right-small:1.92%;--awb-spacing-left-small:1.92%;\"><div class=\"fusion-column-wrapper fusion-column-has-shadow fusion-flex-justify-content-flex-start fusion-content-layout-column\"><div class=\"fusion-person person fusion-person-left fusion-person-2 fusion-person-icon-top\" style=\"--awb-pic-style-color:var(--awb-color8);--awb-pic-borderradius:0px;--awb-margin-top:0px;--awb-margin-right:0px;--awb-margin-bottom:0px;--awb-margin-left:0px;--awb-social-box-border-top:0px;--awb-social-box-border-right:0px;--awb-social-box-border-bottom:0px;--awb-social-box-border-left:0px;--awb-social-box-border-color:var(--awb-color3);--awb-social-box-border-color-hover:var(--awb-color4);--awb-social-box-colors-hover:var(--awb-color1);--awb-social-icon-boxed-colors:var(--awb-color2);--awb-social-icon-colors:var(--awb-color6);--awb-social-icon-colors-hover:var(--awb-color4);\"><div class=\"person-shortcode-image-wrapper\"><div class=\"person-image-container hover-type-none\" style=\"border:0px solid var(--awb-color3);-webkit-border-radius:0px;-moz-border-radius:0px;border-radius:0px;\"><img decoding=\"async\" class=\"person-img img-responsive wp-image-5121\" width=\"2560\" height=\"2012\" src=\"https:\/\/pflegedienst-wdomu.de\/wp-content\/uploads\/2024\/06\/catal-scaled.jpg\" alt=\"Suna Cataldegirmen\" srcset=\"https:\/\/pflegedienst-wdomu.de\/wp-content\/uploads\/2024\/06\/catal-200x157.jpg 200w, https:\/\/pflegedienst-wdomu.de\/wp-content\/uploads\/2024\/06\/catal-400x314.jpg 400w, https:\/\/pflegedienst-wdomu.de\/wp-content\/uploads\/2024\/06\/catal-600x472.jpg 600w, https:\/\/pflegedienst-wdomu.de\/wp-content\/uploads\/2024\/06\/catal-800x629.jpg 800w, https:\/\/pflegedienst-wdomu.de\/wp-content\/uploads\/2024\/06\/catal-1200x943.jpg 1200w, https:\/\/pflegedienst-wdomu.de\/wp-content\/uploads\/2024\/06\/catal-scaled.jpg 2560w\" sizes=\"(max-width: 640px) 100vw, 800px\" \/><\/div><\/div><div class=\"person-desc\" style=\"background-color:var(--awb-color1);padding:40px;margin-top:0;\"><div class=\"person-author\"><div class=\"person-author-wrapper\"><span class=\"person-name\">Suna Cataldegirmen<\/span><span class=\"person-title\">Partner zarz\u0105dzaj\u0105cy<\/span><\/div><div class=\"fusion-social-networks\"><div class=\"fusion-social-networks-wrapper\"><a class=\"fusion-social-network-icon fusion-tooltip fusion-mail awb-icon-mail custom\" aria-label=\"fusion-mail\" href=\"mailto:&#115;&#046;ca&#116;a&#108;d&#101;gi&#114;&#109;&#101;n&#064;wdom&#117;.&#100;e\" target=\"_self\" style=\"color:var(--awb-color6);font-size:16px;\" data-placement=\"top\" data-title=\"Mail\" title=\"Mail\" data-toggle=\"tooltip\"><\/a><a class=\"fusion-social-network-icon fusion-tooltip fusion-phone awb-icon-phone custom\" aria-label=\"fusion-phone\" href=\"tel:02171.7949812\" target=\"_self\" style=\"color:var(--awb-color6);font-size:16px;\" data-placement=\"top\" data-title=\"Phone\" title=\"Phone\" data-toggle=\"tooltip\"><\/a><\/div><\/div><\/div><div class=\"person-content fusion-clearfix\">Suna jest asystentk\u0105 medyczn\u0105. Posiada ponad 20-letnie do\u015bwiadczenie zawodowe w opiece ambulatoryjnej i szpitalnej. Wcze\u015bnie zdecydowa\u0142a si\u0119 na prac\u0119 w sektorze opieki. Suna ma du\u017c\u0105 wiedz\u0119 w dziedzinie cukrzycy i jest ekspertem od ran.<br \/>\nMotywacja: Suna od wielu lat ma wielk\u0105 pasj\u0119 do opieki i dobrego samopoczucia swoich klient\u00f3w. Jako wieloletnia piel\u0119gniarka wie, jak wa\u017cne jest nie tylko zapewnienie pacjentom opieki medycznej, ale tak\u017ce zapewnienie im wsparcia emocjonalnego i ludzkiej uwagi. To przekonanie nap\u0119dza firm\u0119 Suna do otwierania us\u0142ug opieki, kt\u00f3re charakteryzuj\u0105 si\u0119 empati\u0105, szacunkiem i profesjonalizmem.<br \/>\nCharakter: Wra\u017cliwy, ludzki, zorganizowany, ambitny, zdeterminowany i dociekliwy.<\/div><\/div><\/div><\/div><\/div><div class=\"fusion-layout-column fusion_builder_column fusion-builder-column-5 fusion_builder_column_1_2 1_2 fusion-flex-column\" style=\"--awb-bg-size:cover;--awb-width-large:50%;--awb-margin-top-large:0px;--awb-spacing-right-large:3.84%;--awb-margin-bottom-large:20px;--awb-spacing-left-large:3.84%;--awb-width-medium:50%;--awb-order-medium:0;--awb-spacing-right-medium:3.84%;--awb-spacing-left-medium:3.84%;--awb-width-small:100%;--awb-order-small:0;--awb-spacing-right-small:1.92%;--awb-spacing-left-small:1.92%;\"><div class=\"fusion-column-wrapper fusion-column-has-shadow fusion-flex-justify-content-flex-start fusion-content-layout-column\"><div class=\"fusion-person person fusion-person-left fusion-person-3 fusion-person-icon-top\" style=\"--awb-pic-style-color:var(--awb-color8);--awb-pic-borderradius:0px;--awb-margin-top:0px;--awb-margin-right:0px;--awb-margin-bottom:0px;--awb-margin-left:0px;--awb-social-box-border-top:0px;--awb-social-box-border-right:0px;--awb-social-box-border-bottom:0px;--awb-social-box-border-left:0px;--awb-social-box-border-color:var(--awb-color3);--awb-social-box-border-color-hover:var(--awb-color4);--awb-social-box-colors-hover:var(--awb-color1);--awb-social-icon-boxed-colors:var(--awb-color2);--awb-social-icon-colors:var(--awb-color6);--awb-social-icon-colors-hover:var(--awb-color4);\"><div class=\"person-shortcode-image-wrapper\"><div class=\"person-image-container hover-type-none\" style=\"border:0px solid var(--awb-color3);-webkit-border-radius:0px;-moz-border-radius:0px;border-radius:0px;\"><img decoding=\"async\" class=\"person-img img-responsive wp-image-5099\" width=\"2560\" height=\"2012\" src=\"https:\/\/pflegedienst-wdomu.de\/wp-content\/uploads\/2024\/06\/plutecki-scaled.jpg\" alt=\"Marlena Plutecki\" srcset=\"https:\/\/pflegedienst-wdomu.de\/wp-content\/uploads\/2024\/06\/plutecki-200x157.jpg 200w, https:\/\/pflegedienst-wdomu.de\/wp-content\/uploads\/2024\/06\/plutecki-400x314.jpg 400w, https:\/\/pflegedienst-wdomu.de\/wp-content\/uploads\/2024\/06\/plutecki-600x472.jpg 600w, https:\/\/pflegedienst-wdomu.de\/wp-content\/uploads\/2024\/06\/plutecki-800x629.jpg 800w, https:\/\/pflegedienst-wdomu.de\/wp-content\/uploads\/2024\/06\/plutecki-1200x943.jpg 1200w, https:\/\/pflegedienst-wdomu.de\/wp-content\/uploads\/2024\/06\/plutecki-scaled.jpg 2560w\" sizes=\"(max-width: 640px) 100vw, 800px\" \/><\/div><\/div><div class=\"person-desc\" style=\"background-color:var(--awb-color1);padding:40px;margin-top:0;\"><div class=\"person-author\"><div class=\"person-author-wrapper\"><span class=\"person-name\">Marlena Plutecki<\/span><span class=\"person-title\">Partner zarz\u0105dzaj\u0105cy, dyrektor ds. us\u0142ug piel\u0119gniarskich<\/span><\/div><div class=\"fusion-social-networks\"><div class=\"fusion-social-networks-wrapper\"><a class=\"fusion-social-network-icon fusion-tooltip fusion-mail awb-icon-mail custom\" aria-label=\"fusion-mail\" href=\"mailto:&#109;.&#112;lute&#099;&#107;i&#064;&#119;d&#111;&#109;u&#046;de\" target=\"_self\" style=\"color:var(--awb-color6);font-size:16px;\" data-placement=\"top\" data-title=\"Mail\" title=\"Mail\" data-toggle=\"tooltip\"><\/a><a class=\"fusion-social-network-icon fusion-tooltip fusion-phone awb-icon-phone custom\" aria-label=\"fusion-phone\" href=\"tel:02171.7949813\" target=\"_self\" style=\"color:var(--awb-color6);font-size:16px;\" data-placement=\"top\" data-title=\"Phone\" title=\"Phone\" data-toggle=\"tooltip\"><\/a><\/div><\/div><\/div><div class=\"person-content fusion-clearfix\">Marlena jest zarejestrowan\u0105 piel\u0119gniark\u0105 od 17 lat z do\u015bwiadczeniem zawodowym w opiece ambulatoryjnej i szpitalnej. Opr\u00f3cz dalszego szkolenia jako instruktor praktyczny, uczy\u0142a r\u00f3wnie\u017c jako wyk\u0142adowca w szko\u0142ach piel\u0119gniarskich, przekazuj\u0105c swoj\u0105 wiedz\u0119. W ostatnich latach Marlena uko\u0144czy\u0142a r\u00f3\u017cne dalsze i zaawansowane kursy szkoleniowe. Od 9 lat z powodzeniem pracuje jako kierownik us\u0142ug opieku\u0144czych.<br \/>\nMotywacja: Marlena ma wielk\u0105 pasj\u0119 do opieki i wnosi wielki entuzjazm do tej bran\u017cy. Dla nich najwa\u017cniejsi s\u0105 ludzie i ich indywidualno\u015b\u0107. Zak\u0142adaj\u0105c firm\u0119, Marlena chce zrealizowa\u0107 swoje marzenia i wizje oraz zrewolucjonizowa\u0107 sektor opieki.<br \/>\nCharakter: Ambitny, ludzki, niezawodny, zorientowany na rozwi\u0105zania, zorganizowany, zdeterminowany i zmotywowany.<\/div><\/div><\/div><\/div><\/div><div class=\"fusion-layout-column fusion_builder_column fusion-builder-column-6 fusion_builder_column_1_2 1_2 fusion-flex-column\" style=\"--awb-bg-size:cover;--awb-width-large:50%;--awb-margin-top-large:0px;--awb-spacing-right-large:3.84%;--awb-margin-bottom-large:20px;--awb-spacing-left-large:3.84%;--awb-width-medium:50%;--awb-order-medium:0;--awb-spacing-right-medium:3.84%;--awb-spacing-left-medium:3.84%;--awb-width-small:100%;--awb-order-small:0;--awb-spacing-right-small:1.92%;--awb-spacing-left-small:1.92%;\"><div class=\"fusion-column-wrapper fusion-column-has-shadow fusion-flex-justify-content-flex-start fusion-content-layout-column\"><div class=\"fusion-person person fusion-person-left fusion-person-4 fusion-person-icon-top\" style=\"--awb-pic-style-color:var(--awb-color8);--awb-pic-borderradius:0px;--awb-margin-top:0px;--awb-margin-right:0px;--awb-margin-bottom:0px;--awb-margin-left:0px;--awb-social-box-border-top:0px;--awb-social-box-border-right:0px;--awb-social-box-border-bottom:0px;--awb-social-box-border-left:0px;--awb-social-box-border-color:var(--awb-color3);--awb-social-box-border-color-hover:var(--awb-color4);--awb-social-box-colors-hover:var(--awb-color1);--awb-social-icon-boxed-colors:var(--awb-color2);--awb-social-icon-colors:var(--awb-color6);--awb-social-icon-colors-hover:var(--awb-color4);\"><div class=\"person-shortcode-image-wrapper\"><div class=\"person-image-container hover-type-none\" style=\"border:0px solid var(--awb-color3);-webkit-border-radius:0px;-moz-border-radius:0px;border-radius:0px;\"><img decoding=\"async\" class=\"person-img img-responsive wp-image-5104\" width=\"2560\" height=\"2012\" src=\"https:\/\/pflegedienst-wdomu.de\/wp-content\/uploads\/2024\/06\/pfeiffer-scaled.jpg\" alt=\"Isabelle Pfeiffer\" srcset=\"https:\/\/pflegedienst-wdomu.de\/wp-content\/uploads\/2024\/06\/pfeiffer-200x157.jpg 200w, https:\/\/pflegedienst-wdomu.de\/wp-content\/uploads\/2024\/06\/pfeiffer-400x314.jpg 400w, https:\/\/pflegedienst-wdomu.de\/wp-content\/uploads\/2024\/06\/pfeiffer-600x472.jpg 600w, https:\/\/pflegedienst-wdomu.de\/wp-content\/uploads\/2024\/06\/pfeiffer-800x629.jpg 800w, https:\/\/pflegedienst-wdomu.de\/wp-content\/uploads\/2024\/06\/pfeiffer-1200x943.jpg 1200w, https:\/\/pflegedienst-wdomu.de\/wp-content\/uploads\/2024\/06\/pfeiffer-scaled.jpg 2560w\" sizes=\"(max-width: 640px) 100vw, 800px\" \/><\/div><\/div><div class=\"person-desc\" style=\"background-color:var(--awb-color1);padding:40px;margin-top:0;\"><div class=\"person-author\"><div class=\"person-author-wrapper\"><span class=\"person-name\">Isabelle Pfeiffer<\/span><span class=\"person-title\">Partner zarz\u0105dzaj\u0105cy, zast\u0119pca partnera zarz\u0105dzaj\u0105cego Zarz\u0105dzanie us\u0142ugami piel\u0119gniarskimi<\/span><\/div><div class=\"fusion-social-networks\"><div class=\"fusion-social-networks-wrapper\"><a class=\"fusion-social-network-icon fusion-tooltip fusion-mail awb-icon-mail custom\" aria-label=\"fusion-mail\" href=\"mailto:i.&#112;&#102;eiffe&#114;&#064;wd&#111;m&#117;.de\" target=\"_self\" style=\"color:var(--awb-color6);font-size:16px;\" data-placement=\"top\" data-title=\"Mail\" title=\"Mail\" data-toggle=\"tooltip\"><\/a><a class=\"fusion-social-network-icon fusion-tooltip fusion-phone awb-icon-phone custom\" aria-label=\"fusion-phone\" href=\"tel:02171.7949816\" target=\"_self\" style=\"color:var(--awb-color6);font-size:16px;\" data-placement=\"top\" data-title=\"Phone\" title=\"Phone\" data-toggle=\"tooltip\"><\/a><\/div><\/div><\/div><div class=\"person-content fusion-clearfix\">Isabelle jest zarejestrowan\u0105 piel\u0119gniark\u0105 od 20 lat i ma wieloletnie do\u015bwiadczenie zawodowe w opiece ambulatoryjnej i szpitalnej. Od wielu lat pracuje jako ekspert ds. ran. Ten obszar jest jej pasj\u0105. Isabelle jest r\u00f3wnie\u017c wykwalifikowanym instruktorem praktycznym i z powodzeniem przeprowadzi\u0142a ju\u017c wielu sta\u017cyst\u00f3w przez ich szkolenie. Przez ostatnie 3 lata Isabelle pracowa\u0142a jako zast\u0119pca dyrektora ds. piel\u0119gniarstwa.<br \/>\nMotywacja: Wnoszenie wa\u017cnego wk\u0142adu w spo\u0142ecze\u0144stwo dzi\u0119ki mojemu zaanga\u017cowaniu. Aby m\u00f3c opiekowa\u0107 si\u0119 osobami wymagaj\u0105cymi opieki piel\u0119gniarskiej w domu tak d\u0142ugo, jak to mo\u017cliwe, poprzez nasze zarz\u0105dzanie us\u0142ugami piel\u0119gniarskimi. Isabelle przywi\u0105zuje du\u017c\u0105 wag\u0119 do intensywnego kontaktu poprzez \u015bwiadczon\u0105 opiek\u0119. W tej firmie chcia\u0142aby realizowa\u0107 swoje wizje i pomys\u0142y.<br \/>\nCharakter: Zdeterminowany, zorganizowany, ludzki, ambitny, dowcipny i komunikatywny.<\/div><\/div><\/div><\/div><\/div><\/div><\/div><\/p>\n","protected":false},"excerpt":{"rendered":"","protected":false},"author":1,"featured_media":0,"parent":0,"menu_order":0,"comment_status":"closed","ping_status":"closed","template":"","meta":{"inline_featured_image":false,"footnotes":""},"class_list":["post-4221","page","type-page","status-publish","hentry"],"_links":{"self":[{"href":"https:\/\/pflegedienst-wdomu.de\/pl\/wp-json\/wp\/v2\/pages\/4221","targetHints":{"allow":["GET"]}}],"collection":[{"href":"https:\/\/pflegedienst-wdomu.de\/pl\/wp-json\/wp\/v2\/pages"}],"about":[{"href":"https:\/\/pflegedienst-wdomu.de\/pl\/wp-json\/wp\/v2\/types\/page"}],"author":[{"embeddable":true,"href":"https:\/\/pflegedienst-wdomu.de\/pl\/wp-json\/wp\/v2\/users\/1"}],"replies":[{"embeddable":true,"href":"https:\/\/pflegedienst-wdomu.de\/pl\/wp-json\/wp\/v2\/comments?post=4221"}],"version-history":[{"count":10,"href":"https:\/\/pflegedienst-wdomu.de\/pl\/wp-json\/wp\/v2\/pages\/4221\/revisions"}],"predecessor-version":[{"id":5192,"href":"https:\/\/pflegedienst-wdomu.de\/pl\/wp-json\/wp\/v2\/pages\/4221\/revisions\/5192"}],"wp:attachment":[{"href":"https:\/\/pflegedienst-wdomu.de\/pl\/wp-json\/wp\/v2\/media?parent=4221"}],"curies":[{"name":"wp","href":"https:\/\/api.w.org\/{rel}","templated":true}]}}