{"id":4228,"date":"2024-05-16T10:06:51","date_gmt":"2024-05-16T08:06:51","guid":{"rendered":"https:\/\/pflegedienst-wdomu.de\/koncepcja-opieki\/"},"modified":"2024-11-23T15:02:16","modified_gmt":"2024-11-23T14:02:16","slug":"koncepcja-opieki","status":"publish","type":"page","link":"https:\/\/pflegedienst-wdomu.de\/pl\/koncepcja-opieki\/","title":{"rendered":"Koncepcja opieki"},"content":{"rendered":"<div class=\"fusion-fullwidth fullwidth-box fusion-builder-row-1 fusion-flex-container has-pattern-background has-mask-background hundred-percent-fullwidth non-hundred-percent-height-scrolling\" style=\"--awb-border-radius-top-left:0px;--awb-border-radius-top-right:0px;--awb-border-radius-bottom-right:0px;--awb-border-radius-bottom-left:0px;--awb-padding-top:30px;--awb-padding-bottom:0px;--awb-margin-top:0px;--awb-margin-bottom:0px;--awb-background-color:var(--awb-color1);--awb-flex-wrap:wrap;\" ><div class=\"fusion-builder-row fusion-row fusion-flex-align-items-center fusion-flex-justify-content-center fusion-flex-content-wrap\" style=\"width:104% !important;max-width:104% !important;margin-left: calc(-4% \/ 2 );margin-right: calc(-4% \/ 2 );\"><div class=\"fusion-layout-column fusion_builder_column fusion-builder-column-0 fusion_builder_column_1_1 1_1 fusion-flex-column\" style=\"--awb-bg-size:cover;--awb-width-large:100%;--awb-margin-top-large:0px;--awb-spacing-right-large:1.92%;--awb-margin-bottom-large:20px;--awb-spacing-left-large:1.92%;--awb-width-medium:100%;--awb-order-medium:0;--awb-spacing-right-medium:1.92%;--awb-spacing-left-medium:1.92%;--awb-width-small:100%;--awb-order-small:0;--awb-spacing-right-small:1.92%;--awb-spacing-left-small:1.92%;\" data-scroll-devices=\"small-visibility,medium-visibility,large-visibility\"><div class=\"fusion-column-wrapper fusion-column-has-shadow fusion-flex-justify-content-flex-start fusion-content-layout-column\"><div class=\"fusion-text fusion-text-1\"><h1 style=\"text-align: center;\">Nasza koncepcja opieki<\/h1>\n<p>wDomu &#8211; Ihr Pflegedienst to us\u0142uga opieki ambulatoryjnej oparta na serdeczno\u015bci, holistycznym podej\u015bciu, wysokim poziomie wiedzy specjalistycznej i g\u0142\u0119bokim zrozumieniu opieki. Integracja r\u00f3\u017cnych j\u0119zyk\u00f3w, zwyczaj\u00f3w i kultur odgrywa dla nas wa\u017cn\u0105 rol\u0119. Indywidualno\u015b\u0107 i samodzielne \u017cycie s\u0105 dla nas szczeg\u00f3lnie wa\u017cne.  <\/p>\n<h2 style=\"text-align: center;\">Nasze rozumienie opieki<\/h2>\n<h3 style=\"text-align: center;\">Samostanowienie<\/h3>\n<p>Samostanowienie w \u015brodowisku domowym jest g\u0142\u00f3wnym celem us\u0142ugi opieki wDomu, kt\u00f3ra wspiera naszych klient\u00f3w w pozostaniu w znanym im otoczeniu. Oznacza to<\/p>\n<ul>\n<li>\nZaanga\u017cowanie klienta Nasi klienci powinni by\u0107 zaanga\u017cowani we wszystkie decyzje dotycz\u0105ce ich opieki. Szczeg\u00f3lnie wa\u017cne jest dla nas informowanie naszych klient\u00f3w o wszystkich opcjach leczenia, aby mieli mo\u017cliwo\u015b\u0107 aktywnego kszta\u0142towania swojej opieki. Je\u015bli istniej\u0105 bariery j\u0119zykowe, zapewniamy informacje i porady w kilku j\u0119zykach.  <\/li>\n<li>\nPromowanie samostanowienia Planowanie opieki opiera si\u0119 na \u017cyczeniach i potrzebach os\u00f3b wymagaj\u0105cych opieki oraz promuje ich wolno\u015b\u0107 wyboru i niezale\u017cno\u015b\u0107. Zachowanie przyzwyczaje\u0144 jest dla nas szczeg\u00f3lnie wa\u017cne, dlatego opieka ma na celu zachowanie codziennej rutyny i nawyk\u00f3w os\u00f3b wymagaj\u0105cych opieki w jak najwi\u0119kszym stopniu, aby stworzy\u0107 poczucie normalno\u015bci i ci\u0105g\u0142o\u015bci. <\/li>\n<\/ul>\n<h3 style=\"text-align: center;\">Indywidualno\u015b\u0107<\/h3>\n<p>Nasze us\u0142ugi opieki uznaj\u0105 indywidualno\u015b\u0107 ka\u017cdej osoby za wyj\u0105tkow\u0105. Uznajemy i szanujemy r\u00f3\u017cnice w osobowo\u015bci, historii \u017cycia, pochodzeniu kulturowym i osobistych potrzebach. Oferujemy spersonalizowan\u0105 opiek\u0119, kt\u00f3ra jest dostosowana do konkretnych cech i \u017cycze\u0144 danej osoby.  <\/p>\n<ul>\n<li>\nPodstawowe zasady indywidualno\u015bci w opiece Ka\u017cda osoba jest traktowana jako wyj\u0105tkowa jednostka, kt\u00f3rej do\u015bwiadczenia, \u017cyczenia i potrzeby s\u0105 szanowane. Ta postawa determinuje wszystkie interakcje i dzia\u0142ania zwi\u0105zane z opiek\u0105. <\/li>\n<li>\nIndywidualne planowanie i wdra\u017canie opieki Planowanie i wdra\u017canie opieki opiera si\u0119 na indywidualnej biografii, preferencjach i zasobach osoby wymagaj\u0105cej opieki. W razie potrzeby przeprowadzamy wywiad biograficzny, zbieramy histori\u0119 \u017cycia i do\u015bwiadczenia klienta, co pomaga nam lepiej zrozumie\u0107 jego \u017cyczenia i potrzeby oraz wzi\u0105\u0107 pod uwag\u0119 jego upodobania i antypatie. Cele opieki osobistej s\u0105 definiowane wsp\u00f3lnie z klientem i, w stosownych przypadkach, jego krewnymi. Cele te odzwierciedlaj\u0105 indywidualne \u017cyczenia i potrzeby oraz s\u0142u\u017c\u0105 jako podstawa planowania opieki. Nasze plany opieki nie s\u0105 sztywne, ale zaprojektowane tak, aby by\u0142y elastyczne, tak aby\u015bmy mogli reagowa\u0107 na zmiany w stanie lub \u017cyczeniach klienta.    <\/li>\n<\/ul>\n<h3 style=\"text-align: center;\"><strong>Pe\u0142ne szacunku i uznania relacje opieku\u0144cze s\u0105 dla nas oczywisto\u015bci\u0105!<\/strong><\/h3>\n<p>Nasz personel opieku\u0144czy wykazuje empati\u0119 i szacunek dla uczu\u0107, przekona\u0144 i nawyk\u00f3w naszych klient\u00f3w. Otwarta i pe\u0142na szacunku komunikacja jest dla nas kluczowa i bardzo wa\u017cna, dlatego po\u015bwi\u0119camy czas na s\u0142uchanie i dzielenie si\u0119 obawami i zmartwieniami. <\/p>\n<h3 style=\"text-align: center;\">Integracja r\u00f3\u017cnych j\u0119zyk\u00f3w, zwyczaj\u00f3w i kultur<\/h3>\n<p>W naszych us\u0142ugach opieku\u0144czych \u0142\u0105czymy r\u00f3\u017cnorodno\u015b\u0107 j\u0119zykow\u0105 i wra\u017cliwo\u015b\u0107 kulturow\u0105, aby stworzy\u0107 ciep\u0142y dom dla os\u00f3b wymagaj\u0105cych opieki. Naszym celem jest stworzenie wspieraj\u0105cego \u015brodowiska, kt\u00f3re wita ludzi bez wzgl\u0119du na ich pochodzenie, j\u0119zyk czy histori\u0119 \u017cycia. <\/p>\n<ul>\n<li>\nWra\u017cliwo\u015b\u0107 kulturowa Nasz personel piel\u0119gniarski jest przeszkolony w zakresie kompetencji mi\u0119dzykulturowych, aby z szacunkiem i wyczuciem radzi\u0107 sobie z r\u00f3\u017cnicami kulturowymi. Obejmuje to zwyczaje religijne, tradycje, nawyki \u017cywieniowe i struktury rodzinne. <\/li>\n<li>\nWsparcie j\u0119zykowe Jeste\u015bmy wieloj\u0119zycznym zespo\u0142em, kt\u00f3ry pos\u0142uguje si\u0119 czterema r\u00f3\u017cnymi j\u0119zykami, a tak\u017ce wsp\u00f3\u0142pracuje z aplikacjami do t\u0142umacze\u0144 j\u0119zykowych.<\/li>\n<\/ul>\n<h3 style=\"text-align: center;\">Aktywacja opieki<\/h3>\n<p>Opieka aktywizuj\u0105ca jest dla nas bardzo wa\u017cna i przywi\u0105zujemy du\u017c\u0105 wag\u0119 do zach\u0119cania naszych klient\u00f3w do samodzielno\u015bci i aktywno\u015bci. Zamiast ca\u0142kowicie przejmowa\u0107 czynno\u015bci, wspieramy i motywujemy ich, aby robili jak najwi\u0119cej samodzielnie. W ten spos\u00f3b d\u0105\u017cymy do utrzymania lub poprawy zdolno\u015bci fizycznych, umys\u0142owych i emocjonalnych oraz podniesienia jako\u015bci \u017cycia.  <\/p>\n<ul>\n<li>\nZorientowanie na zasoby Opieka jest ukierunkowana na istniej\u0105ce umiej\u0119tno\u015bci i zasoby. Zamiast skupia\u0107 si\u0119 na deficytach, indywidualne mocne strony i potencja\u0142y s\u0105 rozpoznawane i promowane. <\/li>\n<li>\nMotywacja i zach\u0119ta Nasi opiekunowie zach\u0119caj\u0105 i wspieraj\u0105 osoby dotkni\u0119te chorob\u0105 do samodzielnego podejmowania zada\u0144. Zapewniamy tylko tyle wsparcia, ile jest absolutnie konieczne, a tam, gdzie to konieczne, pomagamy i zach\u0119camy do niezale\u017cno\u015bci naszych klient\u00f3w, kt\u00f3rzy s\u0105 aktywnie zaanga\u017cowani w decyzje wp\u0142ywaj\u0105ce na ich opiek\u0119. W zale\u017cno\u015bci od ich stanu, istniej\u0105 ograniczenia co do ilo\u015bci opieki aktywizuj\u0105cej, kt\u00f3r\u0105 mo\u017cna zapewni\u0107, co oznacza, \u017ce opieka wyr\u00f3wnawcza mo\u017ce by\u0107 konieczna w zale\u017cno\u015bci od ich stanu zdrowia i obci\u0105\u017cenia psychicznego.  <\/li>\n<\/ul>\n<h2 style=\"text-align: center;\">Jak wdra\u017camy opiek\u0119<\/h2>\n<h3 style=\"text-align: center;\">Opieka referencyjna<\/h3>\n<p>Opieka referencyjna jest centralnym elementem naszej koncepcji opieki. Chcemy promowa\u0107 rozw\u00f3j zaufania mi\u0119dzy osob\u0105 potrzebuj\u0105c\u0105 opieki a jej krewnymi, zapewniaj\u0105c opiek\u0119 referencyjn\u0105. Nasza us\u0142uga opieki umo\u017cliwia przezwyci\u0119\u017cenie mi\u0119dzykulturowych barier j\u0119zykowych z pomoc\u0105 naszego wieloj\u0119zycznego personelu i zapewnienie odpowiedniego wsparcia.  <\/p>\n<ul>\n<li>\nCi\u0105g\u0142o\u015b\u0107 opieki Ju\u017c podczas wst\u0119pnych konsultacji staramy si\u0119 okre\u015bli\u0107, kt\u00f3rzy pracownicy najlepiej pasuj\u0105 do osoby wymagaj\u0105cej opieki. Zapewniamy mi\u0119dzy innymi, \u017ce j\u0119zyk i kultura klienta s\u0105 brane pod uwag\u0119. Nasi klienci s\u0105 nast\u0119pnie przydzielani do wycieczki, kt\u00f3ra jest zwykle prowadzona przez dw\u00f3ch opiekun\u00f3w, kt\u00f3rzy nast\u0119pnie dzia\u0142aj\u0105 jako osoby referencyjne.  <\/li>\n<li>\nBudowanie zaufania Regularny kontakt tworzy relacj\u0119 zaufania mi\u0119dzy naszymi klientami a naszymi opiekunami, co sprzyja otwartej komunikacji i zrozumieniu. Je\u015bli opiekun m\u00f3wi tym samym j\u0119zykiem lub ma podobne pochodzenie kulturowe do naszych klient\u00f3w, mo\u017cna unikn\u0105\u0107 nieporozumie\u0144 i u\u0142atwi\u0107 komunikacj\u0119. Powinno to prowadzi\u0107 do tego, \u017ce nasi klienci b\u0119d\u0105 czuli si\u0119 bardziej komfortowo i bezpiecznie, co poprawi jako\u015b\u0107 opieki.  <\/li>\n<\/ul>\n<h3 style=\"text-align: center;\">Wsp\u00f3\u0142praca z krewnymi i innymi grupami zawodowymi<\/h3>\n<p>Dla nas \u015bcis\u0142a wsp\u00f3\u0142praca mi\u0119dzy wszystkimi zaanga\u017cowanymi stronami zajmuje centralne miejsce w celu zagwarantowania kompleksowego wsparcia dla naszych klient\u00f3w. W ten spos\u00f3b zapewniamy ca\u0142o\u015bciowe i zindywidualizowane wsparcie. <\/p>\n<ul>\n<li>\nDoradztwo i informacje dla krewnych Krewni s\u0105 regularnie informowani o stanie zdrowia pacjenta. Je\u015bli stan zdrowia poprawia si\u0119 lub pogarsza, jest to niezw\u0142ocznie przekazywane. W ten spos\u00f3b zapewniamy przejrzysto\u015b\u0107 i mo\u017cliwo\u015b\u0107 wsp\u00f3lnego podejmowania decyzji.  <\/li>\n<li>\nCi\u0105g\u0142a komunikacja z lekarzami Lekarze s\u0105 informowani o wszystkich istotnych zmianach w stanie zdrowia pacjenta. Jest to wa\u017cne, aby decyzje medyczne opiera\u0142y si\u0119 na aktualnych informacjach i w razie potrzeby mo\u017cna by\u0142o wprowadzi\u0107 zmiany w leczeniu. Je\u015bli istniej\u0105 bariery j\u0119zykowe, zapewniamy wsparcie i pomoc w t\u0142umaczeniach, wyja\u015bnianiu i doradzaniu w j\u0119zyku ojczystym pacjenta.  <\/li>\n<li>\nDokumentacja Family Connect Oferujemy naszym klientom i krewnym cyfrow\u0105 dokumentacj\u0119 opieki. Ten rodzaj dokumentacji oferuje przejrzysty i skuteczny spos\u00f3b wymiany informacji o przebiegu opieki i udost\u0119pniania wa\u017cnych szczeg\u00f3\u0142\u00f3w w dowolnym momencie. Dokumentacja cyfrowa zapewnia dost\u0119p do raport\u00f3w dotycz\u0105cych opieki, aktualnego planu leczenia i parametr\u00f3w \u017cyciowych.  <\/li>\n<\/ul>\n<h3 style=\"text-align: center;\">Dokumentacja<\/h3>\n<p>Nasza us\u0142uga opieki wDomu wsp\u00f3\u0142pracuje z narz\u0119dziem dokumentacji SIS\u00ae, strukturalnym modelem opieki. Upraszcza to proces opieki, a jednocze\u015bnie zapewnia wysok\u0105 jako\u015b\u0107 opieki i zapewnia holistyczn\u0105 i zindywidualizowan\u0105 opiek\u0119. Profesjonalna ocena sytuacji w zakresie opieki i wsparcia opiera si\u0119 na sze\u015bciu obszarach tematycznych. Wszystkie istotne potrzeby w zakresie pomocy i opieki mog\u0105 by\u0107 rejestrowane w tych obszarach.   <\/p>\n<ul>\n<li>Poznanie i komunikacja<\/li>\n<li>Mobilno\u015b\u0107 i ruch<\/li>\n<li>Wymagania i stres zwi\u0105zane z chorob\u0105<\/li>\n<li>Samowystarczalno\u015b\u0107<\/li>\n<li>\u017bycie w relacjach spo\u0142ecznych<\/li>\n<li>Zarz\u0105dzanie gospodarstwem domowym<\/li>\n<\/ul>\n<p>Ponadto wype\u0142niana jest matryca ryzyka w celu rozpoznania zagro\u017ce\u0144 piel\u0119gnacyjnych, takich jak odle\u017cyny, upadki, nietrzymanie moczu, niedo\u017cywienie i b\u00f3l lub inne zagro\u017cenia. Konsultacje zawsze odbywaj\u0105 si\u0119 przed planowaniem, aby nasi klienci mogli wykorzysta\u0107 je jako podstaw\u0119 do podj\u0119cia decyzji o \u015brodkach, kt\u00f3re nale\u017cy wdro\u017cy\u0107. Plan dzia\u0142ania jest nast\u0119pnie dostosowywany do indywidualnych potrzeb i stanu klienta.<br \/>\nWszystkie zaplanowane odchylenia, a tak\u017ce wa\u017cne obserwacje i szczeg\u00f3lne cechy zdrowotne s\u0105 dokumentowane w raporcie z opieki. Kontrole nast\u0119pcze s\u0105 przeprowadzane w przypadku ostrych incydent\u00f3w i w indywidualnie okre\u015blonych odst\u0119pach czasu. Og\u00f3lna sytuacja powinna by\u0107 jednak oceniana co najmniej dwa razy w roku. Wynik jest zapisywany w raporcie z opieki.     <\/p>\n<h2 style=\"text-align: center;\">Jak zapewniamy nasz\u0105 jako\u015b\u0107<\/h2>\n<p>Nasza us\u0142uga opieki wDomu posiada odpowiednie \u015brodki zapewnienia jako\u015bci, aby zapewni\u0107 naszym klientom niezawodn\u0105, profesjonaln\u0105 i godn\u0105 opiek\u0119 w ich \u015brodowisku domowym. Przejrzysty proces opieki, regularne szkolenia oraz wewn\u0119trzne i zewn\u0119trzne kontrole jako\u015bci s\u0105 niezb\u0119dne do spe\u0142nienia i ci\u0105g\u0142ego doskonalenia wysokich wymaga\u0144 stawianych opiece ambulatoryjnej. <\/p>\n<h3 style=\"text-align: center;\">\u015arodki zapewnienia jako\u015bci<\/h3>\n<ul>\n<li>\n<p>Szkolenia i dokszta\u0142canie Nasi pracownicy przechodz\u0105 regularne szkolenia wewn\u0119trzne i zewn\u0119trzne, aby mie\u0107 pewno\u015b\u0107, \u017ce zawsze s\u0105 na bie\u017c\u0105co z najnowsz\u0105 wiedz\u0105 z zakresu opieki. Nowa wiedza z zakresu opieki jest integrowana w celu utrzymania kompetencji zawodowych. Nasi pracownicy maj\u0105 bezp\u0142atny dost\u0119p do specjalistycznej literatury. <\/li>\n<li>\nStandardy eksperckie i standardy higieny opieki Dysponujemy pisemnymi, ustandaryzowanymi instrukcjami proceduralnymi, aby zapewni\u0107, \u017ce opieka jest wykonywana w profesjonalnie prawid\u0142owy spos\u00f3b.<\/li>\n<li>\nWizyty kontrolne W regularnych odst\u0119pach czasu dokonujemy przegl\u0105du \u015brodk\u00f3w opieki na miejscu.<\/li>\n<li>\nPrzegl\u0105dy przypadk\u00f3w Przeprowadzamy regularne przegl\u0105dy przypadk\u00f3w, podczas kt\u00f3rych szczeg\u00f3\u0142owo omawiamy z\u0142o\u017cone sytuacje zwi\u0105zane z opiek\u0105, aby zapewni\u0107 najlepsz\u0105 mo\u017cliw\u0105 opiek\u0119.<\/li>\n<li>\nKo\u0142o jako\u015bci Spotykamy si\u0119 regularnie w grupie roboczej, aby zastanowi\u0107 si\u0119 nad jako\u015bci\u0105 opieki, zidentyfikowa\u0107 problemy i opracowa\u0107 sugestie dotycz\u0105ce poprawy.<\/li>\n<li>\nZarz\u0105dzanie skargami Posiadamy system zarz\u0105dzania skargami, kt\u00f3ry umo\u017cliwia klientom lub krewnym krytykowanie nas lub zg\u0142aszanie sugestii dotycz\u0105cych ulepsze\u0144. Skargi s\u0105 rozpatrywane niezw\u0142ocznie. <\/li>\n<li>\nZadowolenie klienta Zadowolenie jest dla nas szczeg\u00f3lnie wa\u017cne, dlatego regularnie przeprowadzamy ankiety w\u015br\u00f3d klient\u00f3w.<\/li>\n<\/ul>\n<\/div><\/div><\/div><\/div><\/div>\n","protected":false},"excerpt":{"rendered":"","protected":false},"author":1,"featured_media":0,"parent":0,"menu_order":0,"comment_status":"closed","ping_status":"closed","template":"100-width.php","meta":{"inline_featured_image":false,"footnotes":""},"class_list":["post-4228","page","type-page","status-publish","hentry"],"_links":{"self":[{"href":"https:\/\/pflegedienst-wdomu.de\/pl\/wp-json\/wp\/v2\/pages\/4228","targetHints":{"allow":["GET"]}}],"collection":[{"href":"https:\/\/pflegedienst-wdomu.de\/pl\/wp-json\/wp\/v2\/pages"}],"about":[{"href":"https:\/\/pflegedienst-wdomu.de\/pl\/wp-json\/wp\/v2\/types\/page"}],"author":[{"embeddable":true,"href":"https:\/\/pflegedienst-wdomu.de\/pl\/wp-json\/wp\/v2\/users\/1"}],"replies":[{"embeddable":true,"href":"https:\/\/pflegedienst-wdomu.de\/pl\/wp-json\/wp\/v2\/comments?post=4228"}],"version-history":[{"count":10,"href":"https:\/\/pflegedienst-wdomu.de\/pl\/wp-json\/wp\/v2\/pages\/4228\/revisions"}],"predecessor-version":[{"id":5368,"href":"https:\/\/pflegedienst-wdomu.de\/pl\/wp-json\/wp\/v2\/pages\/4228\/revisions\/5368"}],"wp:attachment":[{"href":"https:\/\/pflegedienst-wdomu.de\/pl\/wp-json\/wp\/v2\/media?parent=4228"}],"curies":[{"name":"wp","href":"https:\/\/api.w.org\/{rel}","templated":true}]}}