{"id":3481,"date":"2022-08-09T08:51:39","date_gmt":"2022-08-09T06:51:39","guid":{"rendered":"https:\/\/pflegedienst-domu.de\/hos-geldiniz\/"},"modified":"2024-08-09T20:58:24","modified_gmt":"2024-08-09T18:58:24","slug":"hos-geldiniz","status":"publish","type":"page","link":"https:\/\/pflegedienst-wdomu.de\/tr\/","title":{"rendered":"Ho\u015f geldiniz"},"content":{"rendered":"<p><div class=\"fusion-fullwidth fullwidth-box fusion-builder-row-1 fusion-flex-container has-pattern-background has-mask-background hundred-percent-fullwidth non-hundred-percent-height-scrolling\" style=\"--awb-border-radius-top-left:0px;--awb-border-radius-top-right:0px;--awb-border-radius-bottom-right:0px;--awb-border-radius-bottom-left:0px;--awb-padding-top:15px;--awb-margin-top:0px;--awb-margin-bottom:0px;--awb-flex-wrap:wrap;\" ><div class=\"fusion-builder-row fusion-row fusion-flex-align-items-center fusion-flex-justify-content-center fusion-flex-content-wrap\" style=\"width:104% !important;max-width:104% !important;margin-left: calc(-4% \/ 2 );margin-right: calc(-4% \/ 2 );\"><div class=\"fusion-layout-column fusion_builder_column fusion-builder-column-0 fusion_builder_column_1_1 1_1 fusion-flex-column\" style=\"--awb-bg-size:cover;--awb-width-large:100%;--awb-margin-top-large:0px;--awb-spacing-right-large:1.92%;--awb-margin-bottom-large:20px;--awb-spacing-left-large:1.92%;--awb-width-medium:100%;--awb-order-medium:0;--awb-spacing-right-medium:1.92%;--awb-spacing-left-medium:1.92%;--awb-width-small:100%;--awb-order-small:0;--awb-spacing-right-small:1.92%;--awb-spacing-left-small:1.92%;\"><div class=\"fusion-column-wrapper fusion-column-has-shadow fusion-flex-justify-content-flex-start fusion-content-layout-column\"><div class=\"fusion-text fusion-text-1\"><h1>Sizin i\u00e7in orada.<\/h1>\n<h2>Her bak\u0131m durumu kendine \u00f6zg\u00fcd\u00fcr. \u00c7\u00fcnk\u00fc her insan\u0131n, her ailenin kendi hikayesi vard\u0131r.<\/h2>\n<\/div><\/div><\/div><div class=\"fusion-layout-column fusion_builder_column fusion-builder-column-1 fusion_builder_column_1_2 1_2 fusion-flex-column\" style=\"--awb-bg-size:cover;--awb-width-large:50%;--awb-margin-top-large:0px;--awb-spacing-right-large:3.84%;--awb-margin-bottom-large:20px;--awb-spacing-left-large:3.84%;--awb-width-medium:50%;--awb-order-medium:0;--awb-spacing-right-medium:3.84%;--awb-spacing-left-medium:3.84%;--awb-width-small:100%;--awb-order-small:0;--awb-spacing-right-small:1.92%;--awb-spacing-left-small:1.92%;\"><div class=\"fusion-column-wrapper fusion-column-has-shadow fusion-flex-justify-content-flex-start fusion-content-layout-column\"><div class=\"fusion-text fusion-text-2\"><p>Bir ayakta bak\u0131m hizmeti olarak, bak\u0131ma muhta\u00e7 insanlara sayg\u0131 ve haysiyetle davranmak kalbimize yak\u0131n bir konudur! Leverkusen ve \u00e7evresindeki b\u00f6lgelerde size e\u015flik ediyoruz. Tan\u0131d\u0131k \u00e7evrenizde kalmak ister misiniz? Bu konuda sizi destekliyoruz &#8211; ki\u015fisel ihtiya\u00e7lar\u0131n\u0131za h\u0131zl\u0131 ve profesyonel bir \u015fekilde yan\u0131t veriyoruz. Bak\u0131m\u0131m\u0131z sadece fiziksel bak\u0131m\u0131n \u00f6tesine ge\u00e7mektedir. Her insan i\u00e7in empati ve anlay\u0131\u015f ile karakterize edilir.<\/p>\n<\/div><\/div><\/div><div class=\"fusion-layout-column fusion_builder_column fusion-builder-column-2 fusion_builder_column_1_2 1_2 fusion-flex-column\" style=\"--awb-bg-size:cover;--awb-width-large:50%;--awb-margin-top-large:0px;--awb-spacing-right-large:3.84%;--awb-margin-bottom-large:20px;--awb-spacing-left-large:3.84%;--awb-width-medium:50%;--awb-order-medium:0;--awb-spacing-right-medium:3.84%;--awb-spacing-left-medium:3.84%;--awb-width-small:100%;--awb-order-small:0;--awb-spacing-right-small:1.92%;--awb-spacing-left-small:1.92%;\"><div class=\"fusion-column-wrapper fusion-column-has-shadow fusion-flex-justify-content-flex-start fusion-content-layout-column\"><div class=\"fusion-text fusion-text-3\"><p>Herkes e\u015fsizdir ve amac\u0131m\u0131z ya\u015fam sevinci ve sayg\u0131nl\u0131\u011f\u0131n \u00f6n planda oldu\u011fu sevgi dolu ve g\u00fcven veren bir ortam yaratmakt\u0131r. Farkl\u0131 dil ve k\u00fclt\u00fcrlerin entegrasyonu bizim i\u00e7in \u00f6nemli bir rol oynamaktad\u0131r, bu nedenle web sitemiz \u00e7e\u015fitli dillerde<a href=\"https:\/\/pflegedienst-wdomu.de\/pl\/\" target=\"_blank\" rel=\"noopener\">(Leh\u00e7e<\/a>, <a href=\"https:\/\/pflegedienst-wdomu.de\/tr\/\" target=\"_blank\" rel=\"noopener\">T\u00fcrk\u00e7e<\/a>, <a href=\"https:\/\/pflegedienst-wdomu.de\/ku\/\" target=\"_blank\" rel=\"noopener\">K\u00fcrt\u00e7e<\/a>, <a href=\"https:\/\/pflegedienst-wdomu.de\/hr\/\" target=\"_blank\" rel=\"noopener\">H\u0131rvat\u00e7a<\/a>) de mevcuttur. Burada bireysellik ve kendi kaderini tayin eden bir ya\u015fam bizim i\u00e7in \u00f6zellikle \u00f6nemlidir.<\/p>\n<\/div><\/div><\/div><\/div><\/div><div class=\"fusion-fullwidth fullwidth-box fusion-builder-row-2 fusion-flex-container has-pattern-background has-mask-background hundred-percent-fullwidth non-hundred-percent-height-scrolling\" style=\"--awb-border-radius-top-left:0px;--awb-border-radius-top-right:0px;--awb-border-radius-bottom-right:0px;--awb-border-radius-bottom-left:0px;--awb-padding-top:15px;--awb-margin-top:0px;--awb-margin-bottom:0px;--awb-background-color:var(--awb-custom_color_2);--awb-flex-wrap:wrap;\" ><div class=\"fusion-builder-row fusion-row fusion-flex-align-items-center fusion-flex-justify-content-center fusion-flex-content-wrap\" style=\"width:104% !important;max-width:104% !important;margin-left: calc(-4% \/ 2 );margin-right: calc(-4% \/ 2 );\"><div class=\"fusion-layout-column fusion_builder_column fusion-builder-column-3 fusion_builder_column_1_1 1_1 fusion-flex-column\" style=\"--awb-bg-size:cover;--awb-width-large:100%;--awb-margin-top-large:0px;--awb-spacing-right-large:1.92%;--awb-margin-bottom-large:20px;--awb-spacing-left-large:1.92%;--awb-width-medium:100%;--awb-order-medium:0;--awb-spacing-right-medium:1.92%;--awb-spacing-left-medium:1.92%;--awb-width-small:100%;--awb-order-small:0;--awb-spacing-right-small:1.92%;--awb-spacing-left-small:1.92%;\"><div class=\"fusion-column-wrapper fusion-column-has-shadow fusion-flex-justify-content-flex-start fusion-content-layout-column\"><div class=\"fusion-text fusion-text-4\"><h1 style=\"text-align: center;\">Biz ne yap\u0131yoruz?<\/h1>\n<h2 style=\"text-align: center;\">G\u00fcven, empati, uzmanl\u0131k ve b\u00fct\u00fcnsel bir yakla\u015f\u0131m, optimum hem\u015firelik bak\u0131m\u0131 sa\u011flamam\u0131z\u0131n anahtar\u0131d\u0131r.<\/h2>\n<p style=\"text-align: center;\">Siz ve akrabalar\u0131n\u0131z bizimle emin ellerdesiniz. Bak\u0131m ekibimiz, kendi d\u00f6rt duvar\u0131n\u0131z aras\u0131nda g\u00fcnl\u00fck ya\u015famla ba\u015fa \u00e7\u0131kman\u0131zda size destek olur. Bak\u0131m hizmetlerimiz hakk\u0131nda daha fazla bilgiyi a\u015fa\u011f\u0131daki maddelerde ve bak\u0131m <a href=\"https:\/\/pflegedienst-wdomu.de\/de\/pflegekonzept\/\">konseptimizde<\/a> bulabilirsiniz.<\/p>\n<\/div><\/div><\/div><div class=\"fusion-layout-column fusion_builder_column fusion-builder-column-4 fusion_builder_column_1_3 1_3 fusion-flex-column fusion-flex-align-self-flex-start\" style=\"--awb-bg-size:cover;--awb-width-large:33.3333333333%;--awb-margin-top-large:0px;--awb-spacing-right-large:5.76%;--awb-margin-bottom-large:20px;--awb-spacing-left-large:5.76%;--awb-width-medium:33.3333333333%;--awb-order-medium:0;--awb-spacing-right-medium:5.76%;--awb-spacing-left-medium:5.76%;--awb-width-small:100%;--awb-order-small:0;--awb-spacing-right-small:1.92%;--awb-spacing-left-small:1.92%;\" data-scroll-devices=\"small-visibility,medium-visibility,large-visibility\"><div class=\"fusion-column-wrapper fusion-column-has-shadow fusion-flex-justify-content-flex-start fusion-content-layout-column\"><div class=\"fusion-text fusion-text-5\"><h2><img decoding=\"async\" class=\"size-full wp-image-3970 aligncenter\" src=\"https:\/\/pflegedienst-wdomu.de\/wp-content\/uploads\/2024\/05\/grundpflege_klein.jpg\" alt=\"\" width=\"340\" height=\"170\" srcset=\"https:\/\/pflegedienst-wdomu.de\/wp-content\/uploads\/2024\/05\/grundpflege_klein-200x100.jpg 200w, https:\/\/pflegedienst-wdomu.de\/wp-content\/uploads\/2024\/05\/grundpflege_klein-300x150.jpg 300w, https:\/\/pflegedienst-wdomu.de\/wp-content\/uploads\/2024\/05\/grundpflege_klein.jpg 340w\" sizes=\"(max-width: 340px) 100vw, 340px\" \/><\/h2>\n<h2 style=\"text-align: center;\">Temel bak\u0131m<\/h2>\n<p style=\"text-align: center;\">Ki\u015fisel hijyen, beslenme, mobilizasyon, hareket k\u0131s\u0131tlamalar\u0131n\u0131 \u00f6nlemeye y\u00f6nelik tedbirler ve \u00e7ok daha fazlas\u0131. [<br \/>\n<a href=\"\">Daha fazla bilgi<\/a>]<\/p>\n<\/div><\/div><\/div><div class=\"fusion-layout-column fusion_builder_column fusion-builder-column-5 fusion_builder_column_1_3 1_3 fusion-flex-column fusion-flex-align-self-flex-start\" style=\"--awb-bg-size:cover;--awb-width-large:33.3333333333%;--awb-margin-top-large:0px;--awb-spacing-right-large:5.76%;--awb-margin-bottom-large:20px;--awb-spacing-left-large:5.76%;--awb-width-medium:33.3333333333%;--awb-order-medium:0;--awb-spacing-right-medium:5.76%;--awb-spacing-left-medium:5.76%;--awb-width-small:100%;--awb-order-small:0;--awb-spacing-right-small:1.92%;--awb-spacing-left-small:1.92%;\" data-scroll-devices=\"small-visibility,medium-visibility,large-visibility\"><div class=\"fusion-column-wrapper fusion-column-has-shadow fusion-flex-justify-content-flex-start fusion-content-layout-column\"><div class=\"fusion-text fusion-text-6\"><h2><img decoding=\"async\" class=\"size-full wp-image-3975 aligncenter\" src=\"https:\/\/pflegedienst-wdomu.de\/wp-content\/uploads\/2024\/05\/behandlungspflege_klein.jpg\" alt=\"\" width=\"340\" height=\"170\" srcset=\"https:\/\/pflegedienst-wdomu.de\/wp-content\/uploads\/2024\/05\/behandlungspflege_klein-200x100.jpg 200w, https:\/\/pflegedienst-wdomu.de\/wp-content\/uploads\/2024\/05\/behandlungspflege_klein-300x150.jpg 300w, https:\/\/pflegedienst-wdomu.de\/wp-content\/uploads\/2024\/05\/behandlungspflege_klein.jpg 340w\" sizes=\"(max-width: 340px) 100vw, 340px\" \/><\/h2>\n<h2 style=\"text-align: center;\">Tedavi bak\u0131m\u0131<\/h2>\n<p style=\"text-align: center;\">Doktorun talimatlar\u0131 do\u011frultusunda t\u0131bbi bak\u0131m \u00f6nlemlerini yerine getirmek, \u00f6rne\u011fin ila\u00e7 uygulamak. [<br \/>\n<a href=\"https:\/\/pflegedienst-wdomu.de\/de\/behandlungspflege\/\">Daha fazla bilgi<\/a>]<\/p>\n<\/div><\/div><\/div><div class=\"fusion-layout-column fusion_builder_column fusion-builder-column-6 fusion_builder_column_1_3 1_3 fusion-flex-column fusion-flex-align-self-flex-start\" style=\"--awb-bg-size:cover;--awb-width-large:33.3333333333%;--awb-margin-top-large:0px;--awb-spacing-right-large:5.76%;--awb-margin-bottom-large:20px;--awb-spacing-left-large:5.76%;--awb-width-medium:33.3333333333%;--awb-order-medium:0;--awb-spacing-right-medium:5.76%;--awb-spacing-left-medium:5.76%;--awb-width-small:100%;--awb-order-small:0;--awb-spacing-right-small:1.92%;--awb-spacing-left-small:1.92%;\" data-scroll-devices=\"small-visibility,medium-visibility,large-visibility\"><div class=\"fusion-column-wrapper fusion-column-has-shadow fusion-flex-justify-content-flex-start fusion-content-layout-column\"><div class=\"fusion-text fusion-text-7\"><p><img decoding=\"async\" class=\"size-full wp-image-3978 aligncenter\" src=\"https:\/\/pflegedienst-wdomu.de\/wp-content\/uploads\/2024\/05\/verhinderungspflege_klein.jpg\" alt=\"\" width=\"340\" height=\"170\" srcset=\"https:\/\/pflegedienst-wdomu.de\/wp-content\/uploads\/2024\/05\/verhinderungspflege_klein-200x100.jpg 200w, https:\/\/pflegedienst-wdomu.de\/wp-content\/uploads\/2024\/05\/verhinderungspflege_klein-300x150.jpg 300w, https:\/\/pflegedienst-wdomu.de\/wp-content\/uploads\/2024\/05\/verhinderungspflege_klein.jpg 340w\" sizes=\"(max-width: 340px) 100vw, 340px\" \/><\/p>\n<h2 style=\"text-align: center;\">\u00d6nleyici bak\u0131m<\/h2>\n<p style=\"text-align: center;\">Ana bak\u0131c\u0131n\u0131n (akraba) yoklu\u011funda, \u00f6rne\u011fin tatillerde bak\u0131m\u0131n \u00fcstlenilmesi. [<br \/>\n<a href=\"https:\/\/pflegedienst-wdomu.de\/de\/verhinderungspflege\/\">Daha fazla bilgi<\/a>]<\/p>\n<\/div><\/div><\/div><\/div><\/div><div class=\"fusion-fullwidth fullwidth-box fusion-builder-row-3 fusion-flex-container has-pattern-background has-mask-background hundred-percent-fullwidth non-hundred-percent-height-scrolling fusion-animated\" style=\"--awb-border-sizes-top:0px;--awb-border-sizes-bottom:0px;--awb-border-sizes-left:0px;--awb-border-sizes-right:0px;--awb-border-radius-top-left:0px;--awb-border-radius-top-right:0px;--awb-border-radius-bottom-right:0px;--awb-border-radius-bottom-left:0px;--awb-padding-top:0px;--awb-padding-right:0px;--awb-padding-bottom:0px;--awb-padding-left:0px;--awb-background-color:rgba(220,228,234,0.51);--awb-flex-wrap:wrap;\" data-animationType=\"fadeIn\" data-animationDuration=\"1.3\" data-animationOffset=\"top-into-view\" ><div class=\"fusion-builder-row fusion-row fusion-flex-align-items-stretch fusion-flex-content-wrap\" style=\"width:calc( 100% + 0px ) !important;max-width:calc( 100% + 0px ) !important;margin-left: calc(-0px \/ 2 );margin-right: calc(-0px \/ 2 );\"><div class=\"fusion-layout-column fusion_builder_column fusion-builder-column-7 fusion_builder_column_1_2 1_2 fusion-flex-column\" style=\"--awb-padding-top:10%;--awb-padding-right:10%;--awb-padding-bottom:10%;--awb-padding-left:10%;--awb-bg-size:cover;--awb-width-large:50%;--awb-margin-top-large:0px;--awb-spacing-right-large:0px;--awb-margin-bottom-large:0px;--awb-spacing-left-large:0px;--awb-width-medium:50%;--awb-order-medium:0;--awb-spacing-right-medium:0px;--awb-spacing-left-medium:0px;--awb-width-small:100%;--awb-order-small:0;--awb-spacing-right-small:0px;--awb-spacing-left-small:0px;\" data-scroll-devices=\"small-visibility,medium-visibility,large-visibility\"><div class=\"fusion-column-wrapper fusion-column-has-shadow fusion-flex-justify-content-center fusion-content-layout-column\"><div class=\"fusion-text fusion-text-8\"><h2 style=\"text-align: center;\">Bak\u0131m dan\u0131\u015fmanl\u0131\u011f\u0131<\/h2>\n<\/div><div class=\"fusion-text fusion-text-9\"><h3 style=\"text-align: center;\">Her bak\u0131m durumu kendine \u00f6zg\u00fcd\u00fcr. \u00c7\u00fcnk\u00fc her insan\u0131n, her ailenin kendi hikayesi vard\u0131r.<\/h3>\n<\/div><div class=\"fusion-text fusion-text-10\"><p style=\"text-align: center;\">Bak\u0131m ihtiyac\u0131n\u0131n ba\u015flamas\u0131 genellikle bir\u00e7ok soru ve sorunla ili\u015fkilidir. Durumu ayd\u0131nlatman\u0131za yard\u0131mc\u0131 olmak ve bu nedenle size e\u011fitimli personelimizden profesyonel tavsiyeler sunmak istiyoruz. Buradan bir ilk <a href=\"https:\/\/pflegedienst-wdomu.de\/de\/kontakt\/\">dan\u0131\u015fma randevusu<\/a> alman\u0131z yeterlidir; bak\u0131m, sa\u011fl\u0131k ve uzun s\u00fcreli bak\u0131m sigortas\u0131 konular\u0131ndaki t\u00fcm bireysel sorular\u0131n\u0131zda size destek olmaktan memnuniyet duyar\u0131z.<\/p>\n<\/div><\/div><\/div><div class=\"fusion-layout-column fusion_builder_column fusion-builder-column-8 fusion_builder_column_1_2 1_2 fusion-flex-column fusion-no-small-visibility fusion-no-medium-visibility\" style=\"--awb-padding-top:250px;--awb-padding-bottom:250px;--awb-bg-image:url(&#039;https:\/\/pflegedienst-wdomu.de\/wp-content\/uploads\/2024\/05\/beratung2.jpg&#039;);--awb-bg-size:cover;--awb-width-large:50%;--awb-margin-top-large:0px;--awb-spacing-right-large:0px;--awb-margin-bottom-large:0px;--awb-spacing-left-large:0px;--awb-width-medium:50%;--awb-order-medium:0;--awb-spacing-right-medium:0px;--awb-spacing-left-medium:0px;--awb-width-small:100%;--awb-order-small:0;--awb-spacing-right-small:0px;--awb-spacing-left-small:0px;\" data-scroll-devices=\"small-visibility,medium-visibility,large-visibility\"><div class=\"fusion-column-wrapper fusion-column-has-shadow fusion-flex-justify-content-flex-start fusion-content-layout-column fusion-empty-column-bg-image fusion-column-has-bg-image\" data-bg-url=\"https:\/\/pflegedienst-wdomu.de\/wp-content\/uploads\/2024\/05\/beratung2.jpg\"><img decoding=\"async\" class=\"fusion-empty-dims-img-placeholder fusion-no-large-visibility fusion-no-medium-visibility\" src=\"data:image\/svg+xml,%3Csvg%20xmlns%3D%27http%3A%2F%2Fwww.w3.org%2F2000%2Fsvg%27%20width%3D%27720%27%20height%3D%27500%27%20viewBox%3D%270%200%20720%20500%27%3E%3Crect%20width%3D%27720%27%20height%3D%27500%27%20fill-opacity%3D%220%22%2F%3E%3C%2Fsvg%3E\"><\/div><\/div><\/div><\/div><div class=\"fusion-fullwidth fullwidth-box fusion-builder-row-4 fusion-flex-container has-pattern-background has-mask-background hundred-percent-fullwidth non-hundred-percent-height-scrolling fusion-animated\" style=\"--awb-border-sizes-top:0px;--awb-border-sizes-bottom:0px;--awb-border-sizes-left:0px;--awb-border-sizes-right:0px;--awb-border-radius-top-left:0px;--awb-border-radius-top-right:0px;--awb-border-radius-bottom-right:0px;--awb-border-radius-bottom-left:0px;--awb-padding-top:0px;--awb-padding-right:0px;--awb-padding-bottom:0px;--awb-padding-left:0px;--awb-flex-wrap:wrap;\" data-animationType=\"fadeIn\" data-animationDuration=\"1.3\" data-animationOffset=\"top-into-view\" ><div class=\"fusion-builder-row fusion-row fusion-flex-align-items-stretch fusion-flex-content-wrap\" style=\"width:calc( 100% + 0px ) !important;max-width:calc( 100% + 0px ) !important;margin-left: calc(-0px \/ 2 );margin-right: calc(-0px \/ 2 );\"><div class=\"fusion-layout-column fusion_builder_column fusion-builder-column-9 fusion_builder_column_1_2 1_2 fusion-flex-column fusion-no-small-visibility fusion-no-medium-visibility\" style=\"--awb-padding-top:250px;--awb-padding-bottom:250px;--awb-bg-image:url(&#039;https:\/\/pflegedienst-wdomu.de\/wp-content\/uploads\/2024\/05\/inter.jpg&#039;);--awb-bg-size:cover;--awb-width-large:50%;--awb-margin-top-large:0px;--awb-spacing-right-large:0px;--awb-margin-bottom-large:0px;--awb-spacing-left-large:0px;--awb-width-medium:50%;--awb-order-medium:0;--awb-spacing-right-medium:0px;--awb-spacing-left-medium:0px;--awb-width-small:100%;--awb-order-small:0;--awb-spacing-right-small:0px;--awb-spacing-left-small:0px;\" data-scroll-devices=\"small-visibility,medium-visibility,large-visibility\"><div class=\"fusion-column-wrapper fusion-column-has-shadow fusion-flex-justify-content-flex-start fusion-content-layout-column fusion-empty-column-bg-image fusion-column-has-bg-image\" data-bg-url=\"https:\/\/pflegedienst-wdomu.de\/wp-content\/uploads\/2024\/05\/inter.jpg\"><img decoding=\"async\" class=\"fusion-empty-dims-img-placeholder fusion-no-large-visibility fusion-no-medium-visibility\" src=\"data:image\/svg+xml,%3Csvg%20xmlns%3D%27http%3A%2F%2Fwww.w3.org%2F2000%2Fsvg%27%20width%3D%27720%27%20height%3D%27500%27%20viewBox%3D%270%200%20720%20500%27%3E%3Crect%20width%3D%27720%27%20height%3D%27500%27%20fill-opacity%3D%220%22%2F%3E%3C%2Fsvg%3E\"><\/div><\/div><div class=\"fusion-layout-column fusion_builder_column fusion-builder-column-10 fusion_builder_column_1_2 1_2 fusion-flex-column\" style=\"--awb-padding-top:10%;--awb-padding-right:10%;--awb-padding-bottom:10%;--awb-padding-left:10%;--awb-bg-size:cover;--awb-width-large:50%;--awb-margin-top-large:0px;--awb-spacing-right-large:0px;--awb-margin-bottom-large:20px;--awb-spacing-left-large:0px;--awb-width-medium:50%;--awb-order-medium:0;--awb-spacing-right-medium:0px;--awb-spacing-left-medium:0px;--awb-width-small:100%;--awb-order-small:0;--awb-spacing-right-small:0px;--awb-spacing-left-small:0px;\" data-scroll-devices=\"small-visibility,medium-visibility,large-visibility\"><div class=\"fusion-column-wrapper fusion-column-has-shadow fusion-flex-justify-content-center fusion-content-layout-column\"><div class=\"fusion-text fusion-text-11\"><h2 style=\"text-align: center;\">Disiplinler aras\u0131 i\u015fbirli\u011fi<\/h2>\n<\/div><div class=\"fusion-text fusion-text-12\"><h3 style=\"text-align: center;\">Pratisyen hekimler, terapistler, eczaneler ve t\u0131bbi malzeme ma\u011fazalar\u0131 gibi ilgili t\u00fcm taraflarla yetkin i\u015fbirli\u011fine b\u00fcy\u00fck \u00f6nem veriyoruz.<\/h3>\n<\/div><div class=\"fusion-text fusion-text-13\"><p style=\"text-align: center;\">Birlikte bak\u0131m planlar\u0131 haz\u0131rl\u0131yor, tavsiyelerde bulunuyor, gerekli yard\u0131mlar\u0131n teslimat\u0131n\u0131 planl\u0131yor ve organize ediyor, \u00e7e\u015fitli formlar\u0131n doldurulmas\u0131yla ilgileniyor ve ki\u015fisel ihtiya\u00e7lar i\u00e7in ba\u015fka randevular ayarlamaktan mutluluk duyuyoruz.<\/p>\n<\/div><\/div><\/div><\/div><\/div><div class=\"fusion-fullwidth fullwidth-box fusion-builder-row-5 fusion-flex-container has-pattern-background has-mask-background hundred-percent-fullwidth non-hundred-percent-height-scrolling\" style=\"--awb-border-radius-top-left:0px;--awb-border-radius-top-right:0px;--awb-border-radius-bottom-right:0px;--awb-border-radius-bottom-left:0px;--awb-padding-top:30px;--awb-padding-bottom:0px;--awb-margin-top:0px;--awb-margin-bottom:0px;--awb-background-color:var(--awb-custom_color_2);--awb-flex-wrap:wrap;\" ><div class=\"fusion-builder-row fusion-row fusion-flex-align-items-center fusion-flex-justify-content-center fusion-flex-content-wrap\" style=\"width:104% !important;max-width:104% !important;margin-left: calc(-4% \/ 2 );margin-right: calc(-4% \/ 2 );\"><div class=\"fusion-layout-column fusion_builder_column fusion-builder-column-11 fusion_builder_column_1_1 1_1 fusion-flex-column\" style=\"--awb-bg-size:cover;--awb-width-large:100%;--awb-margin-top-large:0px;--awb-spacing-right-large:1.92%;--awb-margin-bottom-large:20px;--awb-spacing-left-large:1.92%;--awb-width-medium:100%;--awb-order-medium:0;--awb-spacing-right-medium:1.92%;--awb-spacing-left-medium:1.92%;--awb-width-small:100%;--awb-order-small:0;--awb-spacing-right-small:1.92%;--awb-spacing-left-small:1.92%;\" data-scroll-devices=\"small-visibility,medium-visibility,large-visibility\"><div class=\"fusion-column-wrapper fusion-column-has-shadow fusion-flex-justify-content-flex-start fusion-content-layout-column\"><div class=\"fusion-text fusion-text-14\"><h1 style=\"text-align: center;\">Leverkusen&#8217;de temel ayakta tedavi i\u00e7in 3 ad\u0131m<\/h1>\n<h2 style=\"text-align: center;\">\u0130htiya\u00e7lar\u0131n\u0131z i\u00e7in b\u00fct\u00e7enizden en iyi \u015fekilde yararlan\u0131yoruz.<\/h2>\n<p style=\"text-align: center;\">Bak\u0131m derecesine ba\u011fl\u0131 olarak bak\u0131m sigortas\u0131ndan belirli ayni yard\u0131mlar ve bak\u0131m paras\u0131 alma hakk\u0131n\u0131z vard\u0131r ve bunlar\u0131n baz\u0131lar\u0131 birle\u015ftirilebilir. wDomu, kay\u0131t \u00f6ncesinde size d\u00fcr\u00fcst ve yetkin tavsiyelerde bulunmaya b\u00fcy\u00fck \u00f6nem vermektedir. 3 ad\u0131mda ilerliyoruz:<\/p>\n<\/div><\/div><\/div><div class=\"fusion-layout-column fusion_builder_column fusion-builder-column-12 fusion_builder_column_1_3 1_3 fusion-flex-column fusion-flex-align-self-flex-start\" style=\"--awb-bg-size:cover;--awb-width-large:33.3333333333%;--awb-margin-top-large:0px;--awb-spacing-right-large:5.76%;--awb-margin-bottom-large:20px;--awb-spacing-left-large:5.76%;--awb-width-medium:33.3333333333%;--awb-order-medium:0;--awb-spacing-right-medium:5.76%;--awb-spacing-left-medium:5.76%;--awb-width-small:100%;--awb-order-small:0;--awb-spacing-right-small:1.92%;--awb-spacing-left-small:1.92%;\" data-scroll-devices=\"small-visibility,medium-visibility,large-visibility\"><div class=\"fusion-column-wrapper fusion-column-has-shadow fusion-flex-justify-content-flex-start fusion-content-layout-column\"><div class=\"fusion-text fusion-text-15\"><h2>1 Temas kurma<\/h2>\n<p>  Durumunuzu ve fikirlerinizi hi\u00e7bir y\u00fck\u00fcml\u00fcl\u00fck alt\u0131na girmeden tart\u0131\u015fmak i\u00e7in sizden <a href=\"https:\/\/pflegedienst-wdomu.de\/de\/kontakt\/\">haber<\/a> bekliyoruz. Evinizde bir ilk <a href=\"https:\/\/pflegedienst-wdomu.de\/de\/beratung\/\">dan\u0131\u015fma randevusu<\/a> ayarlayaca\u011f\u0131z.<\/p>\n<\/div><\/div><\/div><div class=\"fusion-layout-column fusion_builder_column fusion-builder-column-13 fusion_builder_column_1_3 1_3 fusion-flex-column fusion-flex-align-self-flex-start\" style=\"--awb-bg-size:cover;--awb-width-large:33.3333333333%;--awb-margin-top-large:0px;--awb-spacing-right-large:5.76%;--awb-margin-bottom-large:20px;--awb-spacing-left-large:5.76%;--awb-width-medium:33.3333333333%;--awb-order-medium:0;--awb-spacing-right-medium:5.76%;--awb-spacing-left-medium:5.76%;--awb-width-small:100%;--awb-order-small:0;--awb-spacing-right-small:1.92%;--awb-spacing-left-small:1.92%;\" data-scroll-devices=\"small-visibility,medium-visibility,large-visibility\"><div class=\"fusion-column-wrapper fusion-column-has-shadow fusion-flex-justify-content-flex-start fusion-content-layout-column\"><div class=\"fusion-text fusion-text-16\"><h2>2 Yerinde ziyaret<\/h2>\n<p>  Durumunuzu tam olarak anlamak ve de\u011ferlendirmek istiyoruz. \u0130lk g\u00f6r\u00fc\u015fme s\u0131ras\u0131nda sizi evinizde ziyaret ediyor ve durumunuz, sa\u011fl\u0131k durumunuz ve ilgili t\u00fcm ko\u015fullar hakk\u0131nda fikir ediniyoruz.<\/p>\n<\/div><\/div><\/div><div class=\"fusion-layout-column fusion_builder_column fusion-builder-column-14 fusion_builder_column_1_3 1_3 fusion-flex-column fusion-flex-align-self-flex-start\" style=\"--awb-bg-size:cover;--awb-width-large:33.3333333333%;--awb-margin-top-large:0px;--awb-spacing-right-large:5.76%;--awb-margin-bottom-large:20px;--awb-spacing-left-large:5.76%;--awb-width-medium:33.3333333333%;--awb-order-medium:0;--awb-spacing-right-medium:5.76%;--awb-spacing-left-medium:5.76%;--awb-width-small:100%;--awb-order-small:0;--awb-spacing-right-small:1.92%;--awb-spacing-left-small:1.92%;\" data-scroll-devices=\"small-visibility,medium-visibility,large-visibility\"><div class=\"fusion-column-wrapper fusion-column-has-shadow fusion-flex-justify-content-flex-start fusion-content-layout-column\"><div class=\"fusion-text fusion-text-17\"><h2>3 \u00d6zelle\u015ftirilmi\u015f teklif<\/h2>\n<p>  \u0130htiya\u00e7lar\u0131n\u0131z ve istekleriniz hakk\u0131nda profesyonel bir resim elde ediyoruz. Bu \u015fekilde, her bir vaka i\u00e7in en iyi teklifi belirliyor ve olas\u0131 maliyetleri netle\u015ftiriyoruz. Birbirimize uyuyor muyuz? Daha sonra m\u00fcmk\u00fcn oldu\u011funca h\u0131zl\u0131 bir \u015fekilde temel bak\u0131ma ba\u015flar\u0131z.<\/p>\n<\/div><\/div><\/div><\/div><\/div><\/p>\n","protected":false},"excerpt":{"rendered":"","protected":false},"author":1,"featured_media":0,"parent":0,"menu_order":0,"comment_status":"closed","ping_status":"closed","template":"100-width.php","meta":{"inline_featured_image":false,"footnotes":""},"class_list":["post-3481","page","type-page","status-publish","hentry"],"_links":{"self":[{"href":"https:\/\/pflegedienst-wdomu.de\/tr\/wp-json\/wp\/v2\/pages\/3481","targetHints":{"allow":["GET"]}}],"collection":[{"href":"https:\/\/pflegedienst-wdomu.de\/tr\/wp-json\/wp\/v2\/pages"}],"about":[{"href":"https:\/\/pflegedienst-wdomu.de\/tr\/wp-json\/wp\/v2\/types\/page"}],"author":[{"embeddable":true,"href":"https:\/\/pflegedienst-wdomu.de\/tr\/wp-json\/wp\/v2\/users\/1"}],"replies":[{"embeddable":true,"href":"https:\/\/pflegedienst-wdomu.de\/tr\/wp-json\/wp\/v2\/comments?post=3481"}],"version-history":[{"count":10,"href":"https:\/\/pflegedienst-wdomu.de\/tr\/wp-json\/wp\/v2\/pages\/3481\/revisions"}],"predecessor-version":[{"id":5304,"href":"https:\/\/pflegedienst-wdomu.de\/tr\/wp-json\/wp\/v2\/pages\/3481\/revisions\/5304"}],"wp:attachment":[{"href":"https:\/\/pflegedienst-wdomu.de\/tr\/wp-json\/wp\/v2\/media?parent=3481"}],"curies":[{"name":"wp","href":"https:\/\/api.w.org\/{rel}","templated":true}]}}