{"id":3587,"date":"2024-05-14T10:00:50","date_gmt":"2024-05-14T08:00:50","guid":{"rendered":"https:\/\/pflegedienst-domu.de\/tedavi-bakimi\/"},"modified":"2024-05-29T13:16:24","modified_gmt":"2024-05-29T11:16:24","slug":"tedavi-bakimi","status":"publish","type":"page","link":"https:\/\/pflegedienst-wdomu.de\/tr\/tedavi-bakimi\/","title":{"rendered":"Tedavi bak\u0131m\u0131"},"content":{"rendered":"<p><div class=\"fusion-fullwidth fullwidth-box fusion-builder-row-1 fusion-flex-container has-pattern-background has-mask-background nonhundred-percent-fullwidth non-hundred-percent-height-scrolling\" style=\"--awb-border-radius-top-left:0px;--awb-border-radius-top-right:0px;--awb-border-radius-bottom-right:0px;--awb-border-radius-bottom-left:0px;--awb-padding-bottom:30px;--awb-flex-wrap:wrap;\" ><div class=\"fusion-builder-row fusion-row fusion-flex-align-items-flex-start fusion-flex-content-wrap\" style=\"max-width:1497.6px;margin-left: calc(-4% \/ 2 );margin-right: calc(-4% \/ 2 );\"><div class=\"fusion-layout-column fusion_builder_column fusion-builder-column-0 fusion_builder_column_1_1 1_1 fusion-flex-column\" style=\"--awb-bg-size:cover;--awb-width-large:100%;--awb-margin-top-large:0px;--awb-spacing-right-large:1.92%;--awb-margin-bottom-large:20px;--awb-spacing-left-large:1.92%;--awb-width-medium:100%;--awb-order-medium:0;--awb-spacing-right-medium:1.92%;--awb-spacing-left-medium:1.92%;--awb-width-small:100%;--awb-order-small:0;--awb-spacing-right-small:1.92%;--awb-spacing-left-small:1.92%;\"><div class=\"fusion-column-wrapper fusion-column-has-shadow fusion-flex-justify-content-flex-start fusion-content-layout-column\"><div class=\"fusion-text fusion-text-1\"><h1>Tedavi bak\u0131m\u0131 SGB V<\/h1>\n<h2>Tedavi bak\u0131m\u0131 nedir<\/h2>\n<p>Tedavi bak\u0131m\u0131, evde bak\u0131m ba\u011flam\u0131nda nitelikli bak\u0131m personeli taraf\u0131ndan sa\u011flanan t\u0131bbi ve hem\u015firelik bak\u0131m\u0131d\u0131r. Profesyonel bir ayakta bak\u0131m hizmeti olarak wDomu, \u00f6rne\u011fin aile hekiminiz veya uzman doktorunuz gibi ilgili hekim taraf\u0131ndan re\u00e7ete edilen t\u00fcm t\u0131bbi hizmetleri yerine getirir. Bu, \u00f6rne\u011fin ila\u00e7lar\u0131n uygulanmas\u0131, yara bak\u0131m\u0131 veya kan \u015fekeri seviyelerinin \u00f6l\u00e7\u00fclmesini i\u00e7erir. \u00d6rne\u011fin hastaneye yat\u0131r\u0131lm\u0131\u015f olsan\u0131z ve bir ameliyat ve buna ba\u011fl\u0131 hareket k\u0131s\u0131tl\u0131l\u0131\u011f\u0131 nedeniyle d\u00fczenli pansuman de\u011fi\u015fimi i\u00e7in art\u0131k doktora gidemiyor olsan\u0131z bile, re\u00e7ete edilen pansuman\u0131 sizin i\u00e7in evde de\u011fi\u015ftirece\u011fiz. Ya da uzun s\u00fcreli bak\u0131ma ihtiyac\u0131n\u0131z varsa, ayakta bak\u0131m hizmeti olarak bak\u0131m\u0131 biz \u00fcstlenir ve evinize geliriz. Hizmet odakl\u0131 bir bak\u0131m hizmeti olarak, 24 saat \u00e7a\u011fr\u0131 \u00fczerine hizmet de sunuyoruz.<\/p>\n<h2>wDomu&#8217;da tedavi bak\u0131m\u0131<\/h2>\n<p>wDomu, Leverkusen ve \u00e7evresindeki ayakta tedavi bak\u0131m\u0131 i\u00e7in bak\u0131m hizmetinizdir. Bizimle, g\u00fcvenebilece\u011finiz insan bak\u0131m\u0131 ve profesyonel uzmanl\u0131k al\u0131rs\u0131n\u0131z. E\u011fitimli bak\u0131m personeli ve g\u00fcvenilirlik ile evde m\u00fcmk\u00fcn olan en iyi t\u0131bbi bak\u0131m\u0131 alman\u0131za yard\u0131mc\u0131 oluyoruz.<\/p>\n<h2>Hizmetlerimiz<\/h2>\n<ul>\n<li>Yara bak\u0131m\u0131 ve pansumanlar<\/li>\n<li>Deri alt\u0131 enjeksiyon<\/li>\n<li>\u0130la\u00e7lar\u0131n uygulanmas\u0131<\/li>\n<li>Kan bas\u0131nc\u0131 ve kan \u015fekeri seviyeleri gibi hayati belirtilerin kontrol edilmesi<\/li>\n<li>Varis \u00e7oraplar\u0131n\u0131n giyilmesi ve \u00e7\u0131kar\u0131lmas\u0131<\/li>\n<\/ul>\n<h2>Bildi\u011fim iyi oldu<\/h2>\n<p>Yard\u0131m ba\u015fvurusu veya yard\u0131mlar\u0131n organizasyonu konusunda yard\u0131mc\u0131 oluyoruz. Evde t\u0131bbi bak\u0131mla ilgili di\u011fer hizmetler i\u00e7in l\u00fctfen bizimle <a href=\"https:\/\/pflegedienst-wdomu.de\/de\/kontakt\/\">ileti\u015fime<\/a> ge\u00e7in veya <a href=\"https:\/\/pflegedienst-wdomu.de\/de\/beratung\/\">size herhangi bir y\u00fck\u00fcml\u00fcl\u00fck alt\u0131na girmeden tavsiyelerde<\/a> bulunal\u0131m!<\/p>\n<\/div><\/div><\/div><\/div><\/div><div class=\"fusion-fullwidth fullwidth-box fusion-builder-row-2 fusion-flex-container has-pattern-background has-mask-background hundred-percent-fullwidth non-hundred-percent-height-scrolling\" style=\"--awb-border-radius-top-left:0px;--awb-border-radius-top-right:0px;--awb-border-radius-bottom-right:0px;--awb-border-radius-bottom-left:0px;--awb-padding-top:30px;--awb-padding-bottom:0px;--awb-margin-top:0px;--awb-margin-bottom:0px;--awb-background-color:var(--awb-custom_color_2);--awb-flex-wrap:wrap;\" ><div class=\"fusion-builder-row fusion-row fusion-flex-align-items-center fusion-flex-justify-content-center fusion-flex-content-wrap\" style=\"width:104% !important;max-width:104% !important;margin-left: calc(-4% \/ 2 );margin-right: calc(-4% \/ 2 );\"><div class=\"fusion-layout-column fusion_builder_column fusion-builder-column-1 fusion_builder_column_1_1 1_1 fusion-flex-column\" style=\"--awb-bg-size:cover;--awb-width-large:100%;--awb-margin-top-large:0px;--awb-spacing-right-large:1.92%;--awb-margin-bottom-large:20px;--awb-spacing-left-large:1.92%;--awb-width-medium:100%;--awb-order-medium:0;--awb-spacing-right-medium:1.92%;--awb-spacing-left-medium:1.92%;--awb-width-small:100%;--awb-order-small:0;--awb-spacing-right-small:1.92%;--awb-spacing-left-small:1.92%;\" data-scroll-devices=\"small-visibility,medium-visibility,large-visibility\"><div class=\"fusion-column-wrapper fusion-column-has-shadow fusion-flex-justify-content-flex-start fusion-content-layout-column\"><div class=\"fusion-text fusion-text-2\"><h1 style=\"text-align: center;\">Leverkusen&#8217;de temel ayakta tedavi i\u00e7in 3 ad\u0131m<\/h1>\n<h2 style=\"text-align: center;\">\u0130htiya\u00e7lar\u0131n\u0131z i\u00e7in b\u00fct\u00e7enizden en iyi \u015fekilde yararlan\u0131yoruz.<\/h2>\n<p style=\"text-align: center;\">Bak\u0131m derecesine ba\u011fl\u0131 olarak bak\u0131m sigortas\u0131ndan belirli ayni yard\u0131mlar ve bak\u0131m paras\u0131 alma hakk\u0131n\u0131z vard\u0131r ve bunlar\u0131n baz\u0131lar\u0131 birle\u015ftirilebilir. wDomu, kay\u0131t \u00f6ncesinde size d\u00fcr\u00fcst ve yetkin tavsiyelerde bulunmaya b\u00fcy\u00fck \u00f6nem vermektedir. 3 ad\u0131mda ilerliyoruz:<\/p>\n<\/div><\/div><\/div><div class=\"fusion-layout-column fusion_builder_column fusion-builder-column-2 fusion_builder_column_1_3 1_3 fusion-flex-column fusion-flex-align-self-flex-start\" style=\"--awb-bg-size:cover;--awb-width-large:33.3333333333%;--awb-margin-top-large:0px;--awb-spacing-right-large:5.76%;--awb-margin-bottom-large:20px;--awb-spacing-left-large:5.76%;--awb-width-medium:33.3333333333%;--awb-order-medium:0;--awb-spacing-right-medium:5.76%;--awb-spacing-left-medium:5.76%;--awb-width-small:100%;--awb-order-small:0;--awb-spacing-right-small:1.92%;--awb-spacing-left-small:1.92%;\" data-scroll-devices=\"small-visibility,medium-visibility,large-visibility\"><div class=\"fusion-column-wrapper fusion-column-has-shadow fusion-flex-justify-content-flex-start fusion-content-layout-column\"><div class=\"fusion-text fusion-text-3\"><h2>1 Temas kurma<\/h2>\n<p>Durumunuzu ve fikirlerinizi hi\u00e7bir y\u00fck\u00fcml\u00fcl\u00fck alt\u0131na girmeden tart\u0131\u015fmak i\u00e7in sizden <a href=\"https:\/\/pflegedienst-wdomu.de\/de\/kontakt\/\">haber<\/a> bekliyoruz. Evinizde bir ilk <a href=\"https:\/\/pflegedienst-wdomu.de\/de\/beratung\/\">dan\u0131\u015fma randevusu<\/a> ayarlayaca\u011f\u0131z.<\/p>\n<\/div><\/div><\/div><div class=\"fusion-layout-column fusion_builder_column fusion-builder-column-3 fusion_builder_column_1_3 1_3 fusion-flex-column fusion-flex-align-self-flex-start\" style=\"--awb-bg-size:cover;--awb-width-large:33.3333333333%;--awb-margin-top-large:0px;--awb-spacing-right-large:5.76%;--awb-margin-bottom-large:20px;--awb-spacing-left-large:5.76%;--awb-width-medium:33.3333333333%;--awb-order-medium:0;--awb-spacing-right-medium:5.76%;--awb-spacing-left-medium:5.76%;--awb-width-small:100%;--awb-order-small:0;--awb-spacing-right-small:1.92%;--awb-spacing-left-small:1.92%;\" data-scroll-devices=\"small-visibility,medium-visibility,large-visibility\"><div class=\"fusion-column-wrapper fusion-column-has-shadow fusion-flex-justify-content-flex-start fusion-content-layout-column\"><div class=\"fusion-text fusion-text-4\"><h2>2 Yerinde ziyaret<\/h2>\n<p>Durumunuzu tam olarak anlamak ve de\u011ferlendirmek istiyoruz. \u0130lk g\u00f6r\u00fc\u015fme s\u0131ras\u0131nda sizi evinizde ziyaret ediyor ve durumunuz, sa\u011fl\u0131k durumunuz ve ilgili t\u00fcm ko\u015fullar hakk\u0131nda fikir ediniyoruz.<\/p>\n<\/div><\/div><\/div><div class=\"fusion-layout-column fusion_builder_column fusion-builder-column-4 fusion_builder_column_1_3 1_3 fusion-flex-column fusion-flex-align-self-flex-start\" style=\"--awb-bg-size:cover;--awb-width-large:33.3333333333%;--awb-margin-top-large:0px;--awb-spacing-right-large:5.76%;--awb-margin-bottom-large:20px;--awb-spacing-left-large:5.76%;--awb-width-medium:33.3333333333%;--awb-order-medium:0;--awb-spacing-right-medium:5.76%;--awb-spacing-left-medium:5.76%;--awb-width-small:100%;--awb-order-small:0;--awb-spacing-right-small:1.92%;--awb-spacing-left-small:1.92%;\" data-scroll-devices=\"small-visibility,medium-visibility,large-visibility\"><div class=\"fusion-column-wrapper fusion-column-has-shadow fusion-flex-justify-content-flex-start fusion-content-layout-column\"><div class=\"fusion-text fusion-text-5\"><h2>3 \u00d6zelle\u015ftirilmi\u015f teklif<\/h2>\n<p>\u0130htiya\u00e7lar\u0131n\u0131z ve istekleriniz hakk\u0131nda profesyonel bir resim elde ediyoruz. Bu \u015fekilde, her bir vaka i\u00e7in en iyi teklifi belirliyor ve olas\u0131 maliyetleri netle\u015ftiriyoruz. Birbirimize uyuyor muyuz? Daha sonra m\u00fcmk\u00fcn oldu\u011funca h\u0131zl\u0131 bir \u015fekilde temel bak\u0131ma ba\u015flar\u0131z.<\/p>\n<\/div><\/div><\/div><\/div><\/div><\/p>\n","protected":false},"excerpt":{"rendered":"","protected":false},"author":1,"featured_media":0,"parent":0,"menu_order":0,"comment_status":"closed","ping_status":"closed","template":"100-width.php","meta":{"inline_featured_image":false,"footnotes":""},"class_list":["post-3587","page","type-page","status-publish","hentry"],"_links":{"self":[{"href":"https:\/\/pflegedienst-wdomu.de\/tr\/wp-json\/wp\/v2\/pages\/3587","targetHints":{"allow":["GET"]}}],"collection":[{"href":"https:\/\/pflegedienst-wdomu.de\/tr\/wp-json\/wp\/v2\/pages"}],"about":[{"href":"https:\/\/pflegedienst-wdomu.de\/tr\/wp-json\/wp\/v2\/types\/page"}],"author":[{"embeddable":true,"href":"https:\/\/pflegedienst-wdomu.de\/tr\/wp-json\/wp\/v2\/users\/1"}],"replies":[{"embeddable":true,"href":"https:\/\/pflegedienst-wdomu.de\/tr\/wp-json\/wp\/v2\/comments?post=3587"}],"version-history":[{"count":10,"href":"https:\/\/pflegedienst-wdomu.de\/tr\/wp-json\/wp\/v2\/pages\/3587\/revisions"}],"predecessor-version":[{"id":4710,"href":"https:\/\/pflegedienst-wdomu.de\/tr\/wp-json\/wp\/v2\/pages\/3587\/revisions\/4710"}],"wp:attachment":[{"href":"https:\/\/pflegedienst-wdomu.de\/tr\/wp-json\/wp\/v2\/media?parent=3587"}],"curies":[{"name":"wp","href":"https:\/\/api.w.org\/{rel}","templated":true}]}}