{"id":3609,"date":"2024-05-14T10:02:16","date_gmt":"2024-05-14T08:02:16","guid":{"rendered":"https:\/\/pflegedienst-domu.de\/kuenye\/"},"modified":"2024-12-10T22:59:21","modified_gmt":"2024-12-10T21:59:21","slug":"kuenye","status":"publish","type":"page","link":"https:\/\/pflegedienst-wdomu.de\/tr\/kuenye\/","title":{"rendered":"K\u00fcnye"},"content":{"rendered":"<div class=\"fusion-fullwidth fullwidth-box fusion-builder-row-1 fusion-flex-container has-pattern-background has-mask-background nonhundred-percent-fullwidth non-hundred-percent-height-scrolling\" style=\"--awb-border-radius-top-left:0px;--awb-border-radius-top-right:0px;--awb-border-radius-bottom-right:0px;--awb-border-radius-bottom-left:0px;--awb-padding-top:30px;--awb-padding-bottom:40px;--awb-flex-wrap:wrap;\" ><div class=\"fusion-builder-row fusion-row fusion-flex-align-items-flex-start fusion-flex-content-wrap\" style=\"max-width:1497.6px;margin-left: calc(-4% \/ 2 );margin-right: calc(-4% \/ 2 );\"><div class=\"fusion-layout-column fusion_builder_column fusion-builder-column-0 fusion_builder_column_1_1 1_1 fusion-flex-column\" style=\"--awb-bg-size:cover;--awb-width-large:100%;--awb-margin-top-large:0px;--awb-spacing-right-large:1.92%;--awb-margin-bottom-large:0px;--awb-spacing-left-large:1.92%;--awb-width-medium:100%;--awb-spacing-right-medium:1.92%;--awb-spacing-left-medium:1.92%;--awb-width-small:100%;--awb-spacing-right-small:1.92%;--awb-spacing-left-small:1.92%;\"><div class=\"fusion-column-wrapper fusion-flex-justify-content-flex-start fusion-content-layout-column\"><div class=\"fusion-text fusion-text-1\"><div class=\"vc-container\">\n<section class=\"wpb-content-wrapper\">\n<div class=\"vc-row-container container\">\n<div class=\"vc_row wpb_row vc_row-fluid\">\n<div class=\"wpb_column vc_column_container vc_col-sm-12\">\n<div class=\"vc_column-inner\">\n<div class=\"wpb_wrapper\">\n<div class=\"wpb_text_column wpb_content_element post-formatting \">\n<div class=\"wpb_wrapper\">\n<h1>K\u00fcnye<\/h1>\n<p>Marlena Plutecki, Isabelle Pfeiffer, Suna Cataldegirmen ve Thomas Reimann wDomu &#8211; Ihr Pflegedienst GbR<br \/>\nFeldstrasse 51<br \/>\n51381 Leverkusen<\/p>\n<h3>Bize ula\u015f\u0131n<\/h3>\n<p>Telefon 02171 79498-0 Faks 02171 79498-99<\/p>\n<p><a href=\"mailto:mail@wdomu.de\" target=\"_blank\" rel=\"noopener\">e-posta<\/a><\/p>\n<h3>AB uyu\u015fmazl\u0131k \u00e7\u00f6z\u00fcm\u00fc<\/h3>\n<p>Avrupa Komisyonu \u00e7evrimi\u00e7i uyu\u015fmazl\u0131k \u00e7\u00f6z\u00fcm\u00fc i\u00e7in bir platform sa\u011flamaktad\u0131r (OS): <a href=\"https:\/\/ec.europa.eu\/consumers\/odr\/\" target=\"_blank\" rel=\"noopener noreferrer\">https:\/\/ec.europa.eu\/consumers\/odr\/<\/a>.<br \/>\nE-posta adresimizi yukar\u0131daki yasal bildirimde bulabilirsiniz.<\/p>\n<h3>T\u00fcketici uyu\u015fmazl\u0131klar\u0131n\u0131n \u00e7\u00f6z\u00fcm\u00fc\/evrensel tahkim merkezi<\/h3>\n<p>Bir t\u00fcketici hakem heyeti nezdindeki uyu\u015fmazl\u0131k \u00e7\u00f6z\u00fcm i\u015flemlerine kat\u0131lmaya istekli veya y\u00fck\u00fcml\u00fc de\u011filiz.<\/p>\n<\/div>\n<\/div>\n<\/div>\n<\/div>\n<\/div>\n<\/div>\n<\/div>\n<\/section>\n<\/div>\n<\/div><\/div><\/div><\/div><\/div>\n","protected":false},"excerpt":{"rendered":"","protected":false},"author":1,"featured_media":0,"parent":0,"menu_order":0,"comment_status":"closed","ping_status":"closed","template":"","meta":{"inline_featured_image":false,"footnotes":""},"class_list":["post-3609","page","type-page","status-publish","hentry"],"_links":{"self":[{"href":"https:\/\/pflegedienst-wdomu.de\/tr\/wp-json\/wp\/v2\/pages\/3609","targetHints":{"allow":["GET"]}}],"collection":[{"href":"https:\/\/pflegedienst-wdomu.de\/tr\/wp-json\/wp\/v2\/pages"}],"about":[{"href":"https:\/\/pflegedienst-wdomu.de\/tr\/wp-json\/wp\/v2\/types\/page"}],"author":[{"embeddable":true,"href":"https:\/\/pflegedienst-wdomu.de\/tr\/wp-json\/wp\/v2\/users\/1"}],"replies":[{"embeddable":true,"href":"https:\/\/pflegedienst-wdomu.de\/tr\/wp-json\/wp\/v2\/comments?post=3609"}],"version-history":[{"count":10,"href":"https:\/\/pflegedienst-wdomu.de\/tr\/wp-json\/wp\/v2\/pages\/3609\/revisions"}],"predecessor-version":[{"id":5382,"href":"https:\/\/pflegedienst-wdomu.de\/tr\/wp-json\/wp\/v2\/pages\/3609\/revisions\/5382"}],"wp:attachment":[{"href":"https:\/\/pflegedienst-wdomu.de\/tr\/wp-json\/wp\/v2\/media?parent=3609"}],"curies":[{"name":"wp","href":"https:\/\/api.w.org\/{rel}","templated":true}]}}