{"id":3613,"date":"2024-05-14T10:02:38","date_gmt":"2024-05-14T08:02:38","guid":{"rendered":"https:\/\/pflegedienst-domu.de\/gizlilik-politikasi\/"},"modified":"2024-11-21T14:13:24","modified_gmt":"2024-11-21T13:13:24","slug":"gizlilik-politikasi","status":"publish","type":"page","link":"https:\/\/pflegedienst-wdomu.de\/tr\/gizlilik-politikasi\/","title":{"rendered":"Gizlilik Politikas\u0131"},"content":{"rendered":"<div class=\"fusion-fullwidth fullwidth-box fusion-builder-row-1 fusion-flex-container nonhundred-percent-fullwidth non-hundred-percent-height-scrolling\" style=\"--awb-border-radius-top-left:0px;--awb-border-radius-top-right:0px;--awb-border-radius-bottom-right:0px;--awb-border-radius-bottom-left:0px;--awb-flex-wrap:wrap;\" ><div class=\"fusion-builder-row fusion-row fusion-flex-align-items-flex-start fusion-flex-content-wrap\" style=\"max-width:1497.6px;margin-left: calc(-4% \/ 2 );margin-right: calc(-4% \/ 2 );\"><div class=\"fusion-layout-column fusion_builder_column fusion-builder-column-0 fusion_builder_column_1_1 1_1 fusion-flex-column\" style=\"--awb-bg-size:cover;--awb-width-large:100%;--awb-margin-top-large:0px;--awb-spacing-right-large:1.92%;--awb-margin-bottom-large:0px;--awb-spacing-left-large:1.92%;--awb-width-medium:100%;--awb-spacing-right-medium:1.92%;--awb-spacing-left-medium:1.92%;--awb-width-small:100%;--awb-spacing-right-small:1.92%;--awb-spacing-left-small:1.92%;\"><div class=\"fusion-column-wrapper fusion-flex-justify-content-flex-start fusion-content-layout-column\"><div class=\"fusion-text fusion-text-1\"><div class=\"vc-container\">\n<section class=\"wpb-content-wrapper\">\n<div class=\"vc-row-container container\">\n<div class=\"vc_row wpb_row vc_row-fluid\">\n<div class=\"wpb_column vc_column_container vc_col-sm-12\">\n<div class=\"vc_column-inner\">\n<div class=\"wpb_wrapper\">\n<div class=\"wpb_text_column wpb_content_element post-formatting \">\n<div class=\"wpb_wrapper\">\n<h1>Gizlilik Politikas\u0131<\/h1>\n<h2>1. bi\u0307r baki\u015fta veri\u0307 koruma<\/h2>\n<h3>Genel bilgi<\/h3>\n<p>A\u015fa\u011f\u0131daki bilgiler, bu web sitesini ziyaret etti\u011finizde ki\u015fisel verilerinize ne oldu\u011funa dair basit bir genel bak\u0131\u015f sa\u011flar. Ki\u015fisel veriler, ki\u015fisel olarak tan\u0131mlanabilece\u011finiz t\u00fcm verilerdir. Veri koruma konusuna ili\u015fkin detayl\u0131 bilgiye bu metnin alt\u0131nda yer alan gizlilik politikam\u0131zdan ula\u015fabilirsiniz.<\/p>\n<h3>Bu web sitesinde veri toplama<\/h3>\n<h4>Bu web sitesinde veri toplanmas\u0131ndan kim sorumludur?<\/h4>\n<p>Bu web sitesinde veri i\u015fleme, web sitesi operat\u00f6r\u00fc taraf\u0131ndan ger\u00e7ekle\u015ftirilir. \u0130leti\u015fim bilgilerini bu gizlilik politikas\u0131n\u0131n &#8220;Denetleyici hakk\u0131nda bilgiler&#8221; b\u00f6l\u00fcm\u00fcnde bulabilirsiniz.<\/p>\n<h4>Verilerinizi nas\u0131l topluyoruz?<\/h4>\n<p>Bir yandan, verileriniz bize sa\u011flad\u0131\u011f\u0131n\u0131zda toplan\u0131r. Bu, \u00f6rne\u011fin, bir ileti\u015fim formuna girdi\u011finiz veriler olabilir.<\/p>\n<p>Di\u011fer veriler, web sitesini ziyaret etti\u011finizde BT sistemlerimiz taraf\u0131ndan otomatik olarak veya sizin izninizle toplan\u0131r. Bunlar \u00f6ncelikle teknik verilerdir (\u00f6rne\u011fin internet taray\u0131c\u0131s\u0131, i\u015fletim sistemi veya sayfan\u0131n g\u00f6r\u00fcnt\u00fclenme zaman\u0131). Bu veriler, bu web sitesine girdi\u011finiz anda otomatik olarak toplan\u0131r.<\/p>\n<h4>Verilerinizi ne i\u00e7in kullan\u0131yoruz?<\/h4>\n<p>Verilerin bir k\u0131sm\u0131 web sitesinin hatas\u0131z bir \u015fekilde sunulmas\u0131n\u0131 sa\u011flamak i\u00e7in toplanmaktad\u0131r. Di\u011fer veriler kullan\u0131c\u0131 davran\u0131\u015f\u0131n\u0131z\u0131 analiz etmek i\u00e7in kullan\u0131labilir.<\/p>\n<h4>Verilerinizle ilgili hangi haklara sahipsiniz?<\/h4>\n<p>Saklanan ki\u015fisel verilerinizin kayna\u011f\u0131, al\u0131c\u0131s\u0131 ve amac\u0131 hakk\u0131nda istedi\u011finiz zaman \u00fccretsiz olarak bilgi alma hakk\u0131na sahipsiniz. Ayr\u0131ca bu verilerin d\u00fczeltilmesini veya silinmesini talep etme hakk\u0131na da sahipsiniz. Veri i\u015fleme i\u00e7in onay verdiyseniz, bu onay\u0131 istedi\u011finiz zaman gelecek i\u00e7in iptal edebilirsiniz. Ayr\u0131ca, belirli ko\u015fullar alt\u0131nda ki\u015fisel verilerinizin i\u015flenmesinin k\u0131s\u0131tlanmas\u0131n\u0131 talep etme hakk\u0131na da sahipsiniz. Ayr\u0131ca, yetkili denetim makam\u0131na \u015fikayette bulunma hakk\u0131na sahipsiniz.<\/p>\n<p>Veri koruma konusunda ba\u015fka sorular\u0131n\u0131z varsa istedi\u011finiz zaman bizimle ileti\u015fime ge\u00e7ebilirsiniz.<\/p>\n<h2>2. bar\u0131nd\u0131rma<\/h2>\n<h3>Her\u015fey Dahil<\/h3>\n<p>Web sitemizi All-Inkl ile bar\u0131nd\u0131r\u0131yoruz. Sa\u011flay\u0131c\u0131 ALL-INKL.COM &#8211; Neue Medien M\u00fcnnich, Inh. Ren\u00e9 M\u00fcnnich, Hauptstra\u00dfe 68, 02742 Friedersdorf (bundan sonra All-Inkl olarak an\u0131lacakt\u0131r). Ayr\u0131nt\u0131lar All-Inkl&#8217;in gizlilik politikas\u0131nda bulunabilir: <a href=\"https:\/\/all-inkl.com\/datenschutzinformationen\/\" target=\"_blank\" rel=\"noopener noreferrer\">https:\/\/all-inkl.com\/datenschutzinformationen\/<\/a>.<\/p>\n<p>All-Inkl kullan\u0131m\u0131 Madde 6 paragraf\u0131na dayanmaktad\u0131r. 1 litre. f GDPR. Web sitemizin m\u00fcmk\u00fcn oldu\u011funca g\u00fcvenilir bir \u015fekilde g\u00f6r\u00fcnt\u00fclenmesini sa\u011flamak konusunda me\u015fru bir menfaatimiz bulunmaktad\u0131r. \u0130lgili bir onay talep edilmi\u015fse, i\u015fleme yaln\u0131zca Madde 6 paragraf\u0131 temelinde ger\u00e7ekle\u015ftirilir. 1 litre. a GDPR ve \u00a7 25 para. 1 TDDDG anlam\u0131nda \u00e7erezlerin depolanmas\u0131n\u0131 veya kullan\u0131c\u0131n\u0131n son cihaz\u0131ndaki bilgilere eri\u015fimi (\u00f6rn. cihaz parmak izi) i\u00e7erdi\u011fi s\u00fcrece. Onay herhangi bir zamanda iptal edilebilir.<\/p>\n<h4>Sipari\u015f i\u015fleme<\/h4>\n<p>Yukar\u0131da belirtilen sa\u011flay\u0131c\u0131 ile bir sipari\u015f i\u015fleme s\u00f6zle\u015fmesi (AVV) imzalad\u0131k. Bu, veri koruma yasas\u0131 taraf\u0131ndan \u00f6ng\u00f6r\u00fclen ve veri denetleyicisinin web sitesi ziyaret\u00e7ilerimizin ki\u015fisel verilerini yaln\u0131zca talimatlar\u0131m\u0131za uygun olarak ve GDPR&#8217;ye uygun olarak i\u015flemesini sa\u011flayan bir s\u00f6zle\u015fmedir.<\/p>\n<h2>3 Genel notlar ve zorunlu bilgiler<\/h2>\n<h3>Veri koruma<\/h3>\n<p>Bu sayfalar\u0131n operat\u00f6rleri ki\u015fisel verilerinizin korunmas\u0131n\u0131 \u00e7ok ciddiye almaktad\u0131r. Ki\u015fisel verilerinizi gizli ve yasal veri koruma d\u00fczenlemelerine ve bu gizlilik politikas\u0131na uygun olarak ele al\u0131yoruz.<\/p>\n<p>Bu web sitesini kulland\u0131\u011f\u0131n\u0131zda, \u00e7e\u015fitli ki\u015fisel veriler toplan\u0131r. Ki\u015fisel veriler, sizi ki\u015fisel olarak tan\u0131mlamak i\u00e7in kullan\u0131labilecek verilerdir. Bu gizlilik politikas\u0131 hangi verileri toplad\u0131\u011f\u0131m\u0131z\u0131 ve bunlar\u0131 ne i\u00e7in kulland\u0131\u011f\u0131m\u0131z\u0131 a\u00e7\u0131klamaktad\u0131r. Ayr\u0131ca bunun nas\u0131l ve ne ama\u00e7la yap\u0131ld\u0131\u011f\u0131n\u0131 da a\u00e7\u0131klar.<\/p>\n<p>\u0130nternet \u00fczerinden veri aktar\u0131m\u0131nda (\u00f6rne\u011fin e-posta ile ileti\u015fimde) g\u00fcvenlik a\u00e7\u0131klar\u0131 olabilece\u011fini belirtmek isteriz. Verilerin \u00fc\u00e7\u00fcnc\u00fc taraflar\u0131n eri\u015fimine kar\u015f\u0131 tam olarak korunmas\u0131 m\u00fcmk\u00fcn de\u011fildir.<\/p>\n<h3>Sorumlu kurulu\u015f hakk\u0131nda not<\/h3>\n<p>Bu web sitesindeki veri i\u015flemeden sorumlu kontrol\u00f6r<\/p>\n<p>Marlena Plutecki, Isabelle Pfeiffer, Suna Cataldegrimen &amp; Thomas Reimann wDomu &#8211; Ihr Pflegedienst GbR Yetkili temsilciler: Suna Cataldegrimen &amp; Thomas Reimann Feldstrasse 51 51381 Leverkusen 02171 79498-0 E-posta: mail@wdomu.de<\/p>\n<p>Kontrol\u00f6r, ki\u015fisel verilerin (\u00f6rne\u011fin isimler, e-posta adresleri vb.) i\u015flenme ama\u00e7lar\u0131n\u0131 ve ara\u00e7lar\u0131n\u0131 tek ba\u015f\u0131na veya ba\u015fkalar\u0131yla birlikte belirleyen ger\u00e7ek veya t\u00fczel ki\u015fidir.<\/p>\n<h3>Depolama s\u00fcresi<\/h3>\n<p>Bu gizlilik politikas\u0131nda daha spesifik bir saklama s\u00fcresi belirtilmedi\u011fi s\u00fcrece, ki\u015fisel verileriniz veri i\u015fleme amac\u0131 art\u0131k ge\u00e7erli olmayana kadar bizde kalacakt\u0131r. Silme i\u00e7in hakl\u0131 bir talepte bulunursan\u0131z veya veri i\u015fleme izninizi iptal ederseniz, ki\u015fisel verilerinizi saklamak i\u00e7in yasal olarak izin verilen ba\u015fka nedenlerimiz olmad\u0131\u011f\u0131 s\u00fcrece verileriniz silinecektir (\u00f6rne\u011fin, vergi veya ticaret hukuku kapsam\u0131nda saklama s\u00fcreleri); ikinci durumda, silme i\u015flemi bu nedenler art\u0131k ge\u00e7erli olmad\u0131\u011f\u0131nda ger\u00e7ekle\u015fecektir.<\/p>\n<h3>Bu web sitesinde veri i\u015flemenin yasal dayana\u011f\u0131 hakk\u0131nda genel bilgiler<\/h3>\n<p>Veri i\u015flemeye izin verdiyseniz, ki\u015fisel verilerinizi Madde 6 paragraf\u0131na dayanarak i\u015fleriz. 1 litre. a GDPR ve Madde 9 para. 2 litre. a GDPR, Madde 9 paragraf\u0131 uyar\u0131nca \u00f6zel veri kategorileri oldu\u011fu s\u00fcrece. 1 GDPR i\u015flenmektedir. Ki\u015fisel verilerin \u00fc\u00e7\u00fcnc\u00fc \u00fclkelere aktar\u0131lmas\u0131na a\u00e7\u0131k r\u0131za g\u00f6sterilmesi durumunda, veri i\u015fleme ayr\u0131ca 49. Maddenin 49. Paragraf\u0131 temelinde ger\u00e7ekle\u015ftirilir. 1 litre. a GDPR. \u00c7erezlerin depolanmas\u0131na veya son cihaz\u0131n\u0131zdaki bilgilere eri\u015filmesine (\u00f6rne\u011fin cihaz parmak izi yoluyla) izin verdiyseniz, veri i\u015fleme ayr\u0131ca GDPR Madde 25 (1) temelinde ger\u00e7ekle\u015ftirilir. 1 TDDDG. Onay herhangi bir zamanda iptal edilebilir. Verileriniz s\u00f6zle\u015fmenin yerine getirilmesi veya s\u00f6zle\u015fme \u00f6ncesi \u00f6nlemlerin uygulanmas\u0131 i\u00e7in gerekliyse, verilerinizi Madde 6 paragraf\u0131na dayanarak i\u015fleriz. 1 litre. b GDPR. Ayr\u0131ca, Madde 6 paragraf\u0131na dayanarak yasal bir y\u00fck\u00fcml\u00fcl\u00fc\u011f\u00fc yerine getirmek i\u00e7in gerekli olmas\u0131 halinde verilerinizi i\u015fleriz. 1 litre. c GDPR. Veri i\u015fleme ayr\u0131ca Madde 6 paragraf\u0131 uyar\u0131nca me\u015fru menfaatimize de dayanabilir. 1 litre. f DSGVO ger\u00e7ekle\u015ftirilmelidir. Her bir durumda ilgili yasal dayanaklara ili\u015fkin bilgiler, bu gizlilik politikas\u0131n\u0131n a\u015fa\u011f\u0131daki paragraflar\u0131nda verilmektedir.<\/p>\n<h3>Veri i\u015fleme izninizin iptali<\/h3>\n<p>Bir\u00e7ok veri i\u015fleme i\u015flemi yaln\u0131zca sizin a\u00e7\u0131k r\u0131zan\u0131zla m\u00fcmk\u00fcnd\u00fcr. Onay\u0131n\u0131z\u0131 istedi\u011finiz zaman iptal edebilirsiniz. \u0130ptale kadar ger\u00e7ekle\u015ftirilen veri i\u015flemenin yasall\u0131\u011f\u0131 iptalden etkilenmez.<\/p>\n<h3>\u00d6zel durumlarda verilerin toplanmas\u0131na ve do\u011frudan pazarlamaya itiraz etme hakk\u0131 (GDPR Madde 21)<\/h3>\n<p>VERI I\u015eLEMENIN MADDEYE DAYALI OLMASI HALINDE. 6 ABS. 1 LIT. E VEYA F GDPR, \u00d6ZEL DURUMUNUZLA ILGILI GEREK\u00c7ELERLE ISTEDI\u011eINIZ ZAMAN KI\u015eISEL VERILERINIZIN I\u015eLENMESINE ITIRAZ ETME HAKKINA SAHIPSINIZ; BU AYNI ZAMANDA BU H\u00dcK\u00dcMLERE DAYALI PROFIL OLU\u015eTURMA I\u00c7IN DE GE\u00c7ERLIDIR. I\u015eLEMENIN DAYANDI\u011eI ILGILI YASAL DAYANAK BU GIZLILIK POLITIKASINDA BULUNABILIR. I\u0307TI\u0307RAZ ETMENI\u0307Z HALI\u0307NDE, I\u0307\u015eLEME I\u0307\u00c7I\u0307N MENFAATLERI\u0307NI\u0307ZI\u0307, HAKLARINIZI VE \u00d6ZG\u00dcRL\u00dcKLERI\u0307NI\u0307ZI\u0307 GE\u00c7ERSI\u0307Z KILAN ZORLAYICI ME\u015eRU GEREK\u00c7ELER G\u00d6STEREMEDI\u0307\u011eI\u0307MI\u0307Z VEYA I\u0307\u015eLEMENI\u0307N YASAL TALEPLERI\u0307N OLU\u015eTURULMASINA, UYGULANMASINA VEYA SAVUNULMASINA HI\u0307ZMET ETMEDI\u0307\u011eI\u0307 S\u00dcRECE (GDPR MADDE 21 (1) KAPSAMINDA I\u0307TI\u0307RAZ) I\u0307LGI\u0307LI\u0307 KI\u0307\u015eI\u0307SEL VERI\u0307LERI\u0307NI\u0307ZI\u0307 I\u0307\u015eLEMEYECE\u011eI\u0307Z.<\/p>\n<p>KI\u015eISEL VERILERINIZ DO\u011eRUDAN PAZARLAMA AMACIYLA I\u015eLENIYORSA, S\u00d6Z KONUSU DO\u011eRUDAN PAZARLAMA ILE ILGILI OLDU\u011eU \u00d6L\u00c7\u00dcDE PROFIL OLU\u015eTURMAYI DA I\u00c7EREN BU T\u00dcR PAZARLAMA AMACIYLA SIZINLE ILGILI KI\u015eISEL VERILERIN I\u015eLENMESINE ISTEDI\u011eINIZ ZAMAN ITIRAZ ETME HAKKINA SAHIPSINIZ. I\u0307TI\u0307RAZ ETMENI\u0307Z HALI\u0307NDE KI\u0307\u015eI\u0307SEL VERI\u0307LERI\u0307NI\u0307Z DAHA SONRA DO\u011eRUDAN PAZARLAMA AMACIYLA KULLANILMAYACAKTIR (GDPR MADDE 21 PARAGRAF 2 UYARINCA I\u0307TI\u0307RAZ).<\/p>\n<h3>Yetkili denetim makam\u0131na \u015fikayette bulunma hakk\u0131<\/h3>\n<p>GDPR&#8217;nin ihlal edilmesi durumunda, veri sahipleri, \u00f6zellikle ikamet ettikleri, \u00e7al\u0131\u015ft\u0131klar\u0131 veya iddia edilen ihlalin ger\u00e7ekle\u015fti\u011fi \u00dcye Devletteki bir denetim makam\u0131na \u015fikayette bulunma hakk\u0131na sahiptir. \u0130tiraz hakk\u0131, di\u011fer idari veya adli ba\u015fvuru yollar\u0131na halel getirmeksizin mevcuttur.<\/p>\n<h3>Veri ta\u015f\u0131nabilirli\u011fi hakk\u0131<\/h3>\n<p>Onay\u0131n\u0131za dayanarak veya bir s\u00f6zle\u015fmenin yerine getirilmesi i\u00e7in otomatik olarak i\u015fledi\u011fimiz verilerin size veya \u00fc\u00e7\u00fcnc\u00fc bir tarafa yayg\u0131n olarak kullan\u0131lan, makine taraf\u0131ndan okunabilir bir formatta teslim edilmesini sa\u011flama hakk\u0131na sahipsiniz. Verilerin ba\u015fka bir kontrol\u00f6re do\u011frudan aktar\u0131lmas\u0131n\u0131 talep ederseniz, bu yaln\u0131zca teknik olarak m\u00fcmk\u00fcn oldu\u011fu \u00f6l\u00e7\u00fcde yap\u0131lacakt\u0131r.<\/p>\n<h3>SSL veya TLS \u015fifreleme<\/h3>\n<p>Bu site, g\u00fcvenlik nedenleriyle ve site operat\u00f6r\u00fc olarak bize g\u00f6nderdi\u011finiz sipari\u015fler veya sorular gibi gizli i\u00e7eri\u011fin iletimini korumak i\u00e7in SSL veya TLS \u015fifreleme kullan\u0131r. \u015eifrelenmi\u015f bir ba\u011flant\u0131y\u0131, taray\u0131c\u0131n\u0131z\u0131n adres sat\u0131r\u0131n\u0131n &#8220;http:\/\/&#8221; yerine &#8220;https:\/\/&#8221; olarak de\u011fi\u015fmesinden ve taray\u0131c\u0131 sat\u0131r\u0131n\u0131zdaki kilit sembol\u00fcnden anlayabilirsiniz.<\/p>\n<p>SSL veya TLS \u015fifrelemesi etkinle\u015ftirilirse, bize iletti\u011finiz veriler \u00fc\u00e7\u00fcnc\u00fc taraflarca okunamaz.<\/p>\n<h3>Bilgi, silme ve d\u00fczeltme<\/h3>\n<p>Y\u00fcr\u00fcrl\u00fckteki yasal h\u00fck\u00fcmler \u00e7er\u00e7evesinde, saklanan ki\u015fisel verileriniz, bunlar\u0131n kayna\u011f\u0131 ve al\u0131c\u0131s\u0131 ve veri i\u015flemenin amac\u0131 hakk\u0131nda istedi\u011finiz zaman \u00fccretsiz bilgi alma ve gerekirse bu verileri d\u00fczeltme veya silme hakk\u0131na sahipsiniz. Ki\u015fisel veriler konusunda ba\u015fka sorular\u0131n\u0131z varsa istedi\u011finiz zaman bizimle ileti\u015fime ge\u00e7ebilirsiniz.<\/p>\n<h3>\u0130\u015flemenin k\u0131s\u0131tlanmas\u0131 hakk\u0131<\/h3>\n<p>Ki\u015fisel verilerinizin i\u015flenmesinin k\u0131s\u0131tlanmas\u0131n\u0131 talep etme hakk\u0131na sahipsiniz. Bu ama\u00e7la istedi\u011finiz zaman bizimle ileti\u015fime ge\u00e7ebilirsiniz. \u0130\u015flemenin k\u0131s\u0131tlanmas\u0131 hakk\u0131 a\u015fa\u011f\u0131daki durumlarda mevcuttur:<\/p>\n<ul>\n<li>Taraf\u0131m\u0131zca saklanan ki\u015fisel verilerinizin do\u011frulu\u011funa itiraz ederseniz, bunu kontrol etmek i\u00e7in genellikle zamana ihtiyac\u0131m\u0131z vard\u0131r. \u0130nceleme s\u00fcresi boyunca, ki\u015fisel verilerinizin i\u015flenmesinin k\u0131s\u0131tlanmas\u0131n\u0131 talep etme hakk\u0131na sahipsiniz.<\/li>\n<li>Ki\u015fisel verilerinizin i\u015flenmesinin hukuka ayk\u0131r\u0131 olmas\u0131 durumunda, silme yerine veri i\u015flemenin k\u0131s\u0131tlanmas\u0131n\u0131 talep edebilirsiniz.<\/li>\n<li>Ki\u015fisel verilerinize art\u0131k ihtiyac\u0131m\u0131z yoksa, ancak yasal taleplerin uygulanmas\u0131, savunulmas\u0131 veya ileri s\u00fcr\u00fclmesi i\u00e7in ihtiyac\u0131n\u0131z varsa, ki\u015fisel verilerinizin silinmesi yerine i\u015flenmesinin k\u0131s\u0131tlanmas\u0131n\u0131 talep etme hakk\u0131na sahipsiniz.<\/li>\n<li>Madde 21 paragraf\u0131 uyar\u0131nca bir itirazda bulunman\u0131z halinde. 1 GDPR uyar\u0131nca, sizin ve bizim \u00e7\u0131karlar\u0131m\u0131z aras\u0131nda bir denge kurulmal\u0131d\u0131r. Kimin \u00e7\u0131karlar\u0131n\u0131n \u00fcst\u00fcn geldi\u011fi hen\u00fcz belirlenmedi\u011fi s\u00fcrece, ki\u015fisel verilerinizin i\u015flenmesinin k\u0131s\u0131tlanmas\u0131n\u0131 talep etme hakk\u0131na sahipsiniz.<\/li>\n<\/ul>\n<p>Ki\u015fisel verilerinizin i\u015flenmesini k\u0131s\u0131tlad\u0131ysan\u0131z, bu veriler &#8211; saklanmas\u0131 d\u0131\u015f\u0131nda &#8211; yaln\u0131zca sizin izninizle veya yasal taleplerin olu\u015fturulmas\u0131, uygulanmas\u0131 veya savunulmas\u0131 veya ba\u015fka bir ger\u00e7ek veya t\u00fczel ki\u015finin haklar\u0131n\u0131n korunmas\u0131 veya Avrupa Birli\u011fi&#8217;nin veya bir \u00dcye Devletin \u00f6nemli kamu yarar\u0131 nedenleriyle i\u015flenebilir.<\/p>\n<h2>4. bu web si\u0307tesi\u0307nde veri\u0307 toplama<\/h2>\n<h3>\u0130leti\u015fim formu<\/h3>\n<p>\u0130leti\u015fim formu arac\u0131l\u0131\u011f\u0131yla bize soru g\u00f6nderirseniz, orada verdi\u011finiz ileti\u015fim bilgileri de dahil olmak \u00fczere, talep formundaki bilgileriniz, talebin i\u015flenmesi amac\u0131yla ve takip sorular\u0131 durumunda taraf\u0131m\u0131zdan saklanacakt\u0131r. Bu verileri sizin izniniz olmadan aktarmay\u0131z.<\/p>\n<p>Bu veriler Madde 6 paragraf\u0131 temelinde i\u015flenmektedir. 1 litre. b GDPR, talebiniz bir s\u00f6zle\u015fmenin yerine getirilmesiyle ilgili oldu\u011fu veya s\u00f6zle\u015fme \u00f6ncesi \u00f6nlemlerin uygulanmas\u0131 i\u00e7in gerekli oldu\u011fu s\u00fcrece. Di\u011fer t\u00fcm durumlarda, i\u015fleme, bize y\u00f6neltilen sorular\u0131n etkili bir \u015fekilde i\u015flenmesindeki me\u015fru menfaatimize (GDPR Madde 6 Paragraf 1 Bent f) veya talep edilmi\u015fse onay\u0131n\u0131za (GDPR Madde 6 Paragraf 1 Bent a) dayanmaktad\u0131r; onay herhangi bir zamanda iptal edilebilir.<\/p>\n<p>\u0130leti\u015fim formunda sa\u011flad\u0131\u011f\u0131n\u0131z verileri, siz silinmesini talep edene, saklanmas\u0131 i\u00e7in verdi\u011finiz izni iptal edene veya saklanma amac\u0131 art\u0131k ge\u00e7erli olmayana kadar (\u00f6rn. talebinizi yerine getirdikten sonra) saklayaca\u011f\u0131z. Zorunlu yasal h\u00fck\u00fcmler &#8211; \u00f6zellikle saklama s\u00fcreleri &#8211; etkilenmeden kal\u0131r.<\/p>\n<h3>E-posta, telefon veya faks yoluyla soru sorma<\/h3>\n<p>Bizimle e-posta, telefon veya faks yoluyla ileti\u015fime ge\u00e7erseniz, t\u00fcm ki\u015fisel veriler (isim, talep) dahil olmak \u00fczere talebiniz, talebinizi i\u015fleme koymak amac\u0131yla taraf\u0131m\u0131zdan saklanacak ve i\u015flenecektir. Bu verileri sizin izniniz olmadan aktarmay\u0131z.<\/p>\n<p>Bu veriler Madde 6 paragraf\u0131 temelinde i\u015flenmektedir. 1 litre. b GDPR, talebiniz bir s\u00f6zle\u015fmenin yerine getirilmesiyle ilgili oldu\u011fu veya s\u00f6zle\u015fme \u00f6ncesi \u00f6nlemlerin uygulanmas\u0131 i\u00e7in gerekli oldu\u011fu s\u00fcrece. Di\u011fer t\u00fcm durumlarda, i\u015fleme, bize y\u00f6neltilen sorular\u0131n etkili bir \u015fekilde i\u015flenmesindeki me\u015fru menfaatimize (GDPR Madde 6 Paragraf 1 Bent f) veya talep edilmi\u015fse onay\u0131n\u0131za (GDPR Madde 6 Paragraf 1 Bent a) dayanmaktad\u0131r; onay herhangi bir zamanda iptal edilebilir.<\/p>\n<p>\u0130leti\u015fim talepleri arac\u0131l\u0131\u011f\u0131yla bize g\u00f6nderdi\u011finiz veriler, siz silmemizi isteyene, saklama izninizi iptal edene veya veri saklama amac\u0131 art\u0131k ge\u00e7erli olmayana kadar (\u00f6rn. talebiniz i\u015flendikten sonra) bizde kalacakt\u0131r. Zorunlu yasal h\u00fck\u00fcmler &#8211; \u00f6zellikle yasal saklama s\u00fcreleri &#8211; etkilenmeden kal\u0131r.<\/p>\n<\/div>\n<\/div>\n<\/div>\n<\/div>\n<\/div>\n<\/div>\n<\/div>\n<\/section>\n<\/div>\n<\/div><\/div><\/div><\/div><\/div>\n","protected":false},"excerpt":{"rendered":"","protected":false},"author":1,"featured_media":0,"parent":0,"menu_order":0,"comment_status":"closed","ping_status":"closed","template":"","meta":{"inline_featured_image":false,"footnotes":""},"class_list":["post-3613","page","type-page","status-publish","hentry"],"_links":{"self":[{"href":"https:\/\/pflegedienst-wdomu.de\/tr\/wp-json\/wp\/v2\/pages\/3613","targetHints":{"allow":["GET"]}}],"collection":[{"href":"https:\/\/pflegedienst-wdomu.de\/tr\/wp-json\/wp\/v2\/pages"}],"about":[{"href":"https:\/\/pflegedienst-wdomu.de\/tr\/wp-json\/wp\/v2\/types\/page"}],"author":[{"embeddable":true,"href":"https:\/\/pflegedienst-wdomu.de\/tr\/wp-json\/wp\/v2\/users\/1"}],"replies":[{"embeddable":true,"href":"https:\/\/pflegedienst-wdomu.de\/tr\/wp-json\/wp\/v2\/comments?post=3613"}],"version-history":[{"count":10,"href":"https:\/\/pflegedienst-wdomu.de\/tr\/wp-json\/wp\/v2\/pages\/3613\/revisions"}],"predecessor-version":[{"id":5347,"href":"https:\/\/pflegedienst-wdomu.de\/tr\/wp-json\/wp\/v2\/pages\/3613\/revisions\/5347"}],"wp:attachment":[{"href":"https:\/\/pflegedienst-wdomu.de\/tr\/wp-json\/wp\/v2\/media?parent=3613"}],"curies":[{"name":"wp","href":"https:\/\/api.w.org\/{rel}","templated":true}]}}