{"id":4216,"date":"2024-05-15T12:37:46","date_gmt":"2024-05-15T10:37:46","guid":{"rendered":"https:\/\/pflegedienst-wdomu.de\/hakkimizda\/"},"modified":"2024-06-05T17:10:20","modified_gmt":"2024-06-05T15:10:20","slug":"hakkimizda","status":"publish","type":"page","link":"https:\/\/pflegedienst-wdomu.de\/tr\/hakkimizda\/","title":{"rendered":"Hakk\u0131m\u0131zda"},"content":{"rendered":"<p><div class=\"fusion-fullwidth fullwidth-box fusion-builder-row-1 fusion-flex-container has-pattern-background has-mask-background nonhundred-percent-fullwidth non-hundred-percent-height-scrolling\" style=\"--awb-border-radius-top-left:0px;--awb-border-radius-top-right:0px;--awb-border-radius-bottom-right:0px;--awb-border-radius-bottom-left:0px;--awb-padding-right:30px;--awb-padding-left:30px;--awb-flex-wrap:wrap;\" ><div class=\"fusion-builder-row fusion-row fusion-flex-align-items-flex-start fusion-flex-content-wrap\" style=\"max-width:1497.6px;margin-left: calc(-4% \/ 2 );margin-right: calc(-4% \/ 2 );\"><div class=\"fusion-layout-column fusion_builder_column fusion-builder-column-0 fusion_builder_column_1_1 1_1 fusion-flex-column\" style=\"--awb-bg-size:cover;--awb-width-large:100%;--awb-margin-top-large:0px;--awb-spacing-right-large:1.92%;--awb-margin-bottom-large:20px;--awb-spacing-left-large:1.92%;--awb-width-medium:100%;--awb-order-medium:0;--awb-spacing-right-medium:1.92%;--awb-spacing-left-medium:1.92%;--awb-width-small:100%;--awb-order-small:0;--awb-spacing-right-small:1.92%;--awb-spacing-left-small:1.92%;\"><div class=\"fusion-column-wrapper fusion-column-has-shadow fusion-flex-justify-content-flex-start fusion-content-layout-column\"><div class=\"fusion-text fusion-text-1\"><h1>Misyon Bildirimi<\/h1>\n<h2>Hastal\u0131\u011fa veya yard\u0131ma ihtiya\u00e7 duymalar\u0131na ra\u011fmen insanlar\u0131n al\u0131\u015ft\u0131klar\u0131 \u00e7evrede ba\u011f\u0131ms\u0131z olarak ya\u015famalar\u0131na yard\u0131mc\u0131 olmak istiyoruz.<\/h2>\n<\/div><\/div><\/div><div class=\"fusion-layout-column fusion_builder_column fusion-builder-column-1 fusion_builder_column_1_2 1_2 fusion-flex-column\" style=\"--awb-bg-size:cover;--awb-width-large:50%;--awb-margin-top-large:0px;--awb-spacing-right-large:3.84%;--awb-margin-bottom-large:20px;--awb-spacing-left-large:3.84%;--awb-width-medium:50%;--awb-order-medium:0;--awb-spacing-right-medium:3.84%;--awb-spacing-left-medium:3.84%;--awb-width-small:100%;--awb-order-small:0;--awb-spacing-right-small:1.92%;--awb-spacing-left-small:1.92%;\"><div class=\"fusion-column-wrapper fusion-column-has-shadow fusion-flex-justify-content-flex-start fusion-content-layout-column\"><div class=\"fusion-text fusion-text-2\"><p>Domu bak\u0131m hizmeti &#8211; w Domu Leh\u00e7e&#8217;den geliyor ve ev anlam\u0131na geliyor &#8211; d\u00f6rt bak\u0131c\u0131 taraf\u0131ndan b\u00fct\u00fcnsel ve kendi kaderini tayin eden bak\u0131m sa\u011flamak amac\u0131yla kuruldu. Bak\u0131m hizmetimizde dil \u00e7e\u015fitlili\u011fini ve k\u00fclt\u00fcrel duyarl\u0131l\u0131\u011f\u0131 bir araya getirerek bak\u0131ma muhta\u00e7 insanlar\u0131m\u0131z i\u00e7in bir yuva olu\u015fturuyoruz. Taahh\u00fcd\u00fcm\u00fcz, k\u00f6kenleri, dilleri ve ya\u015fam \u00f6yk\u00fcleri ne olursa olsun insanlar\u0131 kucaklayan destekleyici bir ortam yaratmakt\u0131r.<\/p>\n<\/div><\/div><\/div><div class=\"fusion-layout-column fusion_builder_column fusion-builder-column-2 fusion_builder_column_1_2 1_2 fusion-flex-column\" style=\"--awb-bg-size:cover;--awb-width-large:50%;--awb-margin-top-large:0px;--awb-spacing-right-large:3.84%;--awb-margin-bottom-large:20px;--awb-spacing-left-large:3.84%;--awb-width-medium:50%;--awb-order-medium:0;--awb-spacing-right-medium:3.84%;--awb-spacing-left-medium:3.84%;--awb-width-small:100%;--awb-order-small:0;--awb-spacing-right-small:1.92%;--awb-spacing-left-small:1.92%;\"><div class=\"fusion-column-wrapper fusion-column-has-shadow fusion-flex-justify-content-flex-start fusion-content-layout-column\"><div class=\"fusion-text fusion-text-3\"><p>Sadece dinlemiyoruz, dinliyoruz &#8211; isteklerini, korkular\u0131n\u0131 ve sevin\u00e7lerini daha derinlemesine anlamak i\u00e7in. Bak\u0131m\u0131m\u0131z, fark\u0131 yaratan\u0131n k\u00fc\u00e7\u00fck nezaket hareketleri oldu\u011fu inanc\u0131yla karakterize edilir. \u0130nsanlara yakla\u015f\u0131yor ve yaln\u0131zca profesyonel bak\u0131m de\u011fil, ayn\u0131 zamanda s\u0131cak, tan\u0131d\u0131k bir atmosfer de yarat\u0131yoruz. Bizim i\u00e7in samimiyet her hem\u015firelik faaliyetinin merkezinde yer al\u0131r; biz sadece hizmet sa\u011flay\u0131c\u0131 de\u011fil, ayn\u0131 zamanda hayat yolculu\u011funda yol arkada\u015f\u0131y\u0131z.<\/p>\n<\/div><\/div><\/div><\/div><\/div><div class=\"fusion-fullwidth fullwidth-box fusion-builder-row-2 fusion-flex-container has-pattern-background has-mask-background nonhundred-percent-fullwidth non-hundred-percent-height-scrolling\" style=\"--awb-border-radius-top-left:0px;--awb-border-radius-top-right:0px;--awb-border-radius-bottom-right:0px;--awb-border-radius-bottom-left:0px;--awb-flex-wrap:wrap;\" ><div class=\"fusion-builder-row fusion-row fusion-flex-align-items-flex-start fusion-flex-content-wrap\" style=\"max-width:1497.6px;margin-left: calc(-4% \/ 2 );margin-right: calc(-4% \/ 2 );\"><div class=\"fusion-layout-column fusion_builder_column fusion-builder-column-3 fusion_builder_column_1_2 1_2 fusion-flex-column\" style=\"--awb-bg-size:cover;--awb-width-large:50%;--awb-margin-top-large:0px;--awb-spacing-right-large:3.84%;--awb-margin-bottom-large:20px;--awb-spacing-left-large:3.84%;--awb-width-medium:50%;--awb-order-medium:0;--awb-spacing-right-medium:3.84%;--awb-spacing-left-medium:3.84%;--awb-width-small:100%;--awb-order-small:0;--awb-spacing-right-small:1.92%;--awb-spacing-left-small:1.92%;\"><div class=\"fusion-column-wrapper fusion-column-has-shadow fusion-flex-justify-content-flex-start fusion-content-layout-column\"><div class=\"fusion-person person fusion-person-left fusion-person-1 fusion-person-icon-top\" style=\"--awb-pic-style-color:var(--awb-color8);--awb-pic-borderradius:0px;--awb-margin-top:0px;--awb-margin-right:0px;--awb-margin-bottom:0px;--awb-margin-left:0px;--awb-social-box-border-top:0px;--awb-social-box-border-right:0px;--awb-social-box-border-bottom:0px;--awb-social-box-border-left:0px;--awb-social-box-border-color:var(--awb-color3);--awb-social-box-border-color-hover:var(--awb-color4);--awb-social-box-colors-hover:var(--awb-color1);--awb-social-icon-boxed-colors:var(--awb-color2);--awb-social-icon-colors:var(--awb-color6);--awb-social-icon-colors-hover:var(--awb-color4);\"><div class=\"person-shortcode-image-wrapper\"><div class=\"person-image-container hover-type-none\" style=\"border:0px solid var(--awb-color3);-webkit-border-radius:0px;-moz-border-radius:0px;border-radius:0px;\"><img decoding=\"async\" class=\"person-img img-responsive wp-image-5145\" width=\"2560\" height=\"2012\" src=\"https:\/\/pflegedienst-wdomu.de\/wp-content\/uploads\/2024\/06\/reimann-1-scaled.jpg\" alt=\"Thomas Reimann\" srcset=\"https:\/\/pflegedienst-wdomu.de\/wp-content\/uploads\/2024\/06\/reimann-1-200x157.jpg 200w, https:\/\/pflegedienst-wdomu.de\/wp-content\/uploads\/2024\/06\/reimann-1-400x314.jpg 400w, https:\/\/pflegedienst-wdomu.de\/wp-content\/uploads\/2024\/06\/reimann-1-600x472.jpg 600w, https:\/\/pflegedienst-wdomu.de\/wp-content\/uploads\/2024\/06\/reimann-1-800x629.jpg 800w, https:\/\/pflegedienst-wdomu.de\/wp-content\/uploads\/2024\/06\/reimann-1-1200x943.jpg 1200w, https:\/\/pflegedienst-wdomu.de\/wp-content\/uploads\/2024\/06\/reimann-1-scaled.jpg 2560w\" sizes=\"(max-width: 640px) 100vw, 800px\" \/><\/div><\/div><div class=\"person-desc\" style=\"background-color:var(--awb-color1);padding:40px;margin-top:0;\"><div class=\"person-author\"><div class=\"person-author-wrapper\"><span class=\"person-name\">Thomas Reimann<\/span><span class=\"person-title\">Y\u00f6netici Ortak<\/span><\/div><div class=\"fusion-social-networks\"><div class=\"fusion-social-networks-wrapper\"><a class=\"fusion-social-network-icon fusion-tooltip fusion-mail awb-icon-mail custom\" aria-label=\"fusion-mail\" href=\"mailto:&#116;&#046;rei&#109;ann&#064;w&#100;&#111;m&#117;&#046;d&#101;\" target=\"_self\" style=\"color:var(--awb-color6);font-size:16px;\" data-placement=\"top\" data-title=\"Mail\" title=\"Mail\" data-toggle=\"tooltip\"><\/a><a class=\"fusion-social-network-icon fusion-tooltip fusion-phone awb-icon-phone custom\" aria-label=\"fusion-phone\" href=\"tel:02171.7949811\" target=\"_self\" style=\"color:var(--awb-color6);font-size:16px;\" data-placement=\"top\" data-title=\"Phone\" title=\"Phone\" data-toggle=\"tooltip\"><\/a><\/div><\/div><\/div><div class=\"person-content fusion-clearfix\">Thomas 20 y\u0131l\u0131 a\u015fk\u0131n s\u00fcredir kay\u0131tl\u0131 hem\u015firedir ve hem ayakta hem de yatarak tedavi alan\u0131nda uzun y\u0131llara dayanan mesleki deneyime sahiptir. Ge\u00e7ti\u011fimiz 15 y\u0131l boyunca, iki farkl\u0131 ayakta bak\u0131m hizmetinde bak\u0131m hizmeti y\u00f6neticisi olarak ba\u015far\u0131yla \u00e7al\u0131\u015ft\u0131.<br \/>\nG\u00fc\u00e7l\u00fc y\u00f6nleri: Yara uzman\u0131, y\u00fcksek d\u00fczeyde hem\u015firelik ve t\u0131bbi uzmanl\u0131k, Thomas insanl\u0131\u011f\u0131 ve aktif bak\u0131m\u0131 temsil eder.<br \/>\nMotivasyon: Thomas bir vizyoner ve kalbi ve ruhu olan bir giri\u015fimcidir. Bilgi ve deneyimini \u015firketi m\u00fcmk\u00fcn olan en iyi \u015fekilde geli\u015ftirmek i\u00e7in kullanmak istiyor. Kendisi ve \u00e7al\u0131\u015fanlar\u0131 i\u00e7in y\u00fcksek standartlar belirler. Onun i\u00e7in \u00e7al\u0131\u015fmalar\u0131nda e\u011flenceyi asla kaybetmemek ve insanlar\u0131 tekrar \u00f6n plana \u00e7\u0131karmak \u00f6nemli.<br \/>\nKarakter: D\u00fcr\u00fcst, esprili, h\u0131rsl\u0131, kararl\u0131, kendine g\u00fcvenen ve insan.<\/div><\/div><\/div><\/div><\/div><div class=\"fusion-layout-column fusion_builder_column fusion-builder-column-4 fusion_builder_column_1_2 1_2 fusion-flex-column\" style=\"--awb-bg-size:cover;--awb-width-large:50%;--awb-margin-top-large:0px;--awb-spacing-right-large:3.84%;--awb-margin-bottom-large:20px;--awb-spacing-left-large:3.84%;--awb-width-medium:50%;--awb-order-medium:0;--awb-spacing-right-medium:3.84%;--awb-spacing-left-medium:3.84%;--awb-width-small:100%;--awb-order-small:0;--awb-spacing-right-small:1.92%;--awb-spacing-left-small:1.92%;\"><div class=\"fusion-column-wrapper fusion-column-has-shadow fusion-flex-justify-content-flex-start fusion-content-layout-column\"><div class=\"fusion-person person fusion-person-left fusion-person-2 fusion-person-icon-top\" style=\"--awb-pic-style-color:var(--awb-color8);--awb-pic-borderradius:0px;--awb-margin-top:0px;--awb-margin-right:0px;--awb-margin-bottom:0px;--awb-margin-left:0px;--awb-social-box-border-top:0px;--awb-social-box-border-right:0px;--awb-social-box-border-bottom:0px;--awb-social-box-border-left:0px;--awb-social-box-border-color:var(--awb-color3);--awb-social-box-border-color-hover:var(--awb-color4);--awb-social-box-colors-hover:var(--awb-color1);--awb-social-icon-boxed-colors:var(--awb-color2);--awb-social-icon-colors:var(--awb-color6);--awb-social-icon-colors-hover:var(--awb-color4);\"><div class=\"person-shortcode-image-wrapper\"><div class=\"person-image-container hover-type-none\" style=\"border:0px solid var(--awb-color3);-webkit-border-radius:0px;-moz-border-radius:0px;border-radius:0px;\"><img decoding=\"async\" class=\"person-img img-responsive wp-image-5122\" width=\"2560\" height=\"2012\" src=\"https:\/\/pflegedienst-wdomu.de\/wp-content\/uploads\/2024\/06\/catal-scaled.jpg\" alt=\"Suna \u00c7atalde\u011firmen\" srcset=\"https:\/\/pflegedienst-wdomu.de\/wp-content\/uploads\/2024\/06\/catal-200x157.jpg 200w, https:\/\/pflegedienst-wdomu.de\/wp-content\/uploads\/2024\/06\/catal-400x314.jpg 400w, https:\/\/pflegedienst-wdomu.de\/wp-content\/uploads\/2024\/06\/catal-600x472.jpg 600w, https:\/\/pflegedienst-wdomu.de\/wp-content\/uploads\/2024\/06\/catal-800x629.jpg 800w, https:\/\/pflegedienst-wdomu.de\/wp-content\/uploads\/2024\/06\/catal-1200x943.jpg 1200w, https:\/\/pflegedienst-wdomu.de\/wp-content\/uploads\/2024\/06\/catal-scaled.jpg 2560w\" sizes=\"(max-width: 640px) 100vw, 800px\" \/><\/div><\/div><div class=\"person-desc\" style=\"background-color:var(--awb-color1);padding:40px;margin-top:0;\"><div class=\"person-author\"><div class=\"person-author-wrapper\"><span class=\"person-name\">Suna \u00c7atalde\u011firmen<\/span><span class=\"person-title\">Y\u00f6netici Ortak<\/span><\/div><div class=\"fusion-social-networks\"><div class=\"fusion-social-networks-wrapper\"><a class=\"fusion-social-network-icon fusion-tooltip fusion-mail awb-icon-mail custom\" aria-label=\"fusion-mail\" href=\"mailto:s.catal&#100;&#101;&#103;i&#114;&#109;en&#064;&#119;&#100;&#111;&#109;u.de\" target=\"_self\" style=\"color:var(--awb-color6);font-size:16px;\" data-placement=\"top\" data-title=\"Mail\" title=\"Mail\" data-toggle=\"tooltip\"><\/a><a class=\"fusion-social-network-icon fusion-tooltip fusion-phone awb-icon-phone custom\" aria-label=\"fusion-phone\" href=\"tel:02171.7949812\" target=\"_self\" style=\"color:var(--awb-color6);font-size:16px;\" data-placement=\"top\" data-title=\"Phone\" title=\"Phone\" data-toggle=\"tooltip\"><\/a><\/div><\/div><\/div><div class=\"person-content fusion-clearfix\">Suna t\u0131bbi asistan. Ayakta ve yatarak tedavi alan\u0131nda 20 y\u0131l\u0131 a\u015fk\u0131n profesyonel deneyime sahiptir. Bak\u0131m sekt\u00f6r\u00fcnde \u00e7al\u0131\u015fmaya erken ya\u015fta karar verdi. Suna, diyabet alan\u0131nda \u00e7ok bilgili ve bir yara uzman\u0131d\u0131r.<br \/>\nMotivasyon: Suna, uzun y\u0131llard\u0131r m\u00fc\u015fterilerinin bak\u0131m\u0131 ve refah\u0131 i\u00e7in b\u00fcy\u00fck bir tutku duymaktad\u0131r. Uzun s\u00fcredir hem\u015firelik yapan bir \u00e7al\u0131\u015fan olarak, hastalara yaln\u0131zca t\u0131bbi bak\u0131m sa\u011flaman\u0131n de\u011fil, ayn\u0131 zamanda onlara duygusal destek ve insani ilgi g\u00f6stermenin de ne kadar \u00f6nemli oldu\u011funu biliyor. Bu inan\u00e7, Suna&#8217;y\u0131 empati, sayg\u0131 ve profesyonellik ile karakterize edilen bir bak\u0131m hizmeti sunmaya itmektedir.<br \/>\nKarakter: Duyarl\u0131, insani, d\u00fczenli, h\u0131rsl\u0131, kararl\u0131 ve merakl\u0131.<\/div><\/div><\/div><\/div><\/div><div class=\"fusion-layout-column fusion_builder_column fusion-builder-column-5 fusion_builder_column_1_2 1_2 fusion-flex-column\" style=\"--awb-bg-size:cover;--awb-width-large:50%;--awb-margin-top-large:0px;--awb-spacing-right-large:3.84%;--awb-margin-bottom-large:20px;--awb-spacing-left-large:3.84%;--awb-width-medium:50%;--awb-order-medium:0;--awb-spacing-right-medium:3.84%;--awb-spacing-left-medium:3.84%;--awb-width-small:100%;--awb-order-small:0;--awb-spacing-right-small:1.92%;--awb-spacing-left-small:1.92%;\"><div class=\"fusion-column-wrapper fusion-column-has-shadow fusion-flex-justify-content-flex-start fusion-content-layout-column\"><div class=\"fusion-person person fusion-person-left fusion-person-3 fusion-person-icon-top\" style=\"--awb-pic-style-color:var(--awb-color8);--awb-pic-borderradius:0px;--awb-margin-top:0px;--awb-margin-right:0px;--awb-margin-bottom:0px;--awb-margin-left:0px;--awb-social-box-border-top:0px;--awb-social-box-border-right:0px;--awb-social-box-border-bottom:0px;--awb-social-box-border-left:0px;--awb-social-box-border-color:var(--awb-color3);--awb-social-box-border-color-hover:var(--awb-color4);--awb-social-box-colors-hover:var(--awb-color1);--awb-social-icon-boxed-colors:var(--awb-color2);--awb-social-icon-colors:var(--awb-color6);--awb-social-icon-colors-hover:var(--awb-color4);\"><div class=\"person-shortcode-image-wrapper\"><div class=\"person-image-container hover-type-none\" style=\"border:0px solid var(--awb-color3);-webkit-border-radius:0px;-moz-border-radius:0px;border-radius:0px;\"><img decoding=\"async\" class=\"person-img img-responsive wp-image-5100\" width=\"2560\" height=\"2012\" src=\"https:\/\/pflegedienst-wdomu.de\/wp-content\/uploads\/2024\/06\/plutecki-scaled.jpg\" alt=\"Marlena Plutecki\" srcset=\"https:\/\/pflegedienst-wdomu.de\/wp-content\/uploads\/2024\/06\/plutecki-200x157.jpg 200w, https:\/\/pflegedienst-wdomu.de\/wp-content\/uploads\/2024\/06\/plutecki-400x314.jpg 400w, https:\/\/pflegedienst-wdomu.de\/wp-content\/uploads\/2024\/06\/plutecki-600x472.jpg 600w, https:\/\/pflegedienst-wdomu.de\/wp-content\/uploads\/2024\/06\/plutecki-800x629.jpg 800w, https:\/\/pflegedienst-wdomu.de\/wp-content\/uploads\/2024\/06\/plutecki-1200x943.jpg 1200w, https:\/\/pflegedienst-wdomu.de\/wp-content\/uploads\/2024\/06\/plutecki-scaled.jpg 2560w\" sizes=\"(max-width: 640px) 100vw, 800px\" \/><\/div><\/div><div class=\"person-desc\" style=\"background-color:var(--awb-color1);padding:40px;margin-top:0;\"><div class=\"person-author\"><div class=\"person-author-wrapper\"><span class=\"person-name\">Marlena Plutecki<\/span><span class=\"person-title\">Y\u00f6netici Ortak, Hem\u015firelik Hizmetleri Ba\u015fkan\u0131<\/span><\/div><div class=\"fusion-social-networks\"><div class=\"fusion-social-networks-wrapper\"><a class=\"fusion-social-network-icon fusion-tooltip fusion-mail awb-icon-mail custom\" aria-label=\"fusion-mail\" href=\"mailto:m.p&#108;utec&#107;&#105;&#064;&#119;&#100;&#111;mu&#046;&#100;e\" target=\"_self\" style=\"color:var(--awb-color6);font-size:16px;\" data-placement=\"top\" data-title=\"Mail\" title=\"Mail\" data-toggle=\"tooltip\"><\/a><a class=\"fusion-social-network-icon fusion-tooltip fusion-phone awb-icon-phone custom\" aria-label=\"fusion-phone\" href=\"tel:02171.7949813\" target=\"_self\" style=\"color:var(--awb-color6);font-size:16px;\" data-placement=\"top\" data-title=\"Phone\" title=\"Phone\" data-toggle=\"tooltip\"><\/a><\/div><\/div><\/div><div class=\"person-content fusion-clearfix\">Marlena 17 y\u0131ld\u0131r kay\u0131tl\u0131 bir hem\u015firedir ve ayakta ve yatarak bak\u0131m konusunda profesyonel deneyime sahiptir. Uygulamal\u0131 e\u011fitmenlik e\u011fitiminin yan\u0131 s\u0131ra hem\u015firelik okullar\u0131nda \u00f6\u011fretim g\u00f6revlisi olarak ders vermi\u015f ve uzmanl\u0131\u011f\u0131n\u0131 aktarm\u0131\u015ft\u0131r. Marlena son y\u0131llarda \u00e7e\u015fitli ileri ve geli\u015fmi\u015f e\u011fitim kurslar\u0131n\u0131 tamamlam\u0131\u015ft\u0131r. Bak\u0131m hizmetleri m\u00fcd\u00fcr\u00fc olarak 9 y\u0131ld\u0131r ba\u015far\u0131l\u0131 bir \u015fekilde \u00e7al\u0131\u015fmaktad\u0131r.<br \/>\nMotivasyon: Marlena hem\u015firelik i\u00e7in b\u00fcy\u00fck bir tutkuya sahip ve bu sekt\u00f6r konusunda \u00e7ok hevesli. Onlar i\u00e7in insanlar ve bireysellikleri \u00f6n plandad\u0131r. Marlena, \u015firketi kurarak hayallerini ve vizyonlar\u0131n\u0131 ger\u00e7ekle\u015ftirmek ve bak\u0131m sekt\u00f6r\u00fcnde devrim yaratmak istiyor.<br \/>\nKarakter: H\u0131rsl\u0131, insanc\u0131l, g\u00fcvenilir, \u00e7\u00f6z\u00fcm odakl\u0131, organize, kararl\u0131 ve motive.<\/div><\/div><\/div><\/div><\/div><div class=\"fusion-layout-column fusion_builder_column fusion-builder-column-6 fusion_builder_column_1_2 1_2 fusion-flex-column\" style=\"--awb-bg-size:cover;--awb-width-large:50%;--awb-margin-top-large:0px;--awb-spacing-right-large:3.84%;--awb-margin-bottom-large:20px;--awb-spacing-left-large:3.84%;--awb-width-medium:50%;--awb-order-medium:0;--awb-spacing-right-medium:3.84%;--awb-spacing-left-medium:3.84%;--awb-width-small:100%;--awb-order-small:0;--awb-spacing-right-small:1.92%;--awb-spacing-left-small:1.92%;\"><div class=\"fusion-column-wrapper fusion-column-has-shadow fusion-flex-justify-content-flex-start fusion-content-layout-column\"><div class=\"fusion-person person fusion-person-left fusion-person-4 fusion-person-icon-top\" style=\"--awb-pic-style-color:var(--awb-color8);--awb-pic-borderradius:0px;--awb-margin-top:0px;--awb-margin-right:0px;--awb-margin-bottom:0px;--awb-margin-left:0px;--awb-social-box-border-top:0px;--awb-social-box-border-right:0px;--awb-social-box-border-bottom:0px;--awb-social-box-border-left:0px;--awb-social-box-border-color:var(--awb-color3);--awb-social-box-border-color-hover:var(--awb-color4);--awb-social-box-colors-hover:var(--awb-color1);--awb-social-icon-boxed-colors:var(--awb-color2);--awb-social-icon-colors:var(--awb-color6);--awb-social-icon-colors-hover:var(--awb-color4);\"><div class=\"person-shortcode-image-wrapper\"><div class=\"person-image-container hover-type-none\" style=\"border:0px solid var(--awb-color3);-webkit-border-radius:0px;-moz-border-radius:0px;border-radius:0px;\"><img decoding=\"async\" class=\"person-img img-responsive wp-image-5105\" width=\"2560\" height=\"2012\" src=\"https:\/\/pflegedienst-wdomu.de\/wp-content\/uploads\/2024\/06\/pfeiffer-scaled.jpg\" alt=\"Isabelle Pfeiffer\" srcset=\"https:\/\/pflegedienst-wdomu.de\/wp-content\/uploads\/2024\/06\/pfeiffer-200x157.jpg 200w, https:\/\/pflegedienst-wdomu.de\/wp-content\/uploads\/2024\/06\/pfeiffer-400x314.jpg 400w, https:\/\/pflegedienst-wdomu.de\/wp-content\/uploads\/2024\/06\/pfeiffer-600x472.jpg 600w, https:\/\/pflegedienst-wdomu.de\/wp-content\/uploads\/2024\/06\/pfeiffer-800x629.jpg 800w, https:\/\/pflegedienst-wdomu.de\/wp-content\/uploads\/2024\/06\/pfeiffer-1200x943.jpg 1200w, https:\/\/pflegedienst-wdomu.de\/wp-content\/uploads\/2024\/06\/pfeiffer-scaled.jpg 2560w\" sizes=\"(max-width: 640px) 100vw, 800px\" \/><\/div><\/div><div class=\"person-desc\" style=\"background-color:var(--awb-color1);padding:40px;margin-top:0;\"><div class=\"person-author\"><div class=\"person-author-wrapper\"><span class=\"person-name\">Isabelle Pfeiffer<\/span><span class=\"person-title\">Y\u00f6netici Ortak, Y\u00f6netici Ortak Yard\u0131mc\u0131s\u0131 Hem\u015firelik hizmetleri y\u00f6netimi<\/span><\/div><div class=\"fusion-social-networks\"><div class=\"fusion-social-networks-wrapper\"><a class=\"fusion-social-network-icon fusion-tooltip fusion-mail awb-icon-mail custom\" aria-label=\"fusion-mail\" href=\"mailto:i&#046;p&#102;&#101;i&#102;f&#101;&#114;&#064;&#119;do&#109;&#117;.de\" target=\"_self\" style=\"color:var(--awb-color6);font-size:16px;\" data-placement=\"top\" data-title=\"Mail\" title=\"Mail\" data-toggle=\"tooltip\"><\/a><a class=\"fusion-social-network-icon fusion-tooltip fusion-phone awb-icon-phone custom\" aria-label=\"fusion-phone\" href=\"tel:02171.7949816\" target=\"_self\" style=\"color:var(--awb-color6);font-size:16px;\" data-placement=\"top\" data-title=\"Phone\" title=\"Phone\" data-toggle=\"tooltip\"><\/a><\/div><\/div><\/div><div class=\"person-content fusion-clearfix\">Isabelle 20 y\u0131ld\u0131r kay\u0131tl\u0131 bir hem\u015firedir ve ayakta ve yatarak tedavi alan\u0131nda uzun y\u0131llara dayanan mesleki deneyime sahiptir. Uzun y\u0131llard\u0131r yara uzman\u0131 olarak \u00e7al\u0131\u015fmaktad\u0131r. Bu alan onun tutkusu. Isabelle ayn\u0131 zamanda nitelikli bir uygulama e\u011fitmenidir ve halihaz\u0131rda bir\u00e7ok kursiyere e\u011fitimleri boyunca ba\u015far\u0131yla rehberlik etmi\u015ftir. Isabelle son 3 y\u0131ld\u0131r hem\u015firelik m\u00fcd\u00fcr yard\u0131mc\u0131s\u0131 olarak \u00e7al\u0131\u015fmaktad\u0131r.<br \/>\nMotivasyon: Ba\u011fl\u0131l\u0131\u011f\u0131mla topluma \u00f6nemli bir katk\u0131da bulunmak. Hem\u015firelik hizmeti y\u00f6netimimiz arac\u0131l\u0131\u011f\u0131yla hem\u015firelik bak\u0131m\u0131na ihtiya\u00e7 duyan ki\u015filere m\u00fcmk\u00fcn oldu\u011funca uzun s\u00fcre evde bak\u0131m sa\u011flayabilmek. Isabelle, sa\u011flanan bak\u0131m yoluyla yo\u011fun temasa b\u00fcy\u00fck \u00f6nem veriyor. Vizyonlar\u0131n\u0131 ve fikirlerini bu \u015firkette hayata ge\u00e7irmek istiyor.<br \/>\nKarakter: Kararl\u0131, d\u00fczenli, insanc\u0131l, h\u0131rsl\u0131, esprili ve ileti\u015fime a\u00e7\u0131k.<\/div><\/div><\/div><\/div><\/div><\/div><\/div><\/p>\n","protected":false},"excerpt":{"rendered":"","protected":false},"author":1,"featured_media":0,"parent":0,"menu_order":0,"comment_status":"closed","ping_status":"closed","template":"","meta":{"inline_featured_image":false,"footnotes":""},"class_list":["post-4216","page","type-page","status-publish","hentry"],"_links":{"self":[{"href":"https:\/\/pflegedienst-wdomu.de\/tr\/wp-json\/wp\/v2\/pages\/4216","targetHints":{"allow":["GET"]}}],"collection":[{"href":"https:\/\/pflegedienst-wdomu.de\/tr\/wp-json\/wp\/v2\/pages"}],"about":[{"href":"https:\/\/pflegedienst-wdomu.de\/tr\/wp-json\/wp\/v2\/types\/page"}],"author":[{"embeddable":true,"href":"https:\/\/pflegedienst-wdomu.de\/tr\/wp-json\/wp\/v2\/users\/1"}],"replies":[{"embeddable":true,"href":"https:\/\/pflegedienst-wdomu.de\/tr\/wp-json\/wp\/v2\/comments?post=4216"}],"version-history":[{"count":10,"href":"https:\/\/pflegedienst-wdomu.de\/tr\/wp-json\/wp\/v2\/pages\/4216\/revisions"}],"predecessor-version":[{"id":5196,"href":"https:\/\/pflegedienst-wdomu.de\/tr\/wp-json\/wp\/v2\/pages\/4216\/revisions\/5196"}],"wp:attachment":[{"href":"https:\/\/pflegedienst-wdomu.de\/tr\/wp-json\/wp\/v2\/media?parent=4216"}],"curies":[{"name":"wp","href":"https:\/\/api.w.org\/{rel}","templated":true}]}}